{"id":4439,"date":"2024-10-18T19:46:00","date_gmt":"2024-10-18T19:46:00","guid":{"rendered":"https:\/\/chirurgie-orthopedie-vannes.fr\/pharmacie\/?post_type=product&#038;p=4439"},"modified":"2025-03-17T16:55:32","modified_gmt":"2025-03-17T16:55:32","slug":"ayur-read-pro","status":"publish","type":"product","link":"https:\/\/www.docteurjobez.fr\/pharmacie\/supp\/ayur-read-pro\/","title":{"rendered":"Ayur Read Pro"},"content":{"rendered":"\n<h2 class=\"wp-block-heading\">Qu&rsquo;est-ce que Ayur Read Pro et comment fonctionne-t-il ?<\/h2>\n\n\n\n<p><b>Ayur Read Pro<\/b> est un <em>compl\u00e9ment<\/em> qui soutient la sant\u00e9 oculaire en offrant une formule unique \u00e0 base d&rsquo;<em>ingr\u00e9dients naturels<\/em>. <b>L&rsquo;action de<\/b> cette formule repose sur une synergie de nutriments qui jouent un r\u00f4le important dans la r\u00e9g\u00e9n\u00e9ration et la protection de la vision. Les \u00e9l\u00e9ments cl\u00e9s de la formulation sont la lut\u00e9ine et la z\u00e9axanthine, connues pour leurs propri\u00e9t\u00e9s protectrices de la r\u00e9tine.<\/p>\n\n\n\n<p>L&rsquo;utilisation r\u00e9guli\u00e8re d&rsquo;<b>Ayur Read Pro<\/b> vise \u00e0 r\u00e9duire les sympt\u00f4mes de la fatigue oculaire et \u00e0 am\u00e9liorer la qualit\u00e9 de la vision dans des conditions d&rsquo;\u00e9clairage difficiles. Les <b>effets du<\/b> compl\u00e9ment sont soutenus par les vitamines A, C et E, qui sont essentielles au bon fonctionnement du syst\u00e8me visuel. Gr\u00e2ce \u00e0 une suppl\u00e9mentation quotidienne, les <b>utilisateurs<\/b> peuvent ressentir des effets positifs sous la forme d&rsquo;une am\u00e9lioration de l&rsquo;acuit\u00e9 visuelle et d&rsquo;une r\u00e9sistance accrue aux facteurs externes nuisibles.<\/p>\n\n\n\n<p>Plus qu&rsquo;un simple <b>compl\u00e9ment<\/b>, Ayur Read Pro est un investissement dans la sant\u00e9 oculaire qui exploite le potentiel des <em>ingr\u00e9dients naturels<\/em> pour am\u00e9liorer la vie quotidienne. Les effets de cette formule peuvent \u00eatre ressentis apr\u00e8s seulement quelques semaines de suppl\u00e9mentation r\u00e9guli\u00e8re, ce qui en fait une option int\u00e9ressante pour ceux qui prennent soin de leur vue.<\/p>\n\n\n\n<h2 class=\"wp-block-heading\">Ayur Read Pro &#8211; effets de l&rsquo;application<\/h2>\n\n\n\n<p>De nombreux utilisateurs d&rsquo;Ayur Read Pro constatent des effets rapides et positifs suite \u00e0 la prise de ce compl\u00e9ment. En premier lieu, les <b>effets d&rsquo;Ayur Read Pro<\/b> comprennent une <b>am\u00e9lioration de la vision<\/b>, ce qui est particuli\u00e8rement important pour les personnes qui passent de longues heures devant un \u00e9cran d&rsquo;ordinateur. <b>Les utilisateurs<\/b> indiquent qu&rsquo;apr\u00e8s plusieurs semaines de prise r\u00e9guli\u00e8re, ils ressentent moins de fatigue oculaire et une meilleure acuit\u00e9 visuelle.<\/p>\n\n\n\n<p><b>Le compl\u00e9ment<\/b> soutient les yeux, ce qui se traduit par une diminution de la g\u00eane lors de longues p\u00e9riodes de travail et r\u00e9duit le risque de probl\u00e8mes visuels. Le <b>soutien oculaire<\/b> d&rsquo;Ayur Read Pro peut \u00e9galement contribuer \u00e0 une protection \u00e0 plus long terme contre des affections graves telles que la cataracte et la d\u00e9g\u00e9n\u00e9rescence maculaire.<\/p>\n\n\n\n<figure class=\"wp-block-table\"><table class=\"has-fixed-layout\"><tbody><tr><th>Effet<\/th><th>Description<\/th><\/tr><tr><td>R\u00e9duire la fatigue oculaire<\/td><td>R\u00e9duire l&rsquo;inconfort apr\u00e8s de longues p\u00e9riodes de travail \u00e0 l&rsquo;ordinateur.<\/td><\/tr><tr><td>Am\u00e9lioration de l&rsquo;acuit\u00e9 visuelle<\/td><td>Am\u00e9lioration de la qualit\u00e9 de la vision, images plus claires.<\/td><\/tr><tr><td>Soutien \u00e0 la sant\u00e9 oculaire<\/td><td>Protection contre les affections oculaires graves telles que la cataracte.<\/td><\/tr><tr><td>\u00c9tat g\u00e9n\u00e9ral des yeux<\/td><td>Soutien au syst\u00e8me visuel et \u00e0 ses fonctions.<\/td><\/tr><\/tbody><\/table><\/figure>\n\n\n\n<p>Il convient de noter que <b>les effets d&rsquo;Ayur Read Pro<\/b> peuvent varier en fonction des pr\u00e9dispositions individuelles et de l&rsquo;importance des probl\u00e8mes visuels. L&rsquo;utilisation r\u00e9guli\u00e8re du compl\u00e9ment, combin\u00e9e \u00e0 un r\u00e9gime alimentaire appropri\u00e9 et \u00e0 un mode de vie sain, permet d&rsquo;obtenir les meilleurs r\u00e9sultats.<\/p>\n\n\n\n<h2 class=\"wp-block-heading\">Ayur Read Pro dosage &#8211; Comment l&rsquo;utiliser ?<\/h2>\n\n\n\n<p>Le <b>dosage d&rsquo;Ayur Read Pro<\/b> est crucial pour des r\u00e9sultats de suppl\u00e9mentation optimaux. Il est recommand\u00e9 de prendre un comprim\u00e9 par jour, de pr\u00e9f\u00e9rence au cours d&rsquo;un repas. Ce <b>dosage d&rsquo;Ayur Read Pro<\/b> favorise la sant\u00e9 des yeux et permet une utilisation maximale des principes actifs qu&rsquo;il contient.<\/p>\n\n\n\n<p>Il est conseill\u00e9 de consulter votre m\u00e9decin avant de commencer la suppl\u00e9mentation, en particulier si vous souffrez d&rsquo;une maladie des yeux ou d&rsquo;autres conditions m\u00e9dicales. Il est important de suivre le mode d <b>&lsquo;<\/b> emploi de ce suppl\u00e9ment pour \u00e9viter les effets secondaires potentiels et garantir la s\u00e9curit\u00e9.<\/p>\n\n\n\n<p>L&rsquo;utilisation correcte d&rsquo;Ayur Read Pro contribuera \u00e0 am\u00e9liorer la fonction visuelle et \u00e0 prot\u00e9ger contre les facteurs externes nocifs. Une <b>suppl\u00e9mentation<\/b> r\u00e9guli\u00e8re peut apporter des b\u00e9n\u00e9fices notables \u00e0 la sant\u00e9 oculaire.<\/p>\n\n\n\n<h2 class=\"wp-block-heading\">Ayur Read Pro &#8211; Avis des utilisateurs, forum &#8211; Que disent les utilisateurs ?<\/h2>\n\n\n\n<p>Les <b>commentaires d&rsquo;Ayur Read Pro<\/b> sur les forums d&rsquo;utilisateurs sont majoritairement positifs. Les personnes qui utilisent le compl\u00e9ment partagent souvent leurs <em>exp\u00e9riences<\/em>, attestant de son efficacit\u00e9 dans l&rsquo;am\u00e9lioration de la sant\u00e9 oculaire. De nombreux commentaires soulignent comment le compl\u00e9ment affecte le travail quotidien sur ordinateur en \u00e9liminant les sensations de fatigue oculaire. Les <b>utilisateurs<\/b> remarquent des changements significatifs dans la qualit\u00e9 de la vision, ce qui rend ce produit particuli\u00e8rement recherch\u00e9.<\/p>\n\n\n\n<p>Par exemple, Martha, une utilisatrice, d\u00e9crit qu&rsquo;apr\u00e8s avoir pris Ayur Read Pro, elle a remarqu\u00e9 une am\u00e9lioration de son confort pendant un travail prolong\u00e9 \u00e0 l&rsquo;\u00e9cran. Elle se souvient : \u00ab\u00a0Maintenant, je peux me concentrer sur un projet sans me soucier des douleurs oculaires\u00a0\u00bb. Ce type de <em>commentaires<\/em> sur le <b>forum<\/b> montre que le compl\u00e9ment a gagn\u00e9 la reconnaissance non seulement des designers, mais aussi d&rsquo;autres professionnels.<\/p>\n\n\n\n<p>En outre, Jan, enseignant, souligne qu&rsquo;il voit de mieux en mieux dans les conditions de faible luminosit\u00e9, ce que sa femme met en \u00e9vidence, ajoutant : \u00ab\u00a0C&rsquo;est certainement un bon choix pour les personnes qui recherchent des solutions naturelles\u00a0\u00bb : \u00ab\u00a0C&rsquo;est certainement un bon choix pour les personnes qui recherchent des solutions naturelles\u00a0\u00bb. L&rsquo;enthousiasme des utilisateurs, semblable \u00e0 celui d&rsquo;une past\u00e8que, refl\u00e8te l&rsquo;int\u00e9r\u00eat croissant pour Ayur Read Pro, dont la composition naturelle inspire confiance et est consid\u00e9r\u00e9e comme s\u00fbre pour la sant\u00e9.<\/p>\n\n\n\n<h2 class=\"wp-block-heading\">Ayur Read Pro &#8211; Composition &#8211; Analyse des ingr\u00e9dients<\/h2>\n\n\n\n<p><b>La composition d&rsquo;Ayur Read Pro<\/b> contient des <b>ingr\u00e9dients naturels<\/b> soigneusement s\u00e9lectionn\u00e9s qui soutiennent la sant\u00e9 des yeux. En particulier, la lut\u00e9ine et la z\u00e9axanthine jouent un r\u00f4le cl\u00e9 en tant que puissants antioxydants, contribuant \u00e0 prot\u00e9ger les cellules contre les dommages. L&rsquo;<b>analyse des<\/b> ingr\u00e9dients montre que ces compos\u00e9s sont essentiels au maintien d&rsquo;une bonne vision, en particulier dans des conditions de forte luminosit\u00e9.<\/p>\n\n\n\n<p>En outre, le compl\u00e9ment est enrichi en vitamines A, C et E, qui soutiennent les m\u00e9canismes de d\u00e9fense naturels de l&rsquo;organisme. Gr\u00e2ce \u00e0 elles, les cellules oculaires sont prot\u00e9g\u00e9es contre le stress oxydatif et d&rsquo;autres facteurs nocifs. Un autre \u00e9l\u00e9ment contribuant \u00e0 la sant\u00e9 des yeux est le zinc, un min\u00e9ral qui favorise le bon fonctionnement de la r\u00e9tine et am\u00e9liore la perception des couleurs.<\/p>\n\n\n\n<p>Chacun de ces ingr\u00e9dients est inclus dans la formule, ce qui rend la composition d&rsquo;<b>Ayur Read Pro<\/b> unique sur le march\u00e9 des compl\u00e9ments alimentaires. Leur synergie souligne l&rsquo;importance d&rsquo;un r\u00e9gime alimentaire ad\u00e9quat, riche en <b>ingr\u00e9dients naturels<\/b>, pour soutenir la sant\u00e9 oculaire \u00e0 chaque \u00e9tape de la vie.<\/p>\n\n\n\n<h2 class=\"wp-block-heading\">O\u00f9 acheter et combien co\u00fbte Ayur Read Pro &#8211; prix<\/h2>\n\n\n\n<p>Ayur Read Pro ne peut \u00eatre achet\u00e9 que sur le <em>site officiel du fabricant<\/em>, ce qui garantit l&rsquo;authenticit\u00e9 du produit. Les personnes int\u00e9ress\u00e9es \u00e0 compl\u00e9ter leur alimentation avec ce compl\u00e9ment devraient pr\u00eater attention aux promotions et offres actuelles disponibles sur le site web. <b>Le prix d&rsquo;<\/b> Ayur Read Pro est variable, ce qui signifie qu&rsquo;il vaut la peine de surveiller les offres actuelles pour acheter le produit \u00e0 un prix avantageux. En achetant r\u00e9guli\u00e8rement directement aupr\u00e8s du <em>fabricant officiel<\/em>, vous pouvez \u00eatre s\u00fbr que le suppl\u00e9ment que vous recevez est toujours frais et r\u00e9pond \u00e0 des normes de qualit\u00e9 \u00e9lev\u00e9es.<\/p>\n\n\n\n<p>Outre le prix et le lieu d&rsquo;achat, il est \u00e9galement utile de tenir compte des avis des autres utilisateurs pour prendre une d\u00e9cision \u00e9clair\u00e9e lors du choix d&rsquo;Ayur Read Pro. De cette mani\u00e8re, tout le monde peut trouver une offre satisfaisante et le produit qui convient \u00e0 ses besoins.<\/p>\n\n\n\n<h2 class=\"wp-block-heading\">Ayur Read Pro &#8211; Effets secondaires potentiels et contre-indications d&rsquo;utilisation<\/h2>\n\n\n\n<p>Bien qu&rsquo;Ayur Read Pro soit largement consid\u00e9r\u00e9 comme un compl\u00e9ment s\u00fbr, il convient d&rsquo;\u00eatre conscient des effets secondaires potentiels d&rsquo;Ayur Read Pro qui peuvent survenir chez certains utilisateurs. Les r\u00e9actions les plus fr\u00e9quemment signal\u00e9es sont des allergies \u00e0 des ingr\u00e9dients sp\u00e9cifiques de la formule. Si des sympt\u00f4mes inqui\u00e9tants apparaissent, tels qu&rsquo;une \u00e9ruption cutan\u00e9e ou des difficult\u00e9s respiratoires, il est recommand\u00e9 d&rsquo;arr\u00eater imm\u00e9diatement l&rsquo;utilisation du produit et de consulter un m\u00e9decin.<\/p>\n\n\n\n<p>Les personnes qui prennent d&rsquo;autres m\u00e9dicaments ou qui souffrent de troubles oculaires doivent faire preuve d&rsquo;une prudence particuli\u00e8re. Les <b>effets secondaires d&rsquo;Ayur Read Pro<\/b> peuvent \u00eatre impr\u00e9visibles, en particulier lors de la prise simultan\u00e9e de diff\u00e9rentes pr\u00e9parations. Il est essentiel de consulter votre m\u00e9decin avant de commencer la suppl\u00e9mentation afin de minimiser les risques et de pr\u00e9server votre sant\u00e9.<\/p>\n\n\n\n<p>Les <b>contre-indications<\/b> \u00e0 l&rsquo;utilisation d&rsquo;Ayur Read Pro comprennent \u00e9galement la grossesse et l&rsquo;allaitement, situations pour lesquelles les donn\u00e9es de s\u00e9curit\u00e9 sont insuffisantes. Ces personnes devraient \u00e9viter la suppl\u00e9mentation afin de ne pas s&rsquo;exposer ou d&rsquo;exposer leur b\u00e9b\u00e9 \u00e0 des effets impr\u00e9vus. Par cons\u00e9quent, la d\u00e9cision de commencer un traitement doit \u00eatre m\u00fbrement r\u00e9fl\u00e9chie et fond\u00e9e sur des informations m\u00e9dicales solides.<\/p>\n","protected":false},"excerpt":{"rendered":"<p><strong>[date_countdown]<\/strong><\/p>\n<p><img decoding=\"async\" class=\"alignnone  wp-image-8427\" src=\"https:\/\/www.docteurjobez.fr\/pharmacie\/wp-content\/uploads\/2024\/10\/SAFE-PAY-300x88-1.png\" alt=\"SAFE-PAY-300x88\" width=\"164\" height=\"48\" \/><\/p>\n","protected":false},"featured_media":3804,"comment_status":"open","ping_status":"closed","template":"","meta":{"neve_meta_sidebar":"","neve_meta_container":"","neve_meta_enable_content_width":"","neve_meta_content_width":0,"neve_meta_title_alignment":"","neve_meta_author_avatar":"","neve_post_elements_order":"","neve_meta_disable_header":"","neve_meta_disable_footer":"","neve_meta_disable_title":"","neve_meta_reading_time":""},"product_brand":[],"product_cat":[18],"product_tag":[],"class_list":{"0":"post-4439","1":"product","2":"type-product","3":"status-publish","4":"has-post-thumbnail","6":"product_cat-sante","8":"first","9":"instock","10":"sale","11":"shipping-taxable","12":"product-type-external"},"yoast_head":"<!-- This site is optimized with the Yoast SEO plugin v27.4 - https:\/\/yoast.com\/product\/yoast-seo-wordpress\/ -->\n<title>Ayur Read Pro - Avis, Prix -50%, Forum, Pharmacie, Effets | DocteurJobez<\/title>\n<meta name=\"robots\" content=\"index, follow, max-snippet:-1, max-image-preview:large, max-video-preview:-1\" \/>\n<link rel=\"canonical\" href=\"https:\/\/www.docteurjobez.fr\/pharmacie\/supp\/ayur-read-pro\/\" \/>\n<meta property=\"og:locale\" content=\"fr_FR\" \/>\n<meta property=\"og:type\" content=\"article\" \/>\n<meta property=\"og:title\" content=\"Ayur Read Pro - Avis, Prix -50%, Forum, Pharmacie, Effets | DocteurJobez\" \/>\n<meta property=\"og:url\" content=\"https:\/\/www.docteurjobez.fr\/pharmacie\/supp\/ayur-read-pro\/\" \/>\n<meta property=\"og:site_name\" content=\"DocteurJobez\" \/>\n<meta property=\"article:modified_time\" content=\"2025-03-17T16:55:32+00:00\" \/>\n<meta property=\"og:image\" content=\"https:\/\/www.docteurjobez.fr\/pharmacie\/wp-content\/uploads\/2024\/10\/Ayur-Read-Pro.jpg\" \/>\n\t<meta property=\"og:image:width\" content=\"768\" \/>\n\t<meta property=\"og:image:height\" content=\"768\" \/>\n\t<meta property=\"og:image:type\" content=\"image\/jpeg\" \/>\n<meta name=\"twitter:card\" content=\"summary_large_image\" \/>\n<meta name=\"twitter:description\" content=\"[date_countdown]\" \/>\n<meta name=\"twitter:label1\" content=\"Dur\u00e9e de lecture estim\u00e9e\" \/>\n\t<meta name=\"twitter:data1\" content=\"1 minute\" \/>\n<script type=\"application\/ld+json\" class=\"yoast-schema-graph\">{\"@context\":\"https:\\\/\\\/schema.org\",\"@graph\":[{\"@type\":\"WebPage\",\"@id\":\"https:\\\/\\\/www.docteurjobez.fr\\\/pharmacie\\\/supp\\\/ayur-read-pro\\\/\",\"url\":\"https:\\\/\\\/www.docteurjobez.fr\\\/pharmacie\\\/supp\\\/ayur-read-pro\\\/\",\"name\":\"Ayur Read Pro - Avis, Prix -50%, Forum, Pharmacie, Effets | DocteurJobez\",\"isPartOf\":{\"@id\":\"https:\\\/\\\/www.docteurjobez.fr\\\/pharmacie\\\/#website\"},\"primaryImageOfPage\":{\"@id\":\"https:\\\/\\\/www.docteurjobez.fr\\\/pharmacie\\\/supp\\\/ayur-read-pro\\\/#primaryimage\"},\"image\":{\"@id\":\"https:\\\/\\\/www.docteurjobez.fr\\\/pharmacie\\\/supp\\\/ayur-read-pro\\\/#primaryimage\"},\"thumbnailUrl\":\"https:\\\/\\\/www.docteurjobez.fr\\\/pharmacie\\\/wp-content\\\/uploads\\\/2024\\\/10\\\/Ayur-Read-Pro.jpg\",\"datePublished\":\"2024-10-18T19:46:00+00:00\",\"dateModified\":\"2025-03-17T16:55:32+00:00\",\"breadcrumb\":{\"@id\":\"https:\\\/\\\/www.docteurjobez.fr\\\/pharmacie\\\/supp\\\/ayur-read-pro\\\/#breadcrumb\"},\"inLanguage\":\"fr-FR\",\"potentialAction\":[{\"@type\":\"ReadAction\",\"target\":[\"https:\\\/\\\/www.docteurjobez.fr\\\/pharmacie\\\/supp\\\/ayur-read-pro\\\/\"]}]},{\"@type\":\"ImageObject\",\"inLanguage\":\"fr-FR\",\"@id\":\"https:\\\/\\\/www.docteurjobez.fr\\\/pharmacie\\\/supp\\\/ayur-read-pro\\\/#primaryimage\",\"url\":\"https:\\\/\\\/www.docteurjobez.fr\\\/pharmacie\\\/wp-content\\\/uploads\\\/2024\\\/10\\\/Ayur-Read-Pro.jpg\",\"contentUrl\":\"https:\\\/\\\/www.docteurjobez.fr\\\/pharmacie\\\/wp-content\\\/uploads\\\/2024\\\/10\\\/Ayur-Read-Pro.jpg\",\"width\":768,\"height\":768},{\"@type\":\"BreadcrumbList\",\"@id\":\"https:\\\/\\\/www.docteurjobez.fr\\\/pharmacie\\\/supp\\\/ayur-read-pro\\\/#breadcrumb\",\"itemListElement\":[{\"@type\":\"ListItem\",\"position\":1,\"name\":\"Strona g\u0142\u00f3wna\",\"item\":\"https:\\\/\\\/www.docteurjobez.fr\\\/pharmacie\\\/\"},{\"@type\":\"ListItem\",\"position\":2,\"name\":\"farmaci\",\"item\":\"https:\\\/\\\/www.docteurjobez.fr\\\/pharmacie\\\/\"},{\"@type\":\"ListItem\",\"position\":3,\"name\":\"Ayur Read Pro\"}]},{\"@type\":\"WebSite\",\"@id\":\"https:\\\/\\\/www.docteurjobez.fr\\\/pharmacie\\\/#website\",\"url\":\"https:\\\/\\\/www.docteurjobez.fr\\\/pharmacie\\\/\",\"name\":\"DocteurJobez\",\"description\":\"\",\"potentialAction\":[{\"@type\":\"SearchAction\",\"target\":{\"@type\":\"EntryPoint\",\"urlTemplate\":\"https:\\\/\\\/www.docteurjobez.fr\\\/pharmacie\\\/?s={search_term_string}\"},\"query-input\":{\"@type\":\"PropertyValueSpecification\",\"valueRequired\":true,\"valueName\":\"search_term_string\"}}],\"inLanguage\":\"fr-FR\"}]}<\/script>\n<!-- \/ Yoast SEO plugin. -->","yoast_head_json":{"title":"Ayur Read Pro - Avis, Prix -50%, Forum, Pharmacie, Effets | DocteurJobez","robots":{"index":"index","follow":"follow","max-snippet":"max-snippet:-1","max-image-preview":"max-image-preview:large","max-video-preview":"max-video-preview:-1"},"canonical":"https:\/\/www.docteurjobez.fr\/pharmacie\/supp\/ayur-read-pro\/","og_locale":"fr_FR","og_type":"article","og_title":"Ayur Read Pro - Avis, Prix -50%, Forum, Pharmacie, Effets | DocteurJobez","og_url":"https:\/\/www.docteurjobez.fr\/pharmacie\/supp\/ayur-read-pro\/","og_site_name":"DocteurJobez","article_modified_time":"2025-03-17T16:55:32+00:00","og_image":[{"width":768,"height":768,"url":"https:\/\/www.docteurjobez.fr\/pharmacie\/wp-content\/uploads\/2024\/10\/Ayur-Read-Pro.jpg","type":"image\/jpeg"}],"twitter_card":"summary_large_image","twitter_description":"[date_countdown]","twitter_misc":{"Dur\u00e9e de lecture estim\u00e9e":"1 minute"},"schema":{"@context":"https:\/\/schema.org","@graph":[{"@type":"WebPage","@id":"https:\/\/www.docteurjobez.fr\/pharmacie\/supp\/ayur-read-pro\/","url":"https:\/\/www.docteurjobez.fr\/pharmacie\/supp\/ayur-read-pro\/","name":"Ayur Read Pro - Avis, Prix -50%, Forum, Pharmacie, Effets | DocteurJobez","isPartOf":{"@id":"https:\/\/www.docteurjobez.fr\/pharmacie\/#website"},"primaryImageOfPage":{"@id":"https:\/\/www.docteurjobez.fr\/pharmacie\/supp\/ayur-read-pro\/#primaryimage"},"image":{"@id":"https:\/\/www.docteurjobez.fr\/pharmacie\/supp\/ayur-read-pro\/#primaryimage"},"thumbnailUrl":"https:\/\/www.docteurjobez.fr\/pharmacie\/wp-content\/uploads\/2024\/10\/Ayur-Read-Pro.jpg","datePublished":"2024-10-18T19:46:00+00:00","dateModified":"2025-03-17T16:55:32+00:00","breadcrumb":{"@id":"https:\/\/www.docteurjobez.fr\/pharmacie\/supp\/ayur-read-pro\/#breadcrumb"},"inLanguage":"fr-FR","potentialAction":[{"@type":"ReadAction","target":["https:\/\/www.docteurjobez.fr\/pharmacie\/supp\/ayur-read-pro\/"]}]},{"@type":"ImageObject","inLanguage":"fr-FR","@id":"https:\/\/www.docteurjobez.fr\/pharmacie\/supp\/ayur-read-pro\/#primaryimage","url":"https:\/\/www.docteurjobez.fr\/pharmacie\/wp-content\/uploads\/2024\/10\/Ayur-Read-Pro.jpg","contentUrl":"https:\/\/www.docteurjobez.fr\/pharmacie\/wp-content\/uploads\/2024\/10\/Ayur-Read-Pro.jpg","width":768,"height":768},{"@type":"BreadcrumbList","@id":"https:\/\/www.docteurjobez.fr\/pharmacie\/supp\/ayur-read-pro\/#breadcrumb","itemListElement":[{"@type":"ListItem","position":1,"name":"Strona g\u0142\u00f3wna","item":"https:\/\/www.docteurjobez.fr\/pharmacie\/"},{"@type":"ListItem","position":2,"name":"farmaci","item":"https:\/\/www.docteurjobez.fr\/pharmacie\/"},{"@type":"ListItem","position":3,"name":"Ayur Read Pro"}]},{"@type":"WebSite","@id":"https:\/\/www.docteurjobez.fr\/pharmacie\/#website","url":"https:\/\/www.docteurjobez.fr\/pharmacie\/","name":"DocteurJobez","description":"","potentialAction":[{"@type":"SearchAction","target":{"@type":"EntryPoint","urlTemplate":"https:\/\/www.docteurjobez.fr\/pharmacie\/?s={search_term_string}"},"query-input":{"@type":"PropertyValueSpecification","valueRequired":true,"valueName":"search_term_string"}}],"inLanguage":"fr-FR"}]}},"_links":{"self":[{"href":"https:\/\/www.docteurjobez.fr\/pharmacie\/wp-json\/wp\/v2\/product\/4439","targetHints":{"allow":["GET"]}}],"collection":[{"href":"https:\/\/www.docteurjobez.fr\/pharmacie\/wp-json\/wp\/v2\/product"}],"about":[{"href":"https:\/\/www.docteurjobez.fr\/pharmacie\/wp-json\/wp\/v2\/types\/product"}],"replies":[{"embeddable":true,"href":"https:\/\/www.docteurjobez.fr\/pharmacie\/wp-json\/wp\/v2\/comments?post=4439"}],"wp:featuredmedia":[{"embeddable":true,"href":"https:\/\/www.docteurjobez.fr\/pharmacie\/wp-json\/wp\/v2\/media\/3804"}],"wp:attachment":[{"href":"https:\/\/www.docteurjobez.fr\/pharmacie\/wp-json\/wp\/v2\/media?parent=4439"}],"wp:term":[{"taxonomy":"product_brand","embeddable":true,"href":"https:\/\/www.docteurjobez.fr\/pharmacie\/wp-json\/wp\/v2\/product_brand?post=4439"},{"taxonomy":"product_cat","embeddable":true,"href":"https:\/\/www.docteurjobez.fr\/pharmacie\/wp-json\/wp\/v2\/product_cat?post=4439"},{"taxonomy":"product_tag","embeddable":true,"href":"https:\/\/www.docteurjobez.fr\/pharmacie\/wp-json\/wp\/v2\/product_tag?post=4439"}],"curies":[{"name":"wp","href":"https:\/\/api.w.org\/{rel}","templated":true}]}}