{"id":4440,"date":"2024-10-18T19:46:00","date_gmt":"2024-10-18T19:46:00","guid":{"rendered":"https:\/\/chirurgie-orthopedie-vannes.fr\/pharmacie\/?post_type=product&#038;p=4440"},"modified":"2025-03-17T16:59:21","modified_gmt":"2025-03-17T16:59:21","slug":"fleksi-fixen","status":"publish","type":"product","link":"https:\/\/www.docteurjobez.fr\/pharmacie\/supp\/fleksi-fixen\/","title":{"rendered":"Fleksi Fixen"},"content":{"rendered":"\n<h2 class=\"wp-block-heading\">Qu&rsquo;est-ce que Fleksi Fixen et comment fonctionne-t-il ?<\/h2>\n\n\n\n<p>Fleksi Fixen est un <b>compl\u00e9ment<\/b> moderne <b>de soutien articulaire<\/b> con\u00e7u pour les personnes qui souhaitent prendre soin de la sant\u00e9 de leurs articulations. L <b>&lsquo;action de<\/b> ce compl\u00e9ment repose sur une formule unique qui fournit \u00e0 l&rsquo;organisme des nutriments essentiels pour soutenir la r\u00e9g\u00e9n\u00e9ration du cartilage et am\u00e9liorer sa flexibilit\u00e9.<\/p>\n\n\n\n<p>Les ingr\u00e9dients de Fleksi Fixen comprennent des substances actives telles que la glucosamine, la chondro\u00eftine et l&rsquo;acide hyaluronique. Ces ingr\u00e9dients ont prouv\u00e9 leur efficacit\u00e9 dans le soulagement des douleurs articulaires et l&rsquo;am\u00e9lioration de la fonction articulaire. L&rsquo;<b>utilisation<\/b> r\u00e9guli\u00e8re <b>de<\/b> ce compl\u00e9ment de soutien articulaire peut apporter un soulagement significatif et une am\u00e9lioration de la qualit\u00e9 de vie.<\/p>\n\n\n\n<p>L&rsquo;<b>effet de la<\/b> formule se fait sentir apr\u00e8s quelques semaines d&rsquo;utilisation r\u00e9guli\u00e8re, ce qui fait de Fleksi Fixen une option int\u00e9ressante pour les sportifs et les personnes \u00e2g\u00e9es qui souffrent de probl\u00e8mes articulaires. Gr\u00e2ce \u00e0 ses propri\u00e9t\u00e9s r\u00e9g\u00e9n\u00e9ratrices, nos articulations peuvent gagner en souplesse et r\u00e9duire le risque de blessure.<\/p>\n\n\n\n<h2 class=\"wp-block-heading\">Avantages de Fleksi Fixen &#8211; Effets<\/h2>\n\n\n\n<p>L&rsquo;<b>utilisation<\/b> r\u00e9guli\u00e8re <b>du<\/b> compl\u00e9ment alimentaire Fleksi Fixen pr\u00e9sente de nombreux <b>avantages<\/b> qui ont un impact positif sur la <b>sant\u00e9 des articulations<\/b>. Parmi les effets les plus importants, on peut citer<\/p>\n\n\n\n<ul class=\"wp-block-list\">\n<li><em>R\u00e9duction des douleurs<\/em> et des raideurs<em>articulaires<\/em>, ce qui facilite les activit\u00e9s quotidiennes.<\/li>\n\n\n\n<li><em>Am\u00e9liorer la mobilit\u00e9<\/em> et la souplesse des<em>articulations<\/em> pour favoriser un mode de vie actif.<\/li>\n\n\n\n<li><em>Favoriser la r\u00e9g\u00e9n\u00e9ration du cartilage articulaire<\/em>, ce qui est essentiel pour la pr\u00e9vention des blessures.<\/li>\n\n\n\n<li><em>Pr\u00e9venir le d\u00e9veloppement de maladies articulaires<\/em> telles que l&rsquo;ost\u00e9oarthrose, qui peuvent conduire \u00e0 des pathologies graves.<\/li>\n<\/ul>\n\n\n\n<p>De nombreux utilisateurs indiquent une am\u00e9lioration de leur qualit\u00e9 de vie apr\u00e8s avoir commenc\u00e9 la suppl\u00e9mentation en Fleksi Fixen, ce qui fait de ce produit une option int\u00e9ressante pour les personnes actives comme pour les personnes \u00e2g\u00e9es. Une <b>utilisation<\/b> r\u00e9guli\u00e8re peut faire une diff\u00e9rence significative dans l&rsquo;activit\u00e9 quotidienne et le confort de vie.<\/p>\n\n\n\n<h2 class=\"wp-block-heading\">Dosage de Fleksi Fixen &#8211; Comment l&rsquo;utiliser ?<\/h2>\n\n\n\n<p>La <b>posologie<\/b> recommand\u00e9e <b>du<\/b> compl\u00e9ment alimentaire Fleksi Fixen est g\u00e9n\u00e9ralement d&rsquo;une \u00e0 deux g\u00e9lules par jour. Il est important de prendre le produit au cours d&rsquo;un repas, ce qui favorise une meilleure absorption par l&rsquo;organisme. Il est imp\u00e9ratif de lire la notice afin d&rsquo;adapter la <b>posologie<\/b> \u00e0 vos besoins.<\/p>\n\n\n\n<p>Les personnes souffrant d&rsquo;affections articulaires diff\u00e9rentes peuvent avoir besoin d&rsquo;un r\u00e9gime diff\u00e9rent, c&rsquo;est pourquoi il est utile de consulter votre m\u00e9decin avant de commencer \u00e0 prendre des suppl\u00e9ments. Un sp\u00e9cialiste aidera \u00e0 adapter <b>le dosage<\/b> aux besoins individuels du patient, ce qui permettra d&rsquo;obtenir de meilleurs r\u00e9sultats.<\/p>\n\n\n\n<figure class=\"wp-block-table\"><table class=\"has-fixed-layout\"><tbody><tr><th>Indications<\/th><th>Dosage<\/th><th>Utilisation de<\/th><\/tr><tr><td>Pr\u00e9vention des probl\u00e8mes articulaires<\/td><td>1 g\u00e9lule par jour<\/td><td>Pendant le repas<\/td><\/tr><tr><td>Soutien au traitement de l&rsquo;inflammation<\/td><td>2 g\u00e9lules par jour<\/td><td>Pendant le repas<\/td><\/tr><tr><td>R\u00e9g\u00e9n\u00e9ration apr\u00e8s une blessure<\/td><td>1 \u00e0 2 g\u00e9lules par jour<\/td><td>Pendant le repas<\/td><\/tr><\/tbody><\/table><\/figure>\n\n\n\n<p>Le dosage et l&rsquo;application corrects du compl\u00e9ment Fleksi Fixen sont essentiels pour obtenir les effets escompt\u00e9s sur la sant\u00e9. En appliquant correctement le produit, vous pourrez profiter de ses effets positifs sur la <b>sant\u00e9 des articulations<\/b>.<\/p>\n\n\n\n<h2 class=\"wp-block-heading\">Commentaires et r\u00e9actions sur Fleksi Fixen<\/h2>\n\n\n\n<p>Fleksi Fixen, en tant que <b>compl\u00e9ment de sant\u00e9 pour les articulations<\/b>, gagne en popularit\u00e9. De nombreux utilisateurs partagent leurs exp\u00e9riences positives afin d&rsquo;inspirer les autres. Vous trouverez ci-dessous quelques commentaires int\u00e9ressants.<\/p>\n\n\n\n<blockquote class=\"wp-block-quote is-layout-flow wp-block-quote-is-layout-flow\">\n<p><em>Kasia, 34 ans :<\/em> \u00ab\u00a0Apr\u00e8s avoir utilis\u00e9 Fleksi Fixen pendant quelques semaines, j&rsquo;ai remarqu\u00e9 que mes articulations \u00e9taient devenues plus souples. J&rsquo;avais l&rsquo;habitude de courir souvent, mais les douleurs dans les genoux \u00e9taient g\u00eanantes. Aujourd&rsquo;hui, je peux \u00eatre active en toute tranquillit\u00e9.\u00a0\u00bb<\/p>\n<\/blockquote>\n\n\n\n<blockquote class=\"wp-block-quote is-layout-flow wp-block-quote-is-layout-flow\">\n<p><em>Marek, 45 ans, a d\u00e9clar\u00e9 : \u00ab\u00a0Fleksi Fixen m&rsquo;a sauv\u00e9 apr\u00e8s ma blessure :<\/em> \u00ab\u00a0Fleksi Fixen m&rsquo;a sauv\u00e9 apr\u00e8s ma blessure. Je l&rsquo;ai pris r\u00e9guli\u00e8rement pendant trois mois et je peux maintenant rejouer au tennis sans douleur. Je le recommande vivement !\u00a0\u00bb<\/p>\n<\/blockquote>\n\n\n\n<blockquote class=\"wp-block-quote is-layout-flow wp-block-quote-is-layout-flow\">\n<p><em>Anita, 51 ans, a d\u00e9clar\u00e9 : \u00ab\u00a0J&rsquo;ai toujours eu des probl\u00e8mes articulaires, surtout au niveau de la hanche :<\/em> \u00ab\u00a0J&rsquo;ai toujours eu des probl\u00e8mes articulaires, surtout au niveau des hanches. Fleksi Fixen m&rsquo;a consid\u00e9rablement soulag\u00e9e pendant pr\u00e8s de six mois. Je me sens beaucoup mieux.<\/p>\n<\/blockquote>\n\n\n\n<p>Les <b>commentaires<\/b> confirment l&rsquo;efficacit\u00e9 du compl\u00e9ment dans l&rsquo;am\u00e9lioration du bien-\u00eatre, les <b>avis<\/b> indiquant souvent des changements positifs dans le fonctionnement quotidien. Fleksi Fixen peut \u00eatre un soutien pr\u00e9cieux pour la sant\u00e9 des articulations, et m\u00e9rite donc d&rsquo;\u00eatre pris en consid\u00e9ration par les personnes souffrant de probl\u00e8mes similaires. Lors du choix d&rsquo;un compl\u00e9ment, il est utile de lire une vari\u00e9t\u00e9 d&rsquo;avis pour faire un choix \u00e9clair\u00e9.<\/p>\n\n\n\n<h2 class=\"wp-block-heading\">Composition de Fleksi Fixen &#8211; Analyse des ingr\u00e9dients<\/h2>\n\n\n\n<p>Fleksi Fixen est un <b>compl\u00e9ment alimentaire<\/b> qui contient une <b>composition<\/b> soigneusement s\u00e9lectionn\u00e9e pour soutenir la sant\u00e9 des articulations. Chacun de ses composants a \u00e9t\u00e9 s\u00e9lectionn\u00e9 pour ses propri\u00e9t\u00e9s qui contribuent \u00e0 la sant\u00e9 et \u00e0 la fonction des articulations.<\/p>\n\n\n\n<p>Cette <b>formulation<\/b> comprend<\/p>\n\n\n\n<ul class=\"wp-block-list\">\n<li><em>Glucosamine<\/em>: Une substance connue pour son effet sur la r\u00e9g\u00e9n\u00e9ration du cartilage articulaire, aidant \u00e0 reconstruire le tissu cartilagineux.<\/li>\n\n\n\n<li><em>Chondro\u00eftine<\/em>: a un effet anti-inflammatoire et favorise les processus de r\u00e9g\u00e9n\u00e9ration des articulations.<\/li>\n\n\n\n<li><em>Acide hyaluronique<\/em>: Un \u00e9l\u00e9ment hydratant cl\u00e9 qui am\u00e9liore la mobilit\u00e9 des articulations et leur capacit\u00e9 \u00e0 absorber les chocs.<\/li>\n<\/ul>\n\n\n\n<p><b>L&rsquo;analyse des<\/b> ingr\u00e9dients montre que Fleksi Fixen est bas\u00e9 sur des composants naturels, ce qui le rend s\u00fbr pour la plupart des gens. Il ne contient pas de conservateurs ni d&rsquo;allerg\u00e8nes, ce qui en fait un bon choix pour ceux qui sont attentifs \u00e0 la qualit\u00e9 des compl\u00e9ments alimentaires qu&rsquo;ils utilisent. Il convient de noter qu&rsquo;une <b>composition<\/b> bien choisie peut contribuer \u00e0 am\u00e9liorer le confort des mouvements quotidiens et la sant\u00e9 globale des articulations.<\/p>\n\n\n\n<h2 class=\"wp-block-heading\">Prix Fleksi Fixen &#8211; O\u00f9 acheter ?<\/h2>\n\n\n\n<p>Fleksi Fixen est un <b>compl\u00e9ment alimentaire<\/b> qui ne peut \u00eatre achet\u00e9 qu&rsquo;aupr\u00e8s du fabricant officiel. L&rsquo;achat en ligne offre un moyen pratique d&rsquo;acheter ce produit, qui n&rsquo;est pas disponible dans les pharmacies traditionnelles. En consultant r\u00e9guli\u00e8rement le site web du fabricant, vous trouverez des promotions et des offres attrayantes en permanence. Les prix du compl\u00e9ment peuvent varier en fonction des campagnes de marketing en cours, ce qui fait de la visite du site web une habitude quotidienne pour les utilisateurs potentiels.<\/p>\n\n\n\n<p>Il convient de noter qu&rsquo;en choisissant d&rsquo;acheter directement aupr\u00e8s du fabricant officiel, vous avez confiance dans la qualit\u00e9 du produit et la s\u00e9curit\u00e9 de la transaction. En achetant aupr\u00e8s de sources inconnues, vous risquez d&rsquo;acqu\u00e9rir des compl\u00e9ments alimentaires contrefaits ou mal conserv\u00e9s. Par cons\u00e9quent, la question \u00ab\u00a0o\u00f9 acheter ?\u00a0\u00bb devrait toujours vous orienter vers un d\u00e9taillant officiel et v\u00e9rifi\u00e9.<\/p>\n\n\n\n<h2 class=\"wp-block-heading\">Fleksi Fixen &#8211; Effets secondaires et contre-indications &#8211; S\u00e9curit\u00e9 d&#8217;emploi<\/h2>\n\n\n\n<p>Fleksi Fixen est un compl\u00e9ment g\u00e9n\u00e9ralement bien tol\u00e9r\u00e9 par les utilisateurs, mais comme tout produit de ce type, il peut provoquer des <strong>effets secondaires<\/strong>. Les effets secondaires les plus fr\u00e9quemment rapport\u00e9s concernent des r\u00e9actions allergiques aux ingr\u00e9dients actifs et des probl\u00e8mes d&rsquo;estomac tels que l&rsquo;indigestion. Il est donc important de conna\u00eetre les effets potentiels qui peuvent survenir apr\u00e8s son utilisation.<\/p>\n\n\n\n<p>Les personnes pr\u00e9sentant des <strong>contre-indications<\/strong> \u00e0 Fleksi Fixen doivent consulter leur m\u00e9decin avant de commencer le traitement. Ceci s&rsquo;applique principalement aux patients qui sont allergiques \u00e0 l&rsquo;un des ingr\u00e9dients du compl\u00e9ment. Ces recommandations sont particuli\u00e8rement pertinentes pour les personnes qui prennent d&rsquo;autres m\u00e9dicaments ou qui souffrent de maladies chroniques.<\/p>\n\n\n\n<p>Dans l&rsquo;int\u00e9r\u00eat d&rsquo;une <strong>utilisation s\u00fbre<\/strong>, il est \u00e9galement conseill\u00e9 de surveiller votre propre bien-\u00eatre pendant l&rsquo;utilisation de Fleksi Fixen. Si vous remarquez des sympt\u00f4mes ou des r\u00e9actions inqui\u00e9tantes, contactez imm\u00e9diatement un professionnel afin d&rsquo;\u00eatre s\u00fbr de la marche \u00e0 suivre. Cela garantira votre sant\u00e9 et votre confort, ce qui est une priorit\u00e9 pour tout utilisateur de compl\u00e9ments alimentaires.<\/p>\n","protected":false},"excerpt":{"rendered":"<p><strong>[date_countdown]<\/strong><\/p>\n<p><img decoding=\"async\" class=\"alignnone  wp-image-8427\" src=\"https:\/\/www.docteurjobez.fr\/pharmacie\/wp-content\/uploads\/2024\/10\/SAFE-PAY-300x88-1.png\" alt=\"SAFE-PAY-300x88\" width=\"164\" height=\"48\" \/><\/p>\n","protected":false},"featured_media":4463,"comment_status":"open","ping_status":"closed","template":"","meta":{"neve_meta_sidebar":"","neve_meta_container":"","neve_meta_enable_content_width":"","neve_meta_content_width":0,"neve_meta_title_alignment":"","neve_meta_author_avatar":"","neve_post_elements_order":"","neve_meta_disable_header":"","neve_meta_disable_footer":"","neve_meta_disable_title":"","neve_meta_reading_time":""},"product_brand":[],"product_cat":[18],"product_tag":[],"class_list":{"0":"post-4440","1":"product","2":"type-product","3":"status-publish","4":"has-post-thumbnail","6":"product_cat-sante","8":"first","9":"instock","10":"sale","11":"shipping-taxable","12":"product-type-external"},"yoast_head":"<!-- This site is optimized with the Yoast SEO plugin v27.4 - https:\/\/yoast.com\/product\/yoast-seo-wordpress\/ -->\n<title>Fleksi Fixen - Avis, Prix -50%, Forum, Pharmacie, Effets | DocteurJobez<\/title>\n<meta name=\"robots\" content=\"index, follow, max-snippet:-1, max-image-preview:large, max-video-preview:-1\" \/>\n<link rel=\"canonical\" href=\"https:\/\/www.docteurjobez.fr\/pharmacie\/supp\/fleksi-fixen\/\" \/>\n<meta property=\"og:locale\" content=\"fr_FR\" \/>\n<meta property=\"og:type\" content=\"article\" \/>\n<meta property=\"og:title\" content=\"Fleksi Fixen - Avis, Prix -50%, Forum, Pharmacie, Effets | DocteurJobez\" \/>\n<meta property=\"og:url\" content=\"https:\/\/www.docteurjobez.fr\/pharmacie\/supp\/fleksi-fixen\/\" \/>\n<meta property=\"og:site_name\" content=\"DocteurJobez\" \/>\n<meta property=\"article:modified_time\" content=\"2025-03-17T16:59:21+00:00\" \/>\n<meta property=\"og:image\" content=\"https:\/\/www.docteurjobez.fr\/pharmacie\/wp-content\/uploads\/2024\/10\/Fleksi-Fixen.jpg\" \/>\n\t<meta property=\"og:image:width\" content=\"768\" \/>\n\t<meta property=\"og:image:height\" content=\"768\" \/>\n\t<meta property=\"og:image:type\" content=\"image\/jpeg\" \/>\n<meta name=\"twitter:card\" content=\"summary_large_image\" \/>\n<meta name=\"twitter:description\" content=\"[date_countdown]\" \/>\n<meta name=\"twitter:label1\" content=\"Dur\u00e9e de lecture estim\u00e9e\" \/>\n\t<meta name=\"twitter:data1\" content=\"7 minutes\" \/>\n<script type=\"application\/ld+json\" class=\"yoast-schema-graph\">{\"@context\":\"https:\\\/\\\/schema.org\",\"@graph\":[{\"@type\":\"WebPage\",\"@id\":\"https:\\\/\\\/www.docteurjobez.fr\\\/pharmacie\\\/supp\\\/fleksi-fixen\\\/\",\"url\":\"https:\\\/\\\/www.docteurjobez.fr\\\/pharmacie\\\/supp\\\/fleksi-fixen\\\/\",\"name\":\"Fleksi Fixen - Avis, Prix -50%, Forum, Pharmacie, Effets | DocteurJobez\",\"isPartOf\":{\"@id\":\"https:\\\/\\\/www.docteurjobez.fr\\\/pharmacie\\\/#website\"},\"primaryImageOfPage\":{\"@id\":\"https:\\\/\\\/www.docteurjobez.fr\\\/pharmacie\\\/supp\\\/fleksi-fixen\\\/#primaryimage\"},\"image\":{\"@id\":\"https:\\\/\\\/www.docteurjobez.fr\\\/pharmacie\\\/supp\\\/fleksi-fixen\\\/#primaryimage\"},\"thumbnailUrl\":\"https:\\\/\\\/www.docteurjobez.fr\\\/pharmacie\\\/wp-content\\\/uploads\\\/2024\\\/10\\\/Fleksi-Fixen.jpg\",\"datePublished\":\"2024-10-18T19:46:00+00:00\",\"dateModified\":\"2025-03-17T16:59:21+00:00\",\"breadcrumb\":{\"@id\":\"https:\\\/\\\/www.docteurjobez.fr\\\/pharmacie\\\/supp\\\/fleksi-fixen\\\/#breadcrumb\"},\"inLanguage\":\"fr-FR\",\"potentialAction\":[{\"@type\":\"ReadAction\",\"target\":[\"https:\\\/\\\/www.docteurjobez.fr\\\/pharmacie\\\/supp\\\/fleksi-fixen\\\/\"]}]},{\"@type\":\"ImageObject\",\"inLanguage\":\"fr-FR\",\"@id\":\"https:\\\/\\\/www.docteurjobez.fr\\\/pharmacie\\\/supp\\\/fleksi-fixen\\\/#primaryimage\",\"url\":\"https:\\\/\\\/www.docteurjobez.fr\\\/pharmacie\\\/wp-content\\\/uploads\\\/2024\\\/10\\\/Fleksi-Fixen.jpg\",\"contentUrl\":\"https:\\\/\\\/www.docteurjobez.fr\\\/pharmacie\\\/wp-content\\\/uploads\\\/2024\\\/10\\\/Fleksi-Fixen.jpg\",\"width\":768,\"height\":768},{\"@type\":\"BreadcrumbList\",\"@id\":\"https:\\\/\\\/www.docteurjobez.fr\\\/pharmacie\\\/supp\\\/fleksi-fixen\\\/#breadcrumb\",\"itemListElement\":[{\"@type\":\"ListItem\",\"position\":1,\"name\":\"Strona g\u0142\u00f3wna\",\"item\":\"https:\\\/\\\/www.docteurjobez.fr\\\/pharmacie\\\/\"},{\"@type\":\"ListItem\",\"position\":2,\"name\":\"farmaci\",\"item\":\"https:\\\/\\\/www.docteurjobez.fr\\\/pharmacie\\\/\"},{\"@type\":\"ListItem\",\"position\":3,\"name\":\"Fleksi Fixen\"}]},{\"@type\":\"WebSite\",\"@id\":\"https:\\\/\\\/www.docteurjobez.fr\\\/pharmacie\\\/#website\",\"url\":\"https:\\\/\\\/www.docteurjobez.fr\\\/pharmacie\\\/\",\"name\":\"DocteurJobez\",\"description\":\"\",\"potentialAction\":[{\"@type\":\"SearchAction\",\"target\":{\"@type\":\"EntryPoint\",\"urlTemplate\":\"https:\\\/\\\/www.docteurjobez.fr\\\/pharmacie\\\/?s={search_term_string}\"},\"query-input\":{\"@type\":\"PropertyValueSpecification\",\"valueRequired\":true,\"valueName\":\"search_term_string\"}}],\"inLanguage\":\"fr-FR\"}]}<\/script>\n<!-- \/ Yoast SEO plugin. -->","yoast_head_json":{"title":"Fleksi Fixen - Avis, Prix -50%, Forum, Pharmacie, Effets | DocteurJobez","robots":{"index":"index","follow":"follow","max-snippet":"max-snippet:-1","max-image-preview":"max-image-preview:large","max-video-preview":"max-video-preview:-1"},"canonical":"https:\/\/www.docteurjobez.fr\/pharmacie\/supp\/fleksi-fixen\/","og_locale":"fr_FR","og_type":"article","og_title":"Fleksi Fixen - Avis, Prix -50%, Forum, Pharmacie, Effets | DocteurJobez","og_url":"https:\/\/www.docteurjobez.fr\/pharmacie\/supp\/fleksi-fixen\/","og_site_name":"DocteurJobez","article_modified_time":"2025-03-17T16:59:21+00:00","og_image":[{"width":768,"height":768,"url":"https:\/\/www.docteurjobez.fr\/pharmacie\/wp-content\/uploads\/2024\/10\/Fleksi-Fixen.jpg","type":"image\/jpeg"}],"twitter_card":"summary_large_image","twitter_description":"[date_countdown]","twitter_misc":{"Dur\u00e9e de lecture estim\u00e9e":"7 minutes"},"schema":{"@context":"https:\/\/schema.org","@graph":[{"@type":"WebPage","@id":"https:\/\/www.docteurjobez.fr\/pharmacie\/supp\/fleksi-fixen\/","url":"https:\/\/www.docteurjobez.fr\/pharmacie\/supp\/fleksi-fixen\/","name":"Fleksi Fixen - Avis, Prix -50%, Forum, Pharmacie, Effets | DocteurJobez","isPartOf":{"@id":"https:\/\/www.docteurjobez.fr\/pharmacie\/#website"},"primaryImageOfPage":{"@id":"https:\/\/www.docteurjobez.fr\/pharmacie\/supp\/fleksi-fixen\/#primaryimage"},"image":{"@id":"https:\/\/www.docteurjobez.fr\/pharmacie\/supp\/fleksi-fixen\/#primaryimage"},"thumbnailUrl":"https:\/\/www.docteurjobez.fr\/pharmacie\/wp-content\/uploads\/2024\/10\/Fleksi-Fixen.jpg","datePublished":"2024-10-18T19:46:00+00:00","dateModified":"2025-03-17T16:59:21+00:00","breadcrumb":{"@id":"https:\/\/www.docteurjobez.fr\/pharmacie\/supp\/fleksi-fixen\/#breadcrumb"},"inLanguage":"fr-FR","potentialAction":[{"@type":"ReadAction","target":["https:\/\/www.docteurjobez.fr\/pharmacie\/supp\/fleksi-fixen\/"]}]},{"@type":"ImageObject","inLanguage":"fr-FR","@id":"https:\/\/www.docteurjobez.fr\/pharmacie\/supp\/fleksi-fixen\/#primaryimage","url":"https:\/\/www.docteurjobez.fr\/pharmacie\/wp-content\/uploads\/2024\/10\/Fleksi-Fixen.jpg","contentUrl":"https:\/\/www.docteurjobez.fr\/pharmacie\/wp-content\/uploads\/2024\/10\/Fleksi-Fixen.jpg","width":768,"height":768},{"@type":"BreadcrumbList","@id":"https:\/\/www.docteurjobez.fr\/pharmacie\/supp\/fleksi-fixen\/#breadcrumb","itemListElement":[{"@type":"ListItem","position":1,"name":"Strona g\u0142\u00f3wna","item":"https:\/\/www.docteurjobez.fr\/pharmacie\/"},{"@type":"ListItem","position":2,"name":"farmaci","item":"https:\/\/www.docteurjobez.fr\/pharmacie\/"},{"@type":"ListItem","position":3,"name":"Fleksi Fixen"}]},{"@type":"WebSite","@id":"https:\/\/www.docteurjobez.fr\/pharmacie\/#website","url":"https:\/\/www.docteurjobez.fr\/pharmacie\/","name":"DocteurJobez","description":"","potentialAction":[{"@type":"SearchAction","target":{"@type":"EntryPoint","urlTemplate":"https:\/\/www.docteurjobez.fr\/pharmacie\/?s={search_term_string}"},"query-input":{"@type":"PropertyValueSpecification","valueRequired":true,"valueName":"search_term_string"}}],"inLanguage":"fr-FR"}]}},"_links":{"self":[{"href":"https:\/\/www.docteurjobez.fr\/pharmacie\/wp-json\/wp\/v2\/product\/4440","targetHints":{"allow":["GET"]}}],"collection":[{"href":"https:\/\/www.docteurjobez.fr\/pharmacie\/wp-json\/wp\/v2\/product"}],"about":[{"href":"https:\/\/www.docteurjobez.fr\/pharmacie\/wp-json\/wp\/v2\/types\/product"}],"replies":[{"embeddable":true,"href":"https:\/\/www.docteurjobez.fr\/pharmacie\/wp-json\/wp\/v2\/comments?post=4440"}],"wp:featuredmedia":[{"embeddable":true,"href":"https:\/\/www.docteurjobez.fr\/pharmacie\/wp-json\/wp\/v2\/media\/4463"}],"wp:attachment":[{"href":"https:\/\/www.docteurjobez.fr\/pharmacie\/wp-json\/wp\/v2\/media?parent=4440"}],"wp:term":[{"taxonomy":"product_brand","embeddable":true,"href":"https:\/\/www.docteurjobez.fr\/pharmacie\/wp-json\/wp\/v2\/product_brand?post=4440"},{"taxonomy":"product_cat","embeddable":true,"href":"https:\/\/www.docteurjobez.fr\/pharmacie\/wp-json\/wp\/v2\/product_cat?post=4440"},{"taxonomy":"product_tag","embeddable":true,"href":"https:\/\/www.docteurjobez.fr\/pharmacie\/wp-json\/wp\/v2\/product_tag?post=4440"}],"curies":[{"name":"wp","href":"https:\/\/api.w.org\/{rel}","templated":true}]}}