{"id":4448,"date":"2024-10-18T19:46:00","date_gmt":"2024-10-18T19:46:00","guid":{"rendered":"https:\/\/chirurgie-orthopedie-vannes.fr\/pharmacie\/?post_type=product&#038;p=4448"},"modified":"2025-02-25T16:25:10","modified_gmt":"2025-02-25T16:25:10","slug":"natural-slimin-patches","status":"publish","type":"product","link":"https:\/\/www.docteurjobez.fr\/pharmacie\/supp\/natural-slimin-patches\/","title":{"rendered":"Natural Slimin Patches"},"content":{"rendered":"<h2 class=\"wp-block-heading\">Qu&rsquo;est-ce que Natural Slimin Patches et comment fonctionne-t-il ?<\/h2>\n\n\n<p>Les <b>Natural Slimin Patches<\/b> sont des <b>patchs de perte de poids<\/b> innovants qui visent \u00e0 aider les personnes qui luttent contre l&rsquo;exc\u00e8s de poids. <em>Qu&rsquo;est-ce que les patchs Natural Slimin<\/em>? Ils offrent une lib\u00e9ration transdermique d&rsquo;ingr\u00e9dients actifs pour \u00e9liminer efficacement l&rsquo;exc\u00e8s de poids.<\/p>\n\n\n<p>L<b>&lsquo;action de Natural Slimin Patches<\/b> est bas\u00e9e sur l&rsquo;utilisation d&rsquo;extraits naturels de plantes qui augmentent le m\u00e9tabolisme et suppriment l&rsquo;app\u00e9tit. Cela permet d&rsquo;obtenir de meilleurs r\u00e9sultats en mati\u00e8re de perte de poids. La composition du patch comprend des ingr\u00e9dients tels que l&rsquo;extrait d&rsquo;ortie indienne, qui favorise la combustion des calories m\u00eame au repos.<\/p>\n\n\n<p>Il convient de mentionner que les Natural Slimin Patches agissent \u00e9galement au niveau hormonal, ce qui favorise l&rsquo;\u00e9quilibre hormonal n\u00e9cessaire \u00e0 une perte de poids r\u00e9ussie. En augmentant les niveaux d&rsquo;AMPc, ces patchs aident \u00e0 r\u00e9guler le glucose et \u00e0 stimuler la thermogen\u00e8se.<\/p>\n\n\n<p>Chaque patch contient des ingr\u00e9dients uniques qui, ensemble, constituent une approche globale de la perte de poids et de l&rsquo;am\u00e9lioration de la silhouette. Les patchs Natural Slimin constituent donc une alternative int\u00e9ressante aux m\u00e9thodes de perte de poids plus invasives, ainsi qu&rsquo;aux formulations \u00e0 base de produits chimiques.<\/p>\n\n\n<h2 class=\"wp-block-heading\">Quels sont les effets de Natural Slimin Patches ?<\/h2>\n\n\n<p><b>Les effets de Natural Slimin Patches<\/b> peuvent \u00eatre vari\u00e9s, en fonction des pr\u00e9dispositions de l&rsquo;organisme et de la m\u00e9thode d&rsquo;application. <b>Les utilisateurs<\/b> signalent souvent <em>une r\u00e9duction de l&rsquo;app\u00e9tit<\/em>, ce qui facilite consid\u00e9rablement le contr\u00f4le de l&rsquo;apport calorique quotidien. Il s&rsquo;agit d&rsquo;un avantage important dans le contexte de la <strong>perte de poids avec les patchs<\/strong>, car la r\u00e9duction des fringales favorise la r\u00e9alisation des objectifs de perte de poids pr\u00e9c\u00e9dents.<\/p>\n\n\n<p>De nombreuses personnes remarquent \u00e9galement <em>une augmentation de l&rsquo;\u00e9nergie<\/em> apr\u00e8s l&rsquo;utilisation des patchs, ce qui peut activer une activit\u00e9 physique plus intense. L&rsquo;utilisation r\u00e9guli\u00e8re des Natural Slimin Patches favorise la r\u00e9duction des graisses, comme le confirment de nombreux t\u00e9moignages d&rsquo;utilisateurs. Apr\u00e8s quelques semaines de traitement, <strong>les r\u00e9sultats<\/strong> sont clairement visibles, ce qui incite \u00e0 poursuivre l&rsquo;utilisation des patchs et \u00e0 adopter un mode de vie sain.<\/p>\n\n\n<p><b>Les effets des patchs Natural Slimin<\/b> constituent une \u00e9tape positive dans le processus de changement des habitudes alimentaires et d&rsquo;augmentation de l&rsquo;activit\u00e9 physique, si importants pour une <strong>perte de poids<\/strong> efficace <strong>avec les patchs<\/strong>.<\/p>\n\n\n<h2 class=\"wp-block-heading\">Dosage de Natural Slimin Patches &#8211; Comment l&rsquo;utiliser ?<\/h2>\n\n\n<p>L&rsquo;application de Natural Slimin Patches est simple et intuitive. Dans le cadre de la <em>posologie de Natural Slimin Patches<\/em>, il est recommand\u00e9 d&rsquo;appliquer un patch par jour sur une peau propre et s\u00e8che. Le patch doit \u00eatre plac\u00e9 sur la partie du corps choisie, en \u00e9vitant les zones sensibles.<\/p>\n\n\n<p>Il est important de ne pas changer le site d&rsquo;application tous les jours afin d&rsquo;\u00e9viter les irritations. L&rsquo;effet du patch dure 24 heures, il est donc essentiel de l&rsquo;utiliser r\u00e9guli\u00e8rement pour obtenir des <b>r\u00e9sultats<\/b> optimaux. Le <em>mode d&#8217;emploi<\/em> permet \u00e0 l&rsquo;utilisateur de tirer le meilleur parti de ces patchs.<\/p>\n\n\n\n<ul class=\"wp-block-list\">\n<li><strong>Peau propre :<\/strong> Veiller \u00e0 ce que la peau soit propre avant l&rsquo;application.<\/li>\n\n\n\n<li><strong>Emplacement du patch :<\/strong> choisissez une zone qui n&rsquo;est pas irrit\u00e9e.<\/li>\n\n\n\n<li><strong>Contr\u00f4ler l&rsquo;effet :<\/strong> noter les changements et les effets \u00e9ventuels apr\u00e8s l&rsquo;application.<\/li>\n<\/ul>\n\n\n<p>Pour obtenir des r\u00e9sultats optimaux, il est conseill\u00e9 de suivre les recommandations et d&rsquo;int\u00e9grer r\u00e9guli\u00e8rement l&rsquo;application du patch dans votre routine quotidienne de soins de la peau. L&rsquo;observation des effets permet d&rsquo;adapter l&rsquo;application \u00e0 vos besoins et attentes individuels.<\/p>\n\n\n<h2 class=\"wp-block-heading\">Natural Slimin Patches avis &#8211; Que disent les utilisateurs sur les forums ?<\/h2>\n\n\n<p>Les <b>avis sur les Natural Slimin Patches<\/b> sur les forums en ligne sont tr\u00e8s vari\u00e9s, les <b>exp\u00e9riences des<\/b> utilisateurs mettant souvent en avant l&rsquo;efficacit\u00e9 du patch. De nombreuses personnes ayant opt\u00e9 pour ce produit font part de leurs r\u00e9sultats positifs. Elles constatent que l&rsquo;utilisation des patchs apporte des r\u00e9sultats tangibles en mati\u00e8re de r\u00e9duction de poids.<\/p>\n\n\n\n<blockquote class=\"wp-block-quote is-layout-flow wp-block-quote-is-layout-flow\"><p><em>Ania<\/em>: \u00ab\u00a0J&rsquo;utilise les Natural Slimin Patches depuis un mois maintenant et je suis tr\u00e8s satisfaite des r\u00e9sultats. Apr\u00e8s seulement une semaine, j&rsquo;ai remarqu\u00e9 que mes fringales avaient diminu\u00e9 et les premiers r\u00e9sultats ont commenc\u00e9 \u00e0 appara\u00eetre sur la balance. Les patchs sont faciles \u00e0 appliquer et j&rsquo;ai constat\u00e9 une perte de poids de 4 kg en un mois, ce qui me rend tr\u00e8s heureuse.\u00a0\u00bb<\/p>\n<\/blockquote>\n\n\n<p>D&rsquo;autres <b>utilisateurs<\/b> notent \u00e9galement que les Natural Slimin Patches aident \u00e0 contr\u00f4ler l&rsquo;app\u00e9tit, ce qui facilite consid\u00e9rablement le processus de perte de poids. De nombreuses personnes confirment qu&rsquo;une combinaison harmonieuse de l&rsquo;utilisation des patchs avec un r\u00e9gime alimentaire plus \u00e9quilibr\u00e9 donne les meilleurs <b>r\u00e9sultats<\/b>.<\/p>\n\n\n\n<blockquote class=\"wp-block-quote is-layout-flow wp-block-quote-is-layout-flow\"><p><em>Marek<\/em>: \u00ab\u00a0J&rsquo;\u00e9tais d&rsquo;abord sceptique quant au patch de perte de poids, mais j&rsquo;ai d\u00e9cid\u00e9 de l&rsquo;essayer. Mon objectif \u00e9tait de r\u00e9duire la graisse corporelle. Apr\u00e8s 6 semaines d&rsquo;utilisation, j&rsquo;ai r\u00e9ussi \u00e0 perdre 6 kg. Je me sens nettement mieux dans ma peau et j&rsquo;ai remarqu\u00e9 que j&rsquo;avais plus d&rsquo;\u00e9nergie pour accomplir mes t\u00e2ches quotidiennes.\u00a0\u00bb<\/p>\n<\/blockquote>\n\n\n<p>Sur diff\u00e9rents forums en ligne, les <b>utilisateurs<\/b> \u00e9changent des avis, indiquant souvent que Natural Slimin Patches peut \u00eatre un soutien utile dans la poursuite d&rsquo;un objectif de sant\u00e9. De nombreuses exp\u00e9riences positives encouragent les nouveaux consommateurs \u00e0 tester le produit.<\/p>\n\n\n\n<blockquote class=\"wp-block-quote is-layout-flow wp-block-quote-is-layout-flow\"><p><em>Kasia<\/em>: \u00ab\u00a0Les Natural Slimin Patches m&rsquo;ont aid\u00e9 \u00e0 perdre 5 kg en 5 semaines. Je n&rsquo;ai eu aucun effet secondaire pendant toute la dur\u00e9e d&rsquo;utilisation. Bien s\u00fbr, j&rsquo;ai \u00e9galement modifi\u00e9 mon r\u00e9gime alimentaire pour en adopter un plus sain, mais les patchs m&rsquo;ont d\u00e9finitivement donn\u00e9 la motivation n\u00e9cessaire pour continuer \u00e0 changer.\u00a0\u00bb<\/p>\n<\/blockquote>\n\n\n<p>Les utilisateurs soulignent \u00e9galement l&rsquo;importance de leur motivation, les r\u00e9sultats obtenus en mati\u00e8re de perte de poids les incitant \u00e0 prendre d&rsquo;autres mesures pour am\u00e9liorer leur qualit\u00e9 de vie et leur sant\u00e9. Les <b>avis sur les Natural Slimin Patches<\/b> apparaissent r\u00e9guli\u00e8rement sur les forums, confirmant leur popularit\u00e9 aupr\u00e8s des personnes souhaitant perdre du poids.<\/p>\n\n\n<h2 class=\"wp-block-heading\">Natural Slimin Patches &#8211; Composition &#8211; Que contient-il ?<\/h2>\n\n\n<p><b>La composition de Natural Slimin Patches<\/b> est soigneusement \u00e9labor\u00e9e pour soutenir le processus de perte de poids et le bien-\u00eatre g\u00e9n\u00e9ral des utilisateurs. Son <em>contenu<\/em> comprend une gamme d&rsquo;<em>ingr\u00e9dients actifs<\/em> \u00e0 l&rsquo;efficacit\u00e9 prouv\u00e9e.<\/p>\n\n\n\n<ul class=\"wp-block-list\">\n<li>Extrait de th\u00e9 vert &#8211; stimule le m\u00e9tabolisme.<\/li>\n\n\n\n<li>Extrait de ginseng &#8211; augmente les performances.<\/li>\n\n\n\n<li>Caf\u00e9ine &#8211; am\u00e9liore la concentration et l&rsquo;\u00e9nergie et r\u00e9duit la faim.<\/li>\n<\/ul>\n\n\n<p>La combinaison de ces <em>ingr\u00e9dients actifs<\/em> garantit non seulement l&rsquo;efficacit\u00e9 de la r\u00e9duction de poids, mais a \u00e9galement un impact positif sur la sant\u00e9 mentale, ce qui vous permet d&rsquo;atteindre vos objectifs plus facilement. Les ingr\u00e9dients naturels sont la cl\u00e9 du succ\u00e8s de ces patchs, influen\u00e7ant leur efficacit\u00e9 et leur s\u00e9curit\u00e9.<\/p>\n\n\n<p>Les patchs Natural Slimin apportent un soutien complet pendant la perte de poids, ce qui en fait un choix de plus en plus populaire parmi ceux qui s&rsquo;efforcent d&rsquo;adopter un mode de vie sain.<\/p>\n\n\n<h2 class=\"wp-block-heading\">O\u00f9 acheter et combien co\u00fbte Natural Slimin Patches &#8211; prix<\/h2>\n\n\n<p>Les Natural Slimin Patches ne peuvent \u00eatre achet\u00e9s qu&rsquo;aupr\u00e8s du <em>fabricant officiel<\/em>, ce qui garantit l&rsquo;authenticit\u00e9 du produit et la s\u00e9curit\u00e9 de la transaction. Les achats sont effectu\u00e9s en ligne, ce qui permet un acc\u00e8s simple et pratique \u00e0 ces patchs de perte de poids innovants. Veuillez noter que <b>le prix des Natural Slimin Patches<\/b> peut varier en fonction des promotions et des offres en cours sur le site du fabricant.<\/p>\n\n\n<p>Ces patchs ne sont pas disponibles dans les pharmacies stationnaires, ce qui rend leur achat encore plus pratique. Les utilisateurs peuvent \u00eatre assur\u00e9s qu&rsquo;en achetant directement aupr\u00e8s du <em>fabricant officiel<\/em>, ils re\u00e7oivent un produit original qui r\u00e9pond \u00e0 toutes les normes de qualit\u00e9.<\/p>\n\n\n<p>En consultant r\u00e9guli\u00e8rement le site web du fabricant, vous pouvez profiter d&rsquo;offres et de promotions attrayantes, ce qui apporte des avantages financiers aux clients. Investir dans les Natural Slimin Patches est une d\u00e9cision qui peut apporter des r\u00e9sultats tangibles dans le processus de perte de poids.<\/p>\n\n\n<h2 class=\"wp-block-heading\">Natural Slimin Patches &#8211; Effets secondaires et contre-indications &#8211; S\u00e9curit\u00e9 d&#8217;emploi<\/h2>\n\n\n<p>Les Natural Slimin Patches sont g\u00e9n\u00e9ralement consid\u00e9r\u00e9s comme s\u00fbrs pour la plupart des utilisateurs. Cependant, comme tout compl\u00e9ment alimentaire, ils peuvent entra\u00eener des <strong>effets secondaires de Natural Slimin Patches<\/strong>, tels qu&rsquo;une irritation de la peau au niveau du site d&rsquo;application. Les personnes \u00e0 la peau sensible ou souffrant d&rsquo;allergies doivent faire preuve d&rsquo;une grande prudence avant de commencer \u00e0 utiliser le produit. Il convient \u00e9galement de noter que les r\u00e9actions allergiques ne surviennent que chez 1 \u00e0 3 % des utilisateurs.<\/p>\n\n\n<p>Les <strong>contre-indications<\/strong> \u00e0 l&rsquo;utilisation du patch comprennent la grossesse et l&rsquo;allaitement, ainsi que des conditions m\u00e9dicales telles que les maladies cardiovasculaires graves. Il est toujours conseill\u00e9 de consulter un m\u00e9decin avant de commencer \u00e0 utiliser de nouveaux produits, ce qui permet d&rsquo;accro\u00eetre la <strong>s\u00e9curit\u00e9<\/strong> globale <strong>du produit<\/strong>.<\/p>\n\n\n<p>Malgr\u00e9 le faible risque d&rsquo;effets secondaires, Natural Slimin Patches apporte un soutien efficace \u00e0 la perte de poids. Une bonne compr\u00e9hension de ses besoins individuels et de ses \u00e9ventuelles limitations de sant\u00e9 peut am\u00e9liorer de mani\u00e8re significative l&rsquo;exp\u00e9rience d&rsquo;utilisation de ce suppl\u00e9ment.<\/p>\n","protected":false},"excerpt":{"rendered":"<p><strong>[date_countdown]<\/strong><\/p>\n<p><img decoding=\"async\" class=\"alignnone  wp-image-8427\" src=\"https:\/\/www.docteurjobez.fr\/pharmacie\/wp-content\/uploads\/2024\/10\/SAFE-PAY-300x88-1.png\" alt=\"SAFE-PAY-300x88\" width=\"164\" height=\"48\" \/><\/p>\n","protected":false},"featured_media":3815,"comment_status":"open","ping_status":"closed","template":"","meta":{"neve_meta_sidebar":"","neve_meta_container":"","neve_meta_enable_content_width":"","neve_meta_content_width":0,"neve_meta_title_alignment":"","neve_meta_author_avatar":"","neve_post_elements_order":"","neve_meta_disable_header":"","neve_meta_disable_footer":"","neve_meta_disable_title":"","neve_meta_reading_time":""},"product_brand":[],"product_cat":[18],"product_tag":[],"class_list":{"0":"post-4448","1":"product","2":"type-product","3":"status-publish","4":"has-post-thumbnail","6":"product_cat-sante","8":"first","9":"instock","10":"sale","11":"shipping-taxable","12":"product-type-external"},"yoast_head":"<!-- This site is optimized with the Yoast SEO plugin v27.4 - https:\/\/yoast.com\/product\/yoast-seo-wordpress\/ -->\n<title>Natural Slimin Patches - Avis, Prix -50%, Forum, Pharmacie, Effets | DocteurJobez<\/title>\n<meta name=\"robots\" content=\"index, follow, max-snippet:-1, max-image-preview:large, max-video-preview:-1\" \/>\n<link rel=\"canonical\" href=\"https:\/\/www.docteurjobez.fr\/pharmacie\/supp\/natural-slimin-patches\/\" \/>\n<meta property=\"og:locale\" content=\"fr_FR\" \/>\n<meta property=\"og:type\" content=\"article\" \/>\n<meta property=\"og:title\" content=\"Natural Slimin Patches - Avis, Prix -50%, Forum, Pharmacie, Effets | DocteurJobez\" \/>\n<meta property=\"og:url\" content=\"https:\/\/www.docteurjobez.fr\/pharmacie\/supp\/natural-slimin-patches\/\" \/>\n<meta property=\"og:site_name\" content=\"DocteurJobez\" \/>\n<meta property=\"article:modified_time\" content=\"2025-02-25T16:25:10+00:00\" \/>\n<meta property=\"og:image\" content=\"https:\/\/www.docteurjobez.fr\/pharmacie\/wp-content\/uploads\/2024\/10\/Natural-Slimin-Patches.jpg\" \/>\n\t<meta property=\"og:image:width\" content=\"768\" \/>\n\t<meta property=\"og:image:height\" content=\"768\" \/>\n\t<meta property=\"og:image:type\" content=\"image\/jpeg\" \/>\n<meta name=\"twitter:card\" content=\"summary_large_image\" \/>\n<meta name=\"twitter:description\" content=\"[date_countdown]\" \/>\n<meta name=\"twitter:label1\" content=\"Dur\u00e9e de lecture estim\u00e9e\" \/>\n\t<meta name=\"twitter:data1\" content=\"7 minutes\" \/>\n<script type=\"application\/ld+json\" class=\"yoast-schema-graph\">{\"@context\":\"https:\\\/\\\/schema.org\",\"@graph\":[{\"@type\":\"WebPage\",\"@id\":\"https:\\\/\\\/www.docteurjobez.fr\\\/pharmacie\\\/supp\\\/natural-slimin-patches\\\/\",\"url\":\"https:\\\/\\\/www.docteurjobez.fr\\\/pharmacie\\\/supp\\\/natural-slimin-patches\\\/\",\"name\":\"Natural Slimin Patches - Avis, Prix -50%, Forum, Pharmacie, Effets | DocteurJobez\",\"isPartOf\":{\"@id\":\"https:\\\/\\\/www.docteurjobez.fr\\\/pharmacie\\\/#website\"},\"primaryImageOfPage\":{\"@id\":\"https:\\\/\\\/www.docteurjobez.fr\\\/pharmacie\\\/supp\\\/natural-slimin-patches\\\/#primaryimage\"},\"image\":{\"@id\":\"https:\\\/\\\/www.docteurjobez.fr\\\/pharmacie\\\/supp\\\/natural-slimin-patches\\\/#primaryimage\"},\"thumbnailUrl\":\"https:\\\/\\\/www.docteurjobez.fr\\\/pharmacie\\\/wp-content\\\/uploads\\\/2024\\\/10\\\/Natural-Slimin-Patches.jpg\",\"datePublished\":\"2024-10-18T19:46:00+00:00\",\"dateModified\":\"2025-02-25T16:25:10+00:00\",\"breadcrumb\":{\"@id\":\"https:\\\/\\\/www.docteurjobez.fr\\\/pharmacie\\\/supp\\\/natural-slimin-patches\\\/#breadcrumb\"},\"inLanguage\":\"fr-FR\",\"potentialAction\":[{\"@type\":\"ReadAction\",\"target\":[\"https:\\\/\\\/www.docteurjobez.fr\\\/pharmacie\\\/supp\\\/natural-slimin-patches\\\/\"]}]},{\"@type\":\"ImageObject\",\"inLanguage\":\"fr-FR\",\"@id\":\"https:\\\/\\\/www.docteurjobez.fr\\\/pharmacie\\\/supp\\\/natural-slimin-patches\\\/#primaryimage\",\"url\":\"https:\\\/\\\/www.docteurjobez.fr\\\/pharmacie\\\/wp-content\\\/uploads\\\/2024\\\/10\\\/Natural-Slimin-Patches.jpg\",\"contentUrl\":\"https:\\\/\\\/www.docteurjobez.fr\\\/pharmacie\\\/wp-content\\\/uploads\\\/2024\\\/10\\\/Natural-Slimin-Patches.jpg\",\"width\":768,\"height\":768},{\"@type\":\"BreadcrumbList\",\"@id\":\"https:\\\/\\\/www.docteurjobez.fr\\\/pharmacie\\\/supp\\\/natural-slimin-patches\\\/#breadcrumb\",\"itemListElement\":[{\"@type\":\"ListItem\",\"position\":1,\"name\":\"Strona g\u0142\u00f3wna\",\"item\":\"https:\\\/\\\/www.docteurjobez.fr\\\/pharmacie\\\/\"},{\"@type\":\"ListItem\",\"position\":2,\"name\":\"farmaci\",\"item\":\"https:\\\/\\\/www.docteurjobez.fr\\\/pharmacie\\\/\"},{\"@type\":\"ListItem\",\"position\":3,\"name\":\"Natural Slimin Patches\"}]},{\"@type\":\"WebSite\",\"@id\":\"https:\\\/\\\/www.docteurjobez.fr\\\/pharmacie\\\/#website\",\"url\":\"https:\\\/\\\/www.docteurjobez.fr\\\/pharmacie\\\/\",\"name\":\"DocteurJobez\",\"description\":\"\",\"potentialAction\":[{\"@type\":\"SearchAction\",\"target\":{\"@type\":\"EntryPoint\",\"urlTemplate\":\"https:\\\/\\\/www.docteurjobez.fr\\\/pharmacie\\\/?s={search_term_string}\"},\"query-input\":{\"@type\":\"PropertyValueSpecification\",\"valueRequired\":true,\"valueName\":\"search_term_string\"}}],\"inLanguage\":\"fr-FR\"}]}<\/script>\n<!-- \/ Yoast SEO plugin. -->","yoast_head_json":{"title":"Natural Slimin Patches - Avis, Prix -50%, Forum, Pharmacie, Effets | DocteurJobez","robots":{"index":"index","follow":"follow","max-snippet":"max-snippet:-1","max-image-preview":"max-image-preview:large","max-video-preview":"max-video-preview:-1"},"canonical":"https:\/\/www.docteurjobez.fr\/pharmacie\/supp\/natural-slimin-patches\/","og_locale":"fr_FR","og_type":"article","og_title":"Natural Slimin Patches - Avis, Prix -50%, Forum, Pharmacie, Effets | DocteurJobez","og_url":"https:\/\/www.docteurjobez.fr\/pharmacie\/supp\/natural-slimin-patches\/","og_site_name":"DocteurJobez","article_modified_time":"2025-02-25T16:25:10+00:00","og_image":[{"width":768,"height":768,"url":"https:\/\/www.docteurjobez.fr\/pharmacie\/wp-content\/uploads\/2024\/10\/Natural-Slimin-Patches.jpg","type":"image\/jpeg"}],"twitter_card":"summary_large_image","twitter_description":"[date_countdown]","twitter_misc":{"Dur\u00e9e de lecture estim\u00e9e":"7 minutes"},"schema":{"@context":"https:\/\/schema.org","@graph":[{"@type":"WebPage","@id":"https:\/\/www.docteurjobez.fr\/pharmacie\/supp\/natural-slimin-patches\/","url":"https:\/\/www.docteurjobez.fr\/pharmacie\/supp\/natural-slimin-patches\/","name":"Natural Slimin Patches - Avis, Prix -50%, Forum, Pharmacie, Effets | DocteurJobez","isPartOf":{"@id":"https:\/\/www.docteurjobez.fr\/pharmacie\/#website"},"primaryImageOfPage":{"@id":"https:\/\/www.docteurjobez.fr\/pharmacie\/supp\/natural-slimin-patches\/#primaryimage"},"image":{"@id":"https:\/\/www.docteurjobez.fr\/pharmacie\/supp\/natural-slimin-patches\/#primaryimage"},"thumbnailUrl":"https:\/\/www.docteurjobez.fr\/pharmacie\/wp-content\/uploads\/2024\/10\/Natural-Slimin-Patches.jpg","datePublished":"2024-10-18T19:46:00+00:00","dateModified":"2025-02-25T16:25:10+00:00","breadcrumb":{"@id":"https:\/\/www.docteurjobez.fr\/pharmacie\/supp\/natural-slimin-patches\/#breadcrumb"},"inLanguage":"fr-FR","potentialAction":[{"@type":"ReadAction","target":["https:\/\/www.docteurjobez.fr\/pharmacie\/supp\/natural-slimin-patches\/"]}]},{"@type":"ImageObject","inLanguage":"fr-FR","@id":"https:\/\/www.docteurjobez.fr\/pharmacie\/supp\/natural-slimin-patches\/#primaryimage","url":"https:\/\/www.docteurjobez.fr\/pharmacie\/wp-content\/uploads\/2024\/10\/Natural-Slimin-Patches.jpg","contentUrl":"https:\/\/www.docteurjobez.fr\/pharmacie\/wp-content\/uploads\/2024\/10\/Natural-Slimin-Patches.jpg","width":768,"height":768},{"@type":"BreadcrumbList","@id":"https:\/\/www.docteurjobez.fr\/pharmacie\/supp\/natural-slimin-patches\/#breadcrumb","itemListElement":[{"@type":"ListItem","position":1,"name":"Strona g\u0142\u00f3wna","item":"https:\/\/www.docteurjobez.fr\/pharmacie\/"},{"@type":"ListItem","position":2,"name":"farmaci","item":"https:\/\/www.docteurjobez.fr\/pharmacie\/"},{"@type":"ListItem","position":3,"name":"Natural Slimin Patches"}]},{"@type":"WebSite","@id":"https:\/\/www.docteurjobez.fr\/pharmacie\/#website","url":"https:\/\/www.docteurjobez.fr\/pharmacie\/","name":"DocteurJobez","description":"","potentialAction":[{"@type":"SearchAction","target":{"@type":"EntryPoint","urlTemplate":"https:\/\/www.docteurjobez.fr\/pharmacie\/?s={search_term_string}"},"query-input":{"@type":"PropertyValueSpecification","valueRequired":true,"valueName":"search_term_string"}}],"inLanguage":"fr-FR"}]}},"_links":{"self":[{"href":"https:\/\/www.docteurjobez.fr\/pharmacie\/wp-json\/wp\/v2\/product\/4448","targetHints":{"allow":["GET"]}}],"collection":[{"href":"https:\/\/www.docteurjobez.fr\/pharmacie\/wp-json\/wp\/v2\/product"}],"about":[{"href":"https:\/\/www.docteurjobez.fr\/pharmacie\/wp-json\/wp\/v2\/types\/product"}],"replies":[{"embeddable":true,"href":"https:\/\/www.docteurjobez.fr\/pharmacie\/wp-json\/wp\/v2\/comments?post=4448"}],"wp:featuredmedia":[{"embeddable":true,"href":"https:\/\/www.docteurjobez.fr\/pharmacie\/wp-json\/wp\/v2\/media\/3815"}],"wp:attachment":[{"href":"https:\/\/www.docteurjobez.fr\/pharmacie\/wp-json\/wp\/v2\/media?parent=4448"}],"wp:term":[{"taxonomy":"product_brand","embeddable":true,"href":"https:\/\/www.docteurjobez.fr\/pharmacie\/wp-json\/wp\/v2\/product_brand?post=4448"},{"taxonomy":"product_cat","embeddable":true,"href":"https:\/\/www.docteurjobez.fr\/pharmacie\/wp-json\/wp\/v2\/product_cat?post=4448"},{"taxonomy":"product_tag","embeddable":true,"href":"https:\/\/www.docteurjobez.fr\/pharmacie\/wp-json\/wp\/v2\/product_tag?post=4448"}],"curies":[{"name":"wp","href":"https:\/\/api.w.org\/{rel}","templated":true}]}}