{"id":4449,"date":"2024-10-18T19:46:00","date_gmt":"2024-10-18T19:46:00","guid":{"rendered":"https:\/\/chirurgie-orthopedie-vannes.fr\/pharmacie\/?post_type=product&#038;p=4449"},"modified":"2025-03-17T17:09:25","modified_gmt":"2025-03-17T17:09:25","slug":"nature-burner","status":"publish","type":"product","link":"https:\/\/www.docteurjobez.fr\/pharmacie\/supp\/nature-burner\/","title":{"rendered":"Nature Burner"},"content":{"rendered":"\n<h2 class=\"wp-block-heading\">Qu&rsquo;est-ce que Nature Burner et comment fonctionne-t-il ?<\/h2>\n\n\n\n<p>Nature Burner est un <b>compl\u00e9ment<\/b> qui soutient le <em>m\u00e9tabolisme<\/em> et les processus de <em>combustion des graisses<\/em>. Bas\u00e9 sur des ingr\u00e9dients actifs tels que la caf\u00e9ine et des extraits de plantes, le produit agit sur plusieurs fronts. La caf\u00e9ine, pr\u00e9sente dans 90 % des compl\u00e9ments alimentaires destin\u00e9s \u00e0 la perte de poids, contribue \u00e0 augmenter le niveau d&rsquo;\u00e9nergie et \u00e0 r\u00e9duire l&rsquo;app\u00e9tit.<\/p>\n\n\n\n<p>L&rsquo;extrait de graines de mangue africaine, un ingr\u00e9dient populaire dans de nombreuses pr\u00e9parations, s&rsquo;est r\u00e9v\u00e9l\u00e9 capable de r\u00e9duire le cholest\u00e9rol LDL et d&rsquo;augmenter la fraction HDL. Bien que des \u00e9tudes aient constat\u00e9 une perte de poids chez les participants, les preuves de son efficacit\u00e9 contre l&rsquo;ob\u00e9sit\u00e9 sont insuffisantes. L&rsquo;extrait de feuille de busserole, quant \u00e0 lui, a des effets anti-inflammatoires, qui peuvent \u00eatre renforc\u00e9s par ses propri\u00e9t\u00e9s antioxydantes.<\/p>\n\n\n\n<p>En outre, le resv\u00e9ratrol normalise les niveaux d&rsquo;insuline, un \u00e9l\u00e9ment cl\u00e9 dans le processus de <em>combustion des graisses<\/em> et de construction du tissu musculaire. Tous ces ingr\u00e9dients contribuent \u00e0 une acc\u00e9l\u00e9ration efficace de <em>l<\/em> &lsquo;organisme, ce qui favorise une d\u00e9pense \u00e9nerg\u00e9tique plus intense et un meilleur m\u00e9tabolisme des graisses.<\/p>\n\n\n\n<h2 class=\"wp-block-heading\">Quels sont les effets de l&rsquo;utilisation de Nature Burner ?<\/h2>\n\n\n\n<p>L&rsquo;<b>utilisation<\/b> r\u00e9guli\u00e8re de Nature Burner peut avoir de nombreux <b>effets<\/b> positifs, en particulier dans le contexte de la combustion des graisses. Le compl\u00e9ment favorise l&rsquo;acc\u00e9l\u00e9ration du m\u00e9tabolisme, ce qui permet \u00e0 l&rsquo;organisme d&rsquo;utiliser plus efficacement les graisses comme source d&rsquo;\u00e9nergie. <b>Les utilisateurs<\/b> remarquent souvent une augmentation de l&rsquo;\u00e9nergie et une am\u00e9lioration des performances pendant l&rsquo;exercice.<\/p>\n\n\n\n<p><b>Les effets de<\/b> Nature Burner sont particuli\u00e8rement visibles lorsque la suppl\u00e9mentation est combin\u00e9e \u00e0 une alimentation \u00e9quilibr\u00e9e et \u00e0 un mode de vie actif. L&rsquo;am\u00e9lioration de la qualit\u00e9 du sommeil peut \u00e9galement \u00eatre l&rsquo;un des effets de la prise de ce compl\u00e9ment, car un sommeil sain a un effet positif sur la r\u00e9g\u00e9n\u00e9ration de l&rsquo;organisme et l&rsquo;\u00e9quilibre hormonal.<\/p>\n\n\n\n<p>Les composants contenus dans Nature Burner, tels que la L-carnitine et l&rsquo;extrait de th\u00e9 vert, offrent des avantages suppl\u00e9mentaires. La L-carnitine favorise le transport des acides gras dans les mitochondries cellulaires, ce qui peut augmenter leur utilisation comme carburant. L&rsquo;extrait de th\u00e9 vert, quant \u00e0 lui, agit comme un puissant antioxydant et contribue \u00e0 la sant\u00e9 g\u00e9n\u00e9rale. Par cons\u00e9quent, de nombreuses personnes choisissent d&rsquo;<b>utiliser<\/b> Nature Burner dans le but d&rsquo;am\u00e9liorer leurs performances sportives et de favoriser la perte de poids.<\/p>\n\n\n\n<figure class=\"wp-block-table\"><table class=\"has-fixed-layout\"><tbody><tr><th>Effets<\/th><th>Description<\/th><\/tr><tr><td>Acc\u00e9l\u00e9ration du m\u00e9tabolisme<\/td><td>Une combustion des graisses plus efficace<\/td><\/tr><tr><td>Augmenter l&rsquo;\u00e9nergie<\/td><td>Am\u00e9lioration des performances pendant l&rsquo;entra\u00eenement<\/td><\/tr><tr><td>Am\u00e9liorer la qualit\u00e9 du sommeil<\/td><td>R\u00e9g\u00e9n\u00e9ration de l&rsquo;organisme et am\u00e9lioration du bien-\u00eatre<\/td><\/tr><tr><td>Soutien \u00e0 l&rsquo;activit\u00e9 physique<\/td><td>Am\u00e9lioration des performances pendant l&rsquo;exercice<\/td><\/tr><tr><td>R\u00e9duction de la sensation de faim<\/td><td>\u00c9viter les calories superflues<\/td><\/tr><\/tbody><\/table><\/figure>\n\n\n\n<p>En r\u00e9sum\u00e9, Nature Burner peut fournir des r\u00e9sultats significatifs en mati\u00e8re de combustion des graisses, ce qui en fait une option int\u00e9ressante parmi les compl\u00e9ments alimentaires. Une bonne suppl\u00e9mentation combin\u00e9e \u00e0 un r\u00e9gime alimentaire et \u00e0 des exercices physiques adapt\u00e9s permet d&rsquo;obtenir de meilleurs r\u00e9sultats dans le cadre d&rsquo;un mode de vie sain.<\/p>\n\n\n\n<h2 class=\"wp-block-heading\">Comment utiliser correctement Nature Burner &#8211; Dosage<\/h2>\n\n\n\n<p>La suppl\u00e9mentation en Nature Burner n\u00e9cessite la prise en compte d&rsquo;un dosage correct, ce qui est essentiel pour obtenir les r\u00e9sultats souhait\u00e9s. La dose habituelle recommand\u00e9e est de <em>deux g\u00e9lules par jour<\/em>. Elles doivent \u00eatre consomm\u00e9es avec beaucoup d&rsquo;eau, ce qui favorise leur absorption et leur <b>action<\/b> dans l&rsquo;organisme.<\/p>\n\n\n\n<p>Le meilleur moment pour utiliser Nature Burner est le matin ou avant une s\u00e9ance d&rsquo;entra\u00eenement. Cela permet de maximiser l&rsquo;effet stimulant <b>du<\/b> compl\u00e9ment, ce qui contribue \u00e0 une meilleure efficacit\u00e9 du processus de combustion des graisses. Le <b>dosage<\/b> doit \u00eatre adapt\u00e9 aux besoins individuels et aux objectifs de la personne qui l&rsquo;utilise.<\/p>\n\n\n\n<p>Il convient de noter que la suppl\u00e9mentation avec ce produit donne les meilleurs r\u00e9sultats lorsqu&rsquo;elle est associ\u00e9e \u00e0 <em>un r\u00e9gime alimentaire \u00e9quilibr\u00e9<\/em> et \u00e0 une activit\u00e9 physique r\u00e9guli\u00e8re. Un mode de vie sain soutient l&rsquo;efficacit\u00e9 de Nature Burner, en contribuant \u00e0 l&rsquo;am\u00e9lioration du m\u00e9tabolisme et de l&rsquo;\u00e9tat g\u00e9n\u00e9ral du corps.<\/p>\n\n\n\n<p>Rappelons qu&rsquo;un compl\u00e9ment alimentaire ne peut se substituer \u00e0 une alimentation correctement diversifi\u00e9e. C&rsquo;est pourquoi il est conseill\u00e9 de se familiariser avec les r\u00e8gles d&rsquo;utilisation de Nature Burner et, enfin, d&rsquo;en surveiller r\u00e9guli\u00e8rement les effets.<\/p>\n\n\n\n<h2 class=\"wp-block-heading\">Nature Burner &#8211; Avis et critiques &#8211; Que disent les utilisateurs ?<\/h2>\n\n\n\n<p>Les <b>avis sur<\/b> Nature Burner recueillent les commentaires positifs des utilisateurs, qui soulignent l&rsquo;efficacit\u00e9 du compl\u00e9ment pour soutenir le m\u00e9tabolisme et br\u00fbler les graisses. Les <b>avis<\/b> recueillis montrent que de nombreuses personnes ressentent une am\u00e9lioration de leur bien-\u00eatre et des effets positifs sur leur sant\u00e9 apr\u00e8s avoir utilis\u00e9 ce produit.<\/p>\n\n\n\n<ul class=\"wp-block-list\">\n<li><blockquote><p>\u00ab\u00a0Depuis que j&rsquo;utilise Nature Burner, mon \u00e9nergie pendant les s\u00e9ances d&rsquo;entra\u00eenement a augment\u00e9 et la r\u00e9duction de la graisse est visible apr\u00e8s seulement un mois ! &#8211; Kasia<\/p><\/blockquote><\/li>\n\n\n\n<li><blockquote><p>\u00ab\u00a0Nature Burner est un excellent soutien dans la lutte contre le surpoids. Je me suis senti mieux \u00e0 la salle de sport et les r\u00e9sultats se sont am\u00e9lior\u00e9s r\u00e9guli\u00e8rement.\u00a0\u00bb &#8211; Marek<\/p><\/blockquote><\/li>\n\n\n\n<li><blockquote><p>\u00ab\u00a0J&rsquo;\u00e9tais sceptique au d\u00e9but, mais les r\u00e9sultats m&rsquo;ont positivement surprise. J&rsquo;ai acc\u00e9l\u00e9r\u00e9 mon m\u00e9tabolisme et je me sens plus l\u00e9g\u00e8re. Je recommande !\u00a0\u00bb &#8211; Ania<\/p><\/blockquote><\/li>\n<\/ul>\n\n\n\n<p>Les donn\u00e9es montrent que l&rsquo;\u00e9valuation du produit par les utilisateurs est de 4,87 sur 5, ce qui confirme sa popularit\u00e9 et son efficacit\u00e9. Selon les avis, la stabilisation de la glyc\u00e9mie contribue \u00e0 un meilleur contr\u00f4le de l&rsquo;app\u00e9tit, ce qui est un \u00e9l\u00e9ment important dans la perte de poids.<\/p>\n\n\n\n<p>Les <b>utilisateurs<\/b> remarquent des am\u00e9liorations non seulement dans leur corps, mais aussi dans l&rsquo;\u00e9tat de leur peau et de leurs cheveux, ce qui les encourage \u00e0 utiliser <b>Nature Burner<\/b> r\u00e9guli\u00e8rement. Beaucoup confirment que les r\u00e9sultats sont visibles en seulement deux semaines, ce qui fait de ce compl\u00e9ment une option int\u00e9ressante pour ceux qui veulent prendre en charge leur sant\u00e9 et leur silhouette.<\/p>\n\n\n\n<h2 class=\"wp-block-heading\">Nature Burner &#8211; Composition &#8211; Analyse des ingr\u00e9dients<\/h2>\n\n\n\n<p>Nature Burner est un compl\u00e9ment qui se distingue par sa riche <em>composition en<\/em> <em>ingr\u00e9dients<\/em> soigneusement s\u00e9lectionn\u00e9s et responsables de son efficacit\u00e9 dans la perte de poids. L&rsquo;un des ingr\u00e9dients cl\u00e9s est la vitamine B-6 sous forme de chlorhydrate de pyridoxine, dont la teneur s&rsquo;\u00e9l\u00e8ve \u00e0 22 mg, soit jusqu&rsquo;\u00e0 1571% de la valeur de l&rsquo;apport de r\u00e9f\u00e9rence. Cette teneur en vitamine favorise le m\u00e9tabolisme et le bon fonctionnement de l&rsquo;organisme.<\/p>\n\n\n\n<p>Il convient \u00e9galement de noter la pr\u00e9sence de chrome \u00e0 hauteur de 133 mg, ce qui correspond \u00e0 333 % de la valeur de l&rsquo;apport de r\u00e9f\u00e9rence. L <b>&lsquo;analyse de<\/b> cet ingr\u00e9dient indique son influence importante sur la r\u00e9gulation du glucose et le m\u00e9tabolisme des graisses.<\/p>\n\n\n\n<p>Un autre ingr\u00e9dient est l&rsquo;acide hydroxycitrique (HCA), avec 360 mg sous forme d&rsquo;extrait de Garcinia cambogia. Cet ingr\u00e9dient favorise les processus de combustion des graisses et peut contribuer \u00e0 la r\u00e9duction de l&rsquo;app\u00e9tit.<\/p>\n\n\n\n<p>Le produit contient \u00e9galement de la choline, de l&rsquo;inositol, de la L-m\u00e9thionine et du vinaigre de cidre de pomme, ce qui renforce encore l&rsquo;<b>effet du<\/b> produit. Le vinaigre de cidre de pomme joue notamment un r\u00f4le dans la digestion. Des extraits de plantes tels que le pamplemousse et la l\u00e9cithine de soja sont \u00e9galement inclus dans la <em>formulation<\/em>, contribuant ainsi \u00e0 la d\u00e9sintoxication de l&rsquo;organisme.<\/p>\n\n\n\n<p>Lors de l&rsquo;analyse des <em>ingr\u00e9dients de<\/em> Nature Burner, il convient de noter que la dose recommand\u00e9e est de 2 comprim\u00e9s par jour, \u00e0 prendre 30 \u00e0 60 minutes avant un repas. Ce dosage doit \u00eatre respect\u00e9 et le produit ne doit pas \u00eatre utilis\u00e9 comme substitut d&rsquo;un r\u00e9gime alimentaire vari\u00e9. La certification GMP atteste de la haute qualit\u00e9 du compl\u00e9ment et les produits SWANSON r\u00e9pondent aux normes de la FDA, ce qui ajoute encore \u00e0 la cr\u00e9dibilit\u00e9.<\/p>\n\n\n\n<h2 class=\"wp-block-heading\">O\u00f9 acheter et combien co\u00fbte Nature Burner &#8211; prix<\/h2>\n\n\n\n<p>Nature Burner ne peut \u00eatre achet\u00e9 que sur le site <em>officiel du fabricant<\/em>. Un tel <b>achat<\/b> permet de garantir l&rsquo;authenticit\u00e9 du produit et d&rsquo;acc\u00e9der \u00e0 diverses promotions. Le co\u00fbt de Nature Burner est variable et d\u00e9pend des promotions en cours, qui vont jusqu&rsquo;\u00e0 -50%. Il s&rsquo;agit donc d&rsquo;un choix abordable pour les personnes \u00e0 la recherche d&rsquo;un compl\u00e9ment de <b>soutien au m\u00e9tabolisme<\/b>.<\/p>\n\n\n\n<p>Les personnes int\u00e9ress\u00e9es par Nature Burner devraient profiter de l&rsquo;avantage d&rsquo;acheter sur le site <em>officiel du fabricant<\/em> pour \u00e9viter les probl\u00e8mes potentiels d&rsquo;authenticit\u00e9 et de disponibilit\u00e9. L&rsquo;utilisation r\u00e9guli\u00e8re de Nature Burner peut am\u00e9liorer de mani\u00e8re significative l&rsquo;humeur et les niveaux d&rsquo;\u00e9nergie.<\/p>\n\n\n\n<h2 class=\"wp-block-heading\">Effets secondaires potentiels et contre-indications de Nature Burner<\/h2>\n\n\n\n<p>Nature Burner, comme d&rsquo;autres compl\u00e9ments alimentaires, peut entra\u00eener certains <strong>effets secondaires<\/strong>. Les principaux sont li\u00e9s \u00e0 la teneur en caf\u00e9ine qui, en exc\u00e8s, peut entra\u00eener de l <strong>&lsquo;agitation<\/strong>, de l&rsquo;insomnie et une acc\u00e9l\u00e9ration du rythme cardiaque. Les <b>utilisateurs<\/b> sensibles aux ingr\u00e9dients stimulants doivent \u00eatre particuli\u00e8rement prudents lors de l&rsquo;utilisation de ce compl\u00e9ment.<\/p>\n\n\n\n<p>Il convient \u00e9galement de noter <strong>les contre-indications<\/strong> de <b>Nature Burner<\/b>. Ce compl\u00e9ment est d\u00e9conseill\u00e9 aux femmes enceintes et \u00e0 celles qui allaitent, ainsi qu&rsquo;aux personnes souffrant de certaines affections cardiovasculaires. Les personnes souffrant de probl\u00e8mes de sant\u00e9 tels que des troubles de la thyro\u00efde doivent consulter leur m\u00e9decin avant de prendre ce produit.<\/p>\n\n\n\n<p>Lorsque vous d\u00e9cidez de prendre un suppl\u00e9ment, il est conseill\u00e9 de toujours consulter votre m\u00e9decin, en particulier si vous soup\u00e7onnez des <strong>effets secondaires<\/strong> ou si des interactions peuvent se produire avec d&rsquo;autres m\u00e9dicaments que vous prenez. Une approche s\u00fbre et inform\u00e9e de l&rsquo;utilisation de Nature Burner est la cl\u00e9 pour obtenir les r\u00e9sultats escompt\u00e9s sans cons\u00e9quences ind\u00e9sirables.<\/p>\n","protected":false},"excerpt":{"rendered":"<p><strong>[date_countdown]<\/strong><\/p>\n<p><img decoding=\"async\" class=\"alignnone  wp-image-8427\" src=\"https:\/\/www.docteurjobez.fr\/pharmacie\/wp-content\/uploads\/2024\/10\/SAFE-PAY-300x88-1.png\" alt=\"SAFE-PAY-300x88\" width=\"164\" height=\"48\" \/><\/p>\n","protected":false},"featured_media":3816,"comment_status":"open","ping_status":"closed","template":"","meta":{"neve_meta_sidebar":"","neve_meta_container":"","neve_meta_enable_content_width":"","neve_meta_content_width":0,"neve_meta_title_alignment":"","neve_meta_author_avatar":"","neve_post_elements_order":"","neve_meta_disable_header":"","neve_meta_disable_footer":"","neve_meta_disable_title":"","neve_meta_reading_time":""},"product_brand":[],"product_cat":[18],"product_tag":[],"class_list":{"0":"post-4449","1":"product","2":"type-product","3":"status-publish","4":"has-post-thumbnail","6":"product_cat-sante","8":"first","9":"instock","10":"sale","11":"shipping-taxable","12":"product-type-external"},"yoast_head":"<!-- This site is optimized with the Yoast SEO plugin v27.4 - https:\/\/yoast.com\/product\/yoast-seo-wordpress\/ -->\n<title>Nature Burner - Avis, Prix -50%, Forum, Pharmacie, Effets | DocteurJobez<\/title>\n<meta name=\"robots\" content=\"index, follow, max-snippet:-1, max-image-preview:large, max-video-preview:-1\" \/>\n<link rel=\"canonical\" href=\"https:\/\/www.docteurjobez.fr\/pharmacie\/supp\/nature-burner\/\" \/>\n<meta property=\"og:locale\" content=\"fr_FR\" \/>\n<meta property=\"og:type\" content=\"article\" \/>\n<meta property=\"og:title\" content=\"Nature Burner - Avis, Prix -50%, Forum, Pharmacie, Effets | DocteurJobez\" \/>\n<meta property=\"og:url\" content=\"https:\/\/www.docteurjobez.fr\/pharmacie\/supp\/nature-burner\/\" \/>\n<meta property=\"og:site_name\" content=\"DocteurJobez\" \/>\n<meta property=\"article:modified_time\" content=\"2025-03-17T17:09:25+00:00\" \/>\n<meta property=\"og:image\" content=\"https:\/\/www.docteurjobez.fr\/pharmacie\/wp-content\/uploads\/2024\/10\/Nature-Burner.jpg\" \/>\n\t<meta property=\"og:image:width\" content=\"768\" \/>\n\t<meta property=\"og:image:height\" content=\"768\" \/>\n\t<meta property=\"og:image:type\" content=\"image\/jpeg\" \/>\n<meta name=\"twitter:card\" content=\"summary_large_image\" \/>\n<meta name=\"twitter:description\" content=\"[date_countdown]\" \/>\n<meta name=\"twitter:label1\" content=\"Dur\u00e9e de lecture estim\u00e9e\" \/>\n\t<meta name=\"twitter:data1\" content=\"1 minute\" \/>\n<script type=\"application\/ld+json\" class=\"yoast-schema-graph\">{\"@context\":\"https:\\\/\\\/schema.org\",\"@graph\":[{\"@type\":\"WebPage\",\"@id\":\"https:\\\/\\\/www.docteurjobez.fr\\\/pharmacie\\\/supp\\\/nature-burner\\\/\",\"url\":\"https:\\\/\\\/www.docteurjobez.fr\\\/pharmacie\\\/supp\\\/nature-burner\\\/\",\"name\":\"Nature Burner - Avis, Prix -50%, Forum, Pharmacie, Effets | DocteurJobez\",\"isPartOf\":{\"@id\":\"https:\\\/\\\/www.docteurjobez.fr\\\/pharmacie\\\/#website\"},\"primaryImageOfPage\":{\"@id\":\"https:\\\/\\\/www.docteurjobez.fr\\\/pharmacie\\\/supp\\\/nature-burner\\\/#primaryimage\"},\"image\":{\"@id\":\"https:\\\/\\\/www.docteurjobez.fr\\\/pharmacie\\\/supp\\\/nature-burner\\\/#primaryimage\"},\"thumbnailUrl\":\"https:\\\/\\\/www.docteurjobez.fr\\\/pharmacie\\\/wp-content\\\/uploads\\\/2024\\\/10\\\/Nature-Burner.jpg\",\"datePublished\":\"2024-10-18T19:46:00+00:00\",\"dateModified\":\"2025-03-17T17:09:25+00:00\",\"breadcrumb\":{\"@id\":\"https:\\\/\\\/www.docteurjobez.fr\\\/pharmacie\\\/supp\\\/nature-burner\\\/#breadcrumb\"},\"inLanguage\":\"fr-FR\",\"potentialAction\":[{\"@type\":\"ReadAction\",\"target\":[\"https:\\\/\\\/www.docteurjobez.fr\\\/pharmacie\\\/supp\\\/nature-burner\\\/\"]}]},{\"@type\":\"ImageObject\",\"inLanguage\":\"fr-FR\",\"@id\":\"https:\\\/\\\/www.docteurjobez.fr\\\/pharmacie\\\/supp\\\/nature-burner\\\/#primaryimage\",\"url\":\"https:\\\/\\\/www.docteurjobez.fr\\\/pharmacie\\\/wp-content\\\/uploads\\\/2024\\\/10\\\/Nature-Burner.jpg\",\"contentUrl\":\"https:\\\/\\\/www.docteurjobez.fr\\\/pharmacie\\\/wp-content\\\/uploads\\\/2024\\\/10\\\/Nature-Burner.jpg\",\"width\":768,\"height\":768},{\"@type\":\"BreadcrumbList\",\"@id\":\"https:\\\/\\\/www.docteurjobez.fr\\\/pharmacie\\\/supp\\\/nature-burner\\\/#breadcrumb\",\"itemListElement\":[{\"@type\":\"ListItem\",\"position\":1,\"name\":\"Strona g\u0142\u00f3wna\",\"item\":\"https:\\\/\\\/www.docteurjobez.fr\\\/pharmacie\\\/\"},{\"@type\":\"ListItem\",\"position\":2,\"name\":\"farmaci\",\"item\":\"https:\\\/\\\/www.docteurjobez.fr\\\/pharmacie\\\/\"},{\"@type\":\"ListItem\",\"position\":3,\"name\":\"Nature Burner\"}]},{\"@type\":\"WebSite\",\"@id\":\"https:\\\/\\\/www.docteurjobez.fr\\\/pharmacie\\\/#website\",\"url\":\"https:\\\/\\\/www.docteurjobez.fr\\\/pharmacie\\\/\",\"name\":\"DocteurJobez\",\"description\":\"\",\"potentialAction\":[{\"@type\":\"SearchAction\",\"target\":{\"@type\":\"EntryPoint\",\"urlTemplate\":\"https:\\\/\\\/www.docteurjobez.fr\\\/pharmacie\\\/?s={search_term_string}\"},\"query-input\":{\"@type\":\"PropertyValueSpecification\",\"valueRequired\":true,\"valueName\":\"search_term_string\"}}],\"inLanguage\":\"fr-FR\"}]}<\/script>\n<!-- \/ Yoast SEO plugin. -->","yoast_head_json":{"title":"Nature Burner - Avis, Prix -50%, Forum, Pharmacie, Effets | DocteurJobez","robots":{"index":"index","follow":"follow","max-snippet":"max-snippet:-1","max-image-preview":"max-image-preview:large","max-video-preview":"max-video-preview:-1"},"canonical":"https:\/\/www.docteurjobez.fr\/pharmacie\/supp\/nature-burner\/","og_locale":"fr_FR","og_type":"article","og_title":"Nature Burner - Avis, Prix -50%, Forum, Pharmacie, Effets | DocteurJobez","og_url":"https:\/\/www.docteurjobez.fr\/pharmacie\/supp\/nature-burner\/","og_site_name":"DocteurJobez","article_modified_time":"2025-03-17T17:09:25+00:00","og_image":[{"width":768,"height":768,"url":"https:\/\/www.docteurjobez.fr\/pharmacie\/wp-content\/uploads\/2024\/10\/Nature-Burner.jpg","type":"image\/jpeg"}],"twitter_card":"summary_large_image","twitter_description":"[date_countdown]","twitter_misc":{"Dur\u00e9e de lecture estim\u00e9e":"1 minute"},"schema":{"@context":"https:\/\/schema.org","@graph":[{"@type":"WebPage","@id":"https:\/\/www.docteurjobez.fr\/pharmacie\/supp\/nature-burner\/","url":"https:\/\/www.docteurjobez.fr\/pharmacie\/supp\/nature-burner\/","name":"Nature Burner - Avis, Prix -50%, Forum, Pharmacie, Effets | DocteurJobez","isPartOf":{"@id":"https:\/\/www.docteurjobez.fr\/pharmacie\/#website"},"primaryImageOfPage":{"@id":"https:\/\/www.docteurjobez.fr\/pharmacie\/supp\/nature-burner\/#primaryimage"},"image":{"@id":"https:\/\/www.docteurjobez.fr\/pharmacie\/supp\/nature-burner\/#primaryimage"},"thumbnailUrl":"https:\/\/www.docteurjobez.fr\/pharmacie\/wp-content\/uploads\/2024\/10\/Nature-Burner.jpg","datePublished":"2024-10-18T19:46:00+00:00","dateModified":"2025-03-17T17:09:25+00:00","breadcrumb":{"@id":"https:\/\/www.docteurjobez.fr\/pharmacie\/supp\/nature-burner\/#breadcrumb"},"inLanguage":"fr-FR","potentialAction":[{"@type":"ReadAction","target":["https:\/\/www.docteurjobez.fr\/pharmacie\/supp\/nature-burner\/"]}]},{"@type":"ImageObject","inLanguage":"fr-FR","@id":"https:\/\/www.docteurjobez.fr\/pharmacie\/supp\/nature-burner\/#primaryimage","url":"https:\/\/www.docteurjobez.fr\/pharmacie\/wp-content\/uploads\/2024\/10\/Nature-Burner.jpg","contentUrl":"https:\/\/www.docteurjobez.fr\/pharmacie\/wp-content\/uploads\/2024\/10\/Nature-Burner.jpg","width":768,"height":768},{"@type":"BreadcrumbList","@id":"https:\/\/www.docteurjobez.fr\/pharmacie\/supp\/nature-burner\/#breadcrumb","itemListElement":[{"@type":"ListItem","position":1,"name":"Strona g\u0142\u00f3wna","item":"https:\/\/www.docteurjobez.fr\/pharmacie\/"},{"@type":"ListItem","position":2,"name":"farmaci","item":"https:\/\/www.docteurjobez.fr\/pharmacie\/"},{"@type":"ListItem","position":3,"name":"Nature Burner"}]},{"@type":"WebSite","@id":"https:\/\/www.docteurjobez.fr\/pharmacie\/#website","url":"https:\/\/www.docteurjobez.fr\/pharmacie\/","name":"DocteurJobez","description":"","potentialAction":[{"@type":"SearchAction","target":{"@type":"EntryPoint","urlTemplate":"https:\/\/www.docteurjobez.fr\/pharmacie\/?s={search_term_string}"},"query-input":{"@type":"PropertyValueSpecification","valueRequired":true,"valueName":"search_term_string"}}],"inLanguage":"fr-FR"}]}},"_links":{"self":[{"href":"https:\/\/www.docteurjobez.fr\/pharmacie\/wp-json\/wp\/v2\/product\/4449","targetHints":{"allow":["GET"]}}],"collection":[{"href":"https:\/\/www.docteurjobez.fr\/pharmacie\/wp-json\/wp\/v2\/product"}],"about":[{"href":"https:\/\/www.docteurjobez.fr\/pharmacie\/wp-json\/wp\/v2\/types\/product"}],"replies":[{"embeddable":true,"href":"https:\/\/www.docteurjobez.fr\/pharmacie\/wp-json\/wp\/v2\/comments?post=4449"}],"wp:featuredmedia":[{"embeddable":true,"href":"https:\/\/www.docteurjobez.fr\/pharmacie\/wp-json\/wp\/v2\/media\/3816"}],"wp:attachment":[{"href":"https:\/\/www.docteurjobez.fr\/pharmacie\/wp-json\/wp\/v2\/media?parent=4449"}],"wp:term":[{"taxonomy":"product_brand","embeddable":true,"href":"https:\/\/www.docteurjobez.fr\/pharmacie\/wp-json\/wp\/v2\/product_brand?post=4449"},{"taxonomy":"product_cat","embeddable":true,"href":"https:\/\/www.docteurjobez.fr\/pharmacie\/wp-json\/wp\/v2\/product_cat?post=4449"},{"taxonomy":"product_tag","embeddable":true,"href":"https:\/\/www.docteurjobez.fr\/pharmacie\/wp-json\/wp\/v2\/product_tag?post=4449"}],"curies":[{"name":"wp","href":"https:\/\/api.w.org\/{rel}","templated":true}]}}