{"id":4451,"date":"2024-10-18T19:46:00","date_gmt":"2024-10-18T19:46:00","guid":{"rendered":"https:\/\/chirurgie-orthopedie-vannes.fr\/pharmacie\/?post_type=product&#038;p=4451"},"modified":"2025-03-17T17:10:27","modified_gmt":"2025-03-17T17:10:27","slug":"oilme-botanical-care","status":"publish","type":"product","link":"https:\/\/www.docteurjobez.fr\/pharmacie\/supp\/oilme-botanical-care\/","title":{"rendered":"Oilme Botanical Care"},"content":{"rendered":"\n<h2 class=\"wp-block-heading\">Qu&rsquo;est-ce que Oilme Botanical Care et comment fonctionne-t-il ?<\/h2>\n\n\n\n<p><b>Oilme Botanical Care<\/b> est une <b>huile conditionnante<\/b> unique qui utilise des <b>ingr\u00e9dients naturels<\/b> pour un soin capillaire efficace. Son <em>action<\/em> est bas\u00e9e sur une synergie d&rsquo;huiles v\u00e9g\u00e9tales qui p\u00e9n\u00e8trent en profondeur dans la structure du cheveu et du cuir chevelu, apportant une hydratation et une r\u00e9g\u00e9n\u00e9ration intenses. Gr\u00e2ce \u00e0 ce produit, les cheveux deviennent plus sains et plus forts.<\/p>\n\n\n\n<p><b>La composition d&rsquo;<\/b> Oilme Botanical Care contient des ingr\u00e9dients tels que la caf\u00e9ine et la biotine, qui jouent un r\u00f4le cl\u00e9 dans la stimulation de la croissance des cheveux. La caf\u00e9ine bloque l&rsquo;hormone dihydrotestost\u00e9rone, responsable de l&rsquo;alop\u00e9cie androg\u00e9n\u00e9tique, tandis que la biotine favorise la croissance et le volume des cheveux. L&rsquo;\u00e9norme popularit\u00e9 de cette huile est due \u00e0 son action dans la lutte contre la chute des cheveux, particuli\u00e8rement fr\u00e9quente chez les hommes.<\/p>\n\n\n\n<p>Avec une utilisation r\u00e9guli\u00e8re, Oilme Botanical Care contribuera \u00e0 am\u00e9liorer l&rsquo;apparence des cheveux et leur \u00e9tat g\u00e9n\u00e9ral. Les ingr\u00e9dients cl\u00e9s de l&rsquo;huile ne favorisent pas seulement la croissance, mais am\u00e9liorent \u00e9galement la circulation sanguine dans le cuir chevelu, ce qui permet une meilleure oxyg\u00e9nation des follicules pileux. En cons\u00e9quence, les <b>utilisateurs<\/b> constatent des am\u00e9liorations visibles au niveau de l&rsquo;esth\u00e9tique et de la sant\u00e9.<\/p>\n\n\n\n<h2 class=\"wp-block-heading\">Avantages de Oilme Botanical Care &#8211; Effets<\/h2>\n\n\n\n<p>L<b>&lsquo;utilisation d&rsquo;<\/b> Oilme Botanical Care pr\u00e9sente de nombreux <b>avantages<\/b> pour la sant\u00e9 des cheveux. Les <b>utilisateurs<\/b> peuvent constater des <b>r\u00e9sultats en<\/b> seulement quatre semaines d&rsquo;utilisation r\u00e9guli\u00e8re, ce qui fait de ce produit un support de soin efficace.<\/p>\n\n\n\n<p>L&rsquo;hydratation intense des cheveux et l&rsquo;am\u00e9lioration de leur \u00e9lasticit\u00e9 figurent parmi les principaux avantages de l&rsquo;utilisation de ce s\u00e9rum. Les produits de la marque minimisent efficacement la perte de cheveux, en aidant \u00e0 renforcer et \u00e0 augmenter la densit\u00e9 capillaire. La coiffure devient ainsi plus volumineuse et plus saine.<\/p>\n\n\n\n<p>L&rsquo;<b>utilisation<\/b> r\u00e9guli\u00e8re <b>d&rsquo;<\/b> Oilme Botanical Care permet de restaurer l&rsquo;\u00e9clat naturel des cheveux. Le s\u00e9rum r\u00e9g\u00e9n\u00e8re le cuir chevelu, ce qui am\u00e9liore l&rsquo;\u00e9tat g\u00e9n\u00e9ral des cheveux et \u00e9limine les probl\u00e8mes tels que la s\u00e9cheresse ou la desquamation. Les nutriments contenus dans le produit soutiennent les follicules pileux, ce qui leur permet de durer plus longtemps.<\/p>\n\n\n\n<p>La biotine contenue dans la formule influe sur la sant\u00e9 des cheveux en inhibant le processus de vieillissement. Les <b>effets<\/b> escompt\u00e9s apparaissent apr\u00e8s une dur\u00e9e d&rsquo;application minimale de sept jours seulement, et une application 2 \u00e0 3 fois par semaine est recommand\u00e9e pour des r\u00e9sultats optimaux.<\/p>\n\n\n\n<figure class=\"wp-block-table\"><table class=\"has-fixed-layout\"><tbody><tr><th>Avantages<\/th><th>Effets apr\u00e8s l&rsquo;application<\/th><\/tr><tr><td>Hydratation intensive<\/td><td>Am\u00e9lioration de l&rsquo;\u00e9lasticit\u00e9 des cheveux<\/td><\/tr><tr><td>R\u00e9duction de la chute des cheveux<\/td><td>Renforcement des follicules pileux<\/td><\/tr><tr><td>Redonner de l&rsquo;\u00e9clat<\/td><td>Aspect naturel et sain<\/td><\/tr><tr><td>R\u00e9g\u00e9n\u00e9ration du cuir chevelu<\/td><td>Am\u00e9lioration de l&rsquo;\u00e9tat des cheveux<\/td><\/tr><\/tbody><\/table><\/figure>\n\n\n\n<p>Gr\u00e2ce \u00e0 des soins syst\u00e9matiques avec Oilme Botanical Care, les <b>utilisateurs<\/b> peuvent b\u00e9n\u00e9ficier de r\u00e9sultats qui affecteront leur bien-\u00eatre et leur apparence au quotidien.<\/p>\n\n\n\n<h2 class=\"wp-block-heading\">Comment utiliser correctement Oilme Botanical Care &#8211; Dosage<\/h2>\n\n\n\n<p>Pour obtenir les r\u00e9sultats souhait\u00e9s, il est important d&rsquo;<em>appliquer<\/em> correctement Oilme Botanical Care. Voici la <em>m\u00e9thode d&rsquo;application<\/em> et le <em>dosage<\/em> recommand\u00e9s :<\/p>\n\n\n\n<ul class=\"wp-block-list\">\n<li>Appliquer quelques gouttes d&rsquo;huile sur les cheveux humides apr\u00e8s le shampooing.<\/li>\n\n\n\n<li>Massez bien l&rsquo;<b>huile<\/b> sur le cuir chevelu et la longueur des cheveux.<\/li>\n\n\n\n<li>Laisser agir pendant au moins 30 minutes ou toute la nuit avant de laver avec un shampooing.<\/li>\n\n\n\n<li>Utilisez l&rsquo;<b>huile<\/b> au moins 2 \u00e0 3 fois par semaine pour obtenir des r\u00e9sultats optimaux.<\/li>\n<\/ul>\n\n\n\n<p>L&rsquo;utilisation r\u00e9guli\u00e8re de l&rsquo;huile contribue \u00e0 une am\u00e9lioration significative de l&rsquo;\u00e9tat des cheveux. Les premiers r\u00e9sultats sont visibles d\u00e8s le premier mois, et apr\u00e8s trois mois, les cheveux deviennent plus \u00e9pais et plus longs.<\/p>\n\n\n\n<p>Le tableau ci-dessous donne des exemples de r\u00e9sultats obtenus en utilisant l&rsquo;huile pendant la p\u00e9riode recommand\u00e9e :<\/p>\n\n\n\n<figure class=\"wp-block-table\"><table class=\"has-fixed-layout\"><tbody><tr><th>P\u00e9riode d&rsquo;application<\/th><th>Effets<\/th><\/tr><tr><td>1 mois<\/td><td>L\u00e9g\u00e8re am\u00e9lioration de l&rsquo;\u00e9tat des cheveux<\/td><\/tr><tr><td>3 mois<\/td><td>Des cheveux plus \u00e9pais, plus longs et plus forts<\/td><\/tr><tr><td>6 mois<\/td><td>Am\u00e9lioration visible de la sant\u00e9 du cuir chevelu<\/td><\/tr><\/tbody><\/table><\/figure>\n\n\n\n<p>En utilisant l&rsquo;<b>huile<\/b> conform\u00e9ment \u00e0 ces directives, vous pouvez b\u00e9n\u00e9ficier de cheveux plus sains et plus beaux. La r\u00e9gularit\u00e9 de l&rsquo;<em>application<\/em> et le <em>dosage<\/em> correct augmentent l&rsquo;efficacit\u00e9 du produit, comme le confirment les utilisateurs et les r\u00e9sultats des \u00e9tudes cliniques.<\/p>\n\n\n\n<h2 class=\"wp-block-heading\">Commentaires sur Oilme Botanical Care &#8211; Que disent les utilisateurs dans les forums ?<\/h2>\n\n\n\n<p>Les utilisateurs des forums partagent souvent leurs <em>opinions<\/em> sur Oilme Botanical Care. La plupart d&rsquo;entre eux soulignent les <em>effets<\/em> visibles <em>de l&rsquo;<\/em> utilisation de l&rsquo;huile. Gr\u00e2ce \u00e0 des ingr\u00e9dients naturels tels que l&rsquo;huile d&rsquo;argan et l&rsquo;extrait de ginseng, le produit s&rsquo;av\u00e8re \u00eatre une solution efficace pour ceux qui luttent contre la perte de cheveux.<\/p>\n\n\n\n<p>De nombreux commentaires font \u00e9tat d&rsquo;une am\u00e9lioration de l&rsquo;\u00e9tat des cheveux apr\u00e8s seulement quatre semaines d&rsquo;utilisation r\u00e9guli\u00e8re. Les utilisateurs remarquent un changement significatif dans la densit\u00e9 des cheveux et une apparence plus brillante. Par exemple, un utilisateur du forum a indiqu\u00e9 que ses cheveux \u00e9taient devenus plus forts et qu&rsquo;ils tombaient moins.<\/p>\n\n\n\n<p>Les huiles capillaires, comme celle d&rsquo;Oilme, sont tr\u00e8s appr\u00e9ci\u00e9es des <em>utilisateurs<\/em>, principalement en raison de leurs tests dermotologiques et de leur <b>innocuit\u00e9<\/b>. Cela encourage les gens \u00e0 essayer le produit. Il convient \u00e9galement de noter que de nombreux utilisateurs confirment que l&rsquo;<b>utilisation<\/b> r\u00e9guli\u00e8re <b>de<\/b> l&rsquo;huile contribue \u00e0 am\u00e9liorer l&rsquo;apparence et la sant\u00e9 des cheveux.<\/p>\n\n\n\n<p>Les <b>commentaires<\/b> sur les forums montrent que l&rsquo;huile est facile \u00e0 appliquer et que son parfum agr\u00e9able am\u00e9liore encore le processus de soin de la peau. Le produit a \u00e9galement gagn\u00e9 en popularit\u00e9 gr\u00e2ce \u00e0 son prix promotionnel attractif de 175 PLN, soit une r\u00e9duction de 50 % par rapport au prix standard.<\/p>\n\n\n\n<p>Dans l&rsquo;ensemble, Oilme Botanical Care re\u00e7oit des <em>critiques<\/em> positives sur les forums, attirant l&rsquo;attention des utilisateurs \u00e0 la recherche de solutions efficaces aux probl\u00e8mes capillaires. Les effets de l&rsquo;huile confirment sa valeur sur le march\u00e9 des soins capillaires.<\/p>\n\n\n\n<h2 class=\"wp-block-heading\">Oilme Botanical Care &#8211; Composition<\/h2>\n\n\n\n<p>Oilme Botanical Care est une huile unique \u00e0 base d&rsquo;<em>ingr\u00e9dients naturels<\/em> soigneusement s\u00e9lectionn\u00e9s. La formule de l&rsquo;huile comprend une gamme d&rsquo;huiles v\u00e9g\u00e9tales telles que l&rsquo;huile d&rsquo;argan, l&rsquo;huile de jojoba et l&rsquo;huile d&rsquo;avocat pour favoriser la sant\u00e9 des cheveux.<\/p>\n\n\n\n<p>Chacun de ces <em>ingr\u00e9dients naturels<\/em> a un r\u00f4le sp\u00e9cifique dans le processus de soin. L&rsquo;huile d&rsquo;argan apporte des acides gras essentiels, l&rsquo;huile de jojoba hydrate, tandis que l&rsquo;huile d&rsquo;avocat nourrit et r\u00e9g\u00e9n\u00e8re les cheveux. En outre, la formule contient des extraits de plantes qui favorisent la croissance des cheveux et la sant\u00e9 du cuir chevelu.<\/p>\n\n\n\n<p>Voici un r\u00e9sum\u00e9 des principaux ingr\u00e9dients et de leurs propri\u00e9t\u00e9s :<\/p>\n\n\n\n<figure class=\"wp-block-table\"><table class=\"has-fixed-layout\"><tbody><tr><th>Composant<\/th><th>Propri\u00e9t\u00e9s<\/th><\/tr><tr><td>Huile d&rsquo;argan<\/td><td>Hydratation, protection contre les dommages<\/td><\/tr><tr><td>Huile de jojoba<\/td><td>R\u00e9gulation du s\u00e9bum, hydratation en profondeur<\/td><\/tr><tr><td>Huile d&rsquo;avocat<\/td><td>Nourrissant, favorise l&rsquo;\u00e9lasticit\u00e9 des cheveux<\/td><\/tr><tr><td>Extraits de plantes<\/td><td>Stimuler la croissance, am\u00e9liorer la sant\u00e9 du cuir chevelu<\/td><\/tr><\/tbody><\/table><\/figure>\n\n\n\n<p>L&rsquo;huile de soin botanique Oilme pr\u00e9sente une formule unique qui associe le pouvoir des <em>ingr\u00e9dients naturels<\/em> \u00e0 une efficacit\u00e9 cliniquement prouv\u00e9e. Cela fait de ce produit la solution id\u00e9ale pour ceux qui souhaitent am\u00e9liorer l&rsquo;\u00e9tat de leurs cheveux.<\/p>\n\n\n\n<h2 class=\"wp-block-heading\">O\u00f9 acheter Oilme Botanical Care &#8211; prix<\/h2>\n\n\n\n<p>Lorsque vous achetez Oilme Botanical Care sur le site officiel du fabricant, vous pouvez \u00eatre s\u00fbr que vous obtenez le produit original. De plus, il y a souvent des remises int\u00e9ressantes qui peuvent r\u00e9duire le prix jusqu&rsquo;\u00e0 50%.<\/p>\n\n\n\n<p>Il convient de rappeler que Oilme Botanical Care n&rsquo;est pas disponible dans les magasins traditionnels ou sur les plateformes d&rsquo;achat populaires. Il s&rsquo;agit d&rsquo;une offre exclusive qui ne peut \u00eatre trouv\u00e9e que sur le site web du fabricant.<\/p>\n\n\n\n<h2 class=\"wp-block-heading\">Oilme Botanical Care &#8211; Effets secondaires et contre-indications<\/h2>\n\n\n\n<p>Oilme Botanical Care est un produit \u00e0 la formulation naturelle, ce qui augmente consid\u00e9rablement sa <b>s\u00e9curit\u00e9<\/b> pour les utilisateurs. N\u00e9anmoins, comme pour tout produit cosm\u00e9tique, il existe une possibilit\u00e9 d&rsquo;effets secondaires, en particulier chez les personnes sensibles \u00e0 l&rsquo;un ou l&rsquo;autre des ingr\u00e9dients actifs. Pour minimiser le risque de r\u00e9actions allergiques, il est recommand\u00e9 d&rsquo;effectuer un test d&rsquo;allergie avant la premi\u00e8re utilisation.<\/p>\n\n\n\n<p>Les <b>contre-indications<\/b> \u00e0 l&rsquo;utilisation d&rsquo;Oilme Botanical Care comprennent l&rsquo;intol\u00e9rance individuelle aux ingr\u00e9dients contenus dans l&rsquo;huile. Les femmes enceintes, les m\u00e8res allaitantes et les enfants de moins de 12 ans doivent \u00e9viter d&rsquo;utiliser ce produit. Si vous ressentez des effets secondaires, tels que des maux de t\u00eate ou des naus\u00e9es, vous devez cesser imm\u00e9diatement d&rsquo;utiliser l&rsquo;huile.<\/p>\n\n\n\n<p>N&rsquo;oubliez pas que m\u00eame si Oilme Botanical Care peut apporter de nombreux <b>avantages<\/b> pour la sant\u00e9 des cheveux, il est essentiel de conna\u00eetre les effets secondaires et les contre-indications potentiels pour prendre une d\u00e9cision \u00e9clair\u00e9e quant \u00e0 son utilisation. Il est toujours pr\u00e9f\u00e9rable de consulter un dermatologue avant de commencer un nouveau traitement cosm\u00e9tique afin de garantir une <b>s\u00e9curit\u00e9<\/b> maximale.<\/p>\n","protected":false},"excerpt":{"rendered":"<p><strong>[date_countdown]<\/strong><\/p>\n<p><img decoding=\"async\" class=\"alignnone  wp-image-8427\" src=\"https:\/\/www.docteurjobez.fr\/pharmacie\/wp-content\/uploads\/2024\/10\/SAFE-PAY-300x88-1.png\" alt=\"SAFE-PAY-300x88\" width=\"164\" height=\"48\" \/><\/p>\n","protected":false},"featured_media":3818,"comment_status":"open","ping_status":"closed","template":"","meta":{"neve_meta_sidebar":"","neve_meta_container":"","neve_meta_enable_content_width":"","neve_meta_content_width":0,"neve_meta_title_alignment":"","neve_meta_author_avatar":"","neve_post_elements_order":"","neve_meta_disable_header":"","neve_meta_disable_footer":"","neve_meta_disable_title":"","neve_meta_reading_time":""},"product_brand":[],"product_cat":[18],"product_tag":[],"class_list":{"0":"post-4451","1":"product","2":"type-product","3":"status-publish","4":"has-post-thumbnail","6":"product_cat-sante","8":"first","9":"instock","10":"sale","11":"shipping-taxable","12":"product-type-external"},"yoast_head":"<!-- This site is optimized with the Yoast SEO plugin v27.4 - https:\/\/yoast.com\/product\/yoast-seo-wordpress\/ -->\n<title>Oilme Botanical Care - Avis, Prix -50%, Forum, Pharmacie, Effets | DocteurJobez<\/title>\n<meta name=\"robots\" content=\"index, follow, max-snippet:-1, max-image-preview:large, max-video-preview:-1\" \/>\n<link rel=\"canonical\" href=\"https:\/\/www.docteurjobez.fr\/pharmacie\/supp\/oilme-botanical-care\/\" \/>\n<meta property=\"og:locale\" content=\"fr_FR\" \/>\n<meta property=\"og:type\" content=\"article\" \/>\n<meta property=\"og:title\" content=\"Oilme Botanical Care - Avis, Prix -50%, Forum, Pharmacie, Effets | DocteurJobez\" \/>\n<meta property=\"og:url\" content=\"https:\/\/www.docteurjobez.fr\/pharmacie\/supp\/oilme-botanical-care\/\" \/>\n<meta property=\"og:site_name\" content=\"DocteurJobez\" \/>\n<meta property=\"article:modified_time\" content=\"2025-03-17T17:10:27+00:00\" \/>\n<meta property=\"og:image\" content=\"https:\/\/www.docteurjobez.fr\/pharmacie\/wp-content\/uploads\/2024\/10\/Oilme-Botanical-Care.jpg\" \/>\n\t<meta property=\"og:image:width\" content=\"768\" \/>\n\t<meta property=\"og:image:height\" content=\"768\" \/>\n\t<meta property=\"og:image:type\" content=\"image\/jpeg\" \/>\n<meta name=\"twitter:card\" content=\"summary_large_image\" \/>\n<meta name=\"twitter:description\" content=\"[date_countdown]\" \/>\n<meta name=\"twitter:label1\" content=\"Dur\u00e9e de lecture estim\u00e9e\" \/>\n\t<meta name=\"twitter:data1\" content=\"1 minute\" \/>\n<script type=\"application\/ld+json\" class=\"yoast-schema-graph\">{\"@context\":\"https:\\\/\\\/schema.org\",\"@graph\":[{\"@type\":\"WebPage\",\"@id\":\"https:\\\/\\\/www.docteurjobez.fr\\\/pharmacie\\\/supp\\\/oilme-botanical-care\\\/\",\"url\":\"https:\\\/\\\/www.docteurjobez.fr\\\/pharmacie\\\/supp\\\/oilme-botanical-care\\\/\",\"name\":\"Oilme Botanical Care - Avis, Prix -50%, Forum, Pharmacie, Effets | DocteurJobez\",\"isPartOf\":{\"@id\":\"https:\\\/\\\/www.docteurjobez.fr\\\/pharmacie\\\/#website\"},\"primaryImageOfPage\":{\"@id\":\"https:\\\/\\\/www.docteurjobez.fr\\\/pharmacie\\\/supp\\\/oilme-botanical-care\\\/#primaryimage\"},\"image\":{\"@id\":\"https:\\\/\\\/www.docteurjobez.fr\\\/pharmacie\\\/supp\\\/oilme-botanical-care\\\/#primaryimage\"},\"thumbnailUrl\":\"https:\\\/\\\/www.docteurjobez.fr\\\/pharmacie\\\/wp-content\\\/uploads\\\/2024\\\/10\\\/Oilme-Botanical-Care.jpg\",\"datePublished\":\"2024-10-18T19:46:00+00:00\",\"dateModified\":\"2025-03-17T17:10:27+00:00\",\"breadcrumb\":{\"@id\":\"https:\\\/\\\/www.docteurjobez.fr\\\/pharmacie\\\/supp\\\/oilme-botanical-care\\\/#breadcrumb\"},\"inLanguage\":\"fr-FR\",\"potentialAction\":[{\"@type\":\"ReadAction\",\"target\":[\"https:\\\/\\\/www.docteurjobez.fr\\\/pharmacie\\\/supp\\\/oilme-botanical-care\\\/\"]}]},{\"@type\":\"ImageObject\",\"inLanguage\":\"fr-FR\",\"@id\":\"https:\\\/\\\/www.docteurjobez.fr\\\/pharmacie\\\/supp\\\/oilme-botanical-care\\\/#primaryimage\",\"url\":\"https:\\\/\\\/www.docteurjobez.fr\\\/pharmacie\\\/wp-content\\\/uploads\\\/2024\\\/10\\\/Oilme-Botanical-Care.jpg\",\"contentUrl\":\"https:\\\/\\\/www.docteurjobez.fr\\\/pharmacie\\\/wp-content\\\/uploads\\\/2024\\\/10\\\/Oilme-Botanical-Care.jpg\",\"width\":768,\"height\":768},{\"@type\":\"BreadcrumbList\",\"@id\":\"https:\\\/\\\/www.docteurjobez.fr\\\/pharmacie\\\/supp\\\/oilme-botanical-care\\\/#breadcrumb\",\"itemListElement\":[{\"@type\":\"ListItem\",\"position\":1,\"name\":\"Strona g\u0142\u00f3wna\",\"item\":\"https:\\\/\\\/www.docteurjobez.fr\\\/pharmacie\\\/\"},{\"@type\":\"ListItem\",\"position\":2,\"name\":\"farmaci\",\"item\":\"https:\\\/\\\/www.docteurjobez.fr\\\/pharmacie\\\/\"},{\"@type\":\"ListItem\",\"position\":3,\"name\":\"Oilme Botanical Care\"}]},{\"@type\":\"WebSite\",\"@id\":\"https:\\\/\\\/www.docteurjobez.fr\\\/pharmacie\\\/#website\",\"url\":\"https:\\\/\\\/www.docteurjobez.fr\\\/pharmacie\\\/\",\"name\":\"DocteurJobez\",\"description\":\"\",\"potentialAction\":[{\"@type\":\"SearchAction\",\"target\":{\"@type\":\"EntryPoint\",\"urlTemplate\":\"https:\\\/\\\/www.docteurjobez.fr\\\/pharmacie\\\/?s={search_term_string}\"},\"query-input\":{\"@type\":\"PropertyValueSpecification\",\"valueRequired\":true,\"valueName\":\"search_term_string\"}}],\"inLanguage\":\"fr-FR\"}]}<\/script>\n<!-- \/ Yoast SEO plugin. -->","yoast_head_json":{"title":"Oilme Botanical Care - Avis, Prix -50%, Forum, Pharmacie, Effets | DocteurJobez","robots":{"index":"index","follow":"follow","max-snippet":"max-snippet:-1","max-image-preview":"max-image-preview:large","max-video-preview":"max-video-preview:-1"},"canonical":"https:\/\/www.docteurjobez.fr\/pharmacie\/supp\/oilme-botanical-care\/","og_locale":"fr_FR","og_type":"article","og_title":"Oilme Botanical Care - Avis, Prix -50%, Forum, Pharmacie, Effets | DocteurJobez","og_url":"https:\/\/www.docteurjobez.fr\/pharmacie\/supp\/oilme-botanical-care\/","og_site_name":"DocteurJobez","article_modified_time":"2025-03-17T17:10:27+00:00","og_image":[{"width":768,"height":768,"url":"https:\/\/www.docteurjobez.fr\/pharmacie\/wp-content\/uploads\/2024\/10\/Oilme-Botanical-Care.jpg","type":"image\/jpeg"}],"twitter_card":"summary_large_image","twitter_description":"[date_countdown]","twitter_misc":{"Dur\u00e9e de lecture estim\u00e9e":"1 minute"},"schema":{"@context":"https:\/\/schema.org","@graph":[{"@type":"WebPage","@id":"https:\/\/www.docteurjobez.fr\/pharmacie\/supp\/oilme-botanical-care\/","url":"https:\/\/www.docteurjobez.fr\/pharmacie\/supp\/oilme-botanical-care\/","name":"Oilme Botanical Care - Avis, Prix -50%, Forum, Pharmacie, Effets | DocteurJobez","isPartOf":{"@id":"https:\/\/www.docteurjobez.fr\/pharmacie\/#website"},"primaryImageOfPage":{"@id":"https:\/\/www.docteurjobez.fr\/pharmacie\/supp\/oilme-botanical-care\/#primaryimage"},"image":{"@id":"https:\/\/www.docteurjobez.fr\/pharmacie\/supp\/oilme-botanical-care\/#primaryimage"},"thumbnailUrl":"https:\/\/www.docteurjobez.fr\/pharmacie\/wp-content\/uploads\/2024\/10\/Oilme-Botanical-Care.jpg","datePublished":"2024-10-18T19:46:00+00:00","dateModified":"2025-03-17T17:10:27+00:00","breadcrumb":{"@id":"https:\/\/www.docteurjobez.fr\/pharmacie\/supp\/oilme-botanical-care\/#breadcrumb"},"inLanguage":"fr-FR","potentialAction":[{"@type":"ReadAction","target":["https:\/\/www.docteurjobez.fr\/pharmacie\/supp\/oilme-botanical-care\/"]}]},{"@type":"ImageObject","inLanguage":"fr-FR","@id":"https:\/\/www.docteurjobez.fr\/pharmacie\/supp\/oilme-botanical-care\/#primaryimage","url":"https:\/\/www.docteurjobez.fr\/pharmacie\/wp-content\/uploads\/2024\/10\/Oilme-Botanical-Care.jpg","contentUrl":"https:\/\/www.docteurjobez.fr\/pharmacie\/wp-content\/uploads\/2024\/10\/Oilme-Botanical-Care.jpg","width":768,"height":768},{"@type":"BreadcrumbList","@id":"https:\/\/www.docteurjobez.fr\/pharmacie\/supp\/oilme-botanical-care\/#breadcrumb","itemListElement":[{"@type":"ListItem","position":1,"name":"Strona g\u0142\u00f3wna","item":"https:\/\/www.docteurjobez.fr\/pharmacie\/"},{"@type":"ListItem","position":2,"name":"farmaci","item":"https:\/\/www.docteurjobez.fr\/pharmacie\/"},{"@type":"ListItem","position":3,"name":"Oilme Botanical Care"}]},{"@type":"WebSite","@id":"https:\/\/www.docteurjobez.fr\/pharmacie\/#website","url":"https:\/\/www.docteurjobez.fr\/pharmacie\/","name":"DocteurJobez","description":"","potentialAction":[{"@type":"SearchAction","target":{"@type":"EntryPoint","urlTemplate":"https:\/\/www.docteurjobez.fr\/pharmacie\/?s={search_term_string}"},"query-input":{"@type":"PropertyValueSpecification","valueRequired":true,"valueName":"search_term_string"}}],"inLanguage":"fr-FR"}]}},"_links":{"self":[{"href":"https:\/\/www.docteurjobez.fr\/pharmacie\/wp-json\/wp\/v2\/product\/4451","targetHints":{"allow":["GET"]}}],"collection":[{"href":"https:\/\/www.docteurjobez.fr\/pharmacie\/wp-json\/wp\/v2\/product"}],"about":[{"href":"https:\/\/www.docteurjobez.fr\/pharmacie\/wp-json\/wp\/v2\/types\/product"}],"replies":[{"embeddable":true,"href":"https:\/\/www.docteurjobez.fr\/pharmacie\/wp-json\/wp\/v2\/comments?post=4451"}],"wp:featuredmedia":[{"embeddable":true,"href":"https:\/\/www.docteurjobez.fr\/pharmacie\/wp-json\/wp\/v2\/media\/3818"}],"wp:attachment":[{"href":"https:\/\/www.docteurjobez.fr\/pharmacie\/wp-json\/wp\/v2\/media?parent=4451"}],"wp:term":[{"taxonomy":"product_brand","embeddable":true,"href":"https:\/\/www.docteurjobez.fr\/pharmacie\/wp-json\/wp\/v2\/product_brand?post=4451"},{"taxonomy":"product_cat","embeddable":true,"href":"https:\/\/www.docteurjobez.fr\/pharmacie\/wp-json\/wp\/v2\/product_cat?post=4451"},{"taxonomy":"product_tag","embeddable":true,"href":"https:\/\/www.docteurjobez.fr\/pharmacie\/wp-json\/wp\/v2\/product_tag?post=4451"}],"curies":[{"name":"wp","href":"https:\/\/api.w.org\/{rel}","templated":true}]}}