{"id":4453,"date":"2024-10-18T19:46:00","date_gmt":"2024-10-18T19:46:00","guid":{"rendered":"https:\/\/chirurgie-orthopedie-vannes.fr\/pharmacie\/?post_type=product&#038;p=4453"},"modified":"2025-02-25T16:24:47","modified_gmt":"2025-02-25T16:24:47","slug":"promagnesol","status":"publish","type":"product","link":"https:\/\/www.docteurjobez.fr\/pharmacie\/supp\/promagnesol\/","title":{"rendered":"Promagnesol"},"content":{"rendered":"<h2 class=\"wp-block-heading\">Qu&rsquo;est-ce que le Promagnesol et comment agit-il ?<\/h2>\n\n\n<p><b>Promagnesol<\/b> est un <b>compl\u00e9ment alimentaire<\/b> avanc\u00e9 qui exploite le pouvoir du magn\u00e9sium pour soutenir la sant\u00e9 de l&rsquo;organisme. Son <em>action<\/em> se concentre sur la r\u00e9gulation de l&rsquo;\u00e9quilibre \u00e9lectrolytique, ce qui se traduit par une am\u00e9lioration de la r\u00e9cup\u00e9ration musculaire apr\u00e8s un exercice intense. Le <b>compl\u00e9ment<\/b> utilise des techniques magn\u00e9tiques pour activer la circulation sanguine et r\u00e9duire les sensations de fatigue et de douleur.<\/p>\n\n\n<p>Les principaux ingr\u00e9dients de <b>Promagnesol<\/b>, dont les aimants en n\u00e9odyme, ont un effet important sur la microcirculation et peuvent stimuler les r\u00e9cepteurs nerveux. Le produit constitue donc une <em>aide<\/em> importante pour <em>la r\u00e9g\u00e9n\u00e9ration de l&rsquo;<\/em> organisme, en soutenant les processus de renouvellement cellulaire et l&rsquo;\u00e9limination des toxines.<\/p>\n\n\n<p>L&rsquo;utilisation de Promagnesol contribue \u00e0 am\u00e9liorer la <em>sant\u00e9<\/em> musculaire et le syst\u00e8me nerveux, ce qui en fait une option int\u00e9ressante pour les personnes physiquement actives. L&rsquo;utilisation r\u00e9guli\u00e8re de ce compl\u00e9ment peut produire des <b>r\u00e9sultats<\/b> notables, permettant aux utilisateurs de profiter d&rsquo;un bien-\u00eatre am\u00e9lior\u00e9 au quotidien.<\/p>\n\n\n<h2 class=\"wp-block-heading\">Promagnesol &#8211; effets<\/h2>\n\n\n<p>Le promagn\u00e9sol a un certain nombre d&rsquo;effets positifs qui se manifestent apr\u00e8s une courte p\u00e9riode d&rsquo;utilisation. Les utilisateurs font \u00e9tat d&rsquo;am\u00e9liorations significatives de la <em>sant\u00e9<\/em> musculaire et du syst\u00e8me nerveux. D\u00e8s les trois premi\u00e8res minutes d&rsquo;utilisation, les <b>effets du<\/b> soulagement de la douleur sont perceptibles, ce qui en fait une solution efficace pour les personnes souffrant d&rsquo;affections chroniques.<\/p>\n\n\n<p>L&rsquo;<b>utilisation<\/b> r\u00e9guli\u00e8re <b>de Promagnesol<\/b> permet d&rsquo;obtenir des b\u00e9n\u00e9fices encore plus importants. Pendant une semaine, son <b>action<\/b> favorise la <em>r\u00e9g\u00e9n\u00e9ration de l&rsquo;<\/em> organisme et am\u00e9liore la circulation sanguine. Il en r\u00e9sulte une mobilit\u00e9 accrue, ainsi qu&rsquo;une diminution de la sensation de fatigue. Les utilisateurs rapportent une r\u00e9duction significative des douleurs articulaires, des migraines et d&rsquo;autres affections douloureuses telles que la fibromyalgie et l&rsquo;arthrite.<\/p>\n\n\n<p>Chaque jour d&rsquo;utilisation de Promagnesol contribue \u00e0 la d\u00e9sintoxication de l&rsquo;organisme, ce qui permet d&rsquo;\u00e9liminer compl\u00e8tement la source de la douleur. Il convient de mentionner que le produit n&rsquo;a pas d&rsquo;effets secondaires et que ses ingr\u00e9dients biologiques sont b\u00e9n\u00e9fiques pour la sant\u00e9 en g\u00e9n\u00e9ral. L&rsquo;utilisation de Promagnesol peut contribuer \u00e0 am\u00e9liorer la qualit\u00e9 du sommeil et les niveaux d&rsquo;\u00e9nergie.<\/p>\n\n\n<figure class=\"wp-block-table\"><table class=\"has-fixed-layout\"><tbody><tr><th>Effet<\/th><th>Le temps de l&rsquo;avis<\/th><th>Avantages probables<\/th><\/tr><tr><td>Soulagement de la douleur<\/td><td>3 minutes<\/td><td>Am\u00e9lioration imm\u00e9diate du bien-\u00eatre<\/td><\/tr><tr><td><b>R\u00e9g\u00e9n\u00e9ration<\/b><\/td><td>7 jours<\/td><td>Acc\u00e9l\u00e9rer la cicatrisation des tissus<\/td><\/tr><tr><td>Am\u00e9liorer la mobilit\u00e9<\/td><td>3 minutes<\/td><td>Faciliter les t\u00e2ches quotidiennes<\/td><\/tr><tr><td>D\u00e9sintoxication<\/td><td>7 jours<\/td><td>Nettoyer l&rsquo;organisme des toxines<\/td><\/tr><\/tbody><\/table><\/figure>\n\n\n<h2 class=\"wp-block-heading\">Comment utiliser Promagnesol ? &#8211; Dosage et recommandations<\/h2>\n\n\n<p><b>Promagnesol<\/b> doit \u00eatre <b>utilis\u00e9<\/b> conform\u00e9ment aux recommandations du fabricant. Le <b>dosage<\/b> correct est d&rsquo;au moins une g\u00e9lule par jour, de pr\u00e9f\u00e9rence au cours d&rsquo;un repas. Cette <em>instruction<\/em> est importante pour une absorption optimale du magn\u00e9sium et pour minimiser les \u00e9ventuels d\u00e9sagr\u00e9ments gastriques. En outre, il est important d&rsquo;assurer un apport hydrique ad\u00e9quat, qui favorise la d\u00e9sintoxication de l&rsquo;organisme.<\/p>\n\n\n<p><b>Les effets de<\/b> Promagnesol peuvent \u00eatre observ\u00e9s apr\u00e8s un minimum d&rsquo;un mois de prise r\u00e9guli\u00e8re du compl\u00e9ment. Il est \u00e9galement recommand\u00e9 de consulter un m\u00e9decin pour les personnes souffrant de probl\u00e8mes de sant\u00e9 susceptibles d&rsquo;affecter l&rsquo;absorption des suppl\u00e9ments. <b>L&rsquo;utilisation de Promagnesol<\/b> en combinaison avec un r\u00e9gime alimentaire \u00e9quilibr\u00e9 et une activit\u00e9 physique maximise ses <b>effets<\/b> positifs sur l&rsquo;organisme.<\/p>\n\n\n<h2 class=\"wp-block-heading\">Exp\u00e9riences et commentaires des utilisateurs de Promagnesol &#8211; quels sont les commentaires ?<\/h2>\n\n\n<p>Les <b>avis sur Promagnesol<\/b> sont vari\u00e9s et les <b>exp\u00e9riences des utilisateurs<\/b> sont souvent une source d&rsquo;information pr\u00e9cieuse. Dans de nombreux forums, on constate que les produits sont reconnus par les personnes souffrant de douleurs musculaires, de troubles du sommeil ou de certaines affections du syst\u00e8me nerveux.<\/p>\n\n\n\n<blockquote class=\"wp-block-quote is-layout-flow wp-block-quote-is-layout-flow\"><p>Anna : \u00ab\u00a0Apr\u00e8s avoir commenc\u00e9 \u00e0 utiliser Promagnesol, j&rsquo;ai remarqu\u00e9 une am\u00e9lioration significative de mes douleurs musculaires apr\u00e8s l&rsquo;entra\u00eenement. Les produits sont de bonne qualit\u00e9 et je ressens l&rsquo;effet d\u00e9toxifiant presque imm\u00e9diatement.\u00a0\u00bb<\/p>\n<\/blockquote>\n\n\n\n<blockquote class=\"wp-block-quote is-layout-flow wp-block-quote-is-layout-flow\"><p>Mark : \u00ab\u00a0J&rsquo;ai des probl\u00e8mes de sommeil et une fatigue constante. Depuis que je prends Promagnesol, je me sens beaucoup mieux. Ma mobilit\u00e9 a \u00e9galement augment\u00e9, ce qui me rend tr\u00e8s heureux.\u00a0\u00bb<\/p>\n<\/blockquote>\n\n\n\n<blockquote class=\"wp-block-quote is-layout-flow wp-block-quote-is-layout-flow\"><p>Eve : \u00ab\u00a0J&rsquo;ai des probl\u00e8mes avec mon syst\u00e8me nerveux et Promagnesol a \u00e9t\u00e9 un succ\u00e8s. La sensation de soulagement dans de nombreuses parties de mon corps est palpable et l&rsquo;application est tr\u00e8s facile.\u00a0\u00bb<\/p>\n<\/blockquote>\n\n\n<p>L&rsquo;utilisation r\u00e9guli\u00e8re des semelles Promagnesol, qui g\u00e9n\u00e8rent un champ magn\u00e9tique \u00e9lev\u00e9, contribue \u00e0 une am\u00e9lioration notable du confort de vie. Les utilisateurs font l&rsquo;\u00e9loge de l&rsquo;am\u00e9lioration de la circulation ou de la r\u00e9duction des gonflements, ce qui est important pour les personnes souffrant de divers probl\u00e8mes de sant\u00e9. Le forum fait souvent \u00e9tat d&rsquo;une r\u00e9duction significative de diff\u00e9rents types de douleurs, comme les douleurs rhumatismales ou musculaires.<\/p>\n\n\n<p>Dans l&rsquo;ensemble, les avis positifs sont plus nombreux que les avis n\u00e9gatifs, ce qui prouve la grande qualit\u00e9 et l&rsquo;efficacit\u00e9 de Promagnesol. Les utilisateurs soulignent la facilit\u00e9 d&rsquo;utilisation et l&rsquo;absence d&rsquo;effets secondaires graves, ce qui fait de ce <b>compl\u00e9ment<\/b> un choix int\u00e9ressant pour de nombreuses personnes.<\/p>\n\n\n<h2 class=\"wp-block-heading\">Promagnesol &#8211; Composition &#8211; Analyse des ingr\u00e9dients<\/h2>\n\n\n<p>Promagnesol se distingue par sa <em>composition<\/em> unique, qui repose sur des composants naturels. L&rsquo;ingr\u00e9dient principal est le <b>magn\u00e9sium<\/b>, connu pour ses propri\u00e9t\u00e9s b\u00e9n\u00e9fiques sur <em>le<\/em> syst\u00e8me nerveux et les muscles. Il convient de noter les \u00e9l\u00e9ments suppl\u00e9mentaires qui enrichissent son profil, contribuant \u00e0 la d\u00e9sintoxication de l&rsquo;organisme.<\/p>\n\n\n<p>Dans l&rsquo;<em>analyse des ingr\u00e9dients de<\/em> Promagnesol, on trouve \u00e0 la fois des min\u00e9raux et des extraits de plantes. Ces ingr\u00e9dients soutiennent les processus de r\u00e9g\u00e9n\u00e9ration de l&rsquo;organisme, ce qui est extr\u00eamement important pour la sant\u00e9. Les propri\u00e9t\u00e9s naturelles des plantes soulagent les maux et am\u00e9liorent le bien-\u00eatre, ce qui est appr\u00e9ci\u00e9 par les utilisateurs.<\/p>\n\n\n<figure class=\"wp-block-table\"><table class=\"has-fixed-layout\"><tbody><tr><th>Composant<\/th><th>Action<\/th><\/tr><tr><td><b>Magn\u00e9sium<\/b><\/td><td>Soutien du syst\u00e8me nerveux et des muscles<\/td><\/tr><tr><td>Extraits de plantes<\/td><td>D\u00e9sintoxication et <b>r\u00e9g\u00e9n\u00e9ration<\/b><\/td><\/tr><tr><td>Vitamine B6<\/td><td>Soutien du m\u00e9tabolisme et des fonctions mentales<\/td><\/tr><tr><td>Extraits de plantes<\/td><td>R\u00e9duction de la douleur<\/td><\/tr><\/tbody><\/table><\/figure>\n\n\n<p>Promagnesol est exempt d&rsquo;additifs artificiels, ce qui en fait un choix s\u00fbr pour les personnes qui souhaitent prendre soin de leur <b>sant\u00e9 de<\/b> mani\u00e8re naturelle. Prendre soin d&rsquo;un bon niveau de magn\u00e9sium contribue \u00e0 une meilleure qualit\u00e9 de vie. L&rsquo;utilisation r\u00e9guli\u00e8re de ce compl\u00e9ment peut apporter des b\u00e9n\u00e9fices tangibles et am\u00e9liorer la sant\u00e9 globale de l&rsquo;organisme.<\/p>\n\n\n<h2 class=\"wp-block-heading\">O\u00f9 acheter et quel est le prix de Promagnesol ?<\/h2>\n\n\n<p>Promagnesol est uniquement disponible sur <em>le site officiel du fabricant<\/em>, ce qui garantit l&rsquo;authenticit\u00e9 du produit. <b>Acheter<\/b> directement aupr\u00e8s du fabricant est la meilleure fa\u00e7on d&rsquo;\u00eatre s\u00fbr d&rsquo;obtenir un produit original. <em>Le prix de<\/em> Promagnesol d\u00e9pend des promotions en cours, il vaut donc la peine de v\u00e9rifier l&rsquo;offre r\u00e9guli\u00e8rement.<\/p>\n\n\n<p>Le produit n&rsquo;est pas disponible dans les pharmacies stationnaires ou les drogueries populaires, ce qui limite les lieux d&rsquo;achat et garantit l&rsquo;exclusivit\u00e9. Des remises r\u00e9guli\u00e8res et des offres promotionnelles rendent l <em>&lsquo;achat<\/em> encore plus attrayant.<\/p>\n\n\n<p>L&rsquo;<b>achat<\/b> r\u00e9gulier sur <em>le site officiel du fabricant<\/em> permet non seulement d&rsquo;avoir acc\u00e8s aux promotions les plus r\u00e9centes, mais aussi de b\u00e9n\u00e9ficier des meilleures offres du march\u00e9. Investir dans Promagnesol, c&rsquo;est faire un pas vers une meilleure sant\u00e9 et un plus grand bien-\u00eatre.<\/p>\n\n\n<h2 class=\"wp-block-heading\">Effets secondaires potentiels et contre-indications du promagn\u00e9sol<\/h2>\n\n\n<p>En tant que <b>compl\u00e9ment alimentaire<\/b>, le promagn\u00e9sol est consid\u00e9r\u00e9 comme s\u00fbr pour la plupart des utilisateurs, mais comme tout produit, il peut provoquer des r\u00e9actions individuelles. Parmi les effets secondaires potentiels du Promagnesol, une g\u00eane ou une irritation de la peau peut survenir, en particulier chez les personnes \u00e0 la peau sensible. Il convient de garder \u00e0 l&rsquo;esprit que des r\u00e9actions allergiques, bien que rares, peuvent se produire chez les personnes allergiques aux ingr\u00e9dients contenus dans le produit.<\/p>\n\n\n<p>Les <b>contre-indications<\/b> s&rsquo;appliquent principalement aux personnes souffrant de maladies existantes. Les personnes souffrant d&rsquo;\u00e9pilepsie ou portant un stimulateur cardiaque doivent consulter leur m\u00e9decin au sujet de l&rsquo;utilisation de Promagnesol afin de minimiser les interactions potentielles avec les dispositifs m\u00e9dicaux. Pour cette raison, la s\u00e9curit\u00e9 du produit doit \u00eatre discut\u00e9e avec un sp\u00e9cialiste appropri\u00e9, en particulier si le patient n\u00e9cessite des soins m\u00e9dicaux suppl\u00e9mentaires.<\/p>\n\n\n<p>Bien que le fabricant assure qu&rsquo;il n&rsquo;y a pas d&rsquo;effets secondaires connus associ\u00e9s au Promagnesol, il est recommand\u00e9 aux personnes ayant d&rsquo;autres probl\u00e8mes de sant\u00e9 de consulter un m\u00e9decin avant de commencer la suppl\u00e9mentation. Ce n&rsquo;est que de cette mani\u00e8re qu&rsquo;il est possible d&rsquo;obtenir la s\u00e9curit\u00e9 d&rsquo;utilisation et les avantages de ce produit.<\/p>\n","protected":false},"excerpt":{"rendered":"<p><strong>[date_countdown]<\/strong><\/p>\n<p><img decoding=\"async\" class=\"alignnone  wp-image-8427\" src=\"https:\/\/www.docteurjobez.fr\/pharmacie\/wp-content\/uploads\/2024\/10\/SAFE-PAY-300x88-1.png\" alt=\"SAFE-PAY-300x88\" width=\"164\" height=\"48\" \/><\/p>\n","protected":false},"featured_media":3841,"comment_status":"open","ping_status":"closed","template":"","meta":{"neve_meta_sidebar":"","neve_meta_container":"","neve_meta_enable_content_width":"","neve_meta_content_width":0,"neve_meta_title_alignment":"","neve_meta_author_avatar":"","neve_post_elements_order":"","neve_meta_disable_header":"","neve_meta_disable_footer":"","neve_meta_disable_title":"","neve_meta_reading_time":""},"product_brand":[],"product_cat":[18],"product_tag":[],"class_list":{"0":"post-4453","1":"product","2":"type-product","3":"status-publish","4":"has-post-thumbnail","6":"product_cat-sante","8":"first","9":"instock","10":"sale","11":"shipping-taxable","12":"product-type-external"},"yoast_head":"<!-- This site is optimized with the Yoast SEO plugin v27.4 - https:\/\/yoast.com\/product\/yoast-seo-wordpress\/ -->\n<title>Promagnesol - Avis, Prix -50%, Forum, Pharmacie, Effets | DocteurJobez<\/title>\n<meta name=\"robots\" content=\"index, follow, max-snippet:-1, max-image-preview:large, max-video-preview:-1\" \/>\n<link rel=\"canonical\" href=\"https:\/\/www.docteurjobez.fr\/pharmacie\/supp\/promagnesol\/\" \/>\n<meta property=\"og:locale\" content=\"fr_FR\" \/>\n<meta property=\"og:type\" content=\"article\" \/>\n<meta property=\"og:title\" content=\"Promagnesol - Avis, Prix -50%, Forum, Pharmacie, Effets | DocteurJobez\" \/>\n<meta property=\"og:url\" content=\"https:\/\/www.docteurjobez.fr\/pharmacie\/supp\/promagnesol\/\" \/>\n<meta property=\"og:site_name\" content=\"DocteurJobez\" \/>\n<meta property=\"article:modified_time\" content=\"2025-02-25T16:24:47+00:00\" \/>\n<meta property=\"og:image\" content=\"https:\/\/www.docteurjobez.fr\/pharmacie\/wp-content\/uploads\/2024\/10\/Promagnesol.jpg\" \/>\n\t<meta property=\"og:image:width\" content=\"768\" \/>\n\t<meta property=\"og:image:height\" content=\"768\" \/>\n\t<meta property=\"og:image:type\" content=\"image\/jpeg\" \/>\n<meta name=\"twitter:card\" content=\"summary_large_image\" \/>\n<meta name=\"twitter:description\" content=\"[date_countdown]\" \/>\n<meta name=\"twitter:label1\" content=\"Dur\u00e9e de lecture estim\u00e9e\" \/>\n\t<meta name=\"twitter:data1\" content=\"7 minutes\" \/>\n<script type=\"application\/ld+json\" class=\"yoast-schema-graph\">{\"@context\":\"https:\\\/\\\/schema.org\",\"@graph\":[{\"@type\":\"WebPage\",\"@id\":\"https:\\\/\\\/www.docteurjobez.fr\\\/pharmacie\\\/supp\\\/promagnesol\\\/\",\"url\":\"https:\\\/\\\/www.docteurjobez.fr\\\/pharmacie\\\/supp\\\/promagnesol\\\/\",\"name\":\"Promagnesol - Avis, Prix -50%, Forum, Pharmacie, Effets | DocteurJobez\",\"isPartOf\":{\"@id\":\"https:\\\/\\\/www.docteurjobez.fr\\\/pharmacie\\\/#website\"},\"primaryImageOfPage\":{\"@id\":\"https:\\\/\\\/www.docteurjobez.fr\\\/pharmacie\\\/supp\\\/promagnesol\\\/#primaryimage\"},\"image\":{\"@id\":\"https:\\\/\\\/www.docteurjobez.fr\\\/pharmacie\\\/supp\\\/promagnesol\\\/#primaryimage\"},\"thumbnailUrl\":\"https:\\\/\\\/www.docteurjobez.fr\\\/pharmacie\\\/wp-content\\\/uploads\\\/2024\\\/10\\\/Promagnesol.jpg\",\"datePublished\":\"2024-10-18T19:46:00+00:00\",\"dateModified\":\"2025-02-25T16:24:47+00:00\",\"breadcrumb\":{\"@id\":\"https:\\\/\\\/www.docteurjobez.fr\\\/pharmacie\\\/supp\\\/promagnesol\\\/#breadcrumb\"},\"inLanguage\":\"fr-FR\",\"potentialAction\":[{\"@type\":\"ReadAction\",\"target\":[\"https:\\\/\\\/www.docteurjobez.fr\\\/pharmacie\\\/supp\\\/promagnesol\\\/\"]}]},{\"@type\":\"ImageObject\",\"inLanguage\":\"fr-FR\",\"@id\":\"https:\\\/\\\/www.docteurjobez.fr\\\/pharmacie\\\/supp\\\/promagnesol\\\/#primaryimage\",\"url\":\"https:\\\/\\\/www.docteurjobez.fr\\\/pharmacie\\\/wp-content\\\/uploads\\\/2024\\\/10\\\/Promagnesol.jpg\",\"contentUrl\":\"https:\\\/\\\/www.docteurjobez.fr\\\/pharmacie\\\/wp-content\\\/uploads\\\/2024\\\/10\\\/Promagnesol.jpg\",\"width\":768,\"height\":768},{\"@type\":\"BreadcrumbList\",\"@id\":\"https:\\\/\\\/www.docteurjobez.fr\\\/pharmacie\\\/supp\\\/promagnesol\\\/#breadcrumb\",\"itemListElement\":[{\"@type\":\"ListItem\",\"position\":1,\"name\":\"Strona g\u0142\u00f3wna\",\"item\":\"https:\\\/\\\/www.docteurjobez.fr\\\/pharmacie\\\/\"},{\"@type\":\"ListItem\",\"position\":2,\"name\":\"farmaci\",\"item\":\"https:\\\/\\\/www.docteurjobez.fr\\\/pharmacie\\\/\"},{\"@type\":\"ListItem\",\"position\":3,\"name\":\"Promagnesol\"}]},{\"@type\":\"WebSite\",\"@id\":\"https:\\\/\\\/www.docteurjobez.fr\\\/pharmacie\\\/#website\",\"url\":\"https:\\\/\\\/www.docteurjobez.fr\\\/pharmacie\\\/\",\"name\":\"DocteurJobez\",\"description\":\"\",\"potentialAction\":[{\"@type\":\"SearchAction\",\"target\":{\"@type\":\"EntryPoint\",\"urlTemplate\":\"https:\\\/\\\/www.docteurjobez.fr\\\/pharmacie\\\/?s={search_term_string}\"},\"query-input\":{\"@type\":\"PropertyValueSpecification\",\"valueRequired\":true,\"valueName\":\"search_term_string\"}}],\"inLanguage\":\"fr-FR\"}]}<\/script>\n<!-- \/ Yoast SEO plugin. -->","yoast_head_json":{"title":"Promagnesol - Avis, Prix -50%, Forum, Pharmacie, Effets | DocteurJobez","robots":{"index":"index","follow":"follow","max-snippet":"max-snippet:-1","max-image-preview":"max-image-preview:large","max-video-preview":"max-video-preview:-1"},"canonical":"https:\/\/www.docteurjobez.fr\/pharmacie\/supp\/promagnesol\/","og_locale":"fr_FR","og_type":"article","og_title":"Promagnesol - Avis, Prix -50%, Forum, Pharmacie, Effets | DocteurJobez","og_url":"https:\/\/www.docteurjobez.fr\/pharmacie\/supp\/promagnesol\/","og_site_name":"DocteurJobez","article_modified_time":"2025-02-25T16:24:47+00:00","og_image":[{"width":768,"height":768,"url":"https:\/\/www.docteurjobez.fr\/pharmacie\/wp-content\/uploads\/2024\/10\/Promagnesol.jpg","type":"image\/jpeg"}],"twitter_card":"summary_large_image","twitter_description":"[date_countdown]","twitter_misc":{"Dur\u00e9e de lecture estim\u00e9e":"7 minutes"},"schema":{"@context":"https:\/\/schema.org","@graph":[{"@type":"WebPage","@id":"https:\/\/www.docteurjobez.fr\/pharmacie\/supp\/promagnesol\/","url":"https:\/\/www.docteurjobez.fr\/pharmacie\/supp\/promagnesol\/","name":"Promagnesol - Avis, Prix -50%, Forum, Pharmacie, Effets | DocteurJobez","isPartOf":{"@id":"https:\/\/www.docteurjobez.fr\/pharmacie\/#website"},"primaryImageOfPage":{"@id":"https:\/\/www.docteurjobez.fr\/pharmacie\/supp\/promagnesol\/#primaryimage"},"image":{"@id":"https:\/\/www.docteurjobez.fr\/pharmacie\/supp\/promagnesol\/#primaryimage"},"thumbnailUrl":"https:\/\/www.docteurjobez.fr\/pharmacie\/wp-content\/uploads\/2024\/10\/Promagnesol.jpg","datePublished":"2024-10-18T19:46:00+00:00","dateModified":"2025-02-25T16:24:47+00:00","breadcrumb":{"@id":"https:\/\/www.docteurjobez.fr\/pharmacie\/supp\/promagnesol\/#breadcrumb"},"inLanguage":"fr-FR","potentialAction":[{"@type":"ReadAction","target":["https:\/\/www.docteurjobez.fr\/pharmacie\/supp\/promagnesol\/"]}]},{"@type":"ImageObject","inLanguage":"fr-FR","@id":"https:\/\/www.docteurjobez.fr\/pharmacie\/supp\/promagnesol\/#primaryimage","url":"https:\/\/www.docteurjobez.fr\/pharmacie\/wp-content\/uploads\/2024\/10\/Promagnesol.jpg","contentUrl":"https:\/\/www.docteurjobez.fr\/pharmacie\/wp-content\/uploads\/2024\/10\/Promagnesol.jpg","width":768,"height":768},{"@type":"BreadcrumbList","@id":"https:\/\/www.docteurjobez.fr\/pharmacie\/supp\/promagnesol\/#breadcrumb","itemListElement":[{"@type":"ListItem","position":1,"name":"Strona g\u0142\u00f3wna","item":"https:\/\/www.docteurjobez.fr\/pharmacie\/"},{"@type":"ListItem","position":2,"name":"farmaci","item":"https:\/\/www.docteurjobez.fr\/pharmacie\/"},{"@type":"ListItem","position":3,"name":"Promagnesol"}]},{"@type":"WebSite","@id":"https:\/\/www.docteurjobez.fr\/pharmacie\/#website","url":"https:\/\/www.docteurjobez.fr\/pharmacie\/","name":"DocteurJobez","description":"","potentialAction":[{"@type":"SearchAction","target":{"@type":"EntryPoint","urlTemplate":"https:\/\/www.docteurjobez.fr\/pharmacie\/?s={search_term_string}"},"query-input":{"@type":"PropertyValueSpecification","valueRequired":true,"valueName":"search_term_string"}}],"inLanguage":"fr-FR"}]}},"_links":{"self":[{"href":"https:\/\/www.docteurjobez.fr\/pharmacie\/wp-json\/wp\/v2\/product\/4453","targetHints":{"allow":["GET"]}}],"collection":[{"href":"https:\/\/www.docteurjobez.fr\/pharmacie\/wp-json\/wp\/v2\/product"}],"about":[{"href":"https:\/\/www.docteurjobez.fr\/pharmacie\/wp-json\/wp\/v2\/types\/product"}],"replies":[{"embeddable":true,"href":"https:\/\/www.docteurjobez.fr\/pharmacie\/wp-json\/wp\/v2\/comments?post=4453"}],"wp:featuredmedia":[{"embeddable":true,"href":"https:\/\/www.docteurjobez.fr\/pharmacie\/wp-json\/wp\/v2\/media\/3841"}],"wp:attachment":[{"href":"https:\/\/www.docteurjobez.fr\/pharmacie\/wp-json\/wp\/v2\/media?parent=4453"}],"wp:term":[{"taxonomy":"product_brand","embeddable":true,"href":"https:\/\/www.docteurjobez.fr\/pharmacie\/wp-json\/wp\/v2\/product_brand?post=4453"},{"taxonomy":"product_cat","embeddable":true,"href":"https:\/\/www.docteurjobez.fr\/pharmacie\/wp-json\/wp\/v2\/product_cat?post=4453"},{"taxonomy":"product_tag","embeddable":true,"href":"https:\/\/www.docteurjobez.fr\/pharmacie\/wp-json\/wp\/v2\/product_tag?post=4453"}],"curies":[{"name":"wp","href":"https:\/\/api.w.org\/{rel}","templated":true}]}}