{"id":4455,"date":"2024-10-18T19:46:01","date_gmt":"2024-10-18T19:46:01","guid":{"rendered":"https:\/\/chirurgie-orthopedie-vannes.fr\/pharmacie\/?post_type=product&#038;p=4455"},"modified":"2025-02-25T16:24:19","modified_gmt":"2025-02-25T16:24:19","slug":"relixen-oil","status":"publish","type":"product","link":"https:\/\/www.docteurjobez.fr\/pharmacie\/supp\/relixen-oil\/","title":{"rendered":"Relixen Oil"},"content":{"rendered":"\n<h2 class=\"wp-block-heading\">Qu&rsquo;est-ce que Relixen Oil et comment fonctionne-t-il ?<\/h2>\n\n\n\n<p><b>Relixen Oil<\/b> est une <em>huile pour les articulations<\/em> qui b\u00e9n\u00e9ficie des bienfaits de la nature. Elle contient des <em>ingr\u00e9dients<\/em> pr\u00e9cieux tels que l&rsquo;huile d&rsquo;eucalyptus et le menthol, connus pour leurs propri\u00e9t\u00e9s analg\u00e9siques et anti-inflammatoires. L <b>&lsquo;action de Relixen Oil<\/b> repose sur sa p\u00e9n\u00e9tration profonde dans la peau, ce qui lui permet de soulager rapidement la douleur et l&rsquo;inconfort.<\/p>\n\n\n\n<p>Le principal m\u00e9canisme d&rsquo;<em>action de Relixen Oil<\/em> est la stimulation de la circulation sanguine au niveau du site d&rsquo;application. Les processus de r\u00e9g\u00e9n\u00e9ration sont ainsi acc\u00e9l\u00e9r\u00e9s, ce qui contribue \u00e0 r\u00e9duire la douleur et \u00e0 am\u00e9liorer le bien-\u00eatre g\u00e9n\u00e9ral. L&rsquo;efficacit\u00e9 du produit est due \u00e0 l&rsquo;interaction synergique des diff\u00e9rents <em>ingr\u00e9dients<\/em>, ce qui en fait un rem\u00e8de polyvalent pour les affections articulaires et musculaires.<\/p>\n\n\n\n<p>Relixen Oil apporte non seulement un soulagement, mais aussi une nutrition et une r\u00e9g\u00e9n\u00e9ration des tissus. Une utilisation r\u00e9guli\u00e8re am\u00e9liore la souplesse des articulations, ce qui peut avoir une incidence sur le confort des activit\u00e9s quotidiennes. C&rsquo;est pourquoi tant de personnes se tournent vers l&rsquo;<em>huile pour les articulations<\/em> afin d&rsquo;am\u00e9liorer leur qualit\u00e9 de vie et de r\u00e9duire la douleur qu&rsquo;elles ressentent.<\/p>\n\n\n\n<h2 class=\"wp-block-heading\">Relixen Oil &#8211; effets<\/h2>\n\n\n\n<p>Relixen Oil gagne en popularit\u00e9 gr\u00e2ce \u00e0 ses effets d&rsquo;application constat\u00e9s par les utilisateurs. La bonne <em>action de Relixen Oil<\/em> se traduit par un soulagement significatif de la douleur, en particulier en cas de douleurs musculaires et articulaires. Les <b>ingr\u00e9dients<\/b> cl\u00e9s <b>de l&rsquo;<\/b> huile favorisent une action rapide, entra\u00eenant une r\u00e9duction de l&rsquo;inflammation et une am\u00e9lioration de la mobilit\u00e9 des articulations.<\/p>\n\n\n\n<p>Les utilisateurs soulignent que les <b>effets de l&rsquo;<\/b> huile se font sentir apr\u00e8s quelques applications seulement. L&rsquo;utilisation r\u00e9guli\u00e8re du produit renforce son efficacit\u00e9, comme le confirment les recommandations et les <b>avis<\/b> positifs. Voici quelques-uns des principaux effets constat\u00e9s :<\/p>\n\n\n\n<ul class=\"wp-block-list\">\n<li><em>Soulagement<\/em> significatif <em>des douleurs<\/em> musculaires et articulaires<\/li>\n\n\n\n<li>R\u00e9duction rapide de l&rsquo;inflammation<\/li>\n\n\n\n<li>Am\u00e9lioration de la mobilit\u00e9 des articulations et de la condition physique g\u00e9n\u00e9rale<\/li>\n\n\n\n<li>Minimisation de l&rsquo;enflure<\/li>\n<\/ul>\n\n\n\n<p>Les experts recommandent d&rsquo;utiliser Relixen Oil r\u00e9guli\u00e8rement pour obtenir les r\u00e9sultats th\u00e9rapeutiques les plus satisfaisants. Les utilisateurs appr\u00e9cient non seulement ses <b>effets<\/b>, mais aussi sa composition naturelle, qui contribue \u00e0 son innocuit\u00e9 et \u00e0 l&rsquo;absence d&rsquo;effets secondaires.<\/p>\n\n\n\n<h2 class=\"wp-block-heading\">Comment utiliser correctement Relixen Oil &#8211; Posologie<\/h2>\n\n\n\n<p><b>L&rsquo;utilisation de<\/b> Relixen Oil doit \u00eatre appliqu\u00e9e localement sur les articulations et les muscles douloureux, ce qui augmente son efficacit\u00e9. Le <b>dosage<\/b> recommand\u00e9 <b>de Relixen Oil<\/b> est une application jusqu&rsquo;\u00e0 deux fois par jour, mais cette fr\u00e9quence peut \u00eatre adapt\u00e9e aux besoins individuels. En cas de douleurs plus intenses, il est recommand\u00e9 d&rsquo;utiliser une plus grande quantit\u00e9 d&rsquo;huile pour obtenir de meilleurs r\u00e9sultats en termes de soulagement de l&rsquo;inconfort.<\/p>\n\n\n\n<p>Il est utile de savoir <b>comment utiliser l&rsquo;<\/b> Relixen Oil. Faire p\u00e9n\u00e9trer doucement l&rsquo;huile dans la peau est une \u00e9tape cl\u00e9, car elle permet une meilleure absorption des substances actives. Une utilisation r\u00e9guli\u00e8re peut apporter un soulagement notable de la douleur et acc\u00e9l\u00e9rer <b>le<\/b> processus de r\u00e9cup\u00e9ration musculaire.<\/p>\n\n\n\n<p>Pour faciliter le dosage, un tableau de recommandations est pr\u00e9sent\u00e9 ci-dessous :<\/p>\n\n\n\n<figure class=\"wp-block-table\"><table class=\"has-fixed-layout\"><tbody><tr><th>Type de douleur<\/th><th>Dosage de l&rsquo;Relixen Oil<\/th><th>Fr\u00e9quence d&rsquo;application<\/th><\/tr><tr><td>Douleur l\u00e9g\u00e8re<\/td><td>1 ou 2 pompes<\/td><td>1 \u00e0 2 fois par jour<\/td><\/tr><tr><td>Douleur mod\u00e9r\u00e9e<\/td><td>2-3 pompes<\/td><td>2 \u00e0 3 fois par jour<\/td><\/tr><tr><td>Douleur intense<\/td><td>Plus, selon les besoins<\/td><td>Si n\u00e9cessaire<\/td><\/tr><\/tbody><\/table><\/figure>\n\n\n\n<p>N&rsquo;oubliez pas qu&rsquo;il est toujours pr\u00e9f\u00e9rable de consulter votre m\u00e9decin avant de commencer \u00e0 utiliser une huile afin de vous assurer qu&rsquo;elle est adapt\u00e9e \u00e0 votre \u00e9tat de sant\u00e9.<\/p>\n\n\n\n<h2 class=\"wp-block-heading\">Relixen Oil &#8211; Avis et critiques, Forum<\/h2>\n\n\n\n<p>Les <b>avis sur Relixen Oil<\/b> sont positifs, comme en t\u00e9moignent les nombreuses <em>exp\u00e9riences d&rsquo;utilisateurs<\/em> publi\u00e9es sur diverses plateformes. Les forums en ligne regorgent d&rsquo;avis dans lesquels les utilisateurs partagent leurs observations sur l&rsquo;efficacit\u00e9 du produit. Beaucoup soulignent que le soulagement de la douleur est rapide.<\/p>\n\n\n\n<p>Par exemple, une utilisatrice a \u00e9crit qu&rsquo;apr\u00e8s avoir utilis\u00e9 Relixen Oil, elle a constat\u00e9 une am\u00e9lioration significative et que la douleur qui la g\u00eanait auparavant a presque compl\u00e8tement disparu. D&rsquo;autres ont soulign\u00e9 ses effets b\u00e9n\u00e9fiques sur l&rsquo;humeur et la r\u00e9duction de l&rsquo;inconfort associ\u00e9 aux douleurs articulaires.<\/p>\n\n\n\n<p>Vous trouverez ci-dessous un exemple de tableau illustrant les <b>opinions<\/b> les plus courantes <b>au sujet de Relixen Oil<\/b>:<\/p>\n\n\n\n<figure class=\"wp-block-table\"><table class=\"has-fixed-layout\"><tbody><tr><th>Utilisateur<\/th><th>Avis<\/th><th>L&rsquo;\u00e9valuation<\/th><\/tr><tr><td>Agnieszka<\/td><td>Relixen Oil m&rsquo;a soulag\u00e9 d&rsquo;un mal de dos qui me g\u00eanait depuis longtemps.<\/td><td>5\/5<\/td><\/tr><tr><td>Tomasz<\/td><td>Apr\u00e8s quelques jours d&rsquo;utilisation, les douleurs articulaires ont \u00e9t\u00e9 consid\u00e9rablement r\u00e9duites.<\/td><td>4\/5<\/td><\/tr><tr><td>Kasia<\/td><td>Je suis satisfaite, il d\u00e9tend et agit efficacement.<\/td><td>5\/5<\/td><\/tr><tr><td>Marcin<\/td><td>Je n&rsquo;ai pas remarqu\u00e9 de grande diff\u00e9rence, mais il s&rsquo;agit peut-\u00eatre d&rsquo;une question individuelle.<\/td><td>3\/5<\/td><\/tr><\/tbody><\/table><\/figure>\n\n\n\n<p>Il convient de rappeler que les \u00e9valuations et les <em>avis<\/em> sur les forums peuvent varier en fonction des attentes et des exp\u00e9riences de chacun. C&rsquo;est pourquoi la lecture attentive des avis d&rsquo;autres utilisateurs peut influencer de mani\u00e8re significative la d\u00e9cision d&rsquo;achat de ce produit.<\/p>\n\n\n\n<h2 class=\"wp-block-heading\">Composition de Relixen Oil &#8211; Analyse des ingr\u00e9dients<\/h2>\n\n\n\n<p>Relixen Oil se distingue par sa <em>composition<\/em> soigneusement s\u00e9lectionn\u00e9e, qui contribue de mani\u00e8re significative \u00e0 son effet th\u00e9rapeutique. L&rsquo;ensemble des ingr\u00e9dients naturels comprend l&rsquo;huile d&rsquo;eucalyptus, qui a un effet d\u00e9sinfectant, et le menthol, qui procure une sensation de fra\u00eecheur imm\u00e9diate. Ces \u00e9l\u00e9ments favorisent le soulagement de la douleur et contribuent \u00e0 l&rsquo;am\u00e9lioration du bien-\u00eatre g\u00e9n\u00e9ral.<\/p>\n\n\n\n<p>L&rsquo;<b>analyse des ingr\u00e9dients de<\/b> l&rsquo;huile r\u00e9v\u00e8le \u00e9galement la pr\u00e9sence d&rsquo;extraits de plantes aux propri\u00e9t\u00e9s anti-inflammatoires. Gr\u00e2ce \u00e0 l&rsquo;action synergique de ces ingr\u00e9dients, les utilisateurs font souvent \u00e9tat d&rsquo;une am\u00e9lioration de la qualit\u00e9 de vie et d&rsquo;une diminution de l&rsquo;inconfort.<\/p>\n\n\n\n<figure class=\"wp-block-table\"><table class=\"has-fixed-layout\"><tbody><tr><th>Composant<\/th><th>Action<\/th><\/tr><tr><td>Huile d&rsquo;eucalyptus<\/td><td>Action d\u00e9sinfectante et anti-inflammatoire<\/td><\/tr><tr><td>Menthol<\/td><td>Refroidissement et r\u00e9duction de la sensation de douleur<\/td><\/tr><tr><td>Huile d&rsquo;argan<\/td><td>Hydratation et nutrition de la peau<\/td><\/tr><tr><td>Huile de citronnelle<\/td><td>Effet relaxant et antiseptique<\/td><\/tr><\/tbody><\/table><\/figure>\n\n\n\n<p>Les <b>ingr\u00e9dients naturels<\/b> tels que l&rsquo;huile d&rsquo;argan et l&rsquo;huile de citronnelle sont g\u00e9n\u00e9ralement bien tol\u00e9r\u00e9s par la peau. Les utilisateurs doivent \u00eatre conscients que des r\u00e9actions allergiques peuvent se produire s&rsquo;ils sont allergiques \u00e0 l&rsquo;un des ingr\u00e9dients. Bien que les effets secondaires soient rares, leur \u00e9ventualit\u00e9 ne peut \u00eatre totalement exclue.<\/p>\n\n\n\n<h2 class=\"wp-block-heading\">O\u00f9 acheter et quel est le prix de Relixen Oil ?<\/h2>\n\n\n\n<p>Relixen Oil est disponible exclusivement sur <em>le site officiel du fabricant<\/em>, ce qui garantit l&rsquo;originalit\u00e9 du produit et l&rsquo;acc\u00e8s aux promotions en cours. L&rsquo;achat par Internet permet \u00e9galement une livraison \u00e0 domicile, ce qui est un avantage important pour de nombreux clients.<\/p>\n\n\n\n<p><b>Le prix de<\/b> Relixen Oil peut varier en fonction des offres en cours, il est donc utile de consulter r\u00e9guli\u00e8rement le site Internet du fabricant pour obtenir les meilleures offres. Si vous achetez directement aupr\u00e8s du <em>fabricant officiel<\/em>, vous pouvez vous attendre \u00e0 des r\u00e9ductions allant parfois jusqu&rsquo;\u00e0 50 %.<\/p>\n\n\n\n<p>La pr\u00e9sence de promotions attrayantes fait qu&rsquo;il vaut la peine de se demander <em>o\u00f9 acheter Relixen Oil<\/em>. Les promotions comprennent souvent des r\u00e9ductions pour l&rsquo;achat de plusieurs paquets, ce qui les rend plus attrayantes. Ces possibilit\u00e9s rendent l&rsquo;achat plus \u00e9conomique et permettent aux clients de b\u00e9n\u00e9ficier d&rsquo;un bon rapport qualit\u00e9-prix.<\/p>\n\n\n\n<h2 class=\"wp-block-heading\">Relixen Oil &#8211; Effets secondaires et contre-indications<\/h2>\n\n\n\n<p>Relixen Oil est g\u00e9n\u00e9ralement consid\u00e9r\u00e9e comme un produit s\u00fbr. Toutefois, comme pour toute pr\u00e9paration, l <strong>Relixen Oil<\/strong> peut avoir des <strong>effets secondaires<\/strong>. Les r\u00e9actions les plus fr\u00e9quemment signal\u00e9es sont de l\u00e9g\u00e8res irritations cutan\u00e9es ou des r\u00e9actions allergiques, en particulier chez les personnes hypersensibles aux <b>ingr\u00e9dients de<\/b> l&rsquo;huile. Il est donc tr\u00e8s important de faire un test sur une petite partie de la peau avant la premi\u00e8re application afin de minimiser le risque de r\u00e9actions ind\u00e9sirables.<\/p>\n\n\n\n<p>Il convient \u00e9galement de noter <strong>les contre-indications<\/strong> relatives \u00e0 l&rsquo;utilisation de Relixen Oil. Les personnes souffrant d&rsquo;hypersensibilit\u00e9 \u00e0 l&rsquo;un des ingr\u00e9dients de la pr\u00e9paration doivent \u00e9viter de l&rsquo;utiliser. En outre, l&rsquo;utilisation de l <b>&lsquo;huile<\/b> par les enfants et les femmes enceintes n\u00e9cessite la consultation d&rsquo;un m\u00e9decin afin de garantir <strong>la s\u00e9curit\u00e9 d&rsquo;utilisation<\/strong> et d&rsquo;\u00e9viter les risques potentiels pour la sant\u00e9.<\/p>\n\n\n\n<p>Par cons\u00e9quent, les utilisateurs doivent \u00eatre conscients des effets secondaires possibles et suivre les instructions d&rsquo;utilisation de Relixen Oil afin de profiter de ses bienfaits pour la sant\u00e9 sans risques inutiles. En cas de doute, il est toujours conseill\u00e9 de consulter un professionnel de la sant\u00e9.<\/p>\n","protected":false},"excerpt":{"rendered":"<p><strong>[date_countdown]<\/strong><\/p>\n<p><img decoding=\"async\" class=\"alignnone  wp-image-8427\" src=\"https:\/\/www.docteurjobez.fr\/pharmacie\/wp-content\/uploads\/2024\/10\/SAFE-PAY-300x88-1.png\" alt=\"SAFE-PAY-300x88\" width=\"164\" height=\"48\" \/><\/p>\n","protected":false},"featured_media":3845,"comment_status":"open","ping_status":"closed","template":"","meta":{"neve_meta_sidebar":"","neve_meta_container":"","neve_meta_enable_content_width":"","neve_meta_content_width":0,"neve_meta_title_alignment":"","neve_meta_author_avatar":"","neve_post_elements_order":"","neve_meta_disable_header":"","neve_meta_disable_footer":"","neve_meta_disable_title":"","neve_meta_reading_time":""},"product_brand":[],"product_cat":[18],"product_tag":[],"class_list":{"0":"post-4455","1":"product","2":"type-product","3":"status-publish","4":"has-post-thumbnail","6":"product_cat-sante","8":"first","9":"instock","10":"sale","11":"shipping-taxable","12":"product-type-external"},"yoast_head":"<!-- This site is optimized with the Yoast SEO plugin v27.4 - https:\/\/yoast.com\/product\/yoast-seo-wordpress\/ -->\n<title>Relixen Oil - Avis, Prix -50%, Forum, Pharmacie, Effets | DocteurJobez<\/title>\n<meta name=\"robots\" content=\"index, follow, max-snippet:-1, max-image-preview:large, max-video-preview:-1\" \/>\n<link rel=\"canonical\" href=\"https:\/\/www.docteurjobez.fr\/pharmacie\/supp\/relixen-oil\/\" \/>\n<meta property=\"og:locale\" content=\"fr_FR\" \/>\n<meta property=\"og:type\" content=\"article\" \/>\n<meta property=\"og:title\" content=\"Relixen Oil - Avis, Prix -50%, Forum, Pharmacie, Effets | DocteurJobez\" \/>\n<meta property=\"og:url\" content=\"https:\/\/www.docteurjobez.fr\/pharmacie\/supp\/relixen-oil\/\" \/>\n<meta property=\"og:site_name\" content=\"DocteurJobez\" \/>\n<meta property=\"article:modified_time\" content=\"2025-02-25T16:24:19+00:00\" \/>\n<meta property=\"og:image\" content=\"https:\/\/www.docteurjobez.fr\/pharmacie\/wp-content\/uploads\/2024\/10\/Relixen-Oil.jpg\" \/>\n\t<meta property=\"og:image:width\" content=\"768\" \/>\n\t<meta property=\"og:image:height\" content=\"768\" \/>\n\t<meta property=\"og:image:type\" content=\"image\/jpeg\" \/>\n<meta name=\"twitter:card\" content=\"summary_large_image\" \/>\n<meta name=\"twitter:description\" content=\"[date_countdown]\" \/>\n<meta name=\"twitter:label1\" content=\"Dur\u00e9e de lecture estim\u00e9e\" \/>\n\t<meta name=\"twitter:data1\" content=\"7 minutes\" \/>\n<script type=\"application\/ld+json\" class=\"yoast-schema-graph\">{\"@context\":\"https:\\\/\\\/schema.org\",\"@graph\":[{\"@type\":\"WebPage\",\"@id\":\"https:\\\/\\\/www.docteurjobez.fr\\\/pharmacie\\\/supp\\\/relixen-oil\\\/\",\"url\":\"https:\\\/\\\/www.docteurjobez.fr\\\/pharmacie\\\/supp\\\/relixen-oil\\\/\",\"name\":\"Relixen Oil - Avis, Prix -50%, Forum, Pharmacie, Effets | DocteurJobez\",\"isPartOf\":{\"@id\":\"https:\\\/\\\/www.docteurjobez.fr\\\/pharmacie\\\/#website\"},\"primaryImageOfPage\":{\"@id\":\"https:\\\/\\\/www.docteurjobez.fr\\\/pharmacie\\\/supp\\\/relixen-oil\\\/#primaryimage\"},\"image\":{\"@id\":\"https:\\\/\\\/www.docteurjobez.fr\\\/pharmacie\\\/supp\\\/relixen-oil\\\/#primaryimage\"},\"thumbnailUrl\":\"https:\\\/\\\/www.docteurjobez.fr\\\/pharmacie\\\/wp-content\\\/uploads\\\/2024\\\/10\\\/Relixen-Oil.jpg\",\"datePublished\":\"2024-10-18T19:46:01+00:00\",\"dateModified\":\"2025-02-25T16:24:19+00:00\",\"breadcrumb\":{\"@id\":\"https:\\\/\\\/www.docteurjobez.fr\\\/pharmacie\\\/supp\\\/relixen-oil\\\/#breadcrumb\"},\"inLanguage\":\"fr-FR\",\"potentialAction\":[{\"@type\":\"ReadAction\",\"target\":[\"https:\\\/\\\/www.docteurjobez.fr\\\/pharmacie\\\/supp\\\/relixen-oil\\\/\"]}]},{\"@type\":\"ImageObject\",\"inLanguage\":\"fr-FR\",\"@id\":\"https:\\\/\\\/www.docteurjobez.fr\\\/pharmacie\\\/supp\\\/relixen-oil\\\/#primaryimage\",\"url\":\"https:\\\/\\\/www.docteurjobez.fr\\\/pharmacie\\\/wp-content\\\/uploads\\\/2024\\\/10\\\/Relixen-Oil.jpg\",\"contentUrl\":\"https:\\\/\\\/www.docteurjobez.fr\\\/pharmacie\\\/wp-content\\\/uploads\\\/2024\\\/10\\\/Relixen-Oil.jpg\",\"width\":768,\"height\":768},{\"@type\":\"BreadcrumbList\",\"@id\":\"https:\\\/\\\/www.docteurjobez.fr\\\/pharmacie\\\/supp\\\/relixen-oil\\\/#breadcrumb\",\"itemListElement\":[{\"@type\":\"ListItem\",\"position\":1,\"name\":\"Strona g\u0142\u00f3wna\",\"item\":\"https:\\\/\\\/www.docteurjobez.fr\\\/pharmacie\\\/\"},{\"@type\":\"ListItem\",\"position\":2,\"name\":\"farmaci\",\"item\":\"https:\\\/\\\/www.docteurjobez.fr\\\/pharmacie\\\/\"},{\"@type\":\"ListItem\",\"position\":3,\"name\":\"Relixen Oil\"}]},{\"@type\":\"WebSite\",\"@id\":\"https:\\\/\\\/www.docteurjobez.fr\\\/pharmacie\\\/#website\",\"url\":\"https:\\\/\\\/www.docteurjobez.fr\\\/pharmacie\\\/\",\"name\":\"DocteurJobez\",\"description\":\"\",\"potentialAction\":[{\"@type\":\"SearchAction\",\"target\":{\"@type\":\"EntryPoint\",\"urlTemplate\":\"https:\\\/\\\/www.docteurjobez.fr\\\/pharmacie\\\/?s={search_term_string}\"},\"query-input\":{\"@type\":\"PropertyValueSpecification\",\"valueRequired\":true,\"valueName\":\"search_term_string\"}}],\"inLanguage\":\"fr-FR\"}]}<\/script>\n<!-- \/ Yoast SEO plugin. -->","yoast_head_json":{"title":"Relixen Oil - Avis, Prix -50%, Forum, Pharmacie, Effets | DocteurJobez","robots":{"index":"index","follow":"follow","max-snippet":"max-snippet:-1","max-image-preview":"max-image-preview:large","max-video-preview":"max-video-preview:-1"},"canonical":"https:\/\/www.docteurjobez.fr\/pharmacie\/supp\/relixen-oil\/","og_locale":"fr_FR","og_type":"article","og_title":"Relixen Oil - Avis, Prix -50%, Forum, Pharmacie, Effets | DocteurJobez","og_url":"https:\/\/www.docteurjobez.fr\/pharmacie\/supp\/relixen-oil\/","og_site_name":"DocteurJobez","article_modified_time":"2025-02-25T16:24:19+00:00","og_image":[{"width":768,"height":768,"url":"https:\/\/www.docteurjobez.fr\/pharmacie\/wp-content\/uploads\/2024\/10\/Relixen-Oil.jpg","type":"image\/jpeg"}],"twitter_card":"summary_large_image","twitter_description":"[date_countdown]","twitter_misc":{"Dur\u00e9e de lecture estim\u00e9e":"7 minutes"},"schema":{"@context":"https:\/\/schema.org","@graph":[{"@type":"WebPage","@id":"https:\/\/www.docteurjobez.fr\/pharmacie\/supp\/relixen-oil\/","url":"https:\/\/www.docteurjobez.fr\/pharmacie\/supp\/relixen-oil\/","name":"Relixen Oil - Avis, Prix -50%, Forum, Pharmacie, Effets | DocteurJobez","isPartOf":{"@id":"https:\/\/www.docteurjobez.fr\/pharmacie\/#website"},"primaryImageOfPage":{"@id":"https:\/\/www.docteurjobez.fr\/pharmacie\/supp\/relixen-oil\/#primaryimage"},"image":{"@id":"https:\/\/www.docteurjobez.fr\/pharmacie\/supp\/relixen-oil\/#primaryimage"},"thumbnailUrl":"https:\/\/www.docteurjobez.fr\/pharmacie\/wp-content\/uploads\/2024\/10\/Relixen-Oil.jpg","datePublished":"2024-10-18T19:46:01+00:00","dateModified":"2025-02-25T16:24:19+00:00","breadcrumb":{"@id":"https:\/\/www.docteurjobez.fr\/pharmacie\/supp\/relixen-oil\/#breadcrumb"},"inLanguage":"fr-FR","potentialAction":[{"@type":"ReadAction","target":["https:\/\/www.docteurjobez.fr\/pharmacie\/supp\/relixen-oil\/"]}]},{"@type":"ImageObject","inLanguage":"fr-FR","@id":"https:\/\/www.docteurjobez.fr\/pharmacie\/supp\/relixen-oil\/#primaryimage","url":"https:\/\/www.docteurjobez.fr\/pharmacie\/wp-content\/uploads\/2024\/10\/Relixen-Oil.jpg","contentUrl":"https:\/\/www.docteurjobez.fr\/pharmacie\/wp-content\/uploads\/2024\/10\/Relixen-Oil.jpg","width":768,"height":768},{"@type":"BreadcrumbList","@id":"https:\/\/www.docteurjobez.fr\/pharmacie\/supp\/relixen-oil\/#breadcrumb","itemListElement":[{"@type":"ListItem","position":1,"name":"Strona g\u0142\u00f3wna","item":"https:\/\/www.docteurjobez.fr\/pharmacie\/"},{"@type":"ListItem","position":2,"name":"farmaci","item":"https:\/\/www.docteurjobez.fr\/pharmacie\/"},{"@type":"ListItem","position":3,"name":"Relixen Oil"}]},{"@type":"WebSite","@id":"https:\/\/www.docteurjobez.fr\/pharmacie\/#website","url":"https:\/\/www.docteurjobez.fr\/pharmacie\/","name":"DocteurJobez","description":"","potentialAction":[{"@type":"SearchAction","target":{"@type":"EntryPoint","urlTemplate":"https:\/\/www.docteurjobez.fr\/pharmacie\/?s={search_term_string}"},"query-input":{"@type":"PropertyValueSpecification","valueRequired":true,"valueName":"search_term_string"}}],"inLanguage":"fr-FR"}]}},"_links":{"self":[{"href":"https:\/\/www.docteurjobez.fr\/pharmacie\/wp-json\/wp\/v2\/product\/4455","targetHints":{"allow":["GET"]}}],"collection":[{"href":"https:\/\/www.docteurjobez.fr\/pharmacie\/wp-json\/wp\/v2\/product"}],"about":[{"href":"https:\/\/www.docteurjobez.fr\/pharmacie\/wp-json\/wp\/v2\/types\/product"}],"replies":[{"embeddable":true,"href":"https:\/\/www.docteurjobez.fr\/pharmacie\/wp-json\/wp\/v2\/comments?post=4455"}],"wp:featuredmedia":[{"embeddable":true,"href":"https:\/\/www.docteurjobez.fr\/pharmacie\/wp-json\/wp\/v2\/media\/3845"}],"wp:attachment":[{"href":"https:\/\/www.docteurjobez.fr\/pharmacie\/wp-json\/wp\/v2\/media?parent=4455"}],"wp:term":[{"taxonomy":"product_brand","embeddable":true,"href":"https:\/\/www.docteurjobez.fr\/pharmacie\/wp-json\/wp\/v2\/product_brand?post=4455"},{"taxonomy":"product_cat","embeddable":true,"href":"https:\/\/www.docteurjobez.fr\/pharmacie\/wp-json\/wp\/v2\/product_cat?post=4455"},{"taxonomy":"product_tag","embeddable":true,"href":"https:\/\/www.docteurjobez.fr\/pharmacie\/wp-json\/wp\/v2\/product_tag?post=4455"}],"curies":[{"name":"wp","href":"https:\/\/api.w.org\/{rel}","templated":true}]}}