{"id":4457,"date":"2024-10-18T19:46:01","date_gmt":"2024-10-18T19:46:01","guid":{"rendered":"https:\/\/chirurgie-orthopedie-vannes.fr\/pharmacie\/?post_type=product&#038;p=4457"},"modified":"2025-02-25T16:21:56","modified_gmt":"2025-02-25T16:21:56","slug":"troverno","status":"publish","type":"product","link":"https:\/\/www.docteurjobez.fr\/pharmacie\/supp\/troverno\/","title":{"rendered":"Troverno"},"content":{"rendered":"<h2 class=\"wp-block-heading\">Qu&rsquo;est-ce que Troverno et comment fonctionne-t-il ?<\/h2>\n\n\n<p><b>Troverno<\/b> est un <b>compl\u00e9ment alimentaire<\/b> innovant con\u00e7u pour soutenir la sant\u00e9 cardiaque et cardiovasculaire. Il utilise des m\u00e9thodes naturelles pour stimuler le fonctionnement de l&rsquo;organisme. Un \u00e9l\u00e9ment cl\u00e9 de l&rsquo;action de <b>Troverno<\/b> est la stimulation des points d&rsquo;acupression sur les pieds, ce qui peut contribuer \u00e0 acc\u00e9l\u00e9rer le m\u00e9tabolisme et \u00e0 am\u00e9liorer la circulation. Les semelles innovantes de <b>Troverno<\/b> contiennent 12 aimants en n\u00e9odyme qui travaillent avec une force 100 fois sup\u00e9rieure pour moduler le flux d&rsquo;\u00e9nergie dans le corps.<\/p>\n\n\n<p>Gr\u00e2ce \u00e0 ces propri\u00e9t\u00e9s uniques, Troverno a un <b>effet<\/b> puissant sur l&rsquo;organisme et soutient ses fonctions vitales. La garantie d&rsquo;une perte de poids de 10 kg en seulement 2 semaines attire l&rsquo;attention de nombreux utilisateurs. Gr\u00e2ce \u00e0 ses <b>propri\u00e9t\u00e9s<\/b>, le <b>compl\u00e9ment<\/b> b\u00e9n\u00e9ficie d&rsquo;une \u00e9valuation \u00e9lev\u00e9e, atteignant une moyenne de 4,81 parmi les 27 000 utilisateurs qui ont confirm\u00e9 son efficacit\u00e9.<\/p>\n\n\n<p>Troverno a un effet global sur les conditions de sant\u00e9, y compris la r\u00e9duction des gonflements et des douleurs, ce qui en fait une solution int\u00e9ressante pour ceux qui souhaitent prendre soin de leur c\u0153ur et de leur <b>circulation<\/b>. L&rsquo;utilisation des semelles est confortable et ne n\u00e9cessite pas de changement de r\u00e9gime alimentaire ou d&rsquo;exercice. Le <b>Troverno Action<\/b> g\u00e9n\u00e8re donc des r\u00e9sultats dans le cadre d&rsquo;un mode de vie normal, ce qui permet de l&rsquo;int\u00e9grer facilement dans les habitudes quotidiennes.<\/p>\n\n\n<h2 class=\"wp-block-heading\">Troverno &#8211; effets<\/h2>\n\n\n<p>Les <b>effets de Troverno<\/b> attirent l&rsquo;attention des utilisateurs, qui constatent des am\u00e9liorations significatives de la <em>sant\u00e9 cardiaque<\/em> et du bien-\u00eatre g\u00e9n\u00e9ral. Gr\u00e2ce \u00e0 son <em>action<\/em> unique, qui se concentre sur la stimulation de la circulation, il est possible d&rsquo;am\u00e9liorer l&rsquo;\u00e9tat de l&rsquo;organisme. L&rsquo;utilisation r\u00e9guli\u00e8re de Troverno taper entra\u00eene une r\u00e9duction des gonflements, ce qui est particuli\u00e8rement important pour les personnes souffrant de probl\u00e8mes vasculaires.<\/p>\n\n\n<p>Les scientifiques ont confirm\u00e9 que <em>les effets de Troverno<\/em> sont, entre autres, les suivants :<\/p>\n\n\n\n<ul class=\"wp-block-list\">\n<li>Am\u00e9lioration de la circulation sanguine<\/li>\n\n\n\n<li>R\u00e9duction du taux de mauvais cholest\u00e9rol<\/li>\n\n\n\n<li>Acc\u00e9l\u00e9ration du m\u00e9tabolisme<\/li>\n<\/ul>\n\n\n<p>En raison de ces avantages, de nombreux utilisateurs constatent une perte de poids gr\u00e2ce au soutien des processus naturels de combustion des graisses de l&rsquo;organisme. Des exemples d&rsquo;utilisateurs ayant perdu entre 17 et 22 kg en peu de temps d\u00e9montrent l&rsquo;importance de l&rsquo;<em>action du<\/em> st\u00ealek dans le cadre de la perte de poids.<\/p>\n\n\n<p>Les effets du Troverno contribuent \u00e9galement \u00e0 r\u00e9duire les risques li\u00e9s \u00e0 l&rsquo;ob\u00e9sit\u00e9, qui, selon les donn\u00e9es de l&rsquo;OMS, constitue une menace s\u00e9rieuse pour la <em>sant\u00e9 cardiaque<\/em>. L&rsquo;ob\u00e9sit\u00e9 entra\u00eene souvent un certain nombre de maladies, dont l&rsquo;hypertension et les probl\u00e8mes cardiaques, ce qui rend l&rsquo;utilisation r\u00e9guli\u00e8re de l&rsquo;effilage b\u00e9n\u00e9fique pour les personnes soucieuses de leur forme physique.<\/p>\n\n\n<h2 class=\"wp-block-heading\">Comment utiliser Troverno &#8211; Mode d&#8217;emploi et posologie<\/h2>\n\n\n<p>L<b>&lsquo;utilisation de Troverno<\/b> suit les <em>instructions de<\/em> la notice. Il est conseill\u00e9 aux utilisateurs de porter r\u00e9guli\u00e8rement les semelles pendant les activit\u00e9s quotidiennes pour obtenir des r\u00e9sultats optimaux. La <b>posologie<\/b> peut varier en fonction des besoins individuels, il est donc conseill\u00e9 de consulter les suggestions du fabricant.<\/p>\n\n\n<p>La dur\u00e9e d&rsquo;utilisation de <em>Troverno<\/em> n&rsquo;est pas strictement d\u00e9finie, car les effets peuvent varier d&rsquo;une personne \u00e0 l&rsquo;autre. Les utilisateurs remarquent souvent des changements d&rsquo;humeur et une am\u00e9lioration de la circulation en peu de temps. Il convient toutefois de noter que les semelles ne sont pas indiqu\u00e9es pour les personnes portant un stimulateur cardiaque.<\/p>\n\n\n<p>L&rsquo;<b>utilisation<\/b> r\u00e9guli\u00e8re <b>de Troverno<\/b>, associ\u00e9e \u00e0 un dosage correct, peut contribuer \u00e0 une am\u00e9lioration de la qualit\u00e9 de vie et du bien-\u00eatre g\u00e9n\u00e9ral. Le prix des semelles fluctue et il existe parfois des promotions int\u00e9ressantes qui peuvent r\u00e9duire le co\u00fbt jusqu&rsquo;\u00e0 50 % en fonction des offres en cours. Le <b>prix<\/b> promotionnel actuel <b>des<\/b> semelles est de \u00a3200 jusqu&rsquo;au 28.01.2025. Les utilisateurs ne rapportent aucune plainte d&rsquo;effets secondaires n\u00e9gatifs, ce qui peut indiquer la s\u00e9curit\u00e9 d&rsquo;utilisation de Troverno.<\/p>\n\n\n<h2 class=\"wp-block-heading\">Critiques et opinions sur Troverno<\/h2>\n\n\n<p><b>Les avis sur Troverno<\/b> refl\u00e8tent les <b>exp\u00e9riences<\/b> positives <b>des<\/b> personnes qui ont choisi d&rsquo;utiliser ce compl\u00e9ment. Les utilisateurs notent souvent une am\u00e9lioration significative de leur bien-\u00eatre et de l&rsquo;efficacit\u00e9 des semelles. De nombreux avis individuels soulignent les avantages de leur utilisation et l&rsquo;impact positif sur la sant\u00e9.<\/p>\n\n\n<p>Les \u00e9tudes montrent que l&rsquo;utilisation r\u00e9guli\u00e8re des comprim\u00e9s entra\u00eene une perte de poids de 2 \u00e0 5 kg en l&rsquo;espace d&rsquo;un mois. Les utilisateurs d&rsquo;une p\u00e9riode d&rsquo;utilisation donn\u00e9e font \u00e9tat d&rsquo;une grande efficacit\u00e9, d&rsquo;un gain d&rsquo;\u00e9nergie et d&rsquo;une am\u00e9lioration de la circulation, pour ne citer que quelques-uns des r\u00e9sultats positifs. Sur les plateformes d&rsquo;\u00e9valuation, Troverno obtient d&rsquo;excellents r\u00e9sultats, ce qui t\u00e9moigne d&rsquo;une reconnaissance croissante de la part des consommateurs.<\/p>\n\n\n\n<blockquote class=\"wp-block-quote is-layout-flow wp-block-quote-is-layout-flow\"><p>\u00ab\u00a0Troverno a chang\u00e9 mon approche de la perte de poids. Apr\u00e8s quelques semaines, j&rsquo;ai remarqu\u00e9 une am\u00e9lioration significative de ma circulation et j&rsquo;ai br\u00fbl\u00e9 quelques kilos en trop. Les effets sont visibles. &#8211; Utilisateur.<\/p>\n<\/blockquote>\n\n\n<p>La polyvalence des semelles, qui peuvent \u00eatre adapt\u00e9es \u00e0 diff\u00e9rentes tailles de pieds, est appr\u00e9ci\u00e9e par les clients, ce qui ne fait que confirmer leur caract\u00e8re pratique.<\/p>\n\n\n\n<blockquote class=\"wp-block-quote is-layout-flow wp-block-quote-is-layout-flow\"><p>\u00ab\u00a0J&rsquo;ai d\u00e9cid\u00e9 de prendre Troverno sur recommandation d&rsquo;un ami. Apr\u00e8s un mois, j&rsquo;ai remarqu\u00e9 que j&rsquo;avais plus d&rsquo;\u00e9nergie et que mes probl\u00e8mes de cholest\u00e9rol s&rsquo;\u00e9taient am\u00e9lior\u00e9s. &#8211; Client.<\/p>\n<\/blockquote>\n\n\n<p>Ces <b>avis<\/b> positifs <b>sur Troverno<\/b> indiquent que le produit peut \u00eatre une solution efficace pour les personnes qui luttent contre des probl\u00e8mes de sant\u00e9 tels que le surpoids ou une mauvaise <b>circulation sanguine<\/b>. Les clients appr\u00e9cient l&rsquo;efficacit\u00e9 du produit et l&rsquo;absence d&rsquo;effets secondaires n\u00e9gatifs qui surviennent souvent avec d&rsquo;autres m\u00e9thodes de perte de poids.<\/p>\n\n\n\n<blockquote class=\"wp-block-quote is-layout-flow wp-block-quote-is-layout-flow\"><p>\u00ab\u00a0Troverno est la solution id\u00e9ale pour les personnes qui ne veulent pas utiliser de compl\u00e9ments chimiques. L&rsquo;<b>action<\/b> naturelle m&rsquo;a permis de soulager mes maux.\u00a0\u00bb &#8211; Utilisateur.<\/p>\n<\/blockquote>\n\n\n<p>Dans l&rsquo;ensemble, les <b>commentaires<\/b> et les <b>exp\u00e9riences des<\/b> utilisateurs sugg\u00e8rent que les semelles Troverno sont un compl\u00e9ment pr\u00e9cieux \u00e0 un mode de vie sain et qu&rsquo;elles soutiennent les processus de perte de poids sans effets ind\u00e9sirables.<\/p>\n\n\n<h2 class=\"wp-block-heading\">Composition du Troverno &#8211; Que contient-il ?<\/h2>\n\n\n<p><b>La composition de Troverno<\/b> comprend une s\u00e9rie d&rsquo;ingr\u00e9dients soigneusement s\u00e9lectionn\u00e9s qui favorisent la <b>sant\u00e9 cardiaque<\/b> et la <b>circulation<\/b>. Le ginkgo biloba, connu dans la m\u00e9decine traditionnelle pour ses <b>propri\u00e9t\u00e9s<\/b> b\u00e9n\u00e9fiques pour la sant\u00e9, figure en bonne place parmi ces ingr\u00e9dients. Sa pr\u00e9sence dans le produit peut favoriser le bon fonctionnement du syst\u00e8me cardiovasculaire.<\/p>\n\n\n<figure class=\"wp-block-table\"><table class=\"has-fixed-layout\"><tbody><tr><th>Composant<\/th><th>Propri\u00e9t\u00e9s<\/th><\/tr><tr><td>Ginkgo biloba<\/td><td>Soutien cardiovasculaire<\/td><\/tr><tr><td>Zinc<\/td><td>Protection des nerfs, r\u00e9duction du stress oxydatif<\/td><\/tr><tr><td>Vitamine B6<\/td><td>Protection contre les effets du bruit, effets antioxydants<\/td><\/tr><tr><td>Vitamine B12<\/td><td>Soutien m\u00e9tabolique, <b>effet<\/b> \u00e9nergisant<\/td><\/tr><tr><td>Magn\u00e9sium<\/td><td>Favorise le fonctionnement du conduit auditif<\/td><\/tr><\/tbody><\/table><\/figure>\n\n\n<p>Il convient de noter <b>les propri\u00e9t\u00e9s des<\/b> aimants en n\u00e9odyme contenus dans les semelles, qui stimulent l&rsquo;acupression, ce qui peut contribuer au confort de port et \u00e0 l&rsquo;efficacit\u00e9 du produit. Le mat\u00e9riau \u00e9lastique des semelles r\u00e9duit l&rsquo;accumulation d&rsquo;humidit\u00e9, ce qui les rend plus hygi\u00e9niques.<\/p>\n\n\n<p>Troverno est un produit dont les <b>ingr\u00e9dients<\/b> ont \u00e9t\u00e9 s\u00e9lectionn\u00e9s dans l&rsquo;optique d&rsquo;un soutien total de l&rsquo;organisme. Sa formulation soign\u00e9e contribue \u00e0 am\u00e9liorer la qualit\u00e9 de vie des utilisateurs, comme le confirment de nombreuses critiques positives. Une utilisation r\u00e9guli\u00e8re peut apporter des avantages notables au niveau du fonctionnement quotidien et de l&rsquo;activit\u00e9 physique.<\/p>\n\n\n<h2 class=\"wp-block-heading\">O\u00f9 acheter et combien co\u00fbte Troverno &#8211; prix<\/h2>\n\n\n<p>Troverno ne peut \u00eatre achet\u00e9 que sur <em>le site officiel du fabricant<\/em>, qui garantit l&rsquo;authenticit\u00e9 du produit et l&rsquo;acc\u00e8s aux promotions en cours. Ce n&rsquo;est que sur ce site que vous pourrez obtenir le meilleur <em>prix<\/em> et conna\u00eetre les r\u00e9ductions possibles. Les personnes qui souhaitent savoir <em>o\u00f9 acheter Troverno<\/em> doivent consulter r\u00e9guli\u00e8rement ce site afin de b\u00e9n\u00e9ficier des meilleures conditions d&rsquo;achat.<\/p>\n\n\n<p>Il convient de rappeler que le produit n&rsquo;est pas disponible dans les pharmacies ou autres points de vente. Les clients qui cherchent <em>o\u00f9 acheter Troverno<\/em> devraient toujours choisir le fabricant officiel afin d&rsquo;\u00e9viter d&rsquo;acheter des contrefa\u00e7ons et de garantir un produit de la plus haute qualit\u00e9. Une visite r\u00e9guli\u00e8re du site web du fabricant peut s&rsquo;av\u00e9rer essentielle pour s&rsquo;assurer que vous ne manquez aucune offre ou r\u00e9duction avantageuse.<\/p>\n\n\n<h2 class=\"wp-block-heading\">Troverno &#8211; Effets secondaires potentiels et contre-indications d&rsquo;utilisation<\/h2>\n\n\n<p>Troverno est souvent consid\u00e9r\u00e9 comme un produit <strong>s\u00fbr<\/strong>, mais comme pour tout suppl\u00e9ment, des r\u00e9actions individuelles peuvent se produire. Certains utilisateurs peuvent ressentir des <b>effets secondaires de Troverno<\/b>, tels que de l\u00e9gers maux de t\u00eate ou des naus\u00e9es, en raison de l&rsquo;acc\u00e9l\u00e9ration du m\u00e9tabolisme. Il est donc important de lire attentivement la notice du produit avant de commencer le traitement.<\/p>\n\n\n<p>Les personnes ayant des implants magn\u00e9tiques, ainsi que celles souffrant de certaines conditions m\u00e9dicales, devraient consulter leur m\u00e9decin avant d&rsquo;utiliser Troverno. Toute <strong>contre-indication<\/strong> \u00e0 l&rsquo;utilisation de ce compl\u00e9ment peut affecter son effet et sa <b>s\u00e9curit\u00e9<\/b>. Il est \u00e9galement conseill\u00e9 de consulter un sp\u00e9cialiste avant de le prendre afin d&rsquo;\u00e9carter tout risque \u00e9ventuel.<\/p>\n\n\n<p>Il est important de toujours suivre les recommandations du fabricant et d&rsquo;utiliser <b>le compl\u00e9ment<\/b> comme indiqu\u00e9 pour aider \u00e0 minimiser le risque d&rsquo;effets secondaires \u00e9ventuels. Bien que la plupart des utilisateurs ne signalent pas de probl\u00e8mes de sant\u00e9, il est important de faire preuve de prudence et de responsabilit\u00e9.<\/p>\n","protected":false},"excerpt":{"rendered":"<p><strong>[date_countdown]<\/strong><\/p>\n<p><img decoding=\"async\" class=\"alignnone  wp-image-8427\" src=\"https:\/\/www.docteurjobez.fr\/pharmacie\/wp-content\/uploads\/2024\/10\/SAFE-PAY-300x88-1.png\" alt=\"SAFE-PAY-300x88\" width=\"164\" height=\"48\" \/><\/p>\n","protected":false},"featured_media":3850,"comment_status":"open","ping_status":"closed","template":"","meta":{"neve_meta_sidebar":"","neve_meta_container":"","neve_meta_enable_content_width":"","neve_meta_content_width":0,"neve_meta_title_alignment":"","neve_meta_author_avatar":"","neve_post_elements_order":"","neve_meta_disable_header":"","neve_meta_disable_footer":"","neve_meta_disable_title":"","neve_meta_reading_time":""},"product_brand":[],"product_cat":[18],"product_tag":[],"class_list":{"0":"post-4457","1":"product","2":"type-product","3":"status-publish","4":"has-post-thumbnail","6":"product_cat-sante","8":"first","9":"instock","10":"sale","11":"shipping-taxable","12":"product-type-external"},"yoast_head":"<!-- This site is optimized with the Yoast SEO plugin v27.4 - https:\/\/yoast.com\/product\/yoast-seo-wordpress\/ -->\n<title>Troverno - Avis, Prix -50%, Forum, Pharmacie, Effets | DocteurJobez<\/title>\n<meta name=\"robots\" content=\"index, follow, max-snippet:-1, max-image-preview:large, max-video-preview:-1\" \/>\n<link rel=\"canonical\" href=\"https:\/\/www.docteurjobez.fr\/pharmacie\/supp\/troverno\/\" \/>\n<meta property=\"og:locale\" content=\"fr_FR\" \/>\n<meta property=\"og:type\" content=\"article\" \/>\n<meta property=\"og:title\" content=\"Troverno - Avis, Prix -50%, Forum, Pharmacie, Effets | DocteurJobez\" \/>\n<meta property=\"og:url\" content=\"https:\/\/www.docteurjobez.fr\/pharmacie\/supp\/troverno\/\" \/>\n<meta property=\"og:site_name\" content=\"DocteurJobez\" \/>\n<meta property=\"article:modified_time\" content=\"2025-02-25T16:21:56+00:00\" \/>\n<meta property=\"og:image\" content=\"https:\/\/www.docteurjobez.fr\/pharmacie\/wp-content\/uploads\/2024\/10\/Troverno.jpg\" \/>\n\t<meta property=\"og:image:width\" content=\"768\" \/>\n\t<meta property=\"og:image:height\" content=\"768\" \/>\n\t<meta property=\"og:image:type\" content=\"image\/jpeg\" \/>\n<meta name=\"twitter:card\" content=\"summary_large_image\" \/>\n<meta name=\"twitter:description\" content=\"[date_countdown]\" \/>\n<meta name=\"twitter:label1\" content=\"Dur\u00e9e de lecture estim\u00e9e\" \/>\n\t<meta name=\"twitter:data1\" content=\"8 minutes\" \/>\n<script type=\"application\/ld+json\" class=\"yoast-schema-graph\">{\"@context\":\"https:\\\/\\\/schema.org\",\"@graph\":[{\"@type\":\"WebPage\",\"@id\":\"https:\\\/\\\/www.docteurjobez.fr\\\/pharmacie\\\/supp\\\/troverno\\\/\",\"url\":\"https:\\\/\\\/www.docteurjobez.fr\\\/pharmacie\\\/supp\\\/troverno\\\/\",\"name\":\"Troverno - Avis, Prix -50%, Forum, Pharmacie, Effets | DocteurJobez\",\"isPartOf\":{\"@id\":\"https:\\\/\\\/www.docteurjobez.fr\\\/pharmacie\\\/#website\"},\"primaryImageOfPage\":{\"@id\":\"https:\\\/\\\/www.docteurjobez.fr\\\/pharmacie\\\/supp\\\/troverno\\\/#primaryimage\"},\"image\":{\"@id\":\"https:\\\/\\\/www.docteurjobez.fr\\\/pharmacie\\\/supp\\\/troverno\\\/#primaryimage\"},\"thumbnailUrl\":\"https:\\\/\\\/www.docteurjobez.fr\\\/pharmacie\\\/wp-content\\\/uploads\\\/2024\\\/10\\\/Troverno.jpg\",\"datePublished\":\"2024-10-18T19:46:01+00:00\",\"dateModified\":\"2025-02-25T16:21:56+00:00\",\"breadcrumb\":{\"@id\":\"https:\\\/\\\/www.docteurjobez.fr\\\/pharmacie\\\/supp\\\/troverno\\\/#breadcrumb\"},\"inLanguage\":\"fr-FR\",\"potentialAction\":[{\"@type\":\"ReadAction\",\"target\":[\"https:\\\/\\\/www.docteurjobez.fr\\\/pharmacie\\\/supp\\\/troverno\\\/\"]}]},{\"@type\":\"ImageObject\",\"inLanguage\":\"fr-FR\",\"@id\":\"https:\\\/\\\/www.docteurjobez.fr\\\/pharmacie\\\/supp\\\/troverno\\\/#primaryimage\",\"url\":\"https:\\\/\\\/www.docteurjobez.fr\\\/pharmacie\\\/wp-content\\\/uploads\\\/2024\\\/10\\\/Troverno.jpg\",\"contentUrl\":\"https:\\\/\\\/www.docteurjobez.fr\\\/pharmacie\\\/wp-content\\\/uploads\\\/2024\\\/10\\\/Troverno.jpg\",\"width\":768,\"height\":768},{\"@type\":\"BreadcrumbList\",\"@id\":\"https:\\\/\\\/www.docteurjobez.fr\\\/pharmacie\\\/supp\\\/troverno\\\/#breadcrumb\",\"itemListElement\":[{\"@type\":\"ListItem\",\"position\":1,\"name\":\"Strona g\u0142\u00f3wna\",\"item\":\"https:\\\/\\\/www.docteurjobez.fr\\\/pharmacie\\\/\"},{\"@type\":\"ListItem\",\"position\":2,\"name\":\"farmaci\",\"item\":\"https:\\\/\\\/www.docteurjobez.fr\\\/pharmacie\\\/\"},{\"@type\":\"ListItem\",\"position\":3,\"name\":\"Troverno\"}]},{\"@type\":\"WebSite\",\"@id\":\"https:\\\/\\\/www.docteurjobez.fr\\\/pharmacie\\\/#website\",\"url\":\"https:\\\/\\\/www.docteurjobez.fr\\\/pharmacie\\\/\",\"name\":\"DocteurJobez\",\"description\":\"\",\"potentialAction\":[{\"@type\":\"SearchAction\",\"target\":{\"@type\":\"EntryPoint\",\"urlTemplate\":\"https:\\\/\\\/www.docteurjobez.fr\\\/pharmacie\\\/?s={search_term_string}\"},\"query-input\":{\"@type\":\"PropertyValueSpecification\",\"valueRequired\":true,\"valueName\":\"search_term_string\"}}],\"inLanguage\":\"fr-FR\"}]}<\/script>\n<!-- \/ Yoast SEO plugin. -->","yoast_head_json":{"title":"Troverno - Avis, Prix -50%, Forum, Pharmacie, Effets | DocteurJobez","robots":{"index":"index","follow":"follow","max-snippet":"max-snippet:-1","max-image-preview":"max-image-preview:large","max-video-preview":"max-video-preview:-1"},"canonical":"https:\/\/www.docteurjobez.fr\/pharmacie\/supp\/troverno\/","og_locale":"fr_FR","og_type":"article","og_title":"Troverno - Avis, Prix -50%, Forum, Pharmacie, Effets | DocteurJobez","og_url":"https:\/\/www.docteurjobez.fr\/pharmacie\/supp\/troverno\/","og_site_name":"DocteurJobez","article_modified_time":"2025-02-25T16:21:56+00:00","og_image":[{"width":768,"height":768,"url":"https:\/\/www.docteurjobez.fr\/pharmacie\/wp-content\/uploads\/2024\/10\/Troverno.jpg","type":"image\/jpeg"}],"twitter_card":"summary_large_image","twitter_description":"[date_countdown]","twitter_misc":{"Dur\u00e9e de lecture estim\u00e9e":"8 minutes"},"schema":{"@context":"https:\/\/schema.org","@graph":[{"@type":"WebPage","@id":"https:\/\/www.docteurjobez.fr\/pharmacie\/supp\/troverno\/","url":"https:\/\/www.docteurjobez.fr\/pharmacie\/supp\/troverno\/","name":"Troverno - Avis, Prix -50%, Forum, Pharmacie, Effets | DocteurJobez","isPartOf":{"@id":"https:\/\/www.docteurjobez.fr\/pharmacie\/#website"},"primaryImageOfPage":{"@id":"https:\/\/www.docteurjobez.fr\/pharmacie\/supp\/troverno\/#primaryimage"},"image":{"@id":"https:\/\/www.docteurjobez.fr\/pharmacie\/supp\/troverno\/#primaryimage"},"thumbnailUrl":"https:\/\/www.docteurjobez.fr\/pharmacie\/wp-content\/uploads\/2024\/10\/Troverno.jpg","datePublished":"2024-10-18T19:46:01+00:00","dateModified":"2025-02-25T16:21:56+00:00","breadcrumb":{"@id":"https:\/\/www.docteurjobez.fr\/pharmacie\/supp\/troverno\/#breadcrumb"},"inLanguage":"fr-FR","potentialAction":[{"@type":"ReadAction","target":["https:\/\/www.docteurjobez.fr\/pharmacie\/supp\/troverno\/"]}]},{"@type":"ImageObject","inLanguage":"fr-FR","@id":"https:\/\/www.docteurjobez.fr\/pharmacie\/supp\/troverno\/#primaryimage","url":"https:\/\/www.docteurjobez.fr\/pharmacie\/wp-content\/uploads\/2024\/10\/Troverno.jpg","contentUrl":"https:\/\/www.docteurjobez.fr\/pharmacie\/wp-content\/uploads\/2024\/10\/Troverno.jpg","width":768,"height":768},{"@type":"BreadcrumbList","@id":"https:\/\/www.docteurjobez.fr\/pharmacie\/supp\/troverno\/#breadcrumb","itemListElement":[{"@type":"ListItem","position":1,"name":"Strona g\u0142\u00f3wna","item":"https:\/\/www.docteurjobez.fr\/pharmacie\/"},{"@type":"ListItem","position":2,"name":"farmaci","item":"https:\/\/www.docteurjobez.fr\/pharmacie\/"},{"@type":"ListItem","position":3,"name":"Troverno"}]},{"@type":"WebSite","@id":"https:\/\/www.docteurjobez.fr\/pharmacie\/#website","url":"https:\/\/www.docteurjobez.fr\/pharmacie\/","name":"DocteurJobez","description":"","potentialAction":[{"@type":"SearchAction","target":{"@type":"EntryPoint","urlTemplate":"https:\/\/www.docteurjobez.fr\/pharmacie\/?s={search_term_string}"},"query-input":{"@type":"PropertyValueSpecification","valueRequired":true,"valueName":"search_term_string"}}],"inLanguage":"fr-FR"}]}},"_links":{"self":[{"href":"https:\/\/www.docteurjobez.fr\/pharmacie\/wp-json\/wp\/v2\/product\/4457","targetHints":{"allow":["GET"]}}],"collection":[{"href":"https:\/\/www.docteurjobez.fr\/pharmacie\/wp-json\/wp\/v2\/product"}],"about":[{"href":"https:\/\/www.docteurjobez.fr\/pharmacie\/wp-json\/wp\/v2\/types\/product"}],"replies":[{"embeddable":true,"href":"https:\/\/www.docteurjobez.fr\/pharmacie\/wp-json\/wp\/v2\/comments?post=4457"}],"wp:featuredmedia":[{"embeddable":true,"href":"https:\/\/www.docteurjobez.fr\/pharmacie\/wp-json\/wp\/v2\/media\/3850"}],"wp:attachment":[{"href":"https:\/\/www.docteurjobez.fr\/pharmacie\/wp-json\/wp\/v2\/media?parent=4457"}],"wp:term":[{"taxonomy":"product_brand","embeddable":true,"href":"https:\/\/www.docteurjobez.fr\/pharmacie\/wp-json\/wp\/v2\/product_brand?post=4457"},{"taxonomy":"product_cat","embeddable":true,"href":"https:\/\/www.docteurjobez.fr\/pharmacie\/wp-json\/wp\/v2\/product_cat?post=4457"},{"taxonomy":"product_tag","embeddable":true,"href":"https:\/\/www.docteurjobez.fr\/pharmacie\/wp-json\/wp\/v2\/product_tag?post=4457"}],"curies":[{"name":"wp","href":"https:\/\/api.w.org\/{rel}","templated":true}]}}