{"id":4472,"date":"2024-10-18T19:46:04","date_gmt":"2024-10-18T19:46:04","guid":{"rendered":"https:\/\/chirurgie-orthopedie-vannes.fr\/pharmacie\/?post_type=product&#038;p=4472"},"modified":"2025-03-09T10:25:18","modified_gmt":"2025-03-09T10:25:18","slug":"metadrol","status":"publish","type":"product","link":"https:\/\/www.docteurjobez.fr\/pharmacie\/supp\/metadrol\/","title":{"rendered":"Metadrol"},"content":{"rendered":"\n<h2 class=\"wp-block-heading\">Qu&rsquo;est-ce que Metadrol et comment fonctionne-t-il ?<\/h2>\n\n\n\n<p>Metadrol est un <em>compl\u00e9ment de prise de masse<\/em> destin\u00e9 \u00e0 favoriser la prise de masse musculaire. L&rsquo;<em>action de Metadrol<\/em> est bas\u00e9e sur une augmentation naturelle de la production de testost\u00e9rone, ce qui conduit \u00e0 l&rsquo;activation de l&rsquo;activit\u00e9 anabolique dans le corps. En cons\u00e9quence, les utilisateurs peuvent s&rsquo;attendre \u00e0 une am\u00e9lioration des performances tant pendant l&rsquo;entra\u00eenement que pendant la r\u00e9cup\u00e9ration musculaire.<\/p>\n\n\n\n<p><b>Les effets de ce<\/b> suppl\u00e9ment sont perceptibles apr\u00e8s une courte p\u00e9riode. En 1 \u00e0 3 mois d&rsquo;utilisation, il est possible d&rsquo;obtenir une augmentation significative de la masse musculaire, jusqu&rsquo;\u00e0 96%, et une augmentation de la force de l&rsquo;utilisateur jusqu&rsquo;\u00e0 147%. De tels r\u00e9sultats sont possibles gr\u00e2ce \u00e0 l&rsquo;activit\u00e9 anabolique \u00e9lev\u00e9e associ\u00e9e \u00e0 la formule unique HGRX-3.<\/p>\n\n\n\n<p>Metadrol augmente les niveaux d&rsquo;ATP et am\u00e9liore la circulation sanguine, ce qui favorise une prise de masse musculaire plus rapide. Une utilisation r\u00e9guli\u00e8re, avec une dose recommand\u00e9e de 2 g\u00e9lules par jour, donne d&rsquo;excellents <b>r\u00e9sultats<\/b>. Pour des r\u00e9sultats optimaux, il est recommand\u00e9 d&rsquo;utiliser Metadrol pendant au moins 3 mois.<\/p>\n\n\n\n<p>Avec une suppl\u00e9mentation adapt\u00e9e et un entra\u00eenement r\u00e9gulier, vous verrez vos seuils de prise de masse musculaire augmenter, ce qui fait du Metadrol un outil efficace entre les mains des athl\u00e8tes et de ceux qui cherchent \u00e0 construire le physique de leurs r\u00eaves.<\/p>\n\n\n\n<h2 class=\"wp-block-heading\">Quels sont les effets de l&rsquo;utilisation de Metadrol ?<\/h2>\n\n\n\n<p>L&rsquo;utilisation de Metadrol a de nombreux effets notables qui attirent les athl\u00e8tes amateurs et professionnels. Les utilisateurs rapportent les <em>effets de Metadrol<\/em> sous la forme de <em>gains<\/em> significatifs <em>de masse<\/em> musculaire et d&rsquo;une augmentation de la force \u00e0 un niveau permettant un entra\u00eenement plus intense.<\/p>\n\n\n\n<ul class=\"wp-block-list\">\n<li>La<em>prise de poids<\/em> est estim\u00e9e \u00e0 19,7 livres en moyenne apr\u00e8s 60 jours d&rsquo;utilisation r\u00e9guli\u00e8re.<\/li>\n\n\n\n<li>Les utilisateurs per\u00e7oivent une am\u00e9lioration de la force fonctionnelle, ce qui a un impact significatif sur les performances sportives.<\/li>\n\n\n\n<li>L&rsquo;intensit\u00e9 de l&rsquo;entra\u00eenement est augment\u00e9e gr\u00e2ce \u00e0 des ingr\u00e9dients qui contribuent \u00e0 la production d&rsquo;hormones favorisant les processus anaboliques.<\/li>\n\n\n\n<li>Les utilisateurs de Metadrol remarquent moins de retard musculaire et une r\u00e9cup\u00e9ration plus rapide apr\u00e8s l&rsquo;exercice, ce qui leur permet de planifier leurs s\u00e9ances d&rsquo;entra\u00eenement de mani\u00e8re plus efficace.<\/li>\n<\/ul>\n\n\n\n<p>Le produit a re\u00e7u une note \u00e9lev\u00e9e de 4,95 sur 5 dans les commentaires des utilisateurs, ce qui souligne son efficacit\u00e9. La qualit\u00e9 des ingr\u00e9dients favorise l&rsquo;<em>augmentation de la force<\/em> et l&rsquo;am\u00e9lioration des performances. La teneur en substances telles que les prot\u00e9ines et la cr\u00e9atine acc\u00e9l\u00e8re les processus anaboliques, ce qui permet d&rsquo;obtenir de meilleurs r\u00e9sultats en peu de temps.<\/p>\n\n\n\n<p><b>Les effets de<\/b> Metadrol sont perceptibles en peu de temps, ce qui en fait l&rsquo;un des compl\u00e9ments les plus efficaces pour soutenir le d\u00e9veloppement de la masse musculaire disponible sur le march\u00e9. Avec une suppl\u00e9mentation adapt\u00e9e, de nombreuses personnes constatent une diff\u00e9rence significative dans leurs performances athl\u00e9tiques.<\/p>\n\n\n\n<h2 class=\"wp-block-heading\">Comment utiliser Metadrol &#8211; Mode d&#8217;emploi et posologie<\/h2>\n\n\n\n<p>Metadrol est un compl\u00e9ment qui optimise la <b>prise de masse musculaire<\/b> et doit \u00eatre pris conform\u00e9ment au <em>mode d&#8217;emploi<\/em> pour obtenir les meilleurs r\u00e9sultats. Il est recommand\u00e9 de prendre deux g\u00e9lules par jour, l&rsquo;une le matin et l&rsquo;autre le soir. Il est important de boire beaucoup d&rsquo;eau pour favoriser l&rsquo;absorption des principes actifs.<\/p>\n\n\n\n<p>Les g\u00e9lules contiennent une formule unique de HGRX-3 ainsi que du Tribulus Terrestris et de la caf\u00e9ine, qui contribuent tous \u00e0 soutenir les processus anaboliques dans le corps. <em>Le dosage de Metadrol<\/em> est de 60 g\u00e9lules par paquet, ce qui permet un cycle complet d&rsquo;utilisation mensuelle.<\/p>\n\n\n\n<p>Il convient de rappeler que <b>la suppl\u00e9mentation en<\/b> Metadrol doit \u00eatre associ\u00e9e \u00e0 un programme d&rsquo;entra\u00eenement appropri\u00e9 et \u00e0 une alimentation \u00e9quilibr\u00e9e. De cette mani\u00e8re, vous pouvez maximiser <b>les effets de la<\/b> <em>suppl\u00e9mentation<\/em> et obtenir les r\u00e9sultats souhait\u00e9s en mati\u00e8re d&rsquo;am\u00e9lioration de la force et de r\u00e9duction de la graisse corporelle.<\/p>\n\n\n\n<h2 class=\"wp-block-heading\">Exp\u00e9riences et commentaires des utilisateurs de Metadrol &#8211; quels sont les commentaires ?<\/h2>\n\n\n\n<p>De nombreux utilisateurs de Metadrol ont fait part de leur <em>exp\u00e9rience<\/em>. Le suppl\u00e9ment a obtenu des notes \u00e9lev\u00e9es et son efficacit\u00e9 a \u00e9t\u00e9 confirm\u00e9e par de nombreux <em>avis.<\/em> Ses effets positifs sur la <b>prise de masse musculaire<\/b> et l&rsquo;am\u00e9lioration de la force sont le plus souvent cit\u00e9s. Les utilisateurs l&rsquo;appr\u00e9cient pour son temps de r\u00e9cup\u00e9ration rapide apr\u00e8s des s\u00e9ances d&rsquo;entra\u00eenement intensives.<\/p>\n\n\n\n<figure class=\"wp-block-table\"><table class=\"has-fixed-layout\"><tbody><tr><th>Utilisateur<\/th><th>L&rsquo;\u00e9valuation<\/th><th>Exp\u00e9riences<\/th><\/tr><tr><td>Marek<\/td><td>9.0\/10<\/td><td>Il l&rsquo;a utilis\u00e9 pendant 2 mois. Il a constat\u00e9 <b>une augmentation de la masse<\/b> et de la force, une meilleure r\u00e9cup\u00e9ration.<\/td><\/tr><tr><td>Kasia<\/td><td>9.5\/10<\/td><td>Exp\u00e9rience tr\u00e8s positive, am\u00e9lioration de la flexibilit\u00e9 et de l&rsquo;\u00e9nergie.<\/td><\/tr><tr><td>Tom<\/td><td>9.3\/10<\/td><td>Une avanc\u00e9e dans l&rsquo;entra\u00eenement, une r\u00e9cup\u00e9ration rapide, une augmentation significative des performances en salle de sport.<\/td><\/tr><\/tbody><\/table><\/figure>\n\n\n\n<p>Les <b>avis sur Metadrol<\/b> montrent que ce compl\u00e9ment est particuli\u00e8rement recommand\u00e9 pour ceux qui cherchent \u00e0 augmenter leur masse musculaire, avec des r\u00e9sultats en 3 \u00e0 4 semaines seulement. Les athl\u00e8tes et les amateurs sont convaincus qu&rsquo;avec un r\u00e9gime alimentaire adapt\u00e9 et un entra\u00eenement r\u00e9gulier, les <em>avis sur Metadrol<\/em> seront encore plus positifs.<\/p>\n\n\n\n<p>Malgr\u00e9 quelques commentaires n\u00e9gatifs sur le remboursement, l&rsquo;\u00e9crasante majorit\u00e9 des exp\u00e9riences des utilisateurs est satisfaisante. L&rsquo;innocuit\u00e9 de Metadrol est \u00e9galement confirm\u00e9e par les <b>commentaires des<\/b> utilisateurs, qui soulignent l&rsquo;absence d&rsquo;effets secondaires significatifs. Les compl\u00e9ments prot\u00e9iques tels que Metadrol sont consid\u00e9r\u00e9s comme les meilleurs pour ceux qui se lancent dans l&rsquo;aventure de la prise de masse musculaire.<\/p>\n\n\n\n<h2 class=\"wp-block-heading\">Metadrol &#8211; Composition &#8211; Que contient-il ?<\/h2>\n\n\n\n<p>Metadrol est un <b>compl\u00e9ment alimentaire<\/b> dot\u00e9 de la <em>formule<\/em> innovante <em>HGRX-3<\/em>, qui contient des <b>principes actifs<\/b> destin\u00e9s \u00e0 soutenir les processus anaboliques de l&rsquo;organisme. Ce compos\u00e9 a \u00e9t\u00e9 d\u00e9velopp\u00e9 par une \u00e9quipe de pharmaciens et de bio-ing\u00e9nieurs, ce qui garantit sa s\u00e9curit\u00e9 et son efficacit\u00e9.<\/p>\n\n\n\n<p><b>Metadrol<\/b> contient une vari\u00e9t\u00e9 d&rsquo;<b>ingr\u00e9dients actifs<\/b> qui soutiennent les fonctions naturelles du corps. <b>La formule HGRX-3<\/b> a \u00e9t\u00e9 d\u00e9velopp\u00e9e pour augmenter l&rsquo;endurance musculaire, ce qui permet des s\u00e9ances d&rsquo;entra\u00eenement plus longues et plus intenses.<\/p>\n\n\n\n<figure class=\"wp-block-table\"><table class=\"has-fixed-layout\"><tbody><tr><th>Composant<\/th><th>Description<\/th><\/tr><tr><td>HGRX-3<\/td><td>Augmente l&rsquo;activit\u00e9 anabolique sans affecter le syst\u00e8me endocrinien.<\/td><\/tr><tr><td>Caf\u00e9ine<\/td><td>Permet de faire de l&rsquo;exercice plus longtemps, d&rsquo;augmenter les niveaux d&rsquo;\u00e9nergie et de br\u00fbler les graisses.<\/td><\/tr><tr><td>Tribulus Terrestris<\/td><td>Augmente le taux de testost\u00e9rone, ce qui favorise la croissance de la masse musculaire.<\/td><\/tr><tr><td>Vitamines<\/td><td>Il offre un complexe de vitamines A, C, D et B pour soutenir la sant\u00e9 globale.<\/td><\/tr><tr><td>Min\u00e9raux<\/td><td>Il contient notamment du zinc, du fer, du mangan\u00e8se et du s\u00e9l\u00e9nium, qui favorisent le d\u00e9veloppement musculaire.<\/td><\/tr><\/tbody><\/table><\/figure>\n\n\n\n<p>Les \u00e9tudes cliniques confirment que les ingr\u00e9dients favorisent non seulement la croissance musculaire, mais aussi la r\u00e9duction des graisses. Les utilisateurs de Metadrol font \u00e9tat de changements rapides dans leur physique, ce qui se traduit par une plus grande confiance et une plus grande satisfaction \u00e0 l&rsquo;\u00e9gard de leur apparence. Le compl\u00e9ment ne remplace pas un r\u00e9gime alimentaire sain et est plus efficace lorsqu&rsquo;il est associ\u00e9 \u00e0 des repas riches en prot\u00e9ines et \u00e0 un entra\u00eenement de force r\u00e9gulier.<\/p>\n\n\n\n<h2 class=\"wp-block-heading\">O\u00f9 acheter Metadrol &#8211; prix<\/h2>\n\n\n\n<p>Metadrol est un produit uniquement disponible sur le site officiel du fabricant, ce qui garantit son authenticit\u00e9 et sa meilleure qualit\u00e9. Le fabricant organise r\u00e9guli\u00e8rement des promotions attrayantes, qui peuvent inclure des r\u00e9ductions en pourcentage, la livraison gratuite ou l&#8217;emballage gratuit pour les commandes plus importantes. Pour b\u00e9n\u00e9ficier des meilleures offres, il convient de visiter r\u00e9guli\u00e8rement le site web et de suivre les bonnes affaires disponibles.<\/p>\n\n\n\n<h2 class=\"wp-block-heading\">Metadrol &#8211; Effets secondaires et contre-indications<\/h2>\n\n\n\n<p>Metadrol a \u00e9t\u00e9 con\u00e7u pour assurer la s\u00e9curit\u00e9 des suppl\u00e9ments et, dans la plupart des cas, ne provoque pas d&rsquo;effets secondaires graves s&rsquo;il est utilis\u00e9 conform\u00e9ment aux instructions. Toutefois, il est important de noter que les personnes ayant des probl\u00e8mes de sant\u00e9 pr\u00e9existants devraient toujours consulter un m\u00e9decin avant de commencer \u00e0 prendre des suppl\u00e9ments. En plus des directives g\u00e9n\u00e9rales, il est important de noter <b>les contre-indications de Metadrol<\/b>, telles que la grossesse, l&rsquo;allaitement et l&rsquo;allergie aux ingr\u00e9dients du suppl\u00e9ment.<\/p>\n\n\n\n<p>Bien que le Metadrol soit consid\u00e9r\u00e9 comme un suppl\u00e9ment aux effets secondaires plus l\u00e9gers que tout autre compos\u00e9 anabolisant, il peut pr\u00e9senter certains risques. Des utilisateurs ont signal\u00e9 des sympt\u00f4mes tels que l&rsquo;accumulation de graisse, des dysfonctionnements sexuels et des probl\u00e8mes de peau tels que l&rsquo;acn\u00e9. Il convient de noter que certaines personnes ont \u00e9galement connu des changements d&rsquo;humeur qui peuvent affecter leur vie quotidienne.<\/p>\n\n\n\n<p>En cas d&rsquo;effets ind\u00e9sirables, il est important d&rsquo;arr\u00eater imm\u00e9diatement l&rsquo;utilisation du compl\u00e9ment et de consulter votre m\u00e9decin pour une \u00e9valuation de votre \u00e9tat de sant\u00e9. Bien que Metadrol puisse produire des r\u00e9sultats satisfaisants en mati\u00e8re de gain de masse musculaire, la s\u00e9curit\u00e9 et la sant\u00e9 des utilisateurs doivent toujours \u00eatre une priorit\u00e9.<\/p>\n","protected":false},"excerpt":{"rendered":"<p><strong>[date_countdown]<\/strong><\/p>\n<p><img decoding=\"async\" class=\"alignnone  wp-image-8427\" src=\"https:\/\/www.docteurjobez.fr\/pharmacie\/wp-content\/uploads\/2024\/10\/SAFE-PAY-300x88-1.png\" alt=\"SAFE-PAY-300x88\" width=\"164\" height=\"48\" \/><\/p>\n","protected":false},"featured_media":3900,"comment_status":"open","ping_status":"closed","template":"","meta":{"neve_meta_sidebar":"","neve_meta_container":"","neve_meta_enable_content_width":"","neve_meta_content_width":0,"neve_meta_title_alignment":"","neve_meta_author_avatar":"","neve_post_elements_order":"","neve_meta_disable_header":"","neve_meta_disable_footer":"","neve_meta_disable_title":"","neve_meta_reading_time":""},"product_brand":[],"product_cat":[15],"product_tag":[],"class_list":{"0":"post-4472","1":"product","2":"type-product","3":"status-publish","4":"has-post-thumbnail","6":"product_cat-perte-de-poids","8":"first","9":"instock","10":"sale","11":"shipping-taxable","12":"product-type-external"},"yoast_head":"<!-- This site is optimized with the Yoast SEO plugin v27.4 - https:\/\/yoast.com\/product\/yoast-seo-wordpress\/ -->\n<title>Metadrol - Avis, Prix -50%, Forum, Pharmacie, Effets | DocteurJobez<\/title>\n<meta name=\"robots\" content=\"index, follow, max-snippet:-1, max-image-preview:large, max-video-preview:-1\" \/>\n<link rel=\"canonical\" href=\"https:\/\/www.docteurjobez.fr\/pharmacie\/supp\/metadrol\/\" \/>\n<meta property=\"og:locale\" content=\"fr_FR\" \/>\n<meta property=\"og:type\" content=\"article\" \/>\n<meta property=\"og:title\" content=\"Metadrol - Avis, Prix -50%, Forum, Pharmacie, Effets | DocteurJobez\" \/>\n<meta property=\"og:url\" content=\"https:\/\/www.docteurjobez.fr\/pharmacie\/supp\/metadrol\/\" \/>\n<meta property=\"og:site_name\" content=\"DocteurJobez\" \/>\n<meta property=\"article:modified_time\" content=\"2025-03-09T10:25:18+00:00\" \/>\n<meta property=\"og:image\" content=\"https:\/\/www.docteurjobez.fr\/pharmacie\/wp-content\/uploads\/2024\/10\/Metadrol.jpg\" \/>\n\t<meta property=\"og:image:width\" content=\"768\" \/>\n\t<meta property=\"og:image:height\" content=\"768\" \/>\n\t<meta property=\"og:image:type\" content=\"image\/jpeg\" \/>\n<meta name=\"twitter:card\" content=\"summary_large_image\" \/>\n<meta name=\"twitter:description\" content=\"[date_countdown]\" \/>\n<meta name=\"twitter:label1\" content=\"Dur\u00e9e de lecture estim\u00e9e\" \/>\n\t<meta name=\"twitter:data1\" content=\"1 minute\" \/>\n<script type=\"application\/ld+json\" class=\"yoast-schema-graph\">{\"@context\":\"https:\\\/\\\/schema.org\",\"@graph\":[{\"@type\":\"WebPage\",\"@id\":\"https:\\\/\\\/www.docteurjobez.fr\\\/pharmacie\\\/supp\\\/metadrol\\\/\",\"url\":\"https:\\\/\\\/www.docteurjobez.fr\\\/pharmacie\\\/supp\\\/metadrol\\\/\",\"name\":\"Metadrol - Avis, Prix -50%, Forum, Pharmacie, Effets | DocteurJobez\",\"isPartOf\":{\"@id\":\"https:\\\/\\\/www.docteurjobez.fr\\\/pharmacie\\\/#website\"},\"primaryImageOfPage\":{\"@id\":\"https:\\\/\\\/www.docteurjobez.fr\\\/pharmacie\\\/supp\\\/metadrol\\\/#primaryimage\"},\"image\":{\"@id\":\"https:\\\/\\\/www.docteurjobez.fr\\\/pharmacie\\\/supp\\\/metadrol\\\/#primaryimage\"},\"thumbnailUrl\":\"https:\\\/\\\/www.docteurjobez.fr\\\/pharmacie\\\/wp-content\\\/uploads\\\/2024\\\/10\\\/Metadrol.jpg\",\"datePublished\":\"2024-10-18T19:46:04+00:00\",\"dateModified\":\"2025-03-09T10:25:18+00:00\",\"breadcrumb\":{\"@id\":\"https:\\\/\\\/www.docteurjobez.fr\\\/pharmacie\\\/supp\\\/metadrol\\\/#breadcrumb\"},\"inLanguage\":\"fr-FR\",\"potentialAction\":[{\"@type\":\"ReadAction\",\"target\":[\"https:\\\/\\\/www.docteurjobez.fr\\\/pharmacie\\\/supp\\\/metadrol\\\/\"]}]},{\"@type\":\"ImageObject\",\"inLanguage\":\"fr-FR\",\"@id\":\"https:\\\/\\\/www.docteurjobez.fr\\\/pharmacie\\\/supp\\\/metadrol\\\/#primaryimage\",\"url\":\"https:\\\/\\\/www.docteurjobez.fr\\\/pharmacie\\\/wp-content\\\/uploads\\\/2024\\\/10\\\/Metadrol.jpg\",\"contentUrl\":\"https:\\\/\\\/www.docteurjobez.fr\\\/pharmacie\\\/wp-content\\\/uploads\\\/2024\\\/10\\\/Metadrol.jpg\",\"width\":768,\"height\":768},{\"@type\":\"BreadcrumbList\",\"@id\":\"https:\\\/\\\/www.docteurjobez.fr\\\/pharmacie\\\/supp\\\/metadrol\\\/#breadcrumb\",\"itemListElement\":[{\"@type\":\"ListItem\",\"position\":1,\"name\":\"Strona g\u0142\u00f3wna\",\"item\":\"https:\\\/\\\/www.docteurjobez.fr\\\/pharmacie\\\/\"},{\"@type\":\"ListItem\",\"position\":2,\"name\":\"farmaci\",\"item\":\"https:\\\/\\\/www.docteurjobez.fr\\\/pharmacie\\\/\"},{\"@type\":\"ListItem\",\"position\":3,\"name\":\"Metadrol\"}]},{\"@type\":\"WebSite\",\"@id\":\"https:\\\/\\\/www.docteurjobez.fr\\\/pharmacie\\\/#website\",\"url\":\"https:\\\/\\\/www.docteurjobez.fr\\\/pharmacie\\\/\",\"name\":\"DocteurJobez\",\"description\":\"\",\"potentialAction\":[{\"@type\":\"SearchAction\",\"target\":{\"@type\":\"EntryPoint\",\"urlTemplate\":\"https:\\\/\\\/www.docteurjobez.fr\\\/pharmacie\\\/?s={search_term_string}\"},\"query-input\":{\"@type\":\"PropertyValueSpecification\",\"valueRequired\":true,\"valueName\":\"search_term_string\"}}],\"inLanguage\":\"fr-FR\"}]}<\/script>\n<!-- \/ Yoast SEO plugin. -->","yoast_head_json":{"title":"Metadrol - Avis, Prix -50%, Forum, Pharmacie, Effets | DocteurJobez","robots":{"index":"index","follow":"follow","max-snippet":"max-snippet:-1","max-image-preview":"max-image-preview:large","max-video-preview":"max-video-preview:-1"},"canonical":"https:\/\/www.docteurjobez.fr\/pharmacie\/supp\/metadrol\/","og_locale":"fr_FR","og_type":"article","og_title":"Metadrol - Avis, Prix -50%, Forum, Pharmacie, Effets | DocteurJobez","og_url":"https:\/\/www.docteurjobez.fr\/pharmacie\/supp\/metadrol\/","og_site_name":"DocteurJobez","article_modified_time":"2025-03-09T10:25:18+00:00","og_image":[{"width":768,"height":768,"url":"https:\/\/www.docteurjobez.fr\/pharmacie\/wp-content\/uploads\/2024\/10\/Metadrol.jpg","type":"image\/jpeg"}],"twitter_card":"summary_large_image","twitter_description":"[date_countdown]","twitter_misc":{"Dur\u00e9e de lecture estim\u00e9e":"1 minute"},"schema":{"@context":"https:\/\/schema.org","@graph":[{"@type":"WebPage","@id":"https:\/\/www.docteurjobez.fr\/pharmacie\/supp\/metadrol\/","url":"https:\/\/www.docteurjobez.fr\/pharmacie\/supp\/metadrol\/","name":"Metadrol - Avis, Prix -50%, Forum, Pharmacie, Effets | DocteurJobez","isPartOf":{"@id":"https:\/\/www.docteurjobez.fr\/pharmacie\/#website"},"primaryImageOfPage":{"@id":"https:\/\/www.docteurjobez.fr\/pharmacie\/supp\/metadrol\/#primaryimage"},"image":{"@id":"https:\/\/www.docteurjobez.fr\/pharmacie\/supp\/metadrol\/#primaryimage"},"thumbnailUrl":"https:\/\/www.docteurjobez.fr\/pharmacie\/wp-content\/uploads\/2024\/10\/Metadrol.jpg","datePublished":"2024-10-18T19:46:04+00:00","dateModified":"2025-03-09T10:25:18+00:00","breadcrumb":{"@id":"https:\/\/www.docteurjobez.fr\/pharmacie\/supp\/metadrol\/#breadcrumb"},"inLanguage":"fr-FR","potentialAction":[{"@type":"ReadAction","target":["https:\/\/www.docteurjobez.fr\/pharmacie\/supp\/metadrol\/"]}]},{"@type":"ImageObject","inLanguage":"fr-FR","@id":"https:\/\/www.docteurjobez.fr\/pharmacie\/supp\/metadrol\/#primaryimage","url":"https:\/\/www.docteurjobez.fr\/pharmacie\/wp-content\/uploads\/2024\/10\/Metadrol.jpg","contentUrl":"https:\/\/www.docteurjobez.fr\/pharmacie\/wp-content\/uploads\/2024\/10\/Metadrol.jpg","width":768,"height":768},{"@type":"BreadcrumbList","@id":"https:\/\/www.docteurjobez.fr\/pharmacie\/supp\/metadrol\/#breadcrumb","itemListElement":[{"@type":"ListItem","position":1,"name":"Strona g\u0142\u00f3wna","item":"https:\/\/www.docteurjobez.fr\/pharmacie\/"},{"@type":"ListItem","position":2,"name":"farmaci","item":"https:\/\/www.docteurjobez.fr\/pharmacie\/"},{"@type":"ListItem","position":3,"name":"Metadrol"}]},{"@type":"WebSite","@id":"https:\/\/www.docteurjobez.fr\/pharmacie\/#website","url":"https:\/\/www.docteurjobez.fr\/pharmacie\/","name":"DocteurJobez","description":"","potentialAction":[{"@type":"SearchAction","target":{"@type":"EntryPoint","urlTemplate":"https:\/\/www.docteurjobez.fr\/pharmacie\/?s={search_term_string}"},"query-input":{"@type":"PropertyValueSpecification","valueRequired":true,"valueName":"search_term_string"}}],"inLanguage":"fr-FR"}]}},"_links":{"self":[{"href":"https:\/\/www.docteurjobez.fr\/pharmacie\/wp-json\/wp\/v2\/product\/4472","targetHints":{"allow":["GET"]}}],"collection":[{"href":"https:\/\/www.docteurjobez.fr\/pharmacie\/wp-json\/wp\/v2\/product"}],"about":[{"href":"https:\/\/www.docteurjobez.fr\/pharmacie\/wp-json\/wp\/v2\/types\/product"}],"replies":[{"embeddable":true,"href":"https:\/\/www.docteurjobez.fr\/pharmacie\/wp-json\/wp\/v2\/comments?post=4472"}],"wp:featuredmedia":[{"embeddable":true,"href":"https:\/\/www.docteurjobez.fr\/pharmacie\/wp-json\/wp\/v2\/media\/3900"}],"wp:attachment":[{"href":"https:\/\/www.docteurjobez.fr\/pharmacie\/wp-json\/wp\/v2\/media?parent=4472"}],"wp:term":[{"taxonomy":"product_brand","embeddable":true,"href":"https:\/\/www.docteurjobez.fr\/pharmacie\/wp-json\/wp\/v2\/product_brand?post=4472"},{"taxonomy":"product_cat","embeddable":true,"href":"https:\/\/www.docteurjobez.fr\/pharmacie\/wp-json\/wp\/v2\/product_cat?post=4472"},{"taxonomy":"product_tag","embeddable":true,"href":"https:\/\/www.docteurjobez.fr\/pharmacie\/wp-json\/wp\/v2\/product_tag?post=4472"}],"curies":[{"name":"wp","href":"https:\/\/api.w.org\/{rel}","templated":true}]}}