{"id":4474,"date":"2024-10-18T19:46:04","date_gmt":"2024-10-18T19:46:04","guid":{"rendered":"https:\/\/chirurgie-orthopedie-vannes.fr\/pharmacie\/?post_type=product&#038;p=4474"},"modified":"2025-03-07T11:08:01","modified_gmt":"2025-03-07T11:08:01","slug":"nicorix","status":"publish","type":"product","link":"https:\/\/www.docteurjobez.fr\/pharmacie\/supp\/nicorix\/","title":{"rendered":"Nicorix"},"content":{"rendered":"\n<h2 class=\"wp-block-heading\">Qu&rsquo;est-ce que Nicorix et comment fonctionne-t-il ?<\/h2>\n\n\n\n<p>Nicorix est un <em>compl\u00e9ment<\/em> alimentaire <em>naturel<\/em> qui a \u00e9t\u00e9 d\u00e9velopp\u00e9 pour les personnes qui souhaitent arr\u00eater de fumer. L&rsquo;<strong>action de Nicorix<\/strong> est de r\u00e9duire efficacement les envies de nicotine et d&rsquo;att\u00e9nuer les sympt\u00f4mes li\u00e9s au sevrage. Gr\u00e2ce \u00e0 sa formule unique, qui contient des <b>ingr\u00e9dients<\/b> tels que l&rsquo;extrait d&rsquo;ortie et la racine de r\u00e9glisse, Nicorix devient un soutien dans le difficile processus de d\u00e9sintoxication de l&rsquo;organisme.<\/p>\n\n\n\n<p>De nombreux utilisateurs se demandent <strong>comment fonctionne<\/strong> ce compl\u00e9ment. Nicorix aide l&rsquo;organisme \u00e0 s&rsquo;adapter \u00e0 la vie sans nicotine, ce qui se traduit par une am\u00e9lioration du bien-\u00eatre et des performances. Son utilisation r\u00e9guli\u00e8re entra\u00eene une r\u00e9duction de l&rsquo;envie de fumer, ce qui est un \u00e9l\u00e9ment cl\u00e9 d&rsquo;un sevrage tabagique r\u00e9ussi.<\/p>\n\n\n\n<p>Les principaux avantages de Nicorix sont non seulement une am\u00e9lioration du bien-\u00eatre physique, mais aussi un soutien mental, ce qui est important pendant les moments difficiles du sevrage. La <b>formulation<\/b> naturelle favorise les processus de d\u00e9sintoxication, les utilisateurs faisant \u00e9tat d&rsquo;une r\u00e9duction significative des envies de fumer et d&rsquo;une am\u00e9lioration de la sensation de bien-\u00eatre au quotidien. En utilisant Nicorix, vous pouvez b\u00e9n\u00e9ficier d&rsquo;une aide pr\u00e9cieuse dans la lutte contre la d\u00e9pendance \u00e0 la nicotine.<\/p>\n\n\n\n<h2 class=\"wp-block-heading\">Nicorix &#8211; effets de l&rsquo;application<\/h2>\n\n\n\n<p>Les <b>effets de Nicorix<\/b> sont souvent comment\u00e9s positivement par les utilisateurs. Le produit soutient le processus de sevrage tabagique, ce qui se traduit par ses <b>effets b\u00e9n\u00e9fiques<\/b> sur la r\u00e9duction des envies de nicotine. Les utilisateurs remarquent une r\u00e9duction des sympt\u00f4mes d&rsquo;abstinence, ce qui am\u00e9liore leur bien-\u00eatre. En outre, des \u00e9tudes montrent que Nicorix est <b>efficace pour<\/b> faciliter la lutte contre la d\u00e9pendance.<\/p>\n\n\n\n<p>Il convient de noter que les utilisateurs de Nicorix font \u00e9galement \u00e9tat d&rsquo;un regain d&rsquo;\u00e9nergie et d&rsquo;une am\u00e9lioration de l&rsquo;humeur, ce qui est important pendant le difficile processus d&rsquo;abandon de la cigarette. Le compl\u00e9ment favorise la sant\u00e9 des poumons et contribue \u00e0 \u00e9liminer les effets n\u00e9gatifs du tabagisme. L&rsquo;utilisation de Nicorix en combinaison avec d&rsquo;autres formes de th\u00e9rapie, comme la citicoline, peut donner des <b>r\u00e9sultats<\/b> encore meilleurs dans la lutte contre la d\u00e9pendance.<\/p>\n\n\n\n<figure class=\"wp-block-table\"><table class=\"has-fixed-layout\"><tbody><tr><th>Effet<\/th><th>Description<\/th><\/tr><tr><td>R\u00e9duire l&rsquo;envie de fumer<\/td><td>Les utilisateurs signalent une r\u00e9duction significative de l&rsquo;envie de nicotine.<\/td><\/tr><tr><td>Traitement des sympt\u00f4mes de l&rsquo;abstinence<\/td><td>La pr\u00e9paration att\u00e9nue les sympt\u00f4mes d\u00e9sagr\u00e9ables qui accompagnent le sevrage.<\/td><\/tr><tr><td>Am\u00e9liorer l&rsquo;humeur<\/td><td>Augmentation de l&rsquo;\u00e9nergie et am\u00e9lioration du bien-\u00eatre pendant le sevrage.<\/td><\/tr><tr><td>Soutien \u00e0 la sant\u00e9 pulmonaire<\/td><td>Aide \u00e0 r\u00e9duire les effets n\u00e9gatifs du tabagisme.<\/td><\/tr><\/tbody><\/table><\/figure>\n\n\n\n<h2 class=\"wp-block-heading\">Nicorix dosage &#8211; Comment l&rsquo;utiliser ?<\/h2>\n\n\n\n<p>Pour un <b>r\u00e9sultat<\/b> optimal, <b>Nicorix dosage<\/b> recommande de prendre deux g\u00e9lules par jour &#8211; au moins une le matin et une le soir. Il est pr\u00e9f\u00e9rable de les prendre apr\u00e8s les repas. Ce <em>dosage recommand\u00e9<\/em> apporte un soutien plus efficace dans le processus de sevrage tabagique. La r\u00e9gularit\u00e9 de l&rsquo;utilisation est essentielle ; une prise irr\u00e9guli\u00e8re du compl\u00e9ment peut affecter de mani\u00e8re significative son <b>effet<\/b> et les effets qui peuvent \u00eatre obtenus.<\/p>\n\n\n\n<p>Il est important de lire la notice et de consulter votre m\u00e9decin avant de commencer le traitement, en particulier pour les personnes souffrant de maladies chroniques. Les g\u00e9lules Nicorix sont destin\u00e9es aux adultes et sont d\u00e9conseill\u00e9es aux femmes enceintes ou allaitantes, ainsi qu&rsquo;aux personnes \u00e2g\u00e9es de moins de 18 ans. Il convient de rappeler que le produit ne contient pas de nicotine, ce qui \u00e9limine le risque de maintenir une d\u00e9pendance.<\/p>\n\n\n\n<p>L&rsquo;utilisation de Nicorix offre la possibilit\u00e9 d&rsquo;am\u00e9liorer le bien-\u00eatre et la forme physique. Les utilisateurs rapportent souvent une r\u00e9duction significative du besoin de fumer apr\u00e8s seulement deux semaines d&rsquo;utilisation r\u00e9guli\u00e8re. Les r\u00e9sultats des essais cliniques confirment l&rsquo;<b>efficacit\u00e9 de<\/b> ce compl\u00e9ment dans la lutte contre la d\u00e9pendance.<\/p>\n\n\n\n<h2 class=\"wp-block-heading\">Nicorix &#8211; Avis des utilisateurs, forum &#8211; Que disent les utilisateurs ?<\/h2>\n\n\n\n<p>Les <b>avis sur Nicorix<\/b> publi\u00e9s sur les forums en ligne montrent que de nombreuses personnes ont r\u00e9ussi \u00e0 arr\u00eater de fumer gr\u00e2ce \u00e0 ce compl\u00e9ment. Les <b>exp\u00e9riences des utilisateurs<\/b> sont vari\u00e9es, mais elles soulignent g\u00e9n\u00e9ralement la grande <em>efficacit\u00e9 du<\/em> produit. Apr\u00e8s avoir utilis\u00e9 Nicorix, de nombreuses personnes remarquent des changements positifs dans leur vie.<\/p>\n\n\n\n<blockquote class=\"wp-block-quote is-layout-flow wp-block-quote-is-layout-flow\">\n<p>\u00ab\u00a0Apr\u00e8s avoir utilis\u00e9 Nicorix pendant quelques semaines, j&rsquo;ai arr\u00eat\u00e9 de fumer sans trop de difficult\u00e9s. Je me suis sentie moins stress\u00e9e et mon humeur s&rsquo;est nettement am\u00e9lior\u00e9e.\u00a0\u00bb &#8211; Marta, utilisatrice<\/p>\n<\/blockquote>\n\n\n\n<p>Kamil, un autre utilisateur, a d\u00e9clar\u00e9 : \u00ab\u00a0Arr\u00eater de fumer avec Nicorix a \u00e9t\u00e9 plus facile pour moi que je ne le pensais. Le produit fonctionne vraiment et je le recommanderais \u00e0 tous ceux qui luttent pour arr\u00eater de fumer\u00a0\u00bb. De tels <b>commentaires<\/b> confirment que l <em>&lsquo;exp\u00e9rience des utilisateurs<\/em> est positive, ce qui attire de nouveaux clients.<\/p>\n\n\n\n<p>Aneta, une autre utilisatrice du suppl\u00e9ment, souligne : \u00ab\u00a0Au d\u00e9but, j&rsquo;avais des doutes, mais apr\u00e8s quelques jours, j&rsquo;ai remarqu\u00e9 que je ne ressentais plus le besoin de fumer. Gr\u00e2ce \u00e0 Nicorix, je me sens mieux et j&rsquo;ai plus d&rsquo;\u00e9nergie\u00a0\u00bb. Il s&rsquo;agit d&rsquo;un autre t\u00e9moignage indiquant l&rsquo;am\u00e9lioration rapide apr\u00e8s la prise du produit.<\/p>\n\n\n\n<p>De nombreuses personnes partagent leurs <em>exp\u00e9riences d&rsquo;utilisateur<\/em> sur le <b>forum<\/b>, o\u00f9 vous pouvez trouver diff\u00e9rents points de vue sur l&rsquo;<em>efficacit\u00e9 de<\/em> Nicorix. Il vaut la peine de lire ces informations pour se faire une id\u00e9e plus compl\u00e8te de la mani\u00e8re dont ce produit peut aider \u00e0 lutter contre la d\u00e9pendance. Les <b>avis sur Nicorix<\/b> montrent que la grande majorit\u00e9 des utilisateurs attribuent 5 \u00e9toiles \u00e0 ce compl\u00e9ment, ce qui est la meilleure preuve de son <b>efficacit\u00e9<\/b>. Une utilisation r\u00e9guli\u00e8re permet d&rsquo;att\u00e9nuer les sympt\u00f4mes de sevrage et d&rsquo;am\u00e9liorer la qualit\u00e9 de vie apr\u00e8s l&rsquo;arr\u00eat du tabac.<\/p>\n\n\n\n<h2 class=\"wp-block-heading\">Composition de Nicorix &#8211; Analyse des ingr\u00e9dients<\/h2>\n\n\n\n<p><b>La composition de Nicorix<\/b> est bas\u00e9e sur des extraits naturels soigneusement s\u00e9lectionn\u00e9s qui soutiennent le processus d&rsquo;arr\u00eat du tabac. Conna\u00eetre ces ingr\u00e9dients et leur mode d&rsquo;action est essentiel pour comprendre l&rsquo;efficacit\u00e9 de ce compl\u00e9ment. L&rsquo;<b>analyse des ingr\u00e9dients<\/b> r\u00e9v\u00e8le que chacun d&rsquo;entre eux poss\u00e8de des propri\u00e9t\u00e9s uniques qui contribuent \u00e0 r\u00e9duire les envies de nicotine et \u00e0 soutenir l&rsquo;organisme dans ce processus difficile.<\/p>\n\n\n\n<figure class=\"wp-block-table\"><table class=\"has-fixed-layout\"><tbody><tr><th>Composant<\/th><th>Action<\/th><\/tr><tr><td>Complexe Nicorix<\/td><td>R\u00e9duit l&rsquo;envie de fumer.<\/td><\/tr><tr><td>Extrait d&rsquo;ortie<\/td><td>Favorise la purification de l&rsquo;organisme.<\/td><\/tr><tr><td>Vitamine B6<\/td><td>Il renforce le syst\u00e8me nerveux et r\u00e9duit le stress.<\/td><\/tr><tr><td>Extrait de racine de r\u00e9glisse<\/td><td>Il a un effet anti-inflammatoire et soutient l&rsquo;immunit\u00e9.<\/td><\/tr><tr><td>Ashwagandha<\/td><td>Aide l&rsquo;organisme \u00e0 s&rsquo;adapter au stress.<\/td><\/tr><tr><td>Melissa<\/td><td>Il calme et am\u00e9liore l&rsquo;humeur.<\/td><\/tr><tr><td>\u00c9corce de melon cantaloup<\/td><td>R\u00e9duit la fatigue.<\/td><\/tr><tr><td>Magn\u00e9sium<\/td><td>Il r\u00e9gule le syst\u00e8me nerveux et pr\u00e9vient les carences.<\/td><\/tr><tr><td>Vitamines B<\/td><td>Ils soutiennent le syst\u00e8me nerveux et augmentent la r\u00e9sistance au stress.<\/td><\/tr><\/tbody><\/table><\/figure>\n\n\n\n<p>L&rsquo;utilisation r\u00e9guli\u00e8re du compl\u00e9ment Nicorix a des effets notables, am\u00e9liorant l&rsquo;humeur et la qualit\u00e9 du sommeil. Les utilisateurs remarquent \u00e9galement un changement positif dans la gestion du stress, ce qui peut les soutenir de mani\u00e8re significative dans leur lutte contre la d\u00e9pendance. Toutefois, il est conseill\u00e9 de consulter un m\u00e9decin avant de commencer la suppl\u00e9mentation, surtout si vous \u00eates allergique aux <b>ingr\u00e9dients<\/b>.<\/p>\n\n\n\n<h2 class=\"wp-block-heading\">O\u00f9 acheter Nicorix &#8211; prix<\/h2>\n\n\n\n<p>Nicorix est uniquement disponible sur <em>le site officiel du fabricant<\/em>, ce qui garantit la meilleure qualit\u00e9 du produit. L&rsquo;achat sur ce site permet de s&rsquo;assurer de l&rsquo;originalit\u00e9 du compl\u00e9ment et de b\u00e9n\u00e9ficier des promotions en cours. Il est conseill\u00e9 de se m\u00e9fier des vendeurs non autoris\u00e9s afin d&rsquo;\u00e9viter d&rsquo;acheter des produits contrefaits qui pourraient ne pas r\u00e9pondre aux attentes.<\/p>\n\n\n\n<p>Nicorix n&rsquo;est pas <em>disponible<\/em> dans les pharmacies stationnaires, il est donc recommand\u00e9 de l&rsquo;acheter uniquement aupr\u00e8s de sources en ligne v\u00e9rifi\u00e9es. Les prix de ce compl\u00e9ment peuvent varier en fonction des offres en cours, ce qui fait du respect des promotions un \u00e9l\u00e9ment important de l&rsquo;achat. Le fabricant propose r\u00e9guli\u00e8rement des remises int\u00e9ressantes, ce qui vous permet d&rsquo;acheter le produit \u00e0 un <em>prix<\/em> avantageux.<\/p>\n\n\n\n<h2 class=\"wp-block-heading\">Effets secondaires potentiels et contre-indications de Nicorix<\/h2>\n\n\n\n<p>Avant de commencer \u00e0 prendre Nicorix, il est conseill\u00e9 de se familiariser avec les effets secondaires potentiels. Parmi les effets secondaires les plus fr\u00e9quemment rapport\u00e9s figurent les maux de t\u00eate, l&rsquo;anxi\u00e9t\u00e9 et les probl\u00e8mes d&rsquo;estomac. Bien que ces <strong>effets secondaires du Nicorix<\/strong> soient rares, il vaut la peine d&rsquo;en \u00eatre conscient. Les personnes qui commencent un traitement doivent \u00eatre attentives aux r\u00e9actions possibles, en particulier au cours des premi\u00e8res phases du traitement.<\/p>\n\n\n\n<p>Les <b>contre-indications<\/b> \u00e0 l&rsquo;utilisation de Nicorix comprennent la grossesse, l&rsquo;allaitement, ainsi que les allergies aux ingr\u00e9dients de la pr\u00e9paration. Les personnes \u00e2g\u00e9es de moins de 18 ans et celles souffrant de maladies chroniques doivent consulter un m\u00e9decin avant de commencer le traitement. L&rsquo;attention port\u00e9e \u00e0 la <strong>s\u00e9curit\u00e9 d&rsquo;utilisation<\/strong> est essentielle pour \u00e9viter les r\u00e9actions ind\u00e9sirables et garantir l&rsquo;efficacit\u00e9 <b>du<\/b> suppl\u00e9ment.<\/p>\n\n\n\n<p>Si vous ressentez des sympt\u00f4mes inqui\u00e9tants, tels qu&rsquo;une acc\u00e9l\u00e9ration du rythme cardiaque, des troubles du sommeil ou des probl\u00e8mes digestifs, il est conseill\u00e9 de contacter imm\u00e9diatement votre m\u00e9decin. En prenant les mesures appropri\u00e9es pour comprendre les effets secondaires potentiels et en respectant les contre-indications, vous pouvez avoir une exp\u00e9rience d&rsquo;arr\u00eat du tabac plus s\u00fbre avec Nicorix.<\/p>\n","protected":false},"excerpt":{"rendered":"<p><strong>[date_countdown]<\/strong><\/p>\n<p><img decoding=\"async\" class=\"alignnone  wp-image-8427\" src=\"https:\/\/www.docteurjobez.fr\/pharmacie\/wp-content\/uploads\/2024\/10\/SAFE-PAY-300x88-1.png\" alt=\"SAFE-PAY-300x88\" width=\"164\" height=\"48\" \/><\/p>\n","protected":false},"featured_media":4494,"comment_status":"open","ping_status":"closed","template":"","meta":{"neve_meta_sidebar":"","neve_meta_container":"","neve_meta_enable_content_width":"","neve_meta_content_width":0,"neve_meta_title_alignment":"","neve_meta_author_avatar":"","neve_post_elements_order":"","neve_meta_disable_header":"","neve_meta_disable_footer":"","neve_meta_disable_title":"","neve_meta_reading_time":""},"product_brand":[],"product_cat":[18],"product_tag":[],"class_list":{"0":"post-4474","1":"product","2":"type-product","3":"status-publish","4":"has-post-thumbnail","6":"product_cat-sante","8":"first","9":"instock","10":"sale","11":"shipping-taxable","12":"product-type-external"},"yoast_head":"<!-- This site is optimized with the Yoast SEO plugin v27.4 - https:\/\/yoast.com\/product\/yoast-seo-wordpress\/ -->\n<title>Nicorix - Avis, Prix -50%, Forum, Pharmacie, Effets | DocteurJobez<\/title>\n<meta name=\"robots\" content=\"index, follow, max-snippet:-1, max-image-preview:large, max-video-preview:-1\" \/>\n<link rel=\"canonical\" href=\"https:\/\/www.docteurjobez.fr\/pharmacie\/supp\/nicorix\/\" \/>\n<meta property=\"og:locale\" content=\"fr_FR\" \/>\n<meta property=\"og:type\" content=\"article\" \/>\n<meta property=\"og:title\" content=\"Nicorix - Avis, Prix -50%, Forum, Pharmacie, Effets | DocteurJobez\" \/>\n<meta property=\"og:url\" content=\"https:\/\/www.docteurjobez.fr\/pharmacie\/supp\/nicorix\/\" \/>\n<meta property=\"og:site_name\" content=\"DocteurJobez\" \/>\n<meta property=\"article:modified_time\" content=\"2025-03-07T11:08:01+00:00\" \/>\n<meta property=\"og:image\" content=\"https:\/\/www.docteurjobez.fr\/pharmacie\/wp-content\/uploads\/2024\/10\/Nicorix.jpg\" \/>\n\t<meta property=\"og:image:width\" content=\"768\" \/>\n\t<meta property=\"og:image:height\" content=\"768\" \/>\n\t<meta property=\"og:image:type\" content=\"image\/jpeg\" \/>\n<meta name=\"twitter:card\" content=\"summary_large_image\" \/>\n<meta name=\"twitter:description\" content=\"[date_countdown]\" \/>\n<meta name=\"twitter:label1\" content=\"Dur\u00e9e de lecture estim\u00e9e\" \/>\n\t<meta name=\"twitter:data1\" content=\"1 minute\" \/>\n<script type=\"application\/ld+json\" class=\"yoast-schema-graph\">{\"@context\":\"https:\\\/\\\/schema.org\",\"@graph\":[{\"@type\":\"WebPage\",\"@id\":\"https:\\\/\\\/www.docteurjobez.fr\\\/pharmacie\\\/supp\\\/nicorix\\\/\",\"url\":\"https:\\\/\\\/www.docteurjobez.fr\\\/pharmacie\\\/supp\\\/nicorix\\\/\",\"name\":\"Nicorix - Avis, Prix -50%, Forum, Pharmacie, Effets | DocteurJobez\",\"isPartOf\":{\"@id\":\"https:\\\/\\\/www.docteurjobez.fr\\\/pharmacie\\\/#website\"},\"primaryImageOfPage\":{\"@id\":\"https:\\\/\\\/www.docteurjobez.fr\\\/pharmacie\\\/supp\\\/nicorix\\\/#primaryimage\"},\"image\":{\"@id\":\"https:\\\/\\\/www.docteurjobez.fr\\\/pharmacie\\\/supp\\\/nicorix\\\/#primaryimage\"},\"thumbnailUrl\":\"https:\\\/\\\/www.docteurjobez.fr\\\/pharmacie\\\/wp-content\\\/uploads\\\/2024\\\/10\\\/Nicorix.jpg\",\"datePublished\":\"2024-10-18T19:46:04+00:00\",\"dateModified\":\"2025-03-07T11:08:01+00:00\",\"breadcrumb\":{\"@id\":\"https:\\\/\\\/www.docteurjobez.fr\\\/pharmacie\\\/supp\\\/nicorix\\\/#breadcrumb\"},\"inLanguage\":\"fr-FR\",\"potentialAction\":[{\"@type\":\"ReadAction\",\"target\":[\"https:\\\/\\\/www.docteurjobez.fr\\\/pharmacie\\\/supp\\\/nicorix\\\/\"]}]},{\"@type\":\"ImageObject\",\"inLanguage\":\"fr-FR\",\"@id\":\"https:\\\/\\\/www.docteurjobez.fr\\\/pharmacie\\\/supp\\\/nicorix\\\/#primaryimage\",\"url\":\"https:\\\/\\\/www.docteurjobez.fr\\\/pharmacie\\\/wp-content\\\/uploads\\\/2024\\\/10\\\/Nicorix.jpg\",\"contentUrl\":\"https:\\\/\\\/www.docteurjobez.fr\\\/pharmacie\\\/wp-content\\\/uploads\\\/2024\\\/10\\\/Nicorix.jpg\",\"width\":768,\"height\":768},{\"@type\":\"BreadcrumbList\",\"@id\":\"https:\\\/\\\/www.docteurjobez.fr\\\/pharmacie\\\/supp\\\/nicorix\\\/#breadcrumb\",\"itemListElement\":[{\"@type\":\"ListItem\",\"position\":1,\"name\":\"Strona g\u0142\u00f3wna\",\"item\":\"https:\\\/\\\/www.docteurjobez.fr\\\/pharmacie\\\/\"},{\"@type\":\"ListItem\",\"position\":2,\"name\":\"farmaci\",\"item\":\"https:\\\/\\\/www.docteurjobez.fr\\\/pharmacie\\\/\"},{\"@type\":\"ListItem\",\"position\":3,\"name\":\"Nicorix\"}]},{\"@type\":\"WebSite\",\"@id\":\"https:\\\/\\\/www.docteurjobez.fr\\\/pharmacie\\\/#website\",\"url\":\"https:\\\/\\\/www.docteurjobez.fr\\\/pharmacie\\\/\",\"name\":\"DocteurJobez\",\"description\":\"\",\"potentialAction\":[{\"@type\":\"SearchAction\",\"target\":{\"@type\":\"EntryPoint\",\"urlTemplate\":\"https:\\\/\\\/www.docteurjobez.fr\\\/pharmacie\\\/?s={search_term_string}\"},\"query-input\":{\"@type\":\"PropertyValueSpecification\",\"valueRequired\":true,\"valueName\":\"search_term_string\"}}],\"inLanguage\":\"fr-FR\"}]}<\/script>\n<!-- \/ Yoast SEO plugin. -->","yoast_head_json":{"title":"Nicorix - Avis, Prix -50%, Forum, Pharmacie, Effets | DocteurJobez","robots":{"index":"index","follow":"follow","max-snippet":"max-snippet:-1","max-image-preview":"max-image-preview:large","max-video-preview":"max-video-preview:-1"},"canonical":"https:\/\/www.docteurjobez.fr\/pharmacie\/supp\/nicorix\/","og_locale":"fr_FR","og_type":"article","og_title":"Nicorix - Avis, Prix -50%, Forum, Pharmacie, Effets | DocteurJobez","og_url":"https:\/\/www.docteurjobez.fr\/pharmacie\/supp\/nicorix\/","og_site_name":"DocteurJobez","article_modified_time":"2025-03-07T11:08:01+00:00","og_image":[{"width":768,"height":768,"url":"https:\/\/www.docteurjobez.fr\/pharmacie\/wp-content\/uploads\/2024\/10\/Nicorix.jpg","type":"image\/jpeg"}],"twitter_card":"summary_large_image","twitter_description":"[date_countdown]","twitter_misc":{"Dur\u00e9e de lecture estim\u00e9e":"1 minute"},"schema":{"@context":"https:\/\/schema.org","@graph":[{"@type":"WebPage","@id":"https:\/\/www.docteurjobez.fr\/pharmacie\/supp\/nicorix\/","url":"https:\/\/www.docteurjobez.fr\/pharmacie\/supp\/nicorix\/","name":"Nicorix - Avis, Prix -50%, Forum, Pharmacie, Effets | DocteurJobez","isPartOf":{"@id":"https:\/\/www.docteurjobez.fr\/pharmacie\/#website"},"primaryImageOfPage":{"@id":"https:\/\/www.docteurjobez.fr\/pharmacie\/supp\/nicorix\/#primaryimage"},"image":{"@id":"https:\/\/www.docteurjobez.fr\/pharmacie\/supp\/nicorix\/#primaryimage"},"thumbnailUrl":"https:\/\/www.docteurjobez.fr\/pharmacie\/wp-content\/uploads\/2024\/10\/Nicorix.jpg","datePublished":"2024-10-18T19:46:04+00:00","dateModified":"2025-03-07T11:08:01+00:00","breadcrumb":{"@id":"https:\/\/www.docteurjobez.fr\/pharmacie\/supp\/nicorix\/#breadcrumb"},"inLanguage":"fr-FR","potentialAction":[{"@type":"ReadAction","target":["https:\/\/www.docteurjobez.fr\/pharmacie\/supp\/nicorix\/"]}]},{"@type":"ImageObject","inLanguage":"fr-FR","@id":"https:\/\/www.docteurjobez.fr\/pharmacie\/supp\/nicorix\/#primaryimage","url":"https:\/\/www.docteurjobez.fr\/pharmacie\/wp-content\/uploads\/2024\/10\/Nicorix.jpg","contentUrl":"https:\/\/www.docteurjobez.fr\/pharmacie\/wp-content\/uploads\/2024\/10\/Nicorix.jpg","width":768,"height":768},{"@type":"BreadcrumbList","@id":"https:\/\/www.docteurjobez.fr\/pharmacie\/supp\/nicorix\/#breadcrumb","itemListElement":[{"@type":"ListItem","position":1,"name":"Strona g\u0142\u00f3wna","item":"https:\/\/www.docteurjobez.fr\/pharmacie\/"},{"@type":"ListItem","position":2,"name":"farmaci","item":"https:\/\/www.docteurjobez.fr\/pharmacie\/"},{"@type":"ListItem","position":3,"name":"Nicorix"}]},{"@type":"WebSite","@id":"https:\/\/www.docteurjobez.fr\/pharmacie\/#website","url":"https:\/\/www.docteurjobez.fr\/pharmacie\/","name":"DocteurJobez","description":"","potentialAction":[{"@type":"SearchAction","target":{"@type":"EntryPoint","urlTemplate":"https:\/\/www.docteurjobez.fr\/pharmacie\/?s={search_term_string}"},"query-input":{"@type":"PropertyValueSpecification","valueRequired":true,"valueName":"search_term_string"}}],"inLanguage":"fr-FR"}]}},"_links":{"self":[{"href":"https:\/\/www.docteurjobez.fr\/pharmacie\/wp-json\/wp\/v2\/product\/4474","targetHints":{"allow":["GET"]}}],"collection":[{"href":"https:\/\/www.docteurjobez.fr\/pharmacie\/wp-json\/wp\/v2\/product"}],"about":[{"href":"https:\/\/www.docteurjobez.fr\/pharmacie\/wp-json\/wp\/v2\/types\/product"}],"replies":[{"embeddable":true,"href":"https:\/\/www.docteurjobez.fr\/pharmacie\/wp-json\/wp\/v2\/comments?post=4474"}],"wp:featuredmedia":[{"embeddable":true,"href":"https:\/\/www.docteurjobez.fr\/pharmacie\/wp-json\/wp\/v2\/media\/4494"}],"wp:attachment":[{"href":"https:\/\/www.docteurjobez.fr\/pharmacie\/wp-json\/wp\/v2\/media?parent=4474"}],"wp:term":[{"taxonomy":"product_brand","embeddable":true,"href":"https:\/\/www.docteurjobez.fr\/pharmacie\/wp-json\/wp\/v2\/product_brand?post=4474"},{"taxonomy":"product_cat","embeddable":true,"href":"https:\/\/www.docteurjobez.fr\/pharmacie\/wp-json\/wp\/v2\/product_cat?post=4474"},{"taxonomy":"product_tag","embeddable":true,"href":"https:\/\/www.docteurjobez.fr\/pharmacie\/wp-json\/wp\/v2\/product_tag?post=4474"}],"curies":[{"name":"wp","href":"https:\/\/api.w.org\/{rel}","templated":true}]}}