{"id":4484,"date":"2024-10-18T19:46:05","date_gmt":"2024-10-18T19:46:05","guid":{"rendered":"https:\/\/chirurgie-orthopedie-vannes.fr\/pharmacie\/?post_type=product&#038;p=4484"},"modified":"2025-03-17T16:54:54","modified_gmt":"2025-03-17T16:54:54","slug":"beslimmer","status":"publish","type":"product","link":"https:\/\/www.docteurjobez.fr\/pharmacie\/supp\/beslimmer\/","title":{"rendered":"BeSlimmer"},"content":{"rendered":"\n<h2 class=\"wp-block-heading\">Qu&rsquo;est-ce que BeSlimmer et comment fonctionne-t-il ?<\/h2>\n\n\n\n<p>BeSlimmer est un <b>compl\u00e9ment alimentaire<\/b> innovant qui favorise la perte de poids gr\u00e2ce \u00e0 une action fiable. L&rsquo;<em>action de BeSlimmer<\/em> se concentre sur la stimulation du m\u00e9tabolisme, ce qui permet de br\u00fbler efficacement les calories. Gr\u00e2ce \u00e0 des <em>ingr\u00e9dients naturels<\/em> tels que l&rsquo;<b>extrait de th\u00e9 vert<\/b> et le guarana, ce compl\u00e9ment acc\u00e9l\u00e8re les processus m\u00e9taboliques, ce qui se traduit par un <em>effet de perte de poids<\/em> notable.<\/p>\n\n\n\n<p>La <b>composition du compl\u00e9ment<\/b> comprend \u00e9galement de la <b>garcinia cambogia<\/b>, qui bloque l&rsquo;accumulation de graisse et aide \u00e0 r\u00e9duire l&rsquo;app\u00e9tit. Les utilisateurs rapportent qu&rsquo;en utilisant BeSlimmer, ils obtiennent une perte de poids saine de 10 kg en moyenne en deux mois. En outre, l&rsquo;<b>utilisation<\/b> r\u00e9guli\u00e8re <b>du<\/b> produit, combin\u00e9e \u00e0 une activit\u00e9 physique et \u00e0 un r\u00e9gime alimentaire sain, donne les meilleurs <b>r\u00e9sultats en mati\u00e8re de<\/b> perte de poids.<\/p>\n\n\n\n<p>BeSlimmer est disponible sous forme de g\u00e9lules et la posologie recommand\u00e9e est d&rsquo;une g\u00e9lule par jour, soit 30 g\u00e9lules par mois. Des ann\u00e9es de recherche et l&rsquo;exp\u00e9rience des utilisateurs confirment que ce produit sera appr\u00e9ci\u00e9 par ceux qui cherchent \u00e0 am\u00e9liorer leur bien-\u00eatre et \u00e0 r\u00e9duire efficacement leur poids.<\/p>\n\n\n\n<h2 class=\"wp-block-heading\">BeSlimmer &#8211; effets<\/h2>\n\n\n\n<p>L&rsquo;<b>utilisation<\/b> r\u00e9guli\u00e8re <b>de<\/b> BeSlimmer contribue \u00e0 une r\u00e9duction visible du poids et \u00e0 une am\u00e9lioration du bien-\u00eatre. De nombreuses personnes notent que <b>les effets de BeSlimmer<\/b> comprennent une acc\u00e9l\u00e9ration du m\u00e9tabolisme, ce qui favorise consid\u00e9rablement une perte de poids efficace. Les utilisateurs constatent une r\u00e9duction de l&rsquo;app\u00e9tit, ce qui leur permet de mieux contr\u00f4ler leur alimentation et d&rsquo;\u00e9viter les grignotages.<\/p>\n\n\n\n<p>Dans les 8 \u00e0 12 semaines d&rsquo;utilisation, le nombre de personnes rapportant des changements positifs dans leur condition physique et leur niveau d&rsquo;\u00e9nergie augmente de mani\u00e8re significative. <b>Les effets de BeSlimmer<\/b> sont visibles apr\u00e8s seulement deux semaines d&rsquo;utilisation r\u00e9guli\u00e8re, ce qui motive encore plus les gens \u00e0 poursuivre la suppl\u00e9mentation.<\/p>\n\n\n\n<ul class=\"wp-block-list\">\n<li>Acc\u00e9l\u00e9rer le m\u00e9tabolisme<\/li>\n\n\n\n<li><b>R\u00e9duction du poids<\/b><\/li>\n\n\n\n<li><b>Am\u00e9liorer le bien-\u00eatre<\/b><\/li>\n\n\n\n<li>Augmenter l&rsquo;\u00e9nergie<\/li>\n\n\n\n<li>Am\u00e9lioration de la condition physique<\/li>\n<\/ul>\n\n\n\n<p>BeSlimmer est destin\u00e9 aux adultes en surpoids ou ob\u00e8ses, et son <b>utilisation<\/b> r\u00e9guli\u00e8re, combin\u00e9e \u00e0 une activit\u00e9 physique et \u00e0 une alimentation saine, peut contribuer \u00e0 l&rsquo;obtention de la silhouette de vos r\u00eaves.<\/p>\n\n\n\n<h2 class=\"wp-block-heading\">Comment utiliser BeSlimmer ? &#8211; Dosage et recommandations<\/h2>\n\n\n\n<p>La prise de BeSlimmer est essentielle pour obtenir les r\u00e9sultats souhait\u00e9s en mati\u00e8re de perte de poids saine. <b>Les recommandations du suppl\u00e9ment<\/b> sugg\u00e8rent de prendre deux g\u00e9lules par jour &#8211; une le matin avant le petit-d\u00e9jeuner et l&rsquo;autre le soir avant le d\u00eener. Il est important de boire beaucoup d&rsquo;eau avec chaque g\u00e9lule pour faciliter la digestion et l&rsquo;absorption des principes actifs.<\/p>\n\n\n\n<p><b>Le dosage de BeSlimmer<\/b> doit \u00eatre conforme \u00e0 la notice ou \u00e0 l&#8217;emballage. Le compl\u00e9ment doit \u00eatre pris pendant au moins 8 \u00e0 12 semaines pour obtenir des r\u00e9sultats optimaux. En associant le traitement \u00e0 une activit\u00e9 physique et \u00e0 un r\u00e9gime alimentaire sain, l&rsquo;efficacit\u00e9 du processus de perte de poids peut \u00eatre augment\u00e9e.<\/p>\n\n\n\n<p>Les utilisateurs doivent se rappeler de respecter le dosage recommand\u00e9, car l&rsquo;utilisation de quantit\u00e9s plus importantes n&rsquo;acc\u00e9l\u00e9rera pas l&rsquo;efficacit\u00e9 du suppl\u00e9ment. Il convient \u00e9galement d&rsquo;\u00e9viter d&rsquo;utiliser BeSlimmer si vous \u00eates enceinte ou si vous \u00eates allergique aux ingr\u00e9dients contenus dans la formule. Avec un dosage et une utilisation appropri\u00e9s, BeSlimmer peut soutenir de mani\u00e8re significative le processus de perte de poids saine.<\/p>\n\n\n\n<h2 class=\"wp-block-heading\">BeSlimmer &#8211; Avis et critiques &#8211; Que disent les utilisateurs ?<\/h2>\n\n\n\n<p>Les <b>avis sur BeSlimmer<\/b> sont tr\u00e8s largement positifs. Beaucoup soulignent que l <b>&lsquo;efficacit\u00e9 du compl\u00e9ment<\/b> est perceptible apr\u00e8s seulement quelques semaines d&rsquo;utilisation. Les utilisateurs font \u00e9tat d&rsquo;une perte de poids mensuelle allant jusqu&rsquo;\u00e0 8 kg en cas d&rsquo;utilisation r\u00e9guli\u00e8re, ce qui attire l&rsquo;attention de ceux qui cherchent \u00e0 se d\u00e9barrasser de leurs kilos superflus.<\/p>\n\n\n\n<p>Des exemples d&rsquo;exp\u00e9riences d&rsquo;utilisateurs montrent que BeSlimmer a un effet positif sur l&rsquo;humeur et les niveaux d&rsquo;\u00e9nergie. Certains d\u00e9clarent avoir remarqu\u00e9 les premiers <b>effets de la<\/b> perte de poids au bout de 2 \u00e0 3 semaines. De nombreux commentaires mettent l&rsquo;accent sur les avantages de la teneur \u00e9lev\u00e9e en fibres, qui aide \u00e0 \u00e9liminer la sensation de faim, facilitant ainsi le processus de perte de poids.<\/p>\n\n\n\n<p>Les utilisateurs appr\u00e9cient \u00e9galement les propri\u00e9t\u00e9s d&rsquo;acc\u00e9l\u00e9ration du m\u00e9tabolisme du compl\u00e9ment. BeSlimmer favorise la thermogen\u00e8se et le processus de combustion des graisses, ce qui est un \u00e9l\u00e9ment important lors de la perte de poids. C&rsquo;est ce que confirment de nombreux <b>avis<\/b>, qui parlent de l&rsquo;efficacit\u00e9 et de la s\u00e9curit\u00e9 du produit.<\/p>\n\n\n\n<p>Sur la base des exp\u00e9riences rapport\u00e9es, on peut constater que BeSlimmer ne soutient pas seulement le processus de perte de poids, mais qu&rsquo;il contribue \u00e9galement au bien-\u00eatre g\u00e9n\u00e9ral des utilisateurs. Il vaut donc la peine de consid\u00e9rer ce compl\u00e9ment comme un \u00e9l\u00e9ment utile d&rsquo;un mode de vie sain. <b>Les avis sur BeSlimmer<\/b> continuent d&rsquo;attirer de nouvelles personnes d\u00e9sireuses de l&rsquo;essayer.<\/p>\n\n\n\n<h2 class=\"wp-block-heading\">BeSlimmer &#8211; Composition &#8211; Que contient le produit ?<\/h2>\n\n\n\n<p>BeSlimmer est un <b>compl\u00e9ment alimentaire<\/b> qui se distingue par sa <em>composition BeSlimmer<\/em> soigneusement s\u00e9lectionn\u00e9e. Sa formule contient des <em>ingr\u00e9dients naturels<\/em> qui favorisent la perte de poids et am\u00e9liorent la sant\u00e9 globale. Parmi eux, on retrouve l&rsquo;<em>extrait de th\u00e9 vert<\/em>, connu pour ses propri\u00e9t\u00e9s d&rsquo;acc\u00e9l\u00e9ration du m\u00e9tabolisme et de combustion des graisses. Gr\u00e2ce \u00e0 sa teneur en cat\u00e9chines, cet extrait influence de mani\u00e8re significative le processus de perte de poids.<\/p>\n\n\n\n<p>Un autre ingr\u00e9dient important est la <em>garcinia cambogia<\/em>, qui r\u00e9duit la sensation de faim. Il est ainsi plus facile pour les utilisateurs de maintenir leur r\u00e9gime et d&rsquo;\u00e9viter les exc\u00e8s alimentaires. L&rsquo;<em>extrait de th\u00e9 vert<\/em> et le <em>garcinia cambogia<\/em> agissent en synergie, ce qui renforce les effets du compl\u00e9ment.<\/p>\n\n\n\n<p>D&rsquo;autres ingr\u00e9dients tels que l&rsquo;extrait de racine d&rsquo;\u00e9pine-vinette indienne, qui r\u00e9duit les taux de glucose et de cholest\u00e9rol, et la fibre d&rsquo;acacia, qui facilite la digestion, m\u00e9ritent \u00e9galement d&rsquo;\u00eatre mentionn\u00e9s. En r\u00e9sum\u00e9, <em>la composition de BeSlimmer<\/em> est une combinaison d&rsquo;ingr\u00e9dients naturels qui soutiennent efficacement la perte de poids et la <b>s\u00e9curit\u00e9 du<\/b> produit.<\/p>\n\n\n\n<h2 class=\"wp-block-heading\">O\u00f9 acheter et combien co\u00fbte BeSlimmer &#8211; prix<\/h2>\n\n\n\n<p>BeSlimmer ne peut \u00eatre achet\u00e9 que sur le <em>site officiel du fabricant<\/em>, ce qui garantit l&rsquo;authenticit\u00e9 et la haute qualit\u00e9 du produit. En v\u00e9rifiant r\u00e9guli\u00e8rement la disponibilit\u00e9 et les prix de BeSlimmer, vous pourrez profiter de promotions et de r\u00e9ductions avantageuses. Il faut savoir que le <em>prix<\/em> actuel <em>de BeSlimmer<\/em> est le r\u00e9sultat d&rsquo;une r\u00e9duction importante par rapport au prix d&rsquo;origine. La promotion comprend une remise actuelle de 50 %.<\/p>\n\n\n\n<p>L&rsquo;achat sur le <em>site officiel du fabricant<\/em> garantit des avantages suppl\u00e9mentaires, tels que la livraison gratuite pour les commandes pass\u00e9es avant une certaine heure et la possibilit\u00e9 de b\u00e9n\u00e9ficier d&rsquo;offres pour les clients r\u00e9guliers. Bien que BeSlimmer soit \u00e9galement disponible en pharmacie, il convient de noter qu&rsquo;il n&rsquo;y est peut-\u00eatre pas encore disponible, mais que de nouvelles livraisons sont attendues d&rsquo;ici 2 \u00e0 3 mois.<\/p>\n\n\n\n<p>Lorsque vous cherchez o\u00f9 acheter BeSlimmer, il est essentiel d&rsquo;utiliser des sources fiables pour \u00e9viter d&rsquo;acheter des contrefa\u00e7ons. La <em>disponibilit\u00e9 du<\/em> compl\u00e9ment dans les grandes villes telles que Varsovie, Cracovie ou Gdansk est assez \u00e9lev\u00e9e, ce qui facilite son achat.<\/p>\n\n\n\n<h2 class=\"wp-block-heading\">BeSlimmer &#8211; Effets secondaires et contre-indications &#8211; S\u00e9curit\u00e9 d&#8217;emploi<\/h2>\n\n\n\n<p>BeSlimmer est g\u00e9n\u00e9ralement consid\u00e9r\u00e9 comme un compl\u00e9ment s\u00fbr pour favoriser une <b>perte de poids<\/b> saine, mais il convient de noter que, comme tout produit, il peut provoquer des r\u00e9actions individuelles. Certains utilisateurs peuvent ressentir des <b>effets secondaires<\/b> l\u00e9gers, tels que des naus\u00e9es ou des indigestions. Il est important d&rsquo;observer son corps et de consulter un m\u00e9decin en cas d&rsquo;apparition de sympt\u00f4mes inqui\u00e9tants.<\/p>\n\n\n\n<p>Les <b>contre-indications<\/b> \u00e0 l&rsquo;utilisation de BeSlimmer comprennent, sans s&rsquo;y limiter, les femmes enceintes et allaitantes et les personnes \u00e2g\u00e9es de moins de 18 ans. En raison d&rsquo;interactions potentielles avec d&rsquo;autres m\u00e9dicaments ou \u00e9tats de sant\u00e9, les personnes souffrant de maladies cardiaques, d&rsquo;hyperthyro\u00efdie ou d&rsquo;allergies aux ingr\u00e9dients doivent \u00e9viter la suppl\u00e9mentation. La <b>s\u00e9curit\u00e9 de<\/b> BeSlimmer d\u00e9pend largement du respect de ces recommandations.<\/p>\n\n\n\n<p>Avant de d\u00e9cider de commencer \u00e0 prendre des compl\u00e9ments alimentaires, il est recommand\u00e9 de lire attentivement l&rsquo;\u00e9tiquette du produit et de consulter votre m\u00e9decin afin de garantir une <b>s\u00e9curit\u00e9<\/b> maximale et d&rsquo;\u00e9viter d&rsquo;\u00e9ventuelles complications. N&rsquo;oubliez pas qu&rsquo;une <b>perte de poids<\/b> saine ne d\u00e9pend pas seulement d&rsquo;un suppl\u00e9ment appropri\u00e9, mais aussi d&rsquo;un r\u00e9gime alimentaire \u00e9quilibr\u00e9 et d&rsquo;une activit\u00e9 physique.<\/p>\n","protected":false},"excerpt":{"rendered":"<p><strong>[date_countdown]<\/strong><\/p>\n<p><img decoding=\"async\" class=\"alignnone  wp-image-8427\" src=\"https:\/\/www.docteurjobez.fr\/pharmacie\/wp-content\/uploads\/2024\/10\/SAFE-PAY-300x88-1.png\" alt=\"SAFE-PAY-300x88\" width=\"164\" height=\"48\" \/><\/p>\n","protected":false},"featured_media":3910,"comment_status":"open","ping_status":"closed","template":"","meta":{"neve_meta_sidebar":"","neve_meta_container":"","neve_meta_enable_content_width":"","neve_meta_content_width":0,"neve_meta_title_alignment":"","neve_meta_author_avatar":"","neve_post_elements_order":"","neve_meta_disable_header":"","neve_meta_disable_footer":"","neve_meta_disable_title":"","neve_meta_reading_time":""},"product_brand":[],"product_cat":[15],"product_tag":[],"class_list":{"0":"post-4484","1":"product","2":"type-product","3":"status-publish","4":"has-post-thumbnail","6":"product_cat-perte-de-poids","8":"first","9":"instock","10":"sale","11":"shipping-taxable","12":"product-type-external"},"yoast_head":"<!-- This site is optimized with the Yoast SEO plugin v27.4 - https:\/\/yoast.com\/product\/yoast-seo-wordpress\/ -->\n<title>BeSlimmer - Avis, Prix -50%, Forum, Pharmacie, Effets | DocteurJobez<\/title>\n<meta name=\"robots\" content=\"index, follow, max-snippet:-1, max-image-preview:large, max-video-preview:-1\" \/>\n<link rel=\"canonical\" href=\"https:\/\/www.docteurjobez.fr\/pharmacie\/supp\/beslimmer\/\" \/>\n<meta property=\"og:locale\" content=\"fr_FR\" \/>\n<meta property=\"og:type\" content=\"article\" \/>\n<meta property=\"og:title\" content=\"BeSlimmer - Avis, Prix -50%, Forum, Pharmacie, Effets | DocteurJobez\" \/>\n<meta property=\"og:url\" content=\"https:\/\/www.docteurjobez.fr\/pharmacie\/supp\/beslimmer\/\" \/>\n<meta property=\"og:site_name\" content=\"DocteurJobez\" \/>\n<meta property=\"article:modified_time\" content=\"2025-03-17T16:54:54+00:00\" \/>\n<meta property=\"og:image\" content=\"https:\/\/www.docteurjobez.fr\/pharmacie\/wp-content\/uploads\/2024\/10\/BeSlimmer.jpg\" \/>\n\t<meta property=\"og:image:width\" content=\"768\" \/>\n\t<meta property=\"og:image:height\" content=\"768\" \/>\n\t<meta property=\"og:image:type\" content=\"image\/jpeg\" \/>\n<meta name=\"twitter:card\" content=\"summary_large_image\" \/>\n<meta name=\"twitter:description\" content=\"[date_countdown]\" \/>\n<meta name=\"twitter:label1\" content=\"Dur\u00e9e de lecture estim\u00e9e\" \/>\n\t<meta name=\"twitter:data1\" content=\"7 minutes\" \/>\n<script type=\"application\/ld+json\" class=\"yoast-schema-graph\">{\"@context\":\"https:\\\/\\\/schema.org\",\"@graph\":[{\"@type\":\"WebPage\",\"@id\":\"https:\\\/\\\/www.docteurjobez.fr\\\/pharmacie\\\/supp\\\/beslimmer\\\/\",\"url\":\"https:\\\/\\\/www.docteurjobez.fr\\\/pharmacie\\\/supp\\\/beslimmer\\\/\",\"name\":\"BeSlimmer - Avis, Prix -50%, Forum, Pharmacie, Effets | DocteurJobez\",\"isPartOf\":{\"@id\":\"https:\\\/\\\/www.docteurjobez.fr\\\/pharmacie\\\/#website\"},\"primaryImageOfPage\":{\"@id\":\"https:\\\/\\\/www.docteurjobez.fr\\\/pharmacie\\\/supp\\\/beslimmer\\\/#primaryimage\"},\"image\":{\"@id\":\"https:\\\/\\\/www.docteurjobez.fr\\\/pharmacie\\\/supp\\\/beslimmer\\\/#primaryimage\"},\"thumbnailUrl\":\"https:\\\/\\\/www.docteurjobez.fr\\\/pharmacie\\\/wp-content\\\/uploads\\\/2024\\\/10\\\/BeSlimmer.jpg\",\"datePublished\":\"2024-10-18T19:46:05+00:00\",\"dateModified\":\"2025-03-17T16:54:54+00:00\",\"breadcrumb\":{\"@id\":\"https:\\\/\\\/www.docteurjobez.fr\\\/pharmacie\\\/supp\\\/beslimmer\\\/#breadcrumb\"},\"inLanguage\":\"fr-FR\",\"potentialAction\":[{\"@type\":\"ReadAction\",\"target\":[\"https:\\\/\\\/www.docteurjobez.fr\\\/pharmacie\\\/supp\\\/beslimmer\\\/\"]}]},{\"@type\":\"ImageObject\",\"inLanguage\":\"fr-FR\",\"@id\":\"https:\\\/\\\/www.docteurjobez.fr\\\/pharmacie\\\/supp\\\/beslimmer\\\/#primaryimage\",\"url\":\"https:\\\/\\\/www.docteurjobez.fr\\\/pharmacie\\\/wp-content\\\/uploads\\\/2024\\\/10\\\/BeSlimmer.jpg\",\"contentUrl\":\"https:\\\/\\\/www.docteurjobez.fr\\\/pharmacie\\\/wp-content\\\/uploads\\\/2024\\\/10\\\/BeSlimmer.jpg\",\"width\":768,\"height\":768},{\"@type\":\"BreadcrumbList\",\"@id\":\"https:\\\/\\\/www.docteurjobez.fr\\\/pharmacie\\\/supp\\\/beslimmer\\\/#breadcrumb\",\"itemListElement\":[{\"@type\":\"ListItem\",\"position\":1,\"name\":\"Strona g\u0142\u00f3wna\",\"item\":\"https:\\\/\\\/www.docteurjobez.fr\\\/pharmacie\\\/\"},{\"@type\":\"ListItem\",\"position\":2,\"name\":\"farmaci\",\"item\":\"https:\\\/\\\/www.docteurjobez.fr\\\/pharmacie\\\/\"},{\"@type\":\"ListItem\",\"position\":3,\"name\":\"BeSlimmer\"}]},{\"@type\":\"WebSite\",\"@id\":\"https:\\\/\\\/www.docteurjobez.fr\\\/pharmacie\\\/#website\",\"url\":\"https:\\\/\\\/www.docteurjobez.fr\\\/pharmacie\\\/\",\"name\":\"DocteurJobez\",\"description\":\"\",\"potentialAction\":[{\"@type\":\"SearchAction\",\"target\":{\"@type\":\"EntryPoint\",\"urlTemplate\":\"https:\\\/\\\/www.docteurjobez.fr\\\/pharmacie\\\/?s={search_term_string}\"},\"query-input\":{\"@type\":\"PropertyValueSpecification\",\"valueRequired\":true,\"valueName\":\"search_term_string\"}}],\"inLanguage\":\"fr-FR\"}]}<\/script>\n<!-- \/ Yoast SEO plugin. -->","yoast_head_json":{"title":"BeSlimmer - Avis, Prix -50%, Forum, Pharmacie, Effets | DocteurJobez","robots":{"index":"index","follow":"follow","max-snippet":"max-snippet:-1","max-image-preview":"max-image-preview:large","max-video-preview":"max-video-preview:-1"},"canonical":"https:\/\/www.docteurjobez.fr\/pharmacie\/supp\/beslimmer\/","og_locale":"fr_FR","og_type":"article","og_title":"BeSlimmer - Avis, Prix -50%, Forum, Pharmacie, Effets | DocteurJobez","og_url":"https:\/\/www.docteurjobez.fr\/pharmacie\/supp\/beslimmer\/","og_site_name":"DocteurJobez","article_modified_time":"2025-03-17T16:54:54+00:00","og_image":[{"width":768,"height":768,"url":"https:\/\/www.docteurjobez.fr\/pharmacie\/wp-content\/uploads\/2024\/10\/BeSlimmer.jpg","type":"image\/jpeg"}],"twitter_card":"summary_large_image","twitter_description":"[date_countdown]","twitter_misc":{"Dur\u00e9e de lecture estim\u00e9e":"7 minutes"},"schema":{"@context":"https:\/\/schema.org","@graph":[{"@type":"WebPage","@id":"https:\/\/www.docteurjobez.fr\/pharmacie\/supp\/beslimmer\/","url":"https:\/\/www.docteurjobez.fr\/pharmacie\/supp\/beslimmer\/","name":"BeSlimmer - Avis, Prix -50%, Forum, Pharmacie, Effets | DocteurJobez","isPartOf":{"@id":"https:\/\/www.docteurjobez.fr\/pharmacie\/#website"},"primaryImageOfPage":{"@id":"https:\/\/www.docteurjobez.fr\/pharmacie\/supp\/beslimmer\/#primaryimage"},"image":{"@id":"https:\/\/www.docteurjobez.fr\/pharmacie\/supp\/beslimmer\/#primaryimage"},"thumbnailUrl":"https:\/\/www.docteurjobez.fr\/pharmacie\/wp-content\/uploads\/2024\/10\/BeSlimmer.jpg","datePublished":"2024-10-18T19:46:05+00:00","dateModified":"2025-03-17T16:54:54+00:00","breadcrumb":{"@id":"https:\/\/www.docteurjobez.fr\/pharmacie\/supp\/beslimmer\/#breadcrumb"},"inLanguage":"fr-FR","potentialAction":[{"@type":"ReadAction","target":["https:\/\/www.docteurjobez.fr\/pharmacie\/supp\/beslimmer\/"]}]},{"@type":"ImageObject","inLanguage":"fr-FR","@id":"https:\/\/www.docteurjobez.fr\/pharmacie\/supp\/beslimmer\/#primaryimage","url":"https:\/\/www.docteurjobez.fr\/pharmacie\/wp-content\/uploads\/2024\/10\/BeSlimmer.jpg","contentUrl":"https:\/\/www.docteurjobez.fr\/pharmacie\/wp-content\/uploads\/2024\/10\/BeSlimmer.jpg","width":768,"height":768},{"@type":"BreadcrumbList","@id":"https:\/\/www.docteurjobez.fr\/pharmacie\/supp\/beslimmer\/#breadcrumb","itemListElement":[{"@type":"ListItem","position":1,"name":"Strona g\u0142\u00f3wna","item":"https:\/\/www.docteurjobez.fr\/pharmacie\/"},{"@type":"ListItem","position":2,"name":"farmaci","item":"https:\/\/www.docteurjobez.fr\/pharmacie\/"},{"@type":"ListItem","position":3,"name":"BeSlimmer"}]},{"@type":"WebSite","@id":"https:\/\/www.docteurjobez.fr\/pharmacie\/#website","url":"https:\/\/www.docteurjobez.fr\/pharmacie\/","name":"DocteurJobez","description":"","potentialAction":[{"@type":"SearchAction","target":{"@type":"EntryPoint","urlTemplate":"https:\/\/www.docteurjobez.fr\/pharmacie\/?s={search_term_string}"},"query-input":{"@type":"PropertyValueSpecification","valueRequired":true,"valueName":"search_term_string"}}],"inLanguage":"fr-FR"}]}},"_links":{"self":[{"href":"https:\/\/www.docteurjobez.fr\/pharmacie\/wp-json\/wp\/v2\/product\/4484","targetHints":{"allow":["GET"]}}],"collection":[{"href":"https:\/\/www.docteurjobez.fr\/pharmacie\/wp-json\/wp\/v2\/product"}],"about":[{"href":"https:\/\/www.docteurjobez.fr\/pharmacie\/wp-json\/wp\/v2\/types\/product"}],"replies":[{"embeddable":true,"href":"https:\/\/www.docteurjobez.fr\/pharmacie\/wp-json\/wp\/v2\/comments?post=4484"}],"wp:featuredmedia":[{"embeddable":true,"href":"https:\/\/www.docteurjobez.fr\/pharmacie\/wp-json\/wp\/v2\/media\/3910"}],"wp:attachment":[{"href":"https:\/\/www.docteurjobez.fr\/pharmacie\/wp-json\/wp\/v2\/media?parent=4484"}],"wp:term":[{"taxonomy":"product_brand","embeddable":true,"href":"https:\/\/www.docteurjobez.fr\/pharmacie\/wp-json\/wp\/v2\/product_brand?post=4484"},{"taxonomy":"product_cat","embeddable":true,"href":"https:\/\/www.docteurjobez.fr\/pharmacie\/wp-json\/wp\/v2\/product_cat?post=4484"},{"taxonomy":"product_tag","embeddable":true,"href":"https:\/\/www.docteurjobez.fr\/pharmacie\/wp-json\/wp\/v2\/product_tag?post=4484"}],"curies":[{"name":"wp","href":"https:\/\/api.w.org\/{rel}","templated":true}]}}