{"id":4520,"date":"2024-10-18T19:46:19","date_gmt":"2024-10-18T19:46:19","guid":{"rendered":"https:\/\/chirurgie-orthopedie-vannes.fr\/pharmacie\/?post_type=product&#038;p=4520"},"modified":"2025-03-17T19:05:46","modified_gmt":"2025-03-17T19:05:46","slug":"slimdropico","status":"publish","type":"product","link":"https:\/\/www.docteurjobez.fr\/pharmacie\/supp\/slimdropico\/","title":{"rendered":"Slimdropico"},"content":{"rendered":"\n<h2 class=\"wp-block-heading\">Qu&rsquo;est-ce que Slimdropico et comment fonctionne-t-il ?<\/h2>\n\n\n\n<p>Slimdropico est un <b>compl\u00e9ment alimentaire<\/b> sous forme de gouttes qui favorise la perte de poids gr\u00e2ce \u00e0 l&rsquo;utilisation d&rsquo;ingr\u00e9dients naturels. Le produit contient de l&rsquo;extrait de feuilles de houx et du gingembre pour acc\u00e9l\u00e9rer le m\u00e9tabolisme. L <b>&lsquo;action de<\/b> ce produit comprend \u00e9galement la suppression de l&rsquo;app\u00e9tit gr\u00e2ce \u00e0 une gestion efficace de la faim, ce qui facilite le contr\u00f4le de l&rsquo;apport calorique.<\/p>\n\n\n\n<p><b>La composition de<\/b> Slimdropico a \u00e9t\u00e9 soigneusement s\u00e9lectionn\u00e9e pour maximiser les effets de la perte de poids. La teneur en extraits actifs favorise les processus m\u00e9taboliques et l&rsquo;absorption des nutriments. L&rsquo;organisme utilise ainsi plus efficacement l&rsquo;\u00e9nergie disponible dans le tissu adipeux. <b>Le dosage de<\/b> Slimdropico est de 20 gouttes dissoutes dans de l&rsquo;eau ou du jus une fois par jour, ce qui en fait une solution pratique pour les personnes ayant un mode de vie actif.<\/p>\n\n\n\n<p>Gr\u00e2ce \u00e0 son approche innovante, les principes actifs de Slimdropico sont absorb\u00e9s plus rapidement que dans les g\u00e9lules traditionnelles, ce qui permet d&rsquo;obtenir des r\u00e9sultats visibles plus rapidement. Une <b>utilisation<\/b> r\u00e9guli\u00e8re peut contribuer \u00e0 une perte de 3 \u00e0 10 kg. L&rsquo;<b>action du<\/b> compl\u00e9ment favorise \u00e9galement l&rsquo;am\u00e9lioration de l&rsquo;humeur et augmente le niveau d&rsquo;\u00e9nergie, ce qui est important dans la poursuite des objectifs de perte de poids.<\/p>\n\n\n\n<h2 class=\"wp-block-heading\">Avantages de Slimdropico &#8211; Effets<\/h2>\n\n\n\n<p><b>L&rsquo;utilisation de<\/b> Slimdropico pr\u00e9sente de nombreux <b>avantages<\/b> pour les personnes souhaitant perdre du poids. <b>Le compl\u00e9ment alimentaire<\/b> soutient le processus de perte de poids, comme le confirment de nombreuses exp\u00e9riences d&rsquo;utilisateurs. Les <b>effets<\/b> possibles sont une perte de 3 \u00e0 10 kilos en peu de temps, ce qui motive certainement \u00e0 poursuivre le traitement.<\/p>\n\n\n\n<p>L&rsquo;un de ses principaux <em>effets<\/em> est de r\u00e9guler l&rsquo;app\u00e9tit et de soutenir le m\u00e9tabolisme. Gr\u00e2ce \u00e0 ses ingr\u00e9dients naturels, Slimdropico contribue \u00e0 augmenter les niveaux d&rsquo;\u00e9nergie, ce qui encourage l&rsquo;activit\u00e9 physique. Les utilisateurs signalent souvent une diminution des envies de grignotages malsains, ce qui facilite la poursuite d&rsquo;un r\u00e9gime.<\/p>\n\n\n\n<p>L&rsquo;utilisation r\u00e9guli\u00e8re de ce compl\u00e9ment alimentaire entra\u00eene une r\u00e9duction significative du poids corporel et une am\u00e9lioration du bien-\u00eatre g\u00e9n\u00e9ral. Il est \u00e0 noter que les <b>effets de<\/b> Slimdropico sont visibles d\u00e8s la deuxi\u00e8me semaine, ce qui rend ce produit tr\u00e8s populaire aupr\u00e8s des personnes souhaitant perdre du poids.<\/p>\n\n\n\n<p>L&rsquo;association de Slimdropico \u00e0 un r\u00e9gime alimentaire et \u00e0 des exercices physiques adapt\u00e9s permet d&rsquo;obtenir les meilleurs r\u00e9sultats, ce qui en fait un soutien pr\u00e9cieux pour la perte de poids.<\/p>\n\n\n\n<h2 class=\"wp-block-heading\">Comment utiliser correctement Slimdropico &#8211; Posologie<\/h2>\n\n\n\n<p>Le <b>compl\u00e9ment alimentaire<\/b> Slimdropico doit \u00eatre pris selon les recommandations du fabricant pour \u00eatre efficace. La dose id\u00e9ale est de 20 gouttes par jour, \u00e0 ajouter \u00e0 un verre d&rsquo;eau ou de jus. La prise du produit le matin donne les meilleurs r\u00e9sultats. La r\u00e9gularit\u00e9 du dosage est cruciale et peut conduire \u00e0 une perte de poids efficace. Les utilisateurs peuvent constater une perte de poids allant jusqu&rsquo;\u00e0 10 kg en un mois, ce qui fait de Slimdropico un choix populaire parmi ceux qui visent une silhouette mince.<\/p>\n\n\n\n<p>Il convient de noter que l&rsquo;augmentation de la dose n&rsquo;am\u00e9liore pas l&rsquo;efficacit\u00e9 du compl\u00e9ment. Une telle <b>action<\/b> peut entra\u00eener des effets secondaires ind\u00e9sirables li\u00e9s au tractus gastro-intestinal. Par cons\u00e9quent, l&rsquo;utilisation de Slimdropico n\u00e9cessite le respect des indications posologiques afin de garantir \u00e0 la fois la s\u00e9curit\u00e9 et l&rsquo;efficacit\u00e9 du produit.<\/p>\n\n\n\n<figure class=\"wp-block-table\"><table class=\"has-fixed-layout\"><tbody><tr><th>\u00c9tape<\/th><th>Dosage<\/th><th>Description<\/th><\/tr><tr><td>1<\/td><td>20 gouttes<\/td><td>Ajouter \u00e0 un verre d&rsquo;eau ou de jus.<\/td><\/tr><tr><td>2<\/td><td>Matin<\/td><td>Prendre le matin pour une meilleure absorption.<\/td><\/tr><tr><td>3<\/td><td>Quotidiennement<\/td><td>Une utilisation r\u00e9guli\u00e8re augmente les <b>effets.<\/b><\/td><\/tr><\/tbody><\/table><\/figure>\n\n\n\n<p>Par cons\u00e9quent, pour obtenir les meilleurs r\u00e9sultats avec Slimdropico, il est conseill\u00e9 d&rsquo;ajouter \u00e0 votre routine quotidienne un r\u00e9gime alimentaire facile \u00e0 dig\u00e9rer et une activit\u00e9 physique, telle que la marche. La combinaison de ces \u00e9l\u00e9ments avec le bon <b>dosage<\/b> permet d&rsquo;obtenir des r\u00e9sultats satisfaisants en mati\u00e8re de perte de poids.<\/p>\n\n\n\n<h2 class=\"wp-block-heading\">Slimdropico &#8211; Avis et critiques, Forum<\/h2>\n\n\n\n<p>Les utilisateurs de Slimdropico partagent r\u00e9guli\u00e8rement leurs <em>opinions<\/em> sur des <em>forums<\/em> en ligne sp\u00e9ciaux, indiquant l&rsquo;efficacit\u00e9 de ce compl\u00e9ment alimentaire. L&rsquo;\u00e9volution de leur \u00e9tat de sant\u00e9 et de leur silhouette suscite l&rsquo;int\u00e9r\u00eat g\u00e9n\u00e9ral. De nombreuses personnes ont r\u00e9ussi \u00e0 perdre du poids en peu de temps, comme le confirment les <em>avis<\/em> positifs.<\/p>\n\n\n\n<p>Dans les commentaires, on constate que certains utilisateurs louent Slimdropico pour sa facilit\u00e9 d&rsquo;utilisation et ses r\u00e9sultats rapides. Les utilisateurs soulignent une am\u00e9lioration de leur bien-\u00eatre g\u00e9n\u00e9ral et une augmentation de leur \u00e9nergie. Les utilisateurs soulignent que Slimdropico facilite le maintien d&rsquo;une alimentation saine.<\/p>\n\n\n\n<p>De nombreux avis soulignent que le compl\u00e9ment ne se contente pas de favoriser la perte de poids, mais qu&rsquo;il contribue \u00e9galement \u00e0 une meilleure sensation de bien-\u00eatre. Il est \u00e9vident que Slimdropico dispose d&rsquo;une communaut\u00e9 o\u00f9 les utilisateurs partagent leurs <em>opinions<\/em> et leurs exp\u00e9riences, ce qui peut \u00eatre une source d&rsquo;inspiration pour les nouveaux adeptes d&rsquo;un mode de vie sain.<\/p>\n\n\n\n<figure class=\"wp-block-table\"><table class=\"has-fixed-layout\"><tbody><tr><th>Nom de l&rsquo;utilisateur<\/th><th>L&rsquo;\u00e2ge<\/th><th>Avis<\/th><\/tr><tr><td>Ania<\/td><td>34<\/td><td>Slimdropico a chang\u00e9 ma vie ! J&rsquo;ai perdu 5 kg en un mois et mon \u00e9nergie a augment\u00e9.<\/td><\/tr><tr><td>Jan<\/td><td>40<\/td><td>J&rsquo;ai commenc\u00e9 \u00e0 manquer d&rsquo;app\u00e9tit, ce qui me permet de maintenir plus facilement mon r\u00e9gime. Les gouttes sont pratiques \u00e0 utiliser.<\/td><\/tr><tr><td>Kasia<\/td><td>28<\/td><td>Les gouttes sont efficaces, mais je dois me rappeler de les utiliser r\u00e9guli\u00e8rement.<\/td><\/tr><\/tbody><\/table><\/figure>\n\n\n\n<p>Ces <b>avis<\/b> soulignent que Slimdropico est un compl\u00e9ment alimentaire qui peut acc\u00e9l\u00e9rer le processus de perte de poids et am\u00e9liorer la condition physique g\u00e9n\u00e9rale des utilisateurs. De telles exp\u00e9riences inspirent confiance et augmentent la popularit\u00e9 du produit sur le march\u00e9.<\/p>\n\n\n\n<h2 class=\"wp-block-heading\">Slimdropico &#8211; Composition<\/h2>\n\n\n\n<p>Slimdropico est un compl\u00e9ment alimentaire \u00e0 la composition soigneusement s\u00e9lectionn\u00e9e qui utilise des <em>ingr\u00e9dients naturels<\/em> pour favoriser la perte de poids. Dans 20 gouttes, vous trouverez une vari\u00e9t\u00e9 d&rsquo;extraits qui agissent en synergie pour acc\u00e9l\u00e9rer le m\u00e9tabolisme et am\u00e9liorer le bien-\u00eatre. La teneur de chaque ingr\u00e9dient dans une portion journali\u00e8re est de :<\/p>\n\n\n\n<figure class=\"wp-block-table\"><table class=\"has-fixed-layout\"><tbody><tr><th>Composant<\/th><th>Contenu par 20 gouttes<\/th><\/tr><tr><td>Extrait des feuilles du houx<\/td><td>40 mg<\/td><\/tr><tr><td>Extrait de rhizome de gingembre<\/td><td>20 mg<\/td><\/tr><tr><td>Extrait de feuille de menthe poivr\u00e9e<\/td><td>10 mg<\/td><\/tr><tr><td>Extrait de racine de liv\u00e8che<\/td><td>10 mg<\/td><\/tr><tr><td>Extrait d&rsquo;herbe et de racine de pissenlit<\/td><td>10 mg<\/td><\/tr><tr><td>Extrait d&rsquo;herbe de violette<\/td><td>10 mg<\/td><\/tr><tr><td>Extrait de feuille de sauge<\/td><td>10 mg<\/td><\/tr><\/tbody><\/table><\/figure>\n\n\n\n<p>Ces extraits ont un <em>rapport drogue\/extrait (DER)<\/em> \u00e9lev\u00e9, ce qui les rend plus concentr\u00e9s et plus efficaces pour soutenir l&rsquo;organisme dans la lutte contre l&rsquo;exc\u00e8s de poids. Avec une utilisation r\u00e9guli\u00e8re, Slimdropico peut aider les utilisateurs \u00e0 r\u00e9duire leur poids corporel de 3 kg \u00e0 10 kg selon les besoins individuels. <b>Un dosage<\/b> de 20 gouttes par jour, dissoutes dans de l&rsquo;eau ou du jus, permet d&rsquo;obtenir des r\u00e9sultats optimaux en b\u00e9n\u00e9ficiant des <em>ingr\u00e9dients naturels<\/em> contenus dans la formule.<\/p>\n\n\n\n<h2 class=\"wp-block-heading\">Prix Slimdropico &#8211; O\u00f9 acheter ?<\/h2>\n\n\n\n<p>Slimdropico est disponible exclusivement sur le site officiel du fabricant. Ce n&rsquo;est que sur ce site que vous trouverez les prix actuels et les promotions qui affectent le co\u00fbt d&rsquo;achat. <b>Le prix de<\/b> Slimdropico peut varier en fonction des offres en cours, il est donc utile de consulter r\u00e9guli\u00e8rement le stock disponible. Le fabricant propose diverses remises qui peuvent r\u00e9duire le co\u00fbt final du compl\u00e9ment, le rendant ainsi plus accessible \u00e0 un large \u00e9ventail d&rsquo;utilisateurs.<\/p>\n\n\n\n<p>Ne cherchez pas Slimdropico dans les pharmacies stationnaires, car le produit n&rsquo;y est pas disponible. L&rsquo;<b>achat<\/b> sur le site officiel garantit l&rsquo;originalit\u00e9 et la qualit\u00e9 du produit. Les clients peuvent \u00eatre s\u00fbrs de recevoir un produit s\u00fbr et conforme \u00e0 la description.<\/p>\n\n\n\n<h2 class=\"wp-block-heading\">Effets secondaires potentiels et contre-indications de Slimdropico<\/h2>\n\n\n\n<p>Bien que Slimdropico soit compos\u00e9 d&rsquo;ingr\u00e9dients naturels, son utilisation peut entra\u00eener des <b>effets secondaires<\/b>. Les utilisateurs rapportent des cas de maux de t\u00eate, de naus\u00e9es et de troubles gastro-intestinaux. Les personnes sensibles aux principes actifs doivent faire preuve de prudence lors de l&rsquo;utilisation de ce compl\u00e9ment alimentaire.<\/p>\n\n\n\n<p>Les <b>contre-indications<\/b> \u00e0 la prise de Slimdropico incluent les femmes enceintes, les m\u00e8res allaitantes et les personnes souffrant de probl\u00e8mes cardiaques, h\u00e9patiques ou r\u00e9naux. Les personnes qui prennent des m\u00e9dicaments sp\u00e9cifiques doivent \u00e9galement consulter leur m\u00e9decin avant de prendre ce produit afin d&rsquo;\u00e9viter des interactions dangereuses.<\/p>\n\n\n\n<p>Il convient de rappeler que m\u00eame les compl\u00e9ments alimentaires naturels tels que Slimdropico ne peuvent remplacer une alimentation \u00e9quilibr\u00e9e et une activit\u00e9 physique r\u00e9guli\u00e8re. Avant de d\u00e9cider de l&rsquo;utiliser, il est conseill\u00e9 d&rsquo;\u00e9valuer soigneusement votre \u00e9tat de sant\u00e9 et de consulter votre m\u00e9decin afin d&rsquo;\u00e9viter d&rsquo;\u00e9ventuels effets secondaires et d&rsquo;augmenter la s\u00e9curit\u00e9 d&rsquo;utilisation.<\/p>\n","protected":false},"excerpt":{"rendered":"<p><strong>[date_countdown]<\/strong><\/p>\n<p><img decoding=\"async\" class=\"alignnone  wp-image-8427\" src=\"https:\/\/www.docteurjobez.fr\/pharmacie\/wp-content\/uploads\/2024\/10\/SAFE-PAY-300x88-1.png\" alt=\"SAFE-PAY-300x88\" width=\"164\" height=\"48\" \/><\/p>\n","protected":false},"featured_media":3954,"comment_status":"open","ping_status":"closed","template":"","meta":{"neve_meta_sidebar":"","neve_meta_container":"","neve_meta_enable_content_width":"","neve_meta_content_width":0,"neve_meta_title_alignment":"","neve_meta_author_avatar":"","neve_post_elements_order":"","neve_meta_disable_header":"","neve_meta_disable_footer":"","neve_meta_disable_title":"","neve_meta_reading_time":""},"product_brand":[],"product_cat":[15],"product_tag":[],"class_list":{"0":"post-4520","1":"product","2":"type-product","3":"status-publish","4":"has-post-thumbnail","6":"product_cat-perte-de-poids","8":"first","9":"instock","10":"sale","11":"shipping-taxable","12":"product-type-external"},"yoast_head":"<!-- This site is optimized with the Yoast SEO plugin v27.4 - https:\/\/yoast.com\/product\/yoast-seo-wordpress\/ -->\n<title>Slimdropico - Avis, Prix -50%, Forum, Pharmacie, Effets | DocteurJobez<\/title>\n<meta name=\"robots\" content=\"index, follow, max-snippet:-1, max-image-preview:large, max-video-preview:-1\" \/>\n<link rel=\"canonical\" href=\"https:\/\/www.docteurjobez.fr\/pharmacie\/supp\/slimdropico\/\" \/>\n<meta property=\"og:locale\" content=\"fr_FR\" \/>\n<meta property=\"og:type\" content=\"article\" \/>\n<meta property=\"og:title\" content=\"Slimdropico - Avis, Prix -50%, Forum, Pharmacie, Effets | DocteurJobez\" \/>\n<meta property=\"og:url\" content=\"https:\/\/www.docteurjobez.fr\/pharmacie\/supp\/slimdropico\/\" \/>\n<meta property=\"og:site_name\" content=\"DocteurJobez\" \/>\n<meta property=\"article:modified_time\" content=\"2025-03-17T19:05:46+00:00\" \/>\n<meta property=\"og:image\" content=\"https:\/\/www.docteurjobez.fr\/pharmacie\/wp-content\/uploads\/2024\/10\/SLIMDROPICO.jpg\" \/>\n\t<meta property=\"og:image:width\" content=\"768\" \/>\n\t<meta property=\"og:image:height\" content=\"768\" \/>\n\t<meta property=\"og:image:type\" content=\"image\/jpeg\" \/>\n<meta name=\"twitter:card\" content=\"summary_large_image\" \/>\n<meta name=\"twitter:description\" content=\"[date_countdown]\" \/>\n<meta name=\"twitter:label1\" content=\"Dur\u00e9e de lecture estim\u00e9e\" \/>\n\t<meta name=\"twitter:data1\" content=\"1 minute\" \/>\n<script type=\"application\/ld+json\" class=\"yoast-schema-graph\">{\"@context\":\"https:\\\/\\\/schema.org\",\"@graph\":[{\"@type\":\"WebPage\",\"@id\":\"https:\\\/\\\/www.docteurjobez.fr\\\/pharmacie\\\/supp\\\/slimdropico\\\/\",\"url\":\"https:\\\/\\\/www.docteurjobez.fr\\\/pharmacie\\\/supp\\\/slimdropico\\\/\",\"name\":\"Slimdropico - Avis, Prix -50%, Forum, Pharmacie, Effets | DocteurJobez\",\"isPartOf\":{\"@id\":\"https:\\\/\\\/www.docteurjobez.fr\\\/pharmacie\\\/#website\"},\"primaryImageOfPage\":{\"@id\":\"https:\\\/\\\/www.docteurjobez.fr\\\/pharmacie\\\/supp\\\/slimdropico\\\/#primaryimage\"},\"image\":{\"@id\":\"https:\\\/\\\/www.docteurjobez.fr\\\/pharmacie\\\/supp\\\/slimdropico\\\/#primaryimage\"},\"thumbnailUrl\":\"https:\\\/\\\/www.docteurjobez.fr\\\/pharmacie\\\/wp-content\\\/uploads\\\/2024\\\/10\\\/SLIMDROPICO.jpg\",\"datePublished\":\"2024-10-18T19:46:19+00:00\",\"dateModified\":\"2025-03-17T19:05:46+00:00\",\"breadcrumb\":{\"@id\":\"https:\\\/\\\/www.docteurjobez.fr\\\/pharmacie\\\/supp\\\/slimdropico\\\/#breadcrumb\"},\"inLanguage\":\"fr-FR\",\"potentialAction\":[{\"@type\":\"ReadAction\",\"target\":[\"https:\\\/\\\/www.docteurjobez.fr\\\/pharmacie\\\/supp\\\/slimdropico\\\/\"]}]},{\"@type\":\"ImageObject\",\"inLanguage\":\"fr-FR\",\"@id\":\"https:\\\/\\\/www.docteurjobez.fr\\\/pharmacie\\\/supp\\\/slimdropico\\\/#primaryimage\",\"url\":\"https:\\\/\\\/www.docteurjobez.fr\\\/pharmacie\\\/wp-content\\\/uploads\\\/2024\\\/10\\\/SLIMDROPICO.jpg\",\"contentUrl\":\"https:\\\/\\\/www.docteurjobez.fr\\\/pharmacie\\\/wp-content\\\/uploads\\\/2024\\\/10\\\/SLIMDROPICO.jpg\",\"width\":768,\"height\":768},{\"@type\":\"BreadcrumbList\",\"@id\":\"https:\\\/\\\/www.docteurjobez.fr\\\/pharmacie\\\/supp\\\/slimdropico\\\/#breadcrumb\",\"itemListElement\":[{\"@type\":\"ListItem\",\"position\":1,\"name\":\"Strona g\u0142\u00f3wna\",\"item\":\"https:\\\/\\\/www.docteurjobez.fr\\\/pharmacie\\\/\"},{\"@type\":\"ListItem\",\"position\":2,\"name\":\"farmaci\",\"item\":\"https:\\\/\\\/www.docteurjobez.fr\\\/pharmacie\\\/\"},{\"@type\":\"ListItem\",\"position\":3,\"name\":\"Slimdropico\"}]},{\"@type\":\"WebSite\",\"@id\":\"https:\\\/\\\/www.docteurjobez.fr\\\/pharmacie\\\/#website\",\"url\":\"https:\\\/\\\/www.docteurjobez.fr\\\/pharmacie\\\/\",\"name\":\"DocteurJobez\",\"description\":\"\",\"potentialAction\":[{\"@type\":\"SearchAction\",\"target\":{\"@type\":\"EntryPoint\",\"urlTemplate\":\"https:\\\/\\\/www.docteurjobez.fr\\\/pharmacie\\\/?s={search_term_string}\"},\"query-input\":{\"@type\":\"PropertyValueSpecification\",\"valueRequired\":true,\"valueName\":\"search_term_string\"}}],\"inLanguage\":\"fr-FR\"}]}<\/script>\n<!-- \/ Yoast SEO plugin. -->","yoast_head_json":{"title":"Slimdropico - Avis, Prix -50%, Forum, Pharmacie, Effets | DocteurJobez","robots":{"index":"index","follow":"follow","max-snippet":"max-snippet:-1","max-image-preview":"max-image-preview:large","max-video-preview":"max-video-preview:-1"},"canonical":"https:\/\/www.docteurjobez.fr\/pharmacie\/supp\/slimdropico\/","og_locale":"fr_FR","og_type":"article","og_title":"Slimdropico - Avis, Prix -50%, Forum, Pharmacie, Effets | DocteurJobez","og_url":"https:\/\/www.docteurjobez.fr\/pharmacie\/supp\/slimdropico\/","og_site_name":"DocteurJobez","article_modified_time":"2025-03-17T19:05:46+00:00","og_image":[{"width":768,"height":768,"url":"https:\/\/www.docteurjobez.fr\/pharmacie\/wp-content\/uploads\/2024\/10\/SLIMDROPICO.jpg","type":"image\/jpeg"}],"twitter_card":"summary_large_image","twitter_description":"[date_countdown]","twitter_misc":{"Dur\u00e9e de lecture estim\u00e9e":"1 minute"},"schema":{"@context":"https:\/\/schema.org","@graph":[{"@type":"WebPage","@id":"https:\/\/www.docteurjobez.fr\/pharmacie\/supp\/slimdropico\/","url":"https:\/\/www.docteurjobez.fr\/pharmacie\/supp\/slimdropico\/","name":"Slimdropico - Avis, Prix -50%, Forum, Pharmacie, Effets | DocteurJobez","isPartOf":{"@id":"https:\/\/www.docteurjobez.fr\/pharmacie\/#website"},"primaryImageOfPage":{"@id":"https:\/\/www.docteurjobez.fr\/pharmacie\/supp\/slimdropico\/#primaryimage"},"image":{"@id":"https:\/\/www.docteurjobez.fr\/pharmacie\/supp\/slimdropico\/#primaryimage"},"thumbnailUrl":"https:\/\/www.docteurjobez.fr\/pharmacie\/wp-content\/uploads\/2024\/10\/SLIMDROPICO.jpg","datePublished":"2024-10-18T19:46:19+00:00","dateModified":"2025-03-17T19:05:46+00:00","breadcrumb":{"@id":"https:\/\/www.docteurjobez.fr\/pharmacie\/supp\/slimdropico\/#breadcrumb"},"inLanguage":"fr-FR","potentialAction":[{"@type":"ReadAction","target":["https:\/\/www.docteurjobez.fr\/pharmacie\/supp\/slimdropico\/"]}]},{"@type":"ImageObject","inLanguage":"fr-FR","@id":"https:\/\/www.docteurjobez.fr\/pharmacie\/supp\/slimdropico\/#primaryimage","url":"https:\/\/www.docteurjobez.fr\/pharmacie\/wp-content\/uploads\/2024\/10\/SLIMDROPICO.jpg","contentUrl":"https:\/\/www.docteurjobez.fr\/pharmacie\/wp-content\/uploads\/2024\/10\/SLIMDROPICO.jpg","width":768,"height":768},{"@type":"BreadcrumbList","@id":"https:\/\/www.docteurjobez.fr\/pharmacie\/supp\/slimdropico\/#breadcrumb","itemListElement":[{"@type":"ListItem","position":1,"name":"Strona g\u0142\u00f3wna","item":"https:\/\/www.docteurjobez.fr\/pharmacie\/"},{"@type":"ListItem","position":2,"name":"farmaci","item":"https:\/\/www.docteurjobez.fr\/pharmacie\/"},{"@type":"ListItem","position":3,"name":"Slimdropico"}]},{"@type":"WebSite","@id":"https:\/\/www.docteurjobez.fr\/pharmacie\/#website","url":"https:\/\/www.docteurjobez.fr\/pharmacie\/","name":"DocteurJobez","description":"","potentialAction":[{"@type":"SearchAction","target":{"@type":"EntryPoint","urlTemplate":"https:\/\/www.docteurjobez.fr\/pharmacie\/?s={search_term_string}"},"query-input":{"@type":"PropertyValueSpecification","valueRequired":true,"valueName":"search_term_string"}}],"inLanguage":"fr-FR"}]}},"_links":{"self":[{"href":"https:\/\/www.docteurjobez.fr\/pharmacie\/wp-json\/wp\/v2\/product\/4520","targetHints":{"allow":["GET"]}}],"collection":[{"href":"https:\/\/www.docteurjobez.fr\/pharmacie\/wp-json\/wp\/v2\/product"}],"about":[{"href":"https:\/\/www.docteurjobez.fr\/pharmacie\/wp-json\/wp\/v2\/types\/product"}],"replies":[{"embeddable":true,"href":"https:\/\/www.docteurjobez.fr\/pharmacie\/wp-json\/wp\/v2\/comments?post=4520"}],"wp:featuredmedia":[{"embeddable":true,"href":"https:\/\/www.docteurjobez.fr\/pharmacie\/wp-json\/wp\/v2\/media\/3954"}],"wp:attachment":[{"href":"https:\/\/www.docteurjobez.fr\/pharmacie\/wp-json\/wp\/v2\/media?parent=4520"}],"wp:term":[{"taxonomy":"product_brand","embeddable":true,"href":"https:\/\/www.docteurjobez.fr\/pharmacie\/wp-json\/wp\/v2\/product_brand?post=4520"},{"taxonomy":"product_cat","embeddable":true,"href":"https:\/\/www.docteurjobez.fr\/pharmacie\/wp-json\/wp\/v2\/product_cat?post=4520"},{"taxonomy":"product_tag","embeddable":true,"href":"https:\/\/www.docteurjobez.fr\/pharmacie\/wp-json\/wp\/v2\/product_tag?post=4520"}],"curies":[{"name":"wp","href":"https:\/\/api.w.org\/{rel}","templated":true}]}}