{"id":4529,"date":"2024-10-18T19:46:20","date_gmt":"2024-10-18T19:46:20","guid":{"rendered":"https:\/\/chirurgie-orthopedie-vannes.fr\/pharmacie\/?post_type=product&#038;p=4529"},"modified":"2025-03-17T17:36:20","modified_gmt":"2025-03-17T17:36:20","slug":"titanodrol","status":"publish","type":"product","link":"https:\/\/www.docteurjobez.fr\/pharmacie\/supp\/titanodrol\/","title":{"rendered":"Titanodrol"},"content":{"rendered":"\n<h2 class=\"wp-block-heading\">Qu&rsquo;est-ce que le Titanodrol et comment fonctionne-t-il ?<\/h2>\n\n\n\n<p>Titanodrol est un <b>compl\u00e9ment alimentaire<\/b> innovant qui vise \u00e0 favoriser la prise de masse musculaire. Son <em>action<\/em> repose sur des <em>principes actifs<\/em> soigneusement s\u00e9lectionn\u00e9s qui visent \u00e0 am\u00e9liorer les performances physiques et les processus anaboliques de l&rsquo;organisme. Les ingr\u00e9dients cl\u00e9s comprennent la b\u00eata-alanine, l&rsquo;acide D-aspartique, ainsi que des extraits de plantes tels que le guarana et le poivre de Cayenne.<\/p>\n\n\n\n<p>La b\u00eata-alanine contribue \u00e0 r\u00e9duire la fatigue et \u00e0 augmenter les performances musculaires. L&rsquo;acide D-aspartique favorise la production de testost\u00e9rone, ce qui est important pour ceux qui souhaitent gagner de la masse musculaire. Les extraits de plantes tels que le guarana fournissent une \u00e9nergie naturelle qui stimule l&rsquo;intensit\u00e9 de l&rsquo;entra\u00eenement.<\/p>\n\n\n\n<p><b>L&rsquo;utilisation de<\/b> Titanodrol contribue \u00e0 la construction de la masse musculaire plus rapidement et plus efficacement, ce qui en fait un choix id\u00e9al tant pour les d\u00e9butants que pour les athl\u00e8tes avanc\u00e9s. Gr\u00e2ce \u00e0 l&rsquo;action synergique des ingr\u00e9dients actifs, les utilisateurs peuvent s&rsquo;attendre \u00e0 des r\u00e9sultats significatifs dans un laps de temps plus court.<\/p>\n\n\n\n<h2 class=\"wp-block-heading\">Titanodrol &#8211; effets<\/h2>\n\n\n\n<p>Les utilisateurs de Titanodrol s&rsquo;attendent souvent \u00e0 des effets significatifs li\u00e9s \u00e0 la prise de masse musculaire et \u00e0 l&rsquo;augmentation de la force. Bien que les publicit\u00e9s sugg\u00e8rent que ce suppl\u00e9ment peut produire des <b>r\u00e9sultats<\/b> notables, la r\u00e9alit\u00e9 est quelque peu diff\u00e9rente. De nombreuses personnes font \u00e9tat d&rsquo;un manque d&rsquo;am\u00e9lioration des performances g\u00e9n\u00e9rales et des gains de masse musculaire en d\u00e9pit d&rsquo;une utilisation r\u00e9guli\u00e8re.<\/p>\n\n\n\n<p>Le Titanodrol contient des ingr\u00e9dients tels que la b\u00eata-alanine et l&rsquo;acide D-aspartique, qui sont th\u00e9oriquement cens\u00e9s soutenir les <b>effets d&rsquo;une<\/b> endurance accrue et d&rsquo;une meilleure r\u00e9cup\u00e9ration. La pratique montre que ces <b>r\u00e9sultats<\/b> sont limit\u00e9s. Les utilisateurs n&rsquo;ont pas observ\u00e9 de diff\u00e9rence significative au niveau de l&rsquo;\u00e9nergie ou de la capacit\u00e9 \u00e0 s&rsquo;entra\u00eener plus intens\u00e9ment.<\/p>\n\n\n\n<p>Parmi les autres ingr\u00e9dients favorisant la prise de masse, citons le fenugrec et le poivre de Cayenne. Bien que ces substances aient leurs partisans, dans le contexte du Titanodrol, elles ne produisent pas d&rsquo;effets notables. Il convient \u00e9galement de rappeler l&rsquo;importance d&rsquo;un r\u00e9gime alimentaire et d&rsquo;un entra\u00eenement ad\u00e9quats pour obtenir la silhouette de vos r\u00eaves, ce qui peut r\u00e9duire les attentes excessives en mati\u00e8re de suppl\u00e9mentation.<\/p>\n\n\n\n<p>Ainsi, de nombreux avis indiquent que le Titanodrol pourrait ne pas donner les r\u00e9sultats promis. Ceux qui envisagent de l&rsquo;acheter doivent garder \u00e0 l&rsquo;esprit que les r\u00e9sultats peuvent varier et que certains utilisateurs n&rsquo;ont pas obtenu les r\u00e9sultats escompt\u00e9s en ce qui concerne leurs s\u00e9ances d&rsquo;entra\u00eenement et leurs performances g\u00e9n\u00e9rales.<\/p>\n\n\n\n<h2 class=\"wp-block-heading\">Comment utiliser Titanodrol ? &#8211; Dosage et recommandations<\/h2>\n\n\n\n<p>L&rsquo;<b>utilisation du<\/b> Titanodrol doit \u00eatre bien r\u00e9fl\u00e9chie afin de maximiser son potentiel. La <b>posologie<\/b> recommand\u00e9e est de 2 g\u00e9lules par jour, \u00e0 prendre environ 30 minutes avant l&rsquo;entra\u00eenement. L&rsquo;organisme a ainsi le temps d&rsquo;assimiler les principes actifs, ce qui augmente l&rsquo;efficacit\u00e9 du compl\u00e9ment.<\/p>\n\n\n\n<p>Il est important d&rsquo;adapter le dosage. Les utilisateurs remarquent que <b>les effets<\/b> sont plus visibles lorsque le Titanodrol est utilis\u00e9 r\u00e9guli\u00e8rement. Une <b>utilisation<\/b> r\u00e9guli\u00e8re, combin\u00e9e \u00e0 un r\u00e9gime alimentaire et \u00e0 un plan d&rsquo;entra\u00eenement adapt\u00e9s, contribue \u00e0 am\u00e9liorer les r\u00e9sultats de l&rsquo;entra\u00eenement et \u00e0 augmenter la masse musculaire. Il convient de noter que pour obtenir des r\u00e9sultats optimaux, la suppl\u00e9mentation doit \u00eatre prise pendant au moins 30 jours.<\/p>\n\n\n\n<p>Le fabricant recommande de consulter un m\u00e9decin avant de prendre du Titanodrol, en particulier pour les personnes pr\u00e9sentant un \u00e9tat de sant\u00e9 pr\u00e9disposant. Il ne doit pas \u00eatre utilis\u00e9 par les jeunes, les femmes enceintes ou allaitantes. Une utilisation s\u00fbre du suppl\u00e9ment permettra d&rsquo;\u00e9viter les probl\u00e8mes de sant\u00e9 potentiels et de maximiser les avantages de la croissance musculaire.<\/p>\n\n\n\n<h2 class=\"wp-block-heading\">Critiques et opinions sur Titanodrol<\/h2>\n\n\n\n<p>Les utilisateurs de Titanodrol expriment des <b>avis<\/b> vari\u00e9s sur ce compl\u00e9ment. De nombreux avis soulignent les <b>effets<\/b> positifs <b>du Titanodrol<\/b>, notamment en termes d&rsquo;augmentation de la masse musculaire et d&rsquo;am\u00e9lioration des performances pendant les s\u00e9ances d&rsquo;entra\u00eenement. Les utilisateurs du produit notent que leur endurance a augment\u00e9 de mani\u00e8re significative, ce qui leur permet de s&rsquo;entra\u00eener plus intens\u00e9ment.<\/p>\n\n\n\n<p>Christopher, un utilisateur, souligne une nette augmentation de la force gr\u00e2ce \u00e0 une utilisation r\u00e9guli\u00e8re de Titanodrol pendant plusieurs mois. Ses <b>commentaires<\/b> soulignent que le suppl\u00e9ment a contribu\u00e9 \u00e0 une meilleure r\u00e9cup\u00e9ration apr\u00e8s des s\u00e9ances difficiles, ce qui est essentiel pour obtenir de meilleurs r\u00e9sultats.<\/p>\n\n\n\n<p>Natalia met l&rsquo;accent sur l&rsquo;aspect mental, en soulignant l&rsquo;am\u00e9lioration du bien-\u00eatre et le fait de se sentir moins fatigu\u00e9 apr\u00e8s l&rsquo;entra\u00eenement. Ses <b>commentaires<\/b> sugg\u00e8rent que le Titanodrol ne soutient pas seulement le d\u00e9veloppement physique, mais qu&rsquo;il a \u00e9galement un impact positif sur l&rsquo;approche mentale de l&rsquo;exercice.<\/p>\n\n\n\n<p>En plus de ces exp\u00e9riences, Mark a remarqu\u00e9 des <b>effets<\/b> li\u00e9s \u00e0 la perte de poids. Ses <b>commentaires<\/b> portent sur la fa\u00e7on dont le suppl\u00e9ment l&rsquo;a aid\u00e9 \u00e0 mieux sculpter son corps, ce qui, pour de nombreuses personnes, est un objectif important de l&rsquo;entra\u00eenement.<\/p>\n\n\n\n<figure class=\"wp-block-table\"><table class=\"has-fixed-layout\"><tbody><tr><th>Nom de l&rsquo;utilisateur<\/th><th>Principaux effets<\/th><th>\u00c9valuation globale<\/th><\/tr><tr><td>Krzysztof<\/td><td>Augmentation de la force, am\u00e9lioration de la r\u00e9cup\u00e9ration<\/td><td>9\/10<\/td><\/tr><tr><td>Natalia<\/td><td>Am\u00e9lioration du bien-\u00eatre, diminution de la fatigue<\/td><td>8.5\/10<\/td><\/tr><tr><td>Marek<\/td><td>Effets amincissants, am\u00e9lioration du modelage<\/td><td>9.5\/10<\/td><\/tr><\/tbody><\/table><\/figure>\n\n\n\n<p>L&rsquo;\u00e9valuation globale du Titanodrol est de 4,7\/5, ce qui indique une grande satisfaction des utilisateurs. Gr\u00e2ce \u00e0 ses ingr\u00e9dients naturels, ce compl\u00e9ment gagne en popularit\u00e9, en particulier parmi ceux qui recherchent un soutien efficace pour l&rsquo;entra\u00eenement et la prise de masse musculaire.<\/p>\n\n\n\n<h2 class=\"wp-block-heading\">Titanodrol &#8211; Composition<\/h2>\n\n\n\n<p>Titanodrol est un compl\u00e9ment qui a \u00e9t\u00e9 soigneusement con\u00e7u pour favoriser le d\u00e9veloppement de <b>la<\/b> masse musculaire. <b>Les ingr\u00e9dients actifs de<\/b> ce produit comprennent un certain nombre de substances cl\u00e9s qui contribuent \u00e0 am\u00e9liorer les performances d&rsquo;entra\u00eenement et la r\u00e9cup\u00e9ration.<\/p>\n\n\n\n<p>Les ingr\u00e9dients suivants sont pr\u00e9sents dans chaque portion quotidienne de 2 g\u00e9lules :<\/p>\n\n\n\n<figure class=\"wp-block-table\"><table class=\"has-fixed-layout\"><tbody><tr><th>Composant<\/th><th>Contenu pour 2 g\u00e9lules<\/th><\/tr><tr><td>B\u00eata-alanine<\/td><td>250 mg<\/td><\/tr><tr><td>Acide D-aspartique (DAA)<\/td><td>166 mg<\/td><\/tr><tr><td>L-arginine<\/td><td>166 mg<\/td><\/tr><tr><td>Extrait de graines de fenugrec<\/td><td>84 mg<\/td><\/tr><tr><td>Extrait de fruit de piment de Cayenne<\/td><td>76 mg<\/td><\/tr><tr><td>Extrait de graines de macis<\/td><td>42 mg<\/td><\/tr><tr><td>Saponines dans l&rsquo;extrait de macis<\/td><td>37,8 mg<\/td><\/tr><tr><td>Extrait de graines de guarana<\/td><td>38 mg<\/td><\/tr><tr><td>Caf\u00e9ine dans l&rsquo;extrait de guarana<\/td><td>8,36 mg<\/td><\/tr><tr><td>Caf\u00e9ine anhydre<\/td><td>26 mg<\/td><\/tr><tr><td>Zinc<\/td><td>15 mg (150% RWS)<\/td><\/tr><\/tbody><\/table><\/figure>\n\n\n\n<p>Chacun de ces ingr\u00e9dients actifs poss\u00e8de ses propres propri\u00e9t\u00e9s. Par exemple, la b\u00eata-alanine est connue pour augmenter l&rsquo;endurance musculaire, tandis que l&rsquo;acide D-aspartique soutient la production de testost\u00e9rone. L&rsquo;extrait de guarana fournit de l&rsquo;\u00e9nergie, ce qui est important lors d&rsquo;entra\u00eenements intenses. La <b>composition de<\/b> Titanodrol est optimis\u00e9e pour maximiser son efficacit\u00e9.<\/p>\n\n\n\n<h2 class=\"wp-block-heading\">O\u00f9 acheter et combien co\u00fbte Titanodrol &#8211; prix<\/h2>\n\n\n\n<p>Si vous voulez acheter Titanodrol au meilleur prix et avoir une garantie d&rsquo;authenticit\u00e9, il vaut la peine d&rsquo;acheter sur le site officiel du fabricant. C&rsquo;est le seul endroit o\u00f9 vous pouvez acheter le produit original tout en profitant de nombreuses r\u00e9ductions, qui peuvent aller jusqu&rsquo;\u00e0 50 %. Cette solution permet de rendre le produit plus abordable tout en conservant sa qualit\u00e9 sup\u00e9rieure.<\/p>\n\n\n\n<p>Il convient de rappeler que le Titanodrol n&rsquo;est pas disponible dans les pharmacies, les papeteries ou les plateformes de commerce \u00e9lectronique. Soucieux de la qualit\u00e9 de la distribution, le fabricant limite les ventes \u00e0 sa boutique en ligne officielle.<\/p>\n\n\n\n<p>Il faut savoir que la prise r\u00e9guli\u00e8re de Titanodrol, \u00e0 raison de 2 g\u00e9lules par jour pendant un mois, permet d&rsquo;obtenir de r\u00e9els r\u00e9sultats. Apr\u00e8s environ quatre \u00e0 six semaines, une augmentation significative de la masse musculaire et une am\u00e9lioration des performances globales peuvent \u00eatre observ\u00e9es, avec des donn\u00e9es montrant des r\u00e9sultats dans 95% des cas. Titanodrol est disponible sans ordonnance, ce qui facilite son achat.<\/p>\n\n\n\n<h2 class=\"wp-block-heading\">Titanodrol &#8211; Effets secondaires et contre-indications &#8211; Est-il s\u00fbr ?<\/h2>\n\n\n\n<p>Le Titanodrol, malgr\u00e9 les nombreux avantages qu&rsquo;il peut apporter en termes de prise de masse musculaire, n&rsquo;est pas exempt d&rsquo;effets secondaires potentiels. Certains utilisateurs peuvent souffrir de probl\u00e8mes d&rsquo;estomac, de maux de t\u00eate ou de r\u00e9actions allergiques aux <b>principes actifs<\/b> du compl\u00e9ment. Il convient donc de veiller \u00e0 son bien-\u00eatre lors de son utilisation.<\/p>\n\n\n\n<p>En outre, il existe des <b>contre-indications<\/b> qui doivent \u00eatre prises en compte avant de commencer une suppl\u00e9mentation en Titanodrol. Les personnes souffrant de maladies cardiaques, d&rsquo;hypertension art\u00e9rielle et les femmes enceintes doivent \u00e9viter d&rsquo;utiliser ce compl\u00e9ment ou consulter un m\u00e9decin. Le souci de <b>s\u00e9curit\u00e9 de Titanodrol<\/b> garantit que l&rsquo;utilisateur ne s&rsquo;expose pas \u00e0 des risques inutiles.<\/p>\n\n\n\n<p>En cas de sympt\u00f4mes inqui\u00e9tants, le plus important est de ne pas tarder \u00e0 consulter un sp\u00e9cialiste. Le Titanodrol, bien que bas\u00e9 sur des ingr\u00e9dients naturels, n\u00e9cessite une approche responsable de la suppl\u00e9mentation afin de minimiser le risque d&rsquo;effets secondaires et d&rsquo;assurer des <b>r\u00e9sultats<\/b> optimaux.<\/p>\n","protected":false},"excerpt":{"rendered":"<p><strong>[date_countdown]<\/strong><\/p>\n<p><img decoding=\"async\" class=\"alignnone  wp-image-8427\" src=\"https:\/\/www.docteurjobez.fr\/pharmacie\/wp-content\/uploads\/2024\/10\/SAFE-PAY-300x88-1.png\" alt=\"SAFE-PAY-300x88\" width=\"164\" height=\"48\" \/><\/p>\n","protected":false},"featured_media":3985,"comment_status":"open","ping_status":"closed","template":"","meta":{"neve_meta_sidebar":"","neve_meta_container":"","neve_meta_enable_content_width":"","neve_meta_content_width":0,"neve_meta_title_alignment":"","neve_meta_author_avatar":"","neve_post_elements_order":"","neve_meta_disable_header":"","neve_meta_disable_footer":"","neve_meta_disable_title":"","neve_meta_reading_time":""},"product_brand":[],"product_cat":[15],"product_tag":[],"class_list":{"0":"post-4529","1":"product","2":"type-product","3":"status-publish","4":"has-post-thumbnail","6":"product_cat-perte-de-poids","8":"first","9":"instock","10":"sale","11":"shipping-taxable","12":"product-type-external"},"yoast_head":"<!-- This site is optimized with the Yoast SEO plugin v27.4 - https:\/\/yoast.com\/product\/yoast-seo-wordpress\/ -->\n<title>Titanodrol - Avis, Prix -50%, Forum, Pharmacie, Effets | DocteurJobez<\/title>\n<meta name=\"robots\" content=\"index, follow, max-snippet:-1, max-image-preview:large, max-video-preview:-1\" \/>\n<link rel=\"canonical\" href=\"https:\/\/www.docteurjobez.fr\/pharmacie\/supp\/titanodrol\/\" \/>\n<meta property=\"og:locale\" content=\"fr_FR\" \/>\n<meta property=\"og:type\" content=\"article\" \/>\n<meta property=\"og:title\" content=\"Titanodrol - Avis, Prix -50%, Forum, Pharmacie, Effets | DocteurJobez\" \/>\n<meta property=\"og:url\" content=\"https:\/\/www.docteurjobez.fr\/pharmacie\/supp\/titanodrol\/\" \/>\n<meta property=\"og:site_name\" content=\"DocteurJobez\" \/>\n<meta property=\"article:modified_time\" content=\"2025-03-17T17:36:20+00:00\" \/>\n<meta property=\"og:image\" content=\"https:\/\/www.docteurjobez.fr\/pharmacie\/wp-content\/uploads\/2024\/10\/Titanodrol.jpg\" \/>\n\t<meta property=\"og:image:width\" content=\"768\" \/>\n\t<meta property=\"og:image:height\" content=\"768\" \/>\n\t<meta property=\"og:image:type\" content=\"image\/jpeg\" \/>\n<meta name=\"twitter:card\" content=\"summary_large_image\" \/>\n<meta name=\"twitter:description\" content=\"[date_countdown]\" \/>\n<meta name=\"twitter:label1\" content=\"Dur\u00e9e de lecture estim\u00e9e\" \/>\n\t<meta name=\"twitter:data1\" content=\"1 minute\" \/>\n<script type=\"application\/ld+json\" class=\"yoast-schema-graph\">{\"@context\":\"https:\\\/\\\/schema.org\",\"@graph\":[{\"@type\":\"WebPage\",\"@id\":\"https:\\\/\\\/www.docteurjobez.fr\\\/pharmacie\\\/supp\\\/titanodrol\\\/\",\"url\":\"https:\\\/\\\/www.docteurjobez.fr\\\/pharmacie\\\/supp\\\/titanodrol\\\/\",\"name\":\"Titanodrol - Avis, Prix -50%, Forum, Pharmacie, Effets | DocteurJobez\",\"isPartOf\":{\"@id\":\"https:\\\/\\\/www.docteurjobez.fr\\\/pharmacie\\\/#website\"},\"primaryImageOfPage\":{\"@id\":\"https:\\\/\\\/www.docteurjobez.fr\\\/pharmacie\\\/supp\\\/titanodrol\\\/#primaryimage\"},\"image\":{\"@id\":\"https:\\\/\\\/www.docteurjobez.fr\\\/pharmacie\\\/supp\\\/titanodrol\\\/#primaryimage\"},\"thumbnailUrl\":\"https:\\\/\\\/www.docteurjobez.fr\\\/pharmacie\\\/wp-content\\\/uploads\\\/2024\\\/10\\\/Titanodrol.jpg\",\"datePublished\":\"2024-10-18T19:46:20+00:00\",\"dateModified\":\"2025-03-17T17:36:20+00:00\",\"breadcrumb\":{\"@id\":\"https:\\\/\\\/www.docteurjobez.fr\\\/pharmacie\\\/supp\\\/titanodrol\\\/#breadcrumb\"},\"inLanguage\":\"fr-FR\",\"potentialAction\":[{\"@type\":\"ReadAction\",\"target\":[\"https:\\\/\\\/www.docteurjobez.fr\\\/pharmacie\\\/supp\\\/titanodrol\\\/\"]}]},{\"@type\":\"ImageObject\",\"inLanguage\":\"fr-FR\",\"@id\":\"https:\\\/\\\/www.docteurjobez.fr\\\/pharmacie\\\/supp\\\/titanodrol\\\/#primaryimage\",\"url\":\"https:\\\/\\\/www.docteurjobez.fr\\\/pharmacie\\\/wp-content\\\/uploads\\\/2024\\\/10\\\/Titanodrol.jpg\",\"contentUrl\":\"https:\\\/\\\/www.docteurjobez.fr\\\/pharmacie\\\/wp-content\\\/uploads\\\/2024\\\/10\\\/Titanodrol.jpg\",\"width\":768,\"height\":768},{\"@type\":\"BreadcrumbList\",\"@id\":\"https:\\\/\\\/www.docteurjobez.fr\\\/pharmacie\\\/supp\\\/titanodrol\\\/#breadcrumb\",\"itemListElement\":[{\"@type\":\"ListItem\",\"position\":1,\"name\":\"Strona g\u0142\u00f3wna\",\"item\":\"https:\\\/\\\/www.docteurjobez.fr\\\/pharmacie\\\/\"},{\"@type\":\"ListItem\",\"position\":2,\"name\":\"farmaci\",\"item\":\"https:\\\/\\\/www.docteurjobez.fr\\\/pharmacie\\\/\"},{\"@type\":\"ListItem\",\"position\":3,\"name\":\"Titanodrol\"}]},{\"@type\":\"WebSite\",\"@id\":\"https:\\\/\\\/www.docteurjobez.fr\\\/pharmacie\\\/#website\",\"url\":\"https:\\\/\\\/www.docteurjobez.fr\\\/pharmacie\\\/\",\"name\":\"DocteurJobez\",\"description\":\"\",\"potentialAction\":[{\"@type\":\"SearchAction\",\"target\":{\"@type\":\"EntryPoint\",\"urlTemplate\":\"https:\\\/\\\/www.docteurjobez.fr\\\/pharmacie\\\/?s={search_term_string}\"},\"query-input\":{\"@type\":\"PropertyValueSpecification\",\"valueRequired\":true,\"valueName\":\"search_term_string\"}}],\"inLanguage\":\"fr-FR\"}]}<\/script>\n<!-- \/ Yoast SEO plugin. -->","yoast_head_json":{"title":"Titanodrol - Avis, Prix -50%, Forum, Pharmacie, Effets | DocteurJobez","robots":{"index":"index","follow":"follow","max-snippet":"max-snippet:-1","max-image-preview":"max-image-preview:large","max-video-preview":"max-video-preview:-1"},"canonical":"https:\/\/www.docteurjobez.fr\/pharmacie\/supp\/titanodrol\/","og_locale":"fr_FR","og_type":"article","og_title":"Titanodrol - Avis, Prix -50%, Forum, Pharmacie, Effets | DocteurJobez","og_url":"https:\/\/www.docteurjobez.fr\/pharmacie\/supp\/titanodrol\/","og_site_name":"DocteurJobez","article_modified_time":"2025-03-17T17:36:20+00:00","og_image":[{"width":768,"height":768,"url":"https:\/\/www.docteurjobez.fr\/pharmacie\/wp-content\/uploads\/2024\/10\/Titanodrol.jpg","type":"image\/jpeg"}],"twitter_card":"summary_large_image","twitter_description":"[date_countdown]","twitter_misc":{"Dur\u00e9e de lecture estim\u00e9e":"1 minute"},"schema":{"@context":"https:\/\/schema.org","@graph":[{"@type":"WebPage","@id":"https:\/\/www.docteurjobez.fr\/pharmacie\/supp\/titanodrol\/","url":"https:\/\/www.docteurjobez.fr\/pharmacie\/supp\/titanodrol\/","name":"Titanodrol - Avis, Prix -50%, Forum, Pharmacie, Effets | DocteurJobez","isPartOf":{"@id":"https:\/\/www.docteurjobez.fr\/pharmacie\/#website"},"primaryImageOfPage":{"@id":"https:\/\/www.docteurjobez.fr\/pharmacie\/supp\/titanodrol\/#primaryimage"},"image":{"@id":"https:\/\/www.docteurjobez.fr\/pharmacie\/supp\/titanodrol\/#primaryimage"},"thumbnailUrl":"https:\/\/www.docteurjobez.fr\/pharmacie\/wp-content\/uploads\/2024\/10\/Titanodrol.jpg","datePublished":"2024-10-18T19:46:20+00:00","dateModified":"2025-03-17T17:36:20+00:00","breadcrumb":{"@id":"https:\/\/www.docteurjobez.fr\/pharmacie\/supp\/titanodrol\/#breadcrumb"},"inLanguage":"fr-FR","potentialAction":[{"@type":"ReadAction","target":["https:\/\/www.docteurjobez.fr\/pharmacie\/supp\/titanodrol\/"]}]},{"@type":"ImageObject","inLanguage":"fr-FR","@id":"https:\/\/www.docteurjobez.fr\/pharmacie\/supp\/titanodrol\/#primaryimage","url":"https:\/\/www.docteurjobez.fr\/pharmacie\/wp-content\/uploads\/2024\/10\/Titanodrol.jpg","contentUrl":"https:\/\/www.docteurjobez.fr\/pharmacie\/wp-content\/uploads\/2024\/10\/Titanodrol.jpg","width":768,"height":768},{"@type":"BreadcrumbList","@id":"https:\/\/www.docteurjobez.fr\/pharmacie\/supp\/titanodrol\/#breadcrumb","itemListElement":[{"@type":"ListItem","position":1,"name":"Strona g\u0142\u00f3wna","item":"https:\/\/www.docteurjobez.fr\/pharmacie\/"},{"@type":"ListItem","position":2,"name":"farmaci","item":"https:\/\/www.docteurjobez.fr\/pharmacie\/"},{"@type":"ListItem","position":3,"name":"Titanodrol"}]},{"@type":"WebSite","@id":"https:\/\/www.docteurjobez.fr\/pharmacie\/#website","url":"https:\/\/www.docteurjobez.fr\/pharmacie\/","name":"DocteurJobez","description":"","potentialAction":[{"@type":"SearchAction","target":{"@type":"EntryPoint","urlTemplate":"https:\/\/www.docteurjobez.fr\/pharmacie\/?s={search_term_string}"},"query-input":{"@type":"PropertyValueSpecification","valueRequired":true,"valueName":"search_term_string"}}],"inLanguage":"fr-FR"}]}},"_links":{"self":[{"href":"https:\/\/www.docteurjobez.fr\/pharmacie\/wp-json\/wp\/v2\/product\/4529","targetHints":{"allow":["GET"]}}],"collection":[{"href":"https:\/\/www.docteurjobez.fr\/pharmacie\/wp-json\/wp\/v2\/product"}],"about":[{"href":"https:\/\/www.docteurjobez.fr\/pharmacie\/wp-json\/wp\/v2\/types\/product"}],"replies":[{"embeddable":true,"href":"https:\/\/www.docteurjobez.fr\/pharmacie\/wp-json\/wp\/v2\/comments?post=4529"}],"wp:featuredmedia":[{"embeddable":true,"href":"https:\/\/www.docteurjobez.fr\/pharmacie\/wp-json\/wp\/v2\/media\/3985"}],"wp:attachment":[{"href":"https:\/\/www.docteurjobez.fr\/pharmacie\/wp-json\/wp\/v2\/media?parent=4529"}],"wp:term":[{"taxonomy":"product_brand","embeddable":true,"href":"https:\/\/www.docteurjobez.fr\/pharmacie\/wp-json\/wp\/v2\/product_brand?post=4529"},{"taxonomy":"product_cat","embeddable":true,"href":"https:\/\/www.docteurjobez.fr\/pharmacie\/wp-json\/wp\/v2\/product_cat?post=4529"},{"taxonomy":"product_tag","embeddable":true,"href":"https:\/\/www.docteurjobez.fr\/pharmacie\/wp-json\/wp\/v2\/product_tag?post=4529"}],"curies":[{"name":"wp","href":"https:\/\/api.w.org\/{rel}","templated":true}]}}