{"id":4538,"date":"2024-10-18T19:46:25","date_gmt":"2024-10-18T19:46:25","guid":{"rendered":"https:\/\/chirurgie-orthopedie-vannes.fr\/pharmacie\/?post_type=product&#038;p=4538"},"modified":"2025-03-17T18:32:07","modified_gmt":"2025-03-17T18:32:07","slug":"cappuccino-mct","status":"publish","type":"product","link":"https:\/\/www.docteurjobez.fr\/pharmacie\/supp\/cappuccino-mct\/","title":{"rendered":"Cappuccino MCT"},"content":{"rendered":"\n<h2 class=\"wp-block-heading\">Qu&rsquo;est-ce que le Cappuccino MCT et comment fonctionne-t-il ?<\/h2>\n\n\n\n<p><b>Cappuccino MCT<\/b> est une boisson innovante qui associe le go\u00fbt du caf\u00e9 aux bienfaits des triglyc\u00e9rides \u00e0 cha\u00eene moyenne pour la sant\u00e9. Ces compos\u00e9s chimiques, connus sous le nom de <b>TCM<\/b>, sont rapidement absorb\u00e9s par l&rsquo;organisme, ce qui favorise leur utilisation comme source d&rsquo;\u00e9nergie. La consommation r\u00e9guli\u00e8re de ce suppl\u00e9ment peut contribuer \u00e0 <em>acc\u00e9l\u00e9rer le m\u00e9tabolisme<\/em> et \u00e0 augmenter la combustion des calories, favorisant ainsi la perte de poids.<\/p>\n\n\n\n<p>La teneur \u00e9lev\u00e9e en <em>caf\u00e9ine<\/em> du Cappuccino <b>MCT<\/b> am\u00e9liore les niveaux d&rsquo;\u00e9nergie et la concentration, ce qui est important pour les personnes qui suivent un r\u00e9gime. En outre, ce compos\u00e9 r\u00e9duit le stockage des graisses dans l&rsquo;organisme, ce qui peut contribuer \u00e0 r\u00e9duire la masse graisseuse. Le <b>caf\u00e9<\/b> contient \u00e9galement du caf\u00e9 vert, riche en acide chlorog\u00e9nique (GCA) &#8211; sa pr\u00e9sence r\u00e9duit l&rsquo;app\u00e9tit, ce qui favorise le contr\u00f4le de l&rsquo;app\u00e9tit.<\/p>\n\n\n\n<p>Cappuccino <b>MCT<\/b> est enrichi en inuline, qui agit comme une source de fibres alimentaires pour soutenir la microflore intestinale b\u00e9n\u00e9fique. Malgr\u00e9 ses nombreux avantages, ce <b>compl\u00e9ment<\/b> n&rsquo;est pas recommand\u00e9 aux femmes enceintes ou allaitantes et ne convient pas aux v\u00e9g\u00e9taliens, en raison de sa teneur en prot\u00e9ines de lait. En Pologne, Cappuccino MCT a re\u00e7u des <b>critiques<\/b> positives, principalement en raison de sa forme de caf\u00e9 en poudre, qui facilite son <b>utilisation<\/b> quotidienne.<\/p>\n\n\n\n<h2 class=\"wp-block-heading\">Effets du Cappuccino MCT<\/h2>\n\n\n\n<p>Les <b>utilisateurs de<\/b> <b>Cappuccino MCT<\/b> remarquent un certain nombre d&rsquo;effets positifs. L&rsquo;<b>utilisation<\/b> r\u00e9guli\u00e8re <b>de<\/b> Cappuccino MCT acc\u00e9l\u00e8re la combustion des calories, ce qui est crucial pour la perte de poids. Par cons\u00e9quent, il est plus facile de r\u00e9duire l&rsquo;exc\u00e8s de graisse corporelle et le stockage des graisses dans le corps est \u00e9galement r\u00e9duit. Il convient de noter que les <b>effets du<\/b> traitement sont d\u00e9j\u00e0 visibles apr\u00e8s environ 8 semaines d&rsquo;utilisation syst\u00e9matique.<\/p>\n\n\n\n<p>Cappuccino MCT augmente la sensation de sati\u00e9t\u00e9, ce qui r\u00e9duit l&rsquo;app\u00e9tit et le grignotage au cours de la journ\u00e9e. La pr\u00e9sence d&rsquo;ingr\u00e9dients tels que le Garcinia Cambogia et l&rsquo;inuline contribue \u00e0 r\u00e9duire les envies de grignotages malsains, ce qui favorise un r\u00e9gime alimentaire sain. En outre, la <b>caf\u00e9ine<\/b> pr\u00e9sente dans le caf\u00e9 MCT stimule le m\u00e9tabolisme, ce qui permet de br\u00fbler davantage de calories, m\u00eame au repos.<\/p>\n\n\n\n<figure class=\"wp-block-table\"><table class=\"has-fixed-layout\"><tbody><tr><th>Effet<\/th><th>Description<\/th><\/tr><tr><td>Acc\u00e9l\u00e9ration de la combustion des calories<\/td><td>Une <b>utilisation<\/b> r\u00e9guli\u00e8re acc\u00e9l\u00e8re le processus de perte de poids.<\/td><\/tr><tr><td>Restriction de l&rsquo;app\u00e9tit<\/td><td>Augmente la sensation de sati\u00e9t\u00e9, ce qui r\u00e9duit le grignotage.<\/td><\/tr><tr><td>R\u00e9duction de la graisse<\/td><td>Les TCM favorisent la combustion des graisses et le d\u00e9veloppement musculaire.<\/td><\/tr><tr><td><b>Des r\u00e9sultats<\/b> visibles<\/td><td>Les <b>effets du<\/b> traitement apparaissent apr\u00e8s environ huit semaines.<\/td><\/tr><\/tbody><\/table><\/figure>\n\n\n\n<p>En consommant une tasse de Cappuccino MCT par jour, vous remarquerez des changements significatifs dans votre corps et votre humeur. La <b>caf\u00e9ine<\/b> contenue dans cette boisson agit pendant environ 4 heures, ce qui renforce encore ses <b>effets<\/b>. La consommation r\u00e9guli\u00e8re de chrome peut \u00e9galement r\u00e9duire l&rsquo;envie de grignoter, ce qui constitue un autre avantage dans la lutte contre le surpoids.<\/p>\n\n\n\n<h2 class=\"wp-block-heading\">Comment utiliser Cappuccino MCT &#8211; Mode d&#8217;emploi et posologie<\/h2>\n\n\n\n<p>Afin d&rsquo;obtenir les meilleurs <b>r\u00e9sultats<\/b>, l&rsquo;utilisation de Cappuccino MCT n\u00e9cessite le respect de r\u00e8gles de dosage appropri\u00e9es. En g\u00e9n\u00e9ral, une portion par jour est recommand\u00e9e pour am\u00e9liorer la sensation de sati\u00e9t\u00e9 et soutenir les processus m\u00e9taboliques. Il est pr\u00e9f\u00e9rable de dissoudre le produit dans de l&rsquo;eau chaude ou du lait, conform\u00e9ment aux instructions figurant sur l&rsquo;\u00e9tiquette de l&#8217;emballage.<\/p>\n\n\n\n<p>Il convient de noter la <b>posologie<\/b> recommand\u00e9e, qui oscille entre 15 et 30 ml par jour, ce qui correspond \u00e0 environ 1 \u00e0 2 cuill\u00e8res \u00e0 soupe. Cela permet \u00e0 l&rsquo;utilisateur d&rsquo;utiliser efficacement le potentiel des ingr\u00e9dients actifs. Cappuccino MCT contient 130 kcal pour 100 ml, dont 4,7 g de graisses, ce qui augmente l&rsquo;\u00e9nergie et am\u00e9liore le bien-\u00eatre mental et physique.<\/p>\n\n\n\n<p>L&#8217;emballage ouvert doit \u00eatre conserv\u00e9 au r\u00e9frig\u00e9rateur pendant 24 heures au maximum. Veuillez noter que Cappuccino MCT ne doit pas \u00eatre la seule source de nutrition et qu&rsquo;il est destin\u00e9 aux personnes de plus de 3 ans. Avec un dosage et une utilisation appropri\u00e9s, Cappuccino MCT peut devenir un soutien pr\u00e9cieux dans le cadre d&rsquo;un r\u00e9gime de perte de poids.<\/p>\n\n\n\n<h2 class=\"wp-block-heading\">Critiques de Cappuccino MCT &#8211; Que disent les utilisateurs dans les forums ?<\/h2>\n\n\n\n<p>Les utilisateurs de Cappuccino MCT ont une attitude positive. Beaucoup d&rsquo;entre eux partagent leurs opinions sur les forums<\/p>\n\n\n\n<ul class=\"wp-block-list\">\n<li><blockquote><p>Magda : \u00ab\u00a0Le cappuccino MCT est devenu mon rituel quotidien. Il m&rsquo;aide \u00e0 contr\u00f4ler mon app\u00e9tit et me donne beaucoup d&rsquo;\u00e9nergie pour travailler.\u00a0\u00bb<\/p><\/blockquote><\/li>\n\n\n\n<li><blockquote><p>Christopher : \u00ab\u00a0J&rsquo;ai remarqu\u00e9 une am\u00e9lioration significative des r\u00e9sultats de mon r\u00e9gime. Apr\u00e8s seulement quelques semaines, j&rsquo;ai commenc\u00e9 \u00e0 perdre du poids et je me sens mieux.\u00a0\u00bb<\/p><\/blockquote><\/li>\n\n\n\n<li><blockquote><p>Ania : \u00ab\u00a0Le caf\u00e9 est d\u00e9licieux et les effets sont visibles. C&rsquo;est une bonne chose qu&rsquo;il puisse \u00eatre command\u00e9 en ligne sur le site du fabricant.\u00a0\u00bb<\/p><\/blockquote><\/li>\n<\/ul>\n\n\n\n<p><b>Les commentaires des<\/b> utilisateurs soulignent l&rsquo;efficacit\u00e9 du Cappuccino MCT dans la vie de tous les jours. Non seulement <b>le caf\u00e9<\/b> a bon go\u00fbt, mais il favorise \u00e9galement les processus de perte de poids, ce qui est un \u00e9l\u00e9ment important pour de nombreuses personnes.<\/p>\n\n\n\n<figure class=\"wp-block-table\"><table class=\"has-fixed-layout\"><tbody><tr><th>Utilisateur<\/th><th>Avis<\/th><th>Effets<\/th><\/tr><tr><td>Magda<\/td><td>Rituel quotidien, contr\u00f4le de l&rsquo;app\u00e9tit<\/td><td>Plus d&rsquo;\u00e9nergie pour travailler<\/td><\/tr><tr><td>Krzysztof<\/td><td>Am\u00e9lioration du r\u00e9gime alimentaire<\/td><td>Perte de poids<\/td><\/tr><tr><td>Ania<\/td><td><b>Caf\u00e9<\/b> d\u00e9licieux, facile \u00e0 commander<\/td><td>Effets visibles<\/td><\/tr><\/tbody><\/table><\/figure>\n\n\n\n<h2 class=\"wp-block-heading\">Cappuccino MCT &#8211; Composition<\/h2>\n\n\n\n<p>Cappuccino MCT est une boisson innovante qui combine l&rsquo;efficacit\u00e9 des ingr\u00e9dients favorisant la <b>perte de poids<\/b> et le plaisir du caf\u00e9. Le principal composant de ce produit est constitu\u00e9 de triglyc\u00e9rides \u00e0 cha\u00eene moyenne, qui acc\u00e9l\u00e8rent le processus de combustion des calories. En outre, Cappuccino MCT contient \u00e9galement de la spiruline et des ar\u00f4mes de caf\u00e9, ce qui en fait une boisson pauvre en calories mais riche en \u00e9nergie.<\/p>\n\n\n\n<p><b>Les valeurs nutritionnelles de<\/b> Cappuccino MCT sont impressionnantes. Les ingr\u00e9dients sont les suivants :<\/p>\n\n\n\n<ul class=\"wp-block-list\">\n<li>Le chrome, qui aide \u00e0 r\u00e9guler la glyc\u00e9mie et l&rsquo;app\u00e9tit.<\/li>\n\n\n\n<li>L&rsquo;inuline, une fibre naturelle qui augmente la sensation de sati\u00e9t\u00e9.<\/li>\n\n\n\n<li>La L-carnitine, qui favorise la transformation des graisses en \u00e9nergie.<\/li>\n\n\n\n<li>Prot\u00e9ine de lactos\u00e9rum qui favorise le d\u00e9veloppement de la masse musculaire.<\/li>\n<\/ul>\n\n\n\n<p>La consommation r\u00e9guli\u00e8re de cette boisson favorise non seulement la perte de poids, mais am\u00e9liore \u00e9galement l&rsquo;humeur, tandis que la teneur en caf\u00e9ine augmente la vigilance et la concentration. Ces <b>ingr\u00e9dients<\/b> font de Cappuccino MCT le soutien id\u00e9al pour ceux qui s&rsquo;efforcent d&rsquo;atteindre et de maintenir leur poids optimal.<\/p>\n\n\n\n<h2 class=\"wp-block-heading\">O\u00f9 acheter et quel est le prix de Cappuccino MCT ?<\/h2>\n\n\n\n<p>Cappuccino MCT est un produit disponible exclusivement sur le site <em>officiel du fabricant<\/em>. Les achats en ligne garantissent non seulement la qualit\u00e9 mais aussi les meilleurs prix. Des promotions r\u00e9guli\u00e8res, telles que des <em>rabais de 50 %<\/em> ou des campagnes \u00a0\u00bb achetez-en deux et obtenez-en un troisi\u00e8me gratuitement \u00ab\u00a0, font qu&rsquo;il vaut la peine de suivre l&rsquo;offre sur le site web. Le <em>prix<\/em> actuel <em>de<\/em> Cappuccino MCT peut varier en fonction des r\u00e9ductions en cours, il est donc recommand\u00e9 de visiter le site web pour v\u00e9rifier les derni\u00e8res offres.<\/p>\n\n\n\n<p>Ce produit n&rsquo;est pas disponible dans les pharmacies stationnaires, ce qui signifie que la seule option d&rsquo;achat reste l&rsquo;achat en ligne. Cela garantit que les clients obtiennent le produit original et non une contrefa\u00e7on. Il convient \u00e9galement de rappeler que Cappuccino MCT, en tant que traitement de soutien \u00e0 la <b>perte de<\/b> poids, gagne en popularit\u00e9 parmi ceux qui recherchent un soutien efficace \u00e0 la <b>perte de<\/b> poids.<\/p>\n\n\n\n<h2 class=\"wp-block-heading\">Cappuccino MCT &#8211; Effets secondaires et contre-indications &#8211; S\u00e9curit\u00e9 d&#8217;emploi<\/h2>\n\n\n\n<p>Cappuccino MCT est g\u00e9n\u00e9ralement consid\u00e9r\u00e9 comme un <b>compl\u00e9ment<\/b> s\u00fbr, mais il convient de pr\u00eater attention aux <b>effets secondaires<\/b> possibles. Certaines personnes peuvent souffrir de maux de t\u00eate, de probl\u00e8mes d&rsquo;estomac ou de constipation. Il faut savoir que chaque corps r\u00e9agit diff\u00e9remment, c&rsquo;est pourquoi la prudence est de mise lors de la premi\u00e8re prise.<\/p>\n\n\n\n<p>En termes de s\u00e9curit\u00e9, il est \u00e9galement important de conna\u00eetre les contre-indications. Les personnes souffrant d&rsquo;hypersensibilit\u00e9 \u00e0 la caf\u00e9ine, de maladies cardiaques chroniques ou d&rsquo;autres affections graves doivent \u00e9viter d&rsquo;utiliser Cappuccino MCT. Avant de commencer la suppl\u00e9mentation, il est conseill\u00e9 de consulter votre m\u00e9decin afin d&rsquo;\u00e9viter d&rsquo;\u00e9ventuelles complications de sant\u00e9.<\/p>\n\n\n\n<p>En conclusion, bien que Cappuccino MCT puisse \u00eatre un soutien di\u00e9t\u00e9tique b\u00e9n\u00e9fique, <b>la s\u00e9curit\u00e9 de<\/b> son utilisation est essentielle. Les <b>utilisateurs<\/b> doivent \u00eatre conscients des effets secondaires et des contre-indications possibles, afin de garantir une approche plus saine de la perte de poids.<\/p>\n","protected":false},"excerpt":{"rendered":"<p><strong>[date_countdown]<\/strong><\/p>\n<p><img decoding=\"async\" class=\"alignnone  wp-image-8427\" src=\"https:\/\/www.docteurjobez.fr\/pharmacie\/wp-content\/uploads\/2024\/10\/SAFE-PAY-300x88-1.png\" alt=\"SAFE-PAY-300x88\" width=\"164\" height=\"48\" \/><\/p>\n","protected":false},"featured_media":4566,"comment_status":"open","ping_status":"closed","template":"","meta":{"neve_meta_sidebar":"","neve_meta_container":"","neve_meta_enable_content_width":"","neve_meta_content_width":0,"neve_meta_title_alignment":"","neve_meta_author_avatar":"","neve_post_elements_order":"","neve_meta_disable_header":"","neve_meta_disable_footer":"","neve_meta_disable_title":"","neve_meta_reading_time":""},"product_brand":[],"product_cat":[15],"product_tag":[],"class_list":{"0":"post-4538","1":"product","2":"type-product","3":"status-publish","4":"has-post-thumbnail","6":"product_cat-perte-de-poids","8":"first","9":"instock","10":"sale","11":"shipping-taxable","12":"product-type-external"},"yoast_head":"<!-- This site is optimized with the Yoast SEO plugin v27.4 - https:\/\/yoast.com\/product\/yoast-seo-wordpress\/ -->\n<title>Cappuccino MCT - Avis, Prix -50%, Forum, Pharmacie, Effets | DocteurJobez<\/title>\n<meta name=\"robots\" content=\"index, follow, max-snippet:-1, max-image-preview:large, max-video-preview:-1\" \/>\n<link rel=\"canonical\" href=\"https:\/\/www.docteurjobez.fr\/pharmacie\/supp\/cappuccino-mct\/\" \/>\n<meta property=\"og:locale\" content=\"fr_FR\" \/>\n<meta property=\"og:type\" content=\"article\" \/>\n<meta property=\"og:title\" content=\"Cappuccino MCT - Avis, Prix -50%, Forum, Pharmacie, Effets | DocteurJobez\" \/>\n<meta property=\"og:url\" content=\"https:\/\/www.docteurjobez.fr\/pharmacie\/supp\/cappuccino-mct\/\" \/>\n<meta property=\"og:site_name\" content=\"DocteurJobez\" \/>\n<meta property=\"article:modified_time\" content=\"2025-03-17T18:32:07+00:00\" \/>\n<meta property=\"og:image\" content=\"https:\/\/www.docteurjobez.fr\/pharmacie\/wp-content\/uploads\/2024\/10\/Cappuccino-MCT.jpg\" \/>\n\t<meta property=\"og:image:width\" content=\"768\" \/>\n\t<meta property=\"og:image:height\" content=\"768\" \/>\n\t<meta property=\"og:image:type\" content=\"image\/jpeg\" \/>\n<meta name=\"twitter:card\" content=\"summary_large_image\" \/>\n<meta name=\"twitter:description\" content=\"[date_countdown]\" \/>\n<meta name=\"twitter:label1\" content=\"Dur\u00e9e de lecture estim\u00e9e\" \/>\n\t<meta name=\"twitter:data1\" content=\"1 minute\" \/>\n<script type=\"application\/ld+json\" class=\"yoast-schema-graph\">{\"@context\":\"https:\\\/\\\/schema.org\",\"@graph\":[{\"@type\":\"WebPage\",\"@id\":\"https:\\\/\\\/www.docteurjobez.fr\\\/pharmacie\\\/supp\\\/cappuccino-mct\\\/\",\"url\":\"https:\\\/\\\/www.docteurjobez.fr\\\/pharmacie\\\/supp\\\/cappuccino-mct\\\/\",\"name\":\"Cappuccino MCT - Avis, Prix -50%, Forum, Pharmacie, Effets | DocteurJobez\",\"isPartOf\":{\"@id\":\"https:\\\/\\\/www.docteurjobez.fr\\\/pharmacie\\\/#website\"},\"primaryImageOfPage\":{\"@id\":\"https:\\\/\\\/www.docteurjobez.fr\\\/pharmacie\\\/supp\\\/cappuccino-mct\\\/#primaryimage\"},\"image\":{\"@id\":\"https:\\\/\\\/www.docteurjobez.fr\\\/pharmacie\\\/supp\\\/cappuccino-mct\\\/#primaryimage\"},\"thumbnailUrl\":\"https:\\\/\\\/www.docteurjobez.fr\\\/pharmacie\\\/wp-content\\\/uploads\\\/2024\\\/10\\\/Cappuccino-MCT.jpg\",\"datePublished\":\"2024-10-18T19:46:25+00:00\",\"dateModified\":\"2025-03-17T18:32:07+00:00\",\"breadcrumb\":{\"@id\":\"https:\\\/\\\/www.docteurjobez.fr\\\/pharmacie\\\/supp\\\/cappuccino-mct\\\/#breadcrumb\"},\"inLanguage\":\"fr-FR\",\"potentialAction\":[{\"@type\":\"ReadAction\",\"target\":[\"https:\\\/\\\/www.docteurjobez.fr\\\/pharmacie\\\/supp\\\/cappuccino-mct\\\/\"]}]},{\"@type\":\"ImageObject\",\"inLanguage\":\"fr-FR\",\"@id\":\"https:\\\/\\\/www.docteurjobez.fr\\\/pharmacie\\\/supp\\\/cappuccino-mct\\\/#primaryimage\",\"url\":\"https:\\\/\\\/www.docteurjobez.fr\\\/pharmacie\\\/wp-content\\\/uploads\\\/2024\\\/10\\\/Cappuccino-MCT.jpg\",\"contentUrl\":\"https:\\\/\\\/www.docteurjobez.fr\\\/pharmacie\\\/wp-content\\\/uploads\\\/2024\\\/10\\\/Cappuccino-MCT.jpg\",\"width\":768,\"height\":768},{\"@type\":\"BreadcrumbList\",\"@id\":\"https:\\\/\\\/www.docteurjobez.fr\\\/pharmacie\\\/supp\\\/cappuccino-mct\\\/#breadcrumb\",\"itemListElement\":[{\"@type\":\"ListItem\",\"position\":1,\"name\":\"Strona g\u0142\u00f3wna\",\"item\":\"https:\\\/\\\/www.docteurjobez.fr\\\/pharmacie\\\/\"},{\"@type\":\"ListItem\",\"position\":2,\"name\":\"farmaci\",\"item\":\"https:\\\/\\\/www.docteurjobez.fr\\\/pharmacie\\\/\"},{\"@type\":\"ListItem\",\"position\":3,\"name\":\"Cappuccino MCT\"}]},{\"@type\":\"WebSite\",\"@id\":\"https:\\\/\\\/www.docteurjobez.fr\\\/pharmacie\\\/#website\",\"url\":\"https:\\\/\\\/www.docteurjobez.fr\\\/pharmacie\\\/\",\"name\":\"DocteurJobez\",\"description\":\"\",\"potentialAction\":[{\"@type\":\"SearchAction\",\"target\":{\"@type\":\"EntryPoint\",\"urlTemplate\":\"https:\\\/\\\/www.docteurjobez.fr\\\/pharmacie\\\/?s={search_term_string}\"},\"query-input\":{\"@type\":\"PropertyValueSpecification\",\"valueRequired\":true,\"valueName\":\"search_term_string\"}}],\"inLanguage\":\"fr-FR\"}]}<\/script>\n<!-- \/ Yoast SEO plugin. -->","yoast_head_json":{"title":"Cappuccino MCT - Avis, Prix -50%, Forum, Pharmacie, Effets | DocteurJobez","robots":{"index":"index","follow":"follow","max-snippet":"max-snippet:-1","max-image-preview":"max-image-preview:large","max-video-preview":"max-video-preview:-1"},"canonical":"https:\/\/www.docteurjobez.fr\/pharmacie\/supp\/cappuccino-mct\/","og_locale":"fr_FR","og_type":"article","og_title":"Cappuccino MCT - Avis, Prix -50%, Forum, Pharmacie, Effets | DocteurJobez","og_url":"https:\/\/www.docteurjobez.fr\/pharmacie\/supp\/cappuccino-mct\/","og_site_name":"DocteurJobez","article_modified_time":"2025-03-17T18:32:07+00:00","og_image":[{"width":768,"height":768,"url":"https:\/\/www.docteurjobez.fr\/pharmacie\/wp-content\/uploads\/2024\/10\/Cappuccino-MCT.jpg","type":"image\/jpeg"}],"twitter_card":"summary_large_image","twitter_description":"[date_countdown]","twitter_misc":{"Dur\u00e9e de lecture estim\u00e9e":"1 minute"},"schema":{"@context":"https:\/\/schema.org","@graph":[{"@type":"WebPage","@id":"https:\/\/www.docteurjobez.fr\/pharmacie\/supp\/cappuccino-mct\/","url":"https:\/\/www.docteurjobez.fr\/pharmacie\/supp\/cappuccino-mct\/","name":"Cappuccino MCT - Avis, Prix -50%, Forum, Pharmacie, Effets | DocteurJobez","isPartOf":{"@id":"https:\/\/www.docteurjobez.fr\/pharmacie\/#website"},"primaryImageOfPage":{"@id":"https:\/\/www.docteurjobez.fr\/pharmacie\/supp\/cappuccino-mct\/#primaryimage"},"image":{"@id":"https:\/\/www.docteurjobez.fr\/pharmacie\/supp\/cappuccino-mct\/#primaryimage"},"thumbnailUrl":"https:\/\/www.docteurjobez.fr\/pharmacie\/wp-content\/uploads\/2024\/10\/Cappuccino-MCT.jpg","datePublished":"2024-10-18T19:46:25+00:00","dateModified":"2025-03-17T18:32:07+00:00","breadcrumb":{"@id":"https:\/\/www.docteurjobez.fr\/pharmacie\/supp\/cappuccino-mct\/#breadcrumb"},"inLanguage":"fr-FR","potentialAction":[{"@type":"ReadAction","target":["https:\/\/www.docteurjobez.fr\/pharmacie\/supp\/cappuccino-mct\/"]}]},{"@type":"ImageObject","inLanguage":"fr-FR","@id":"https:\/\/www.docteurjobez.fr\/pharmacie\/supp\/cappuccino-mct\/#primaryimage","url":"https:\/\/www.docteurjobez.fr\/pharmacie\/wp-content\/uploads\/2024\/10\/Cappuccino-MCT.jpg","contentUrl":"https:\/\/www.docteurjobez.fr\/pharmacie\/wp-content\/uploads\/2024\/10\/Cappuccino-MCT.jpg","width":768,"height":768},{"@type":"BreadcrumbList","@id":"https:\/\/www.docteurjobez.fr\/pharmacie\/supp\/cappuccino-mct\/#breadcrumb","itemListElement":[{"@type":"ListItem","position":1,"name":"Strona g\u0142\u00f3wna","item":"https:\/\/www.docteurjobez.fr\/pharmacie\/"},{"@type":"ListItem","position":2,"name":"farmaci","item":"https:\/\/www.docteurjobez.fr\/pharmacie\/"},{"@type":"ListItem","position":3,"name":"Cappuccino MCT"}]},{"@type":"WebSite","@id":"https:\/\/www.docteurjobez.fr\/pharmacie\/#website","url":"https:\/\/www.docteurjobez.fr\/pharmacie\/","name":"DocteurJobez","description":"","potentialAction":[{"@type":"SearchAction","target":{"@type":"EntryPoint","urlTemplate":"https:\/\/www.docteurjobez.fr\/pharmacie\/?s={search_term_string}"},"query-input":{"@type":"PropertyValueSpecification","valueRequired":true,"valueName":"search_term_string"}}],"inLanguage":"fr-FR"}]}},"_links":{"self":[{"href":"https:\/\/www.docteurjobez.fr\/pharmacie\/wp-json\/wp\/v2\/product\/4538","targetHints":{"allow":["GET"]}}],"collection":[{"href":"https:\/\/www.docteurjobez.fr\/pharmacie\/wp-json\/wp\/v2\/product"}],"about":[{"href":"https:\/\/www.docteurjobez.fr\/pharmacie\/wp-json\/wp\/v2\/types\/product"}],"replies":[{"embeddable":true,"href":"https:\/\/www.docteurjobez.fr\/pharmacie\/wp-json\/wp\/v2\/comments?post=4538"}],"wp:featuredmedia":[{"embeddable":true,"href":"https:\/\/www.docteurjobez.fr\/pharmacie\/wp-json\/wp\/v2\/media\/4566"}],"wp:attachment":[{"href":"https:\/\/www.docteurjobez.fr\/pharmacie\/wp-json\/wp\/v2\/media?parent=4538"}],"wp:term":[{"taxonomy":"product_brand","embeddable":true,"href":"https:\/\/www.docteurjobez.fr\/pharmacie\/wp-json\/wp\/v2\/product_brand?post=4538"},{"taxonomy":"product_cat","embeddable":true,"href":"https:\/\/www.docteurjobez.fr\/pharmacie\/wp-json\/wp\/v2\/product_cat?post=4538"},{"taxonomy":"product_tag","embeddable":true,"href":"https:\/\/www.docteurjobez.fr\/pharmacie\/wp-json\/wp\/v2\/product_tag?post=4538"}],"curies":[{"name":"wp","href":"https:\/\/api.w.org\/{rel}","templated":true}]}}