{"id":4549,"date":"2024-10-18T19:46:26","date_gmt":"2024-10-18T19:46:26","guid":{"rendered":"https:\/\/chirurgie-orthopedie-vannes.fr\/pharmacie\/?post_type=product&#038;p=4549"},"modified":"2025-03-09T11:47:33","modified_gmt":"2025-03-09T11:47:33","slug":"flexomore","status":"publish","type":"product","link":"https:\/\/www.docteurjobez.fr\/pharmacie\/supp\/flexomore\/","title":{"rendered":"Flexomore"},"content":{"rendered":"\n<h2 class=\"wp-block-heading\">Qu&rsquo;est-ce que Flexomore et comment fonctionne-t-il ?<\/h2>\n\n\n\n<p>Flexomore est un <b>compl\u00e9ment alimentaire<\/b> innovant qui soutient la <em>sant\u00e9 des articulations<\/em> et am\u00e9liore leur <b>mobilit\u00e9<\/b>. Son <em>action<\/em> repose sur une formule unique qui contient un m\u00e9lange de vitamines, de min\u00e9raux et d&rsquo;ingr\u00e9dients naturels tels que des extraits de plantes. L&rsquo;objectif principal de Flexomore est de r\u00e9g\u00e9n\u00e9rer le cartilage articulaire, ce qui se traduit par une flexibilit\u00e9 accrue des articulations et une r\u00e9duction de la douleur.<\/p>\n\n\n\n<p>Le compl\u00e9ment apporte \u00e0 l&rsquo;organisme des nutriments essentiels, ce qui a un effet positif sur la <em>sant\u00e9 des articulations<\/em>. Sa forme liquide assure une absorption rapide pour une <b>action<\/b> imm\u00e9diate. L&rsquo;<b>utilisation<\/b> r\u00e9guli\u00e8re <b>de<\/b> Flexomore peut conduire \u00e0 une am\u00e9lioration significative du bien-\u00eatre, permettant un mode de vie plus actif sans les limitations associ\u00e9es aux probl\u00e8mes articulaires.<\/p>\n\n\n\n<p>Flexomore est la solution id\u00e9ale pour les personnes qui souhaitent am\u00e9liorer la <b>sant\u00e9 de leurs articulations<\/b> et jouir d&rsquo;une meilleure qualit\u00e9 de vie. Ce compl\u00e9ment peut \u00eatre utilis\u00e9 par des personnes de tous \u00e2ges et de tous modes de vie, et offre un soutien complet en cas de probl\u00e8mes articulaires.<\/p>\n\n\n\n<h2 class=\"wp-block-heading\">Flexomore &#8211; effets<\/h2>\n\n\n\n<p>Flexomore est un <b>compl\u00e9ment alimentaire<\/b> qui a attir\u00e9 l&rsquo;attention de ceux qui recherchent un soutien pour la sant\u00e9 des articulations. Les utilisateurs signalent r\u00e9guli\u00e8rement les <em>effets<\/em> positifs <em>de ce<\/em> produit, en constatant des am\u00e9liorations significatives peu de temps apr\u00e8s le d\u00e9but de la suppl\u00e9mentation.<\/p>\n\n\n\n<ul class=\"wp-block-list\">\n<li>R\u00e9duction de la sensation de douleur articulaire<\/li>\n\n\n\n<li>Am\u00e9lioration de la souplesse des articulations<\/li>\n\n\n\n<li>Une plus grande libert\u00e9 de mouvement<\/li>\n<\/ul>\n\n\n\n<p><b>Les effets de<\/b> Flexomore peuvent varier en fonction de l&rsquo;\u00e9tat de sant\u00e9 et du mode de vie de chacun. Une suppl\u00e9mentation peut \u00eatre particuli\u00e8rement b\u00e9n\u00e9fique pour les personnes ayant un mode de vie actif et les athl\u00e8tes, qui sont expos\u00e9s \u00e0 un stress articulaire excessif. Gr\u00e2ce \u00e0 ses ingr\u00e9dients b\u00e9n\u00e9fiques, Flexomore a un effet positif sur la <b>sant\u00e9 des articulations<\/b> et soutient leur fonction.<\/p>\n\n\n\n<p>Les t\u00e9moignages des utilisateurs soulignent \u00e9galement l&rsquo;am\u00e9lioration du bien-\u00eatre g\u00e9n\u00e9ral et de la qualit\u00e9 de vie, ce qui est particuli\u00e8rement important pour les personnes souffrant de probl\u00e8mes articulaires chroniques. Le compl\u00e9ment alimentaire Flexomore devient donc un soutien pr\u00e9cieux dans la recherche d&rsquo;une meilleure sant\u00e9 articulaire.<\/p>\n\n\n\n<h2 class=\"wp-block-heading\">Comment utiliser Flexomore ? &#8211; Dosage<\/h2>\n\n\n\n<p>Flexomore est un compl\u00e9ment alimentaire qui doit \u00eatre utilis\u00e9 selon les recommandations du fabricant pour obtenir les meilleurs r\u00e9sultats. La <b>dose<\/b> recommand\u00e9e est de 11 grammes de produit, soit l&rsquo;\u00e9quivalent d&rsquo;une cuill\u00e8re \u00e0 soupe. La poudre doit \u00eatre dissoute dans 300 ml d&rsquo;eau. Pour s&rsquo;assurer que les ingr\u00e9dients se m\u00e9langent bien, il est pr\u00e9f\u00e9rable d&rsquo;utiliser un shaker pour pr\u00e9parer la boisson.<\/p>\n\n\n\n<p>L&rsquo;<b>utilisation<\/b> r\u00e9guli\u00e8re <b>de<\/b> Flexomore est essentielle pour obtenir des r\u00e9sultats optimaux. Il convient de ne pas d\u00e9passer la dose recommand\u00e9e. Le compl\u00e9ment alimentaire fonctionne mieux en combinaison avec un r\u00e9gime alimentaire \u00e9quilibr\u00e9 et un mode de vie actif. En tenant compte de ces aspects, vous pouvez vous attendre \u00e0 des b\u00e9n\u00e9fices notables en termes de sant\u00e9 et de mobilit\u00e9 des articulations.<\/p>\n\n\n\n<h2 class=\"wp-block-heading\">Exp\u00e9riences et avis des utilisateurs de Flexomore &#8211; quels sont les avis ?<\/h2>\n\n\n\n<p>Les <b>retours sur<\/b> Flexomore sont tr\u00e8s largement positifs, comme en t\u00e9moignent les nombreux avis d&rsquo;utilisateurs. Les utilisateurs de ce compl\u00e9ment alimentaire soulignent souvent son efficacit\u00e9 pour am\u00e9liorer la mobilit\u00e9 des articulations et r\u00e9duire les douleurs. De nombreux utilisateurs partagent leurs <em>exp\u00e9riences<\/em>, qui t\u00e9moignent des effets remarquables du produit.<\/p>\n\n\n\n<ul class=\"wp-block-list\">\n<li><em>Anne, 34 ans, a d\u00e9clar\u00e9 : \u00ab\u00a0Flexomore a soulag\u00e9 mes douleurs articulaires quotidiennes :<\/em> \u00ab\u00a0Flexomore a soulag\u00e9 mes douleurs articulaires quotidiennes, ce qui m&rsquo;a permis de reprendre l&rsquo;entra\u00eenement. J&rsquo;ai remarqu\u00e9 une am\u00e9lioration significative de la mobilit\u00e9 des articulations apr\u00e8s seulement deux semaines d&rsquo;utilisation\u00a0\u00bb.<\/li>\n\n\n\n<li><em>Thomas, 45 ans, a d\u00e9clar\u00e9 : \u00ab\u00a0Je luttais contre des douleurs au genou depuis des ann\u00e9es :<\/em> \u00ab\u00a0Cela fait des ann\u00e9es que je lutte contre des douleurs au genou et Flexomore a \u00e9t\u00e9 un salut. Je me sens plus \u00e0 l&rsquo;aise lorsque je me d\u00e9place et je peux maintenant courir et faire du v\u00e9lo sans ressentir d&rsquo;inconfort\u00a0\u00bb.<\/li>\n\n\n\n<li><em>Magda, 28 ans, a d\u00e9clar\u00e9 : \u00ab\u00a0En tant que personne active, je cherchais toujours des moyens de soutenir mes articulations :<\/em> \u00ab\u00a0En tant que personne active, j&rsquo;ai toujours cherch\u00e9 des moyens de soutenir mes articulations. Flexomore est jusqu&rsquo;\u00e0 pr\u00e9sent le meilleur compl\u00e9ment que j&rsquo;ai essay\u00e9. J&rsquo;aime beaucoup son go\u00fbt et ses effets.<\/li>\n<\/ul>\n\n\n\n<p>Parmi les commentaires, on trouve une multitude d&rsquo;informations sur les avantages \u00e0 long terme de l&rsquo;utilisation de Flexomore. Les utilisateurs appr\u00e9cient non seulement les <b>effets sur<\/b> la sant\u00e9, mais aussi l&rsquo;am\u00e9lioration de la qualit\u00e9 de vie que procure ce <em>compl\u00e9ment alimentaire<\/em>. Il convient de noter la diversit\u00e9 des exp\u00e9riences, qui peut aider les nouveaux clients \u00e0 prendre une d\u00e9cision d&rsquo;achat.<\/p>\n\n\n\n<h2 class=\"wp-block-heading\">Flexomore &#8211; Composition &#8211; Analyse des ingr\u00e9dients<\/h2>\n\n\n\n<p>Flexomore est un compl\u00e9ment alimentaire qui se distingue par sa composition soigneusement s\u00e9lectionn\u00e9e pour soutenir la <b>sant\u00e9 des articulations<\/b> et am\u00e9liorer leur fonction. Il contient une gamme d&rsquo;ingr\u00e9dients actifs qui ont \u00e9t\u00e9 s\u00e9lectionn\u00e9s par une analyse rigoureuse des ingr\u00e9dients afin d&rsquo;agir en synergie.<\/p>\n\n\n\n<p>Les ingr\u00e9dients cl\u00e9s de Flexomore sont<\/p>\n\n\n\n<figure class=\"wp-block-table\"><table class=\"has-fixed-layout\"><tbody><tr><th>Composant<\/th><th>Fonction<\/th><\/tr><tr><td>collag\u00e8ne<\/td><td>Favorise la r\u00e9g\u00e9n\u00e9ration du cartilage articulaire.<\/td><\/tr><tr><td>glucosamine<\/td><td>Il aide \u00e0 reconstruire le cartilage et pr\u00e9vient sa d\u00e9gradation.<\/td><\/tr><tr><td>vitamines et min\u00e9raux<\/td><td>Soutien \u00e0 la sant\u00e9 des os et des articulations.<\/td><\/tr><tr><td>uC3 Clear\u00ae<\/td><td>Source de curcumino\u00efdes aux effets anti-inflammatoires.<\/td><\/tr><tr><td>Boswellin\u00ae WS<\/td><td>R\u00e9duction de l&rsquo;inflammation des articulations.<\/td><\/tr><tr><td>Aquamin\u2122<\/td><td>Une source naturelle de calcium et de min\u00e9raux.<\/td><\/tr><tr><td>MSM (m\u00e9thylsulfonylm\u00e9thane)<\/td><td>Favorise la mobilit\u00e9 des articulations et la r\u00e9duction de la douleur.<\/td><\/tr><\/tbody><\/table><\/figure>\n\n\n\n<p>Flexomore ne contient pas d&rsquo;additifs artificiels ni de conservateurs, ce qui le rend s\u00fbr pour les personnes qui recherchent des solutions naturelles pour prendre soin de leur sant\u00e9. L&rsquo;<b>utilisation<\/b> r\u00e9guli\u00e8re <b>du<\/b> compl\u00e9ment peut conduire \u00e0 une am\u00e9lioration de la flexibilit\u00e9 des articulations et \u00e0 une r\u00e9duction du risque de blessure, en particulier chez les personnes physiquement actives.<\/p>\n\n\n\n<p>La prise de Flexomore au cours d&rsquo;un repas peut augmenter l&rsquo;absorption de ses ingr\u00e9dients, renfor\u00e7ant ainsi l&rsquo;efficacit\u00e9 du compl\u00e9ment alimentaire. L <b>&lsquo;analyse des ingr\u00e9dients de<\/b> ce produit indique ses bienfaits potentiels, qui peuvent avoir un impact significatif sur la qualit\u00e9 de vie des personnes souffrant de probl\u00e8mes articulaires.<\/p>\n\n\n\n<h2 class=\"wp-block-heading\">Prix Flexomore &#8211; O\u00f9 acheter ?<\/h2>\n\n\n\n<p>Flexomore ne peut \u00eatre achet\u00e9 que sur le site officiel du fabricant, ce qui garantit aux clients la qualit\u00e9 et l&rsquo;authenticit\u00e9 du produit. Les prix du compl\u00e9ment peuvent varier en fonction des promotions en cours, il est donc utile de consulter r\u00e9guli\u00e8rement le site officiel pour profiter des r\u00e9ductions disponibles.<\/p>\n\n\n\n<p>En achetant Flexomore directement aupr\u00e8s du fabricant officiel, les clients peuvent b\u00e9n\u00e9ficier de diverses promotions, ce qui rend les achats financi\u00e8rement avantageux. Cela rend le suppl\u00e9ment de soutien \u00e0 la sant\u00e9 des articulations plus accessible, r\u00e9pondant aux besoins croissants des personnes souffrant de probl\u00e8mes articulaires et musculaires.<\/p>\n\n\n\n<h2 class=\"wp-block-heading\">Flexomore &#8211; Effets secondaires et contre-indications &#8211; S\u00e9curit\u00e9 d&#8217;emploi<\/h2>\n\n\n\n<p>Flexomore est largement reconnu comme un compl\u00e9ment alimentaire s\u00fbr. Cependant, comme tout produit, il peut pr\u00e9senter un risque d&rsquo;effets secondaires. Les personnes sensibles aux ingr\u00e9dients contenus dans le produit peuvent avoir des r\u00e9actions allergiques, il est donc important de lire attentivement les ingr\u00e9dients avant de commencer la suppl\u00e9mentation. Les <b>effets secondaires<\/b> peuvent varier, mais ils sont g\u00e9n\u00e9ralement l\u00e9gers et passagers.<\/p>\n\n\n\n<p>Les <b>contre-indications<\/b> \u00e0 l&rsquo;utilisation de Flexomore comprennent notamment les femmes enceintes et allaitantes, ainsi que les personnes souffrant d&rsquo;une maladie r\u00e9nale grave. Dans ces cas, il est conseill\u00e9 de consulter un m\u00e9decin avant de commencer la suppl\u00e9mentation, surtout si le patient prend d&rsquo;autres m\u00e9dicaments. La <b>s\u00e9curit\u00e9 du<\/b> produit doit toujours primer.<\/p>\n\n\n\n<p>En conclusion, Flexomore offre la possibilit\u00e9 d&rsquo;am\u00e9liorer la sant\u00e9 des articulations, mais attention aux effets secondaires potentiels et aux contre-indications. Il convient d&rsquo;utiliser ce compl\u00e9ment \u00e0 bon escient et, en cas de doute, de consulter votre m\u00e9decin pour une suppl\u00e9mentation optimale.<\/p>\n","protected":false},"excerpt":{"rendered":"<p><strong>[date_countdown]<\/strong><\/p>\n<p><img decoding=\"async\" class=\"alignnone  wp-image-8427\" src=\"https:\/\/www.docteurjobez.fr\/pharmacie\/wp-content\/uploads\/2024\/10\/SAFE-PAY-300x88-1.png\" alt=\"SAFE-PAY-300x88\" width=\"164\" height=\"48\" \/><\/p>\n","protected":false},"featured_media":4370,"comment_status":"open","ping_status":"closed","template":"","meta":{"neve_meta_sidebar":"","neve_meta_container":"","neve_meta_enable_content_width":"","neve_meta_content_width":0,"neve_meta_title_alignment":"","neve_meta_author_avatar":"","neve_post_elements_order":"","neve_meta_disable_header":"","neve_meta_disable_footer":"","neve_meta_disable_title":"","neve_meta_reading_time":""},"product_brand":[],"product_cat":[18],"product_tag":[],"class_list":{"0":"post-4549","1":"product","2":"type-product","3":"status-publish","4":"has-post-thumbnail","6":"product_cat-sante","8":"first","9":"instock","10":"sale","11":"shipping-taxable","12":"product-type-external"},"yoast_head":"<!-- This site is optimized with the Yoast SEO plugin v27.4 - https:\/\/yoast.com\/product\/yoast-seo-wordpress\/ -->\n<title>Flexomore - Avis, Prix -50%, Forum, Pharmacie, Effets | DocteurJobez<\/title>\n<meta name=\"robots\" content=\"index, follow, max-snippet:-1, max-image-preview:large, max-video-preview:-1\" \/>\n<link rel=\"canonical\" href=\"https:\/\/www.docteurjobez.fr\/pharmacie\/supp\/flexomore\/\" \/>\n<meta property=\"og:locale\" content=\"fr_FR\" \/>\n<meta property=\"og:type\" content=\"article\" \/>\n<meta property=\"og:title\" content=\"Flexomore - Avis, Prix -50%, Forum, Pharmacie, Effets | DocteurJobez\" \/>\n<meta property=\"og:url\" content=\"https:\/\/www.docteurjobez.fr\/pharmacie\/supp\/flexomore\/\" \/>\n<meta property=\"og:site_name\" content=\"DocteurJobez\" \/>\n<meta property=\"article:modified_time\" content=\"2025-03-09T11:47:33+00:00\" \/>\n<meta property=\"og:image\" content=\"https:\/\/www.docteurjobez.fr\/pharmacie\/wp-content\/uploads\/2024\/10\/Flexomore.png\" \/>\n\t<meta property=\"og:image:width\" content=\"768\" \/>\n\t<meta property=\"og:image:height\" content=\"768\" \/>\n\t<meta property=\"og:image:type\" content=\"image\/png\" \/>\n<meta name=\"twitter:card\" content=\"summary_large_image\" \/>\n<meta name=\"twitter:description\" content=\"[date_countdown]\" \/>\n<meta name=\"twitter:label1\" content=\"Dur\u00e9e de lecture estim\u00e9e\" \/>\n\t<meta name=\"twitter:data1\" content=\"1 minute\" \/>\n<script type=\"application\/ld+json\" class=\"yoast-schema-graph\">{\"@context\":\"https:\\\/\\\/schema.org\",\"@graph\":[{\"@type\":\"WebPage\",\"@id\":\"https:\\\/\\\/www.docteurjobez.fr\\\/pharmacie\\\/supp\\\/flexomore\\\/\",\"url\":\"https:\\\/\\\/www.docteurjobez.fr\\\/pharmacie\\\/supp\\\/flexomore\\\/\",\"name\":\"Flexomore - Avis, Prix -50%, Forum, Pharmacie, Effets | DocteurJobez\",\"isPartOf\":{\"@id\":\"https:\\\/\\\/www.docteurjobez.fr\\\/pharmacie\\\/#website\"},\"primaryImageOfPage\":{\"@id\":\"https:\\\/\\\/www.docteurjobez.fr\\\/pharmacie\\\/supp\\\/flexomore\\\/#primaryimage\"},\"image\":{\"@id\":\"https:\\\/\\\/www.docteurjobez.fr\\\/pharmacie\\\/supp\\\/flexomore\\\/#primaryimage\"},\"thumbnailUrl\":\"https:\\\/\\\/www.docteurjobez.fr\\\/pharmacie\\\/wp-content\\\/uploads\\\/2024\\\/10\\\/Flexomore.png\",\"datePublished\":\"2024-10-18T19:46:26+00:00\",\"dateModified\":\"2025-03-09T11:47:33+00:00\",\"breadcrumb\":{\"@id\":\"https:\\\/\\\/www.docteurjobez.fr\\\/pharmacie\\\/supp\\\/flexomore\\\/#breadcrumb\"},\"inLanguage\":\"fr-FR\",\"potentialAction\":[{\"@type\":\"ReadAction\",\"target\":[\"https:\\\/\\\/www.docteurjobez.fr\\\/pharmacie\\\/supp\\\/flexomore\\\/\"]}]},{\"@type\":\"ImageObject\",\"inLanguage\":\"fr-FR\",\"@id\":\"https:\\\/\\\/www.docteurjobez.fr\\\/pharmacie\\\/supp\\\/flexomore\\\/#primaryimage\",\"url\":\"https:\\\/\\\/www.docteurjobez.fr\\\/pharmacie\\\/wp-content\\\/uploads\\\/2024\\\/10\\\/Flexomore.png\",\"contentUrl\":\"https:\\\/\\\/www.docteurjobez.fr\\\/pharmacie\\\/wp-content\\\/uploads\\\/2024\\\/10\\\/Flexomore.png\",\"width\":768,\"height\":768},{\"@type\":\"BreadcrumbList\",\"@id\":\"https:\\\/\\\/www.docteurjobez.fr\\\/pharmacie\\\/supp\\\/flexomore\\\/#breadcrumb\",\"itemListElement\":[{\"@type\":\"ListItem\",\"position\":1,\"name\":\"Strona g\u0142\u00f3wna\",\"item\":\"https:\\\/\\\/www.docteurjobez.fr\\\/pharmacie\\\/\"},{\"@type\":\"ListItem\",\"position\":2,\"name\":\"farmaci\",\"item\":\"https:\\\/\\\/www.docteurjobez.fr\\\/pharmacie\\\/\"},{\"@type\":\"ListItem\",\"position\":3,\"name\":\"Flexomore\"}]},{\"@type\":\"WebSite\",\"@id\":\"https:\\\/\\\/www.docteurjobez.fr\\\/pharmacie\\\/#website\",\"url\":\"https:\\\/\\\/www.docteurjobez.fr\\\/pharmacie\\\/\",\"name\":\"DocteurJobez\",\"description\":\"\",\"potentialAction\":[{\"@type\":\"SearchAction\",\"target\":{\"@type\":\"EntryPoint\",\"urlTemplate\":\"https:\\\/\\\/www.docteurjobez.fr\\\/pharmacie\\\/?s={search_term_string}\"},\"query-input\":{\"@type\":\"PropertyValueSpecification\",\"valueRequired\":true,\"valueName\":\"search_term_string\"}}],\"inLanguage\":\"fr-FR\"}]}<\/script>\n<!-- \/ Yoast SEO plugin. -->","yoast_head_json":{"title":"Flexomore - Avis, Prix -50%, Forum, Pharmacie, Effets | DocteurJobez","robots":{"index":"index","follow":"follow","max-snippet":"max-snippet:-1","max-image-preview":"max-image-preview:large","max-video-preview":"max-video-preview:-1"},"canonical":"https:\/\/www.docteurjobez.fr\/pharmacie\/supp\/flexomore\/","og_locale":"fr_FR","og_type":"article","og_title":"Flexomore - Avis, Prix -50%, Forum, Pharmacie, Effets | DocteurJobez","og_url":"https:\/\/www.docteurjobez.fr\/pharmacie\/supp\/flexomore\/","og_site_name":"DocteurJobez","article_modified_time":"2025-03-09T11:47:33+00:00","og_image":[{"width":768,"height":768,"url":"https:\/\/www.docteurjobez.fr\/pharmacie\/wp-content\/uploads\/2024\/10\/Flexomore.png","type":"image\/png"}],"twitter_card":"summary_large_image","twitter_description":"[date_countdown]","twitter_misc":{"Dur\u00e9e de lecture estim\u00e9e":"1 minute"},"schema":{"@context":"https:\/\/schema.org","@graph":[{"@type":"WebPage","@id":"https:\/\/www.docteurjobez.fr\/pharmacie\/supp\/flexomore\/","url":"https:\/\/www.docteurjobez.fr\/pharmacie\/supp\/flexomore\/","name":"Flexomore - Avis, Prix -50%, Forum, Pharmacie, Effets | DocteurJobez","isPartOf":{"@id":"https:\/\/www.docteurjobez.fr\/pharmacie\/#website"},"primaryImageOfPage":{"@id":"https:\/\/www.docteurjobez.fr\/pharmacie\/supp\/flexomore\/#primaryimage"},"image":{"@id":"https:\/\/www.docteurjobez.fr\/pharmacie\/supp\/flexomore\/#primaryimage"},"thumbnailUrl":"https:\/\/www.docteurjobez.fr\/pharmacie\/wp-content\/uploads\/2024\/10\/Flexomore.png","datePublished":"2024-10-18T19:46:26+00:00","dateModified":"2025-03-09T11:47:33+00:00","breadcrumb":{"@id":"https:\/\/www.docteurjobez.fr\/pharmacie\/supp\/flexomore\/#breadcrumb"},"inLanguage":"fr-FR","potentialAction":[{"@type":"ReadAction","target":["https:\/\/www.docteurjobez.fr\/pharmacie\/supp\/flexomore\/"]}]},{"@type":"ImageObject","inLanguage":"fr-FR","@id":"https:\/\/www.docteurjobez.fr\/pharmacie\/supp\/flexomore\/#primaryimage","url":"https:\/\/www.docteurjobez.fr\/pharmacie\/wp-content\/uploads\/2024\/10\/Flexomore.png","contentUrl":"https:\/\/www.docteurjobez.fr\/pharmacie\/wp-content\/uploads\/2024\/10\/Flexomore.png","width":768,"height":768},{"@type":"BreadcrumbList","@id":"https:\/\/www.docteurjobez.fr\/pharmacie\/supp\/flexomore\/#breadcrumb","itemListElement":[{"@type":"ListItem","position":1,"name":"Strona g\u0142\u00f3wna","item":"https:\/\/www.docteurjobez.fr\/pharmacie\/"},{"@type":"ListItem","position":2,"name":"farmaci","item":"https:\/\/www.docteurjobez.fr\/pharmacie\/"},{"@type":"ListItem","position":3,"name":"Flexomore"}]},{"@type":"WebSite","@id":"https:\/\/www.docteurjobez.fr\/pharmacie\/#website","url":"https:\/\/www.docteurjobez.fr\/pharmacie\/","name":"DocteurJobez","description":"","potentialAction":[{"@type":"SearchAction","target":{"@type":"EntryPoint","urlTemplate":"https:\/\/www.docteurjobez.fr\/pharmacie\/?s={search_term_string}"},"query-input":{"@type":"PropertyValueSpecification","valueRequired":true,"valueName":"search_term_string"}}],"inLanguage":"fr-FR"}]}},"_links":{"self":[{"href":"https:\/\/www.docteurjobez.fr\/pharmacie\/wp-json\/wp\/v2\/product\/4549","targetHints":{"allow":["GET"]}}],"collection":[{"href":"https:\/\/www.docteurjobez.fr\/pharmacie\/wp-json\/wp\/v2\/product"}],"about":[{"href":"https:\/\/www.docteurjobez.fr\/pharmacie\/wp-json\/wp\/v2\/types\/product"}],"replies":[{"embeddable":true,"href":"https:\/\/www.docteurjobez.fr\/pharmacie\/wp-json\/wp\/v2\/comments?post=4549"}],"wp:featuredmedia":[{"embeddable":true,"href":"https:\/\/www.docteurjobez.fr\/pharmacie\/wp-json\/wp\/v2\/media\/4370"}],"wp:attachment":[{"href":"https:\/\/www.docteurjobez.fr\/pharmacie\/wp-json\/wp\/v2\/media?parent=4549"}],"wp:term":[{"taxonomy":"product_brand","embeddable":true,"href":"https:\/\/www.docteurjobez.fr\/pharmacie\/wp-json\/wp\/v2\/product_brand?post=4549"},{"taxonomy":"product_cat","embeddable":true,"href":"https:\/\/www.docteurjobez.fr\/pharmacie\/wp-json\/wp\/v2\/product_cat?post=4549"},{"taxonomy":"product_tag","embeddable":true,"href":"https:\/\/www.docteurjobez.fr\/pharmacie\/wp-json\/wp\/v2\/product_tag?post=4549"}],"curies":[{"name":"wp","href":"https:\/\/api.w.org\/{rel}","templated":true}]}}