{"id":4552,"date":"2024-10-18T19:46:26","date_gmt":"2024-10-18T19:46:26","guid":{"rendered":"https:\/\/chirurgie-orthopedie-vannes.fr\/pharmacie\/?post_type=product&#038;p=4552"},"modified":"2025-03-09T11:49:29","modified_gmt":"2025-03-09T11:49:29","slug":"garcinia-cambogia-actives","status":"publish","type":"product","link":"https:\/\/www.docteurjobez.fr\/pharmacie\/supp\/garcinia-cambogia-actives\/","title":{"rendered":"Garcinia Cambogia Actives"},"content":{"rendered":"\n<h2 class=\"wp-block-heading\">Qu&rsquo;est-ce que Garcinia Cambogia Actives et comment fonctionne-t-il ?<\/h2>\n\n\n\n<p>Garcinia Cambogia Actives est un <b>compl\u00e9ment alimentaire<\/b> naturel tr\u00e8s populaire aupr\u00e8s des personnes souhaitant perdre du poids. Ce compl\u00e9ment contient de l&rsquo;extrait de fruit de Garcinia Cambogia, qui <b>est<\/b> con\u00e7u pour favoriser la perte de poids. Le principal ingr\u00e9dient actif est l&rsquo;acide hydroxycitrique (HCA), qui agit sur la transformation m\u00e9tabolique des glucides en graisses.<\/p>\n\n\n\n<p>La recherche indique que Garcinia Cambogia Actives peut r\u00e9duire l&rsquo;activit\u00e9 des enzymes responsables de la transformation des sucres en graisses. Par cons\u00e9quent, <b>le compl\u00e9ment alimentaire<\/b> favorise la <b>perte de poids<\/b> en r\u00e9duisant la quantit\u00e9 de graisse corporelle stock\u00e9e. Les utilisateurs observent souvent une augmentation de l&rsquo;\u00e9nergie et une combustion plus rapide des calories, ce qui se traduit par une am\u00e9lioration de l&rsquo;humeur et de la mobilit\u00e9.<\/p>\n\n\n\n<p>En outre, l&rsquo;<b>utilisation<\/b> r\u00e9guli\u00e8re <b>de<\/b> Garcinia Cambogia Actives peut avoir pour effet de r\u00e9duire la sensation de faim, ce qui facilite grandement le contr\u00f4le du poids. Il convient toutefois de garder \u00e0 l&rsquo;esprit que les r\u00e9sultats peuvent varier en fonction des pr\u00e9dispositions corporelles et du mode de vie de chacun. Il est donc recommand\u00e9 d&rsquo;utiliser le compl\u00e9ment en association avec un r\u00e9gime alimentaire et une activit\u00e9 physique adapt\u00e9s.<\/p>\n\n\n\n<h2 class=\"wp-block-heading\">Avantages de Garcinia Cambogia Actives &#8211; Effets<\/h2>\n\n\n\n<p><b>L&rsquo;utilisation de<\/b> Garcinia Cambogia Actives pr\u00e9sente de nombreux <b>avantages pour<\/b> la sant\u00e9 et des <b>effets<\/b> qui peuvent favoriser la perte de poids. Ce compl\u00e9ment, qui contient un extrait de Garcinia cambogia de haute qualit\u00e9, agit de plusieurs mani\u00e8res pour contribuer \u00e0 la r\u00e9alisation des objectifs souhait\u00e9s. Parmi les principaux <b>avantages<\/b>, on peut citer<\/p>\n\n\n\n<ul class=\"wp-block-list\">\n<li><em>R\u00e9duction de l&rsquo;app\u00e9tit<\/em> &#8211; La suppl\u00e9mentation en Garcinia Cambogia Actives contribue \u00e0 une r\u00e9duction de l&rsquo;<em>app\u00e9tit<\/em>, ce qui entra\u00eene une diminution de l&rsquo;apport calorique.<\/li>\n\n\n\n<li><em>Acc\u00e9l\u00e9rer le m\u00e9tabolisme<\/em> &#8211; L&rsquo;hydroxycitrate contenu dans le Garcinia cambogia peut influencer l&rsquo;acc\u00e9l\u00e9ration des processus m\u00e9taboliques, favorisant ainsi la combustion des graisses.<\/li>\n\n\n\n<li><em>Augmentation des niveaux d&rsquo;\u00e9nergie<\/em> &#8211; L&rsquo;<b>utilisation<\/b> r\u00e9guli\u00e8re du compl\u00e9ment peut entra\u00eener une am\u00e9lioration de la sensation de bien-\u00eatre et une augmentation de l&rsquo;\u00e9nergie, ce qui favorise un mode de vie actif.<\/li>\n<\/ul>\n\n\n\n<p>Des \u00e9tudes ont montr\u00e9 que la prise r\u00e9guli\u00e8re de Garcinia Cambogia Actives peut entra\u00eener une perte de poids significative. Les <b>effets<\/b> rapport\u00e9s indiquent une perte de poids moyenne de 5,5 % chez les femmes et de 4,9 % chez les hommes apr\u00e8s huit semaines d&rsquo;utilisation, ce qui en fait un outil efficace pour atteindre les objectifs de perte de poids.<\/p>\n\n\n\n<p>Malgr\u00e9 ses nombreux <b>avantages<\/b>, il est important d&rsquo;utiliser Garcinia Cambogia Actives conform\u00e9ment aux instructions afin de garantir des r\u00e9sultats optimaux et de minimiser le risque d&rsquo;effets secondaires potentiels. En g\u00e9n\u00e9ral, ce compl\u00e9ment est bien tol\u00e9r\u00e9, mais il est conseill\u00e9 de consulter votre m\u00e9decin si vous souffrez de probl\u00e8mes de sant\u00e9 tels que le diab\u00e8te ou l&rsquo;hypercholest\u00e9rol\u00e9mie.<\/p>\n\n\n\n<h2 class=\"wp-block-heading\">Comment utiliser Garcinia Cambogia Actives ? &#8211; Dosage et recommandations<\/h2>\n\n\n\n<p>Garcinia Cambogia Actives est un <em>compl\u00e9ment alimentaire<\/em> populaire qui peut contribuer \u00e0 la perte de poids. Le <em>dosage<\/em> optimal pour les adultes est d&rsquo;un comprim\u00e9 jaune le matin et d&rsquo;un comprim\u00e9 bleu le soir, de pr\u00e9f\u00e9rence \u00e0 18 heures. La prise du compl\u00e9ment selon les recommandations du fabricant est essentielle pour obtenir les r\u00e9sultats souhait\u00e9s.<\/p>\n\n\n\n<p>Il est conseill\u00e9 de prendre ce produit pendant au moins 3 mois pour en ressentir tous les <b>effets<\/b>. Les substances contenues dans <em>Garcinia Cambogia Actives<\/em> contribuent \u00e0 augmenter la combustion des graisses et \u00e0 maintenir un poids corporel sain en inhibant la synth\u00e8se des graisses et en r\u00e9gulant les niveaux de glucose dans le sang.<\/p>\n\n\n\n<p><b>Le compl\u00e9ment alimentaire<\/b> est d\u00e9conseill\u00e9 aux enfants, aux femmes enceintes ou allaitantes. La prise d&rsquo;une quantit\u00e9 de comprim\u00e9s sup\u00e9rieure \u00e0 la dose recommand\u00e9e peut nuire \u00e0 la sant\u00e9, il est donc important de suivre les recommandations. En outre, l&rsquo;utilisation du produit en combinaison avec un r\u00e9gime alimentaire \u00e9quilibr\u00e9 et une activit\u00e9 physique r\u00e9guli\u00e8re peut acc\u00e9l\u00e9rer de mani\u00e8re significative le processus de perte de poids.<\/p>\n\n\n\n<ul class=\"wp-block-list\">\n<li>1 comprim\u00e9 jaune le matin<\/li>\n\n\n\n<li>1 comprim\u00e9 bleu le soir<\/li>\n\n\n\n<li>Utilisation pendant au moins 3 mois<\/li>\n<\/ul>\n\n\n\n<h2 class=\"wp-block-heading\">Critiques et opinions sur Garcinia Cambogia Actives<\/h2>\n\n\n\n<p><b>Les avis sur<\/b> Garcinia Cambogia Actives indiquent que ce compl\u00e9ment est tr\u00e8s <b>efficace<\/b>. Dans une enqu\u00eate men\u00e9e aupr\u00e8s des utilisateurs, jusqu&rsquo;\u00e0 97% d&rsquo;entre eux ont moins faim apr\u00e8s avoir utilis\u00e9 ce produit. Un tel r\u00e9sultat attire l&rsquo;attention et encourage les gens \u00e0 le tester.<\/p>\n\n\n\n<p>Parmi les avis, le plus remarquable est la grande disponibilit\u00e9 des effets sur la perte de poids. Pas moins de 98% des volontaires ont signal\u00e9 une perte de poids significative apr\u00e8s une utilisation r\u00e9guli\u00e8re de Garcinia Cambogia Actives. Cela incite de nombreuses personnes \u00e0 opter pour ce compl\u00e9ment comme soutien sur la voie de leur silhouette de r\u00eave.<\/p>\n\n\n\n<ul class=\"wp-block-list\">\n<li><strong>Anne, 32 ans :<\/strong> \u00ab\u00a0Apr\u00e8s plusieurs semaines d&rsquo;utilisation, j&rsquo;ai remarqu\u00e9 une am\u00e9lioration significative dans le maintien de mon r\u00e9gime alimentaire. Mon app\u00e9tit pour le grignotage a consid\u00e9rablement diminu\u00e9 et j&rsquo;ai commenc\u00e9 \u00e0 perdre du poids.\u00a0\u00bb<\/li>\n\n\n\n<li><strong>Peter, 45 ans, a d\u00e9clar\u00e9 : \u00ab\u00a0Je ne pensais pas qu&rsquo;un compl\u00e9ment naturel pouvait produire de tels r\u00e9sultats :<\/strong> \u00ab\u00a0Je ne pensais pas qu&rsquo;un compl\u00e9ment naturel pouvait produire de tels r\u00e9sultats. Apr\u00e8s deux mois, je constate des changements consid\u00e9rables dans ma silhouette et je me sens plus \u00e9nergique\u00a0\u00bb.<\/li>\n\n\n\n<li><strong>Kasia, 29 ans, a d\u00e9clar\u00e9 : \u00ab\u00a0Avant, j&rsquo;avais du mal \u00e0 me motiver pour faire de l&rsquo;exercice :<\/strong> \u00ab\u00a0Avant, j&rsquo;avais du mal \u00e0 me motiver pour faire de l&rsquo;exercice, mais gr\u00e2ce \u00e0 Garcinia Cambogia Actives, j&rsquo;ai plus de force et d&rsquo;envie\u00a0\u00bb.<\/li>\n<\/ul>\n\n\n\n<p>En outre, 95 % des patients ont d\u00e9clar\u00e9 qu&rsquo;ils se sentaient mieux apr\u00e8s avoir pris ce compl\u00e9ment r\u00e9guli\u00e8rement. Ces r\u00e9sultats montrent que Garcinia Cambogia Actives n&rsquo;est pas seulement un moyen de r\u00e9duire le poids, mais aussi d&rsquo;am\u00e9liorer le bien-\u00eatre g\u00e9n\u00e9ral.<\/p>\n\n\n\n<h2 class=\"wp-block-heading\">Composition de Garcinia Cambogia Actives &#8211; Analyse des ingr\u00e9dients<\/h2>\n\n\n\n<p>Garcinia Cambogia Actives est un compl\u00e9ment alimentaire qui se distingue par sa <em>composition<\/em> unique bas\u00e9e principalement sur l&rsquo;extrait de fruit de Garcinia Cambogia. L&rsquo;ingr\u00e9dient cl\u00e9 est l&rsquo;acide hydroxycitrique (HCA), qui favorise la perte de poids. L&rsquo;HCA agit en supprimant l&rsquo;app\u00e9tit et en bloquant la conversion des glucides en graisses. Ce compl\u00e9ment est donc b\u00e9n\u00e9fique pour la r\u00e9duction du poids.<\/p>\n\n\n\n<p>Garcinia Cambogia Actives contient \u00e9galement des <em>ingr\u00e9dients<\/em> suppl\u00e9mentaires qui soutiennent le m\u00e9tabolisme et am\u00e9liorent la circulation. Par exemple, le produit contient de l&rsquo;extrait de feuille de houx et de l&rsquo;extrait de fruit de poivre de Cayenne, qui peuvent tous deux augmenter l&rsquo;efficacit\u00e9 de la prise. En outre, le HCA a le potentiel de r\u00e9duire le taux de cholest\u00e9rol, ce qui en fait un choix encore plus int\u00e9ressant pour ceux qui cherchent \u00e0 se mettre en forme.<\/p>\n\n\n\n<p>La <b>s\u00e9curit\u00e9 d&rsquo;<\/b> utilisation est \u00e9lev\u00e9e, avec un risque minime de r\u00e9actions allergiques. Toutefois, les personnes hypersensibles doivent faire preuve de prudence lors de l&rsquo;introduction de ce <em>compl\u00e9ment alimentaire<\/em> dans leur routine quotidienne. Une utilisation r\u00e9guli\u00e8re pendant 2 \u00e0 3 mois permettra d&rsquo;observer des effets et des b\u00e9n\u00e9fices tangibles sur l&rsquo;organisme.<\/p>\n\n\n\n<h2 class=\"wp-block-heading\">Prix de Garcinia Cambogia Actives &#8211; O\u00f9 acheter ?<\/h2>\n\n\n\n<p>Garcinia Cambogia Actives est uniquement disponible sur le site officiel du fabricant, ce qui vous permet d&rsquo;acheter un compl\u00e9ment original en toute confiance. Le produit propos\u00e9 se distingue par sa haute qualit\u00e9, ce qui en fait un choix s\u00fbr pour ceux qui recherchent un soutien \u00e0 la perte de poids.<\/p>\n\n\n\n<p>Le <b>prix<\/b> actuel <b>de<\/b> Garcinia Cambogia Actives peut varier en fonction des promotions en cours et des forfaits disponibles. \u00c9tant donn\u00e9 la possibilit\u00e9 de r\u00e9ductions favorables, des visites r\u00e9guli\u00e8res sur le site officiel du fabricant peuvent \u00eatre b\u00e9n\u00e9fiques et permettre d&rsquo;\u00e9conomiser de l&rsquo;argent.<\/p>\n\n\n\n<h2 class=\"wp-block-heading\">Garcinia Cambogia Actives &#8211; Effets secondaires et contre-indications<\/h2>\n\n\n\n<p>Garcinia Cambogia Actives est consid\u00e9r\u00e9 comme un compl\u00e9ment alimentaire s\u00fbr lorsqu&rsquo;il est utilis\u00e9 conform\u00e9ment aux recommandations du fabricant. Il convient toutefois de noter les <b>effets secondaires<\/b> possibles, qui peuvent inclure des probl\u00e8mes d&rsquo;estomac mineurs, des maux de t\u00eate et des r\u00e9actions allergiques. Ces sympt\u00f4mes sont rares et g\u00e9n\u00e9ralement b\u00e9nins.<\/p>\n\n\n\n<p>Les personnes souffrant de maladies chroniques, ainsi que celles qui prennent d&rsquo;autres m\u00e9dicaments, devraient consulter leur m\u00e9decin avant de commencer une suppl\u00e9mentation en Garcinia Cambogia Actives. Il existe certaines <b>contre-indications<\/b>, notamment pour les femmes enceintes et allaitantes, qui doivent \u00eatre particuli\u00e8rement vigilantes quant \u00e0 la s\u00e9curit\u00e9 des ingr\u00e9dients.<\/p>\n\n\n\n<p>En conclusion, bien que Garcinia Cambogia Actives soit consid\u00e9r\u00e9 comme s\u00fbr, il est toujours utile d&rsquo;\u00eatre conscient des <b>effets secondaires<\/b> et des <b>contre-indications<\/b> potentiels. Il est recommand\u00e9 aux personnes qui ont des inqui\u00e9tudes de consulter un sp\u00e9cialiste avant de commencer \u00e0 utiliser ce compl\u00e9ment afin d&rsquo;en maximiser les effets et de minimiser le risque d&rsquo;effets ind\u00e9sirables.<\/p>\n","protected":false},"excerpt":{"rendered":"<p><strong>[date_countdown]<\/strong><\/p>\n<p><img decoding=\"async\" class=\"alignnone  wp-image-8427\" src=\"https:\/\/www.docteurjobez.fr\/pharmacie\/wp-content\/uploads\/2024\/10\/SAFE-PAY-300x88-1.png\" alt=\"SAFE-PAY-300x88\" width=\"164\" height=\"48\" \/><\/p>\n","protected":false},"featured_media":3993,"comment_status":"open","ping_status":"closed","template":"","meta":{"neve_meta_sidebar":"","neve_meta_container":"","neve_meta_enable_content_width":"","neve_meta_content_width":0,"neve_meta_title_alignment":"","neve_meta_author_avatar":"","neve_post_elements_order":"","neve_meta_disable_header":"","neve_meta_disable_footer":"","neve_meta_disable_title":"","neve_meta_reading_time":""},"product_brand":[],"product_cat":[15],"product_tag":[],"class_list":{"0":"post-4552","1":"product","2":"type-product","3":"status-publish","4":"has-post-thumbnail","6":"product_cat-perte-de-poids","8":"first","9":"instock","10":"sale","11":"shipping-taxable","12":"product-type-external"},"yoast_head":"<!-- This site is optimized with the Yoast SEO plugin v27.4 - https:\/\/yoast.com\/product\/yoast-seo-wordpress\/ -->\n<title>Garcinia Cambogia Actives - Avis, Prix -50%, Forum, Pharmacie, Effets | DocteurJobez<\/title>\n<meta name=\"robots\" content=\"index, follow, max-snippet:-1, max-image-preview:large, max-video-preview:-1\" \/>\n<link rel=\"canonical\" href=\"https:\/\/www.docteurjobez.fr\/pharmacie\/supp\/garcinia-cambogia-actives\/\" \/>\n<meta property=\"og:locale\" content=\"fr_FR\" \/>\n<meta property=\"og:type\" content=\"article\" \/>\n<meta property=\"og:title\" content=\"Garcinia Cambogia Actives - Avis, Prix -50%, Forum, Pharmacie, Effets | DocteurJobez\" \/>\n<meta property=\"og:url\" content=\"https:\/\/www.docteurjobez.fr\/pharmacie\/supp\/garcinia-cambogia-actives\/\" \/>\n<meta property=\"og:site_name\" content=\"DocteurJobez\" \/>\n<meta property=\"article:modified_time\" content=\"2025-03-09T11:49:29+00:00\" \/>\n<meta property=\"og:image\" content=\"https:\/\/www.docteurjobez.fr\/pharmacie\/wp-content\/uploads\/2024\/10\/Garcinia-Cambogia-Actives.jpg\" \/>\n\t<meta property=\"og:image:width\" content=\"768\" \/>\n\t<meta property=\"og:image:height\" content=\"768\" \/>\n\t<meta property=\"og:image:type\" content=\"image\/jpeg\" \/>\n<meta name=\"twitter:card\" content=\"summary_large_image\" \/>\n<meta name=\"twitter:description\" content=\"[date_countdown]\" \/>\n<meta name=\"twitter:label1\" content=\"Dur\u00e9e de lecture estim\u00e9e\" \/>\n\t<meta name=\"twitter:data1\" content=\"1 minute\" \/>\n<script type=\"application\/ld+json\" class=\"yoast-schema-graph\">{\"@context\":\"https:\\\/\\\/schema.org\",\"@graph\":[{\"@type\":\"WebPage\",\"@id\":\"https:\\\/\\\/www.docteurjobez.fr\\\/pharmacie\\\/supp\\\/garcinia-cambogia-actives\\\/\",\"url\":\"https:\\\/\\\/www.docteurjobez.fr\\\/pharmacie\\\/supp\\\/garcinia-cambogia-actives\\\/\",\"name\":\"Garcinia Cambogia Actives - Avis, Prix -50%, Forum, Pharmacie, Effets | DocteurJobez\",\"isPartOf\":{\"@id\":\"https:\\\/\\\/www.docteurjobez.fr\\\/pharmacie\\\/#website\"},\"primaryImageOfPage\":{\"@id\":\"https:\\\/\\\/www.docteurjobez.fr\\\/pharmacie\\\/supp\\\/garcinia-cambogia-actives\\\/#primaryimage\"},\"image\":{\"@id\":\"https:\\\/\\\/www.docteurjobez.fr\\\/pharmacie\\\/supp\\\/garcinia-cambogia-actives\\\/#primaryimage\"},\"thumbnailUrl\":\"https:\\\/\\\/www.docteurjobez.fr\\\/pharmacie\\\/wp-content\\\/uploads\\\/2024\\\/10\\\/Garcinia-Cambogia-Actives.jpg\",\"datePublished\":\"2024-10-18T19:46:26+00:00\",\"dateModified\":\"2025-03-09T11:49:29+00:00\",\"breadcrumb\":{\"@id\":\"https:\\\/\\\/www.docteurjobez.fr\\\/pharmacie\\\/supp\\\/garcinia-cambogia-actives\\\/#breadcrumb\"},\"inLanguage\":\"fr-FR\",\"potentialAction\":[{\"@type\":\"ReadAction\",\"target\":[\"https:\\\/\\\/www.docteurjobez.fr\\\/pharmacie\\\/supp\\\/garcinia-cambogia-actives\\\/\"]}]},{\"@type\":\"ImageObject\",\"inLanguage\":\"fr-FR\",\"@id\":\"https:\\\/\\\/www.docteurjobez.fr\\\/pharmacie\\\/supp\\\/garcinia-cambogia-actives\\\/#primaryimage\",\"url\":\"https:\\\/\\\/www.docteurjobez.fr\\\/pharmacie\\\/wp-content\\\/uploads\\\/2024\\\/10\\\/Garcinia-Cambogia-Actives.jpg\",\"contentUrl\":\"https:\\\/\\\/www.docteurjobez.fr\\\/pharmacie\\\/wp-content\\\/uploads\\\/2024\\\/10\\\/Garcinia-Cambogia-Actives.jpg\",\"width\":768,\"height\":768},{\"@type\":\"BreadcrumbList\",\"@id\":\"https:\\\/\\\/www.docteurjobez.fr\\\/pharmacie\\\/supp\\\/garcinia-cambogia-actives\\\/#breadcrumb\",\"itemListElement\":[{\"@type\":\"ListItem\",\"position\":1,\"name\":\"Strona g\u0142\u00f3wna\",\"item\":\"https:\\\/\\\/www.docteurjobez.fr\\\/pharmacie\\\/\"},{\"@type\":\"ListItem\",\"position\":2,\"name\":\"farmaci\",\"item\":\"https:\\\/\\\/www.docteurjobez.fr\\\/pharmacie\\\/\"},{\"@type\":\"ListItem\",\"position\":3,\"name\":\"Garcinia Cambogia Actives\"}]},{\"@type\":\"WebSite\",\"@id\":\"https:\\\/\\\/www.docteurjobez.fr\\\/pharmacie\\\/#website\",\"url\":\"https:\\\/\\\/www.docteurjobez.fr\\\/pharmacie\\\/\",\"name\":\"DocteurJobez\",\"description\":\"\",\"potentialAction\":[{\"@type\":\"SearchAction\",\"target\":{\"@type\":\"EntryPoint\",\"urlTemplate\":\"https:\\\/\\\/www.docteurjobez.fr\\\/pharmacie\\\/?s={search_term_string}\"},\"query-input\":{\"@type\":\"PropertyValueSpecification\",\"valueRequired\":true,\"valueName\":\"search_term_string\"}}],\"inLanguage\":\"fr-FR\"}]}<\/script>\n<!-- \/ Yoast SEO plugin. -->","yoast_head_json":{"title":"Garcinia Cambogia Actives - Avis, Prix -50%, Forum, Pharmacie, Effets | DocteurJobez","robots":{"index":"index","follow":"follow","max-snippet":"max-snippet:-1","max-image-preview":"max-image-preview:large","max-video-preview":"max-video-preview:-1"},"canonical":"https:\/\/www.docteurjobez.fr\/pharmacie\/supp\/garcinia-cambogia-actives\/","og_locale":"fr_FR","og_type":"article","og_title":"Garcinia Cambogia Actives - Avis, Prix -50%, Forum, Pharmacie, Effets | DocteurJobez","og_url":"https:\/\/www.docteurjobez.fr\/pharmacie\/supp\/garcinia-cambogia-actives\/","og_site_name":"DocteurJobez","article_modified_time":"2025-03-09T11:49:29+00:00","og_image":[{"width":768,"height":768,"url":"https:\/\/www.docteurjobez.fr\/pharmacie\/wp-content\/uploads\/2024\/10\/Garcinia-Cambogia-Actives.jpg","type":"image\/jpeg"}],"twitter_card":"summary_large_image","twitter_description":"[date_countdown]","twitter_misc":{"Dur\u00e9e de lecture estim\u00e9e":"1 minute"},"schema":{"@context":"https:\/\/schema.org","@graph":[{"@type":"WebPage","@id":"https:\/\/www.docteurjobez.fr\/pharmacie\/supp\/garcinia-cambogia-actives\/","url":"https:\/\/www.docteurjobez.fr\/pharmacie\/supp\/garcinia-cambogia-actives\/","name":"Garcinia Cambogia Actives - Avis, Prix -50%, Forum, Pharmacie, Effets | DocteurJobez","isPartOf":{"@id":"https:\/\/www.docteurjobez.fr\/pharmacie\/#website"},"primaryImageOfPage":{"@id":"https:\/\/www.docteurjobez.fr\/pharmacie\/supp\/garcinia-cambogia-actives\/#primaryimage"},"image":{"@id":"https:\/\/www.docteurjobez.fr\/pharmacie\/supp\/garcinia-cambogia-actives\/#primaryimage"},"thumbnailUrl":"https:\/\/www.docteurjobez.fr\/pharmacie\/wp-content\/uploads\/2024\/10\/Garcinia-Cambogia-Actives.jpg","datePublished":"2024-10-18T19:46:26+00:00","dateModified":"2025-03-09T11:49:29+00:00","breadcrumb":{"@id":"https:\/\/www.docteurjobez.fr\/pharmacie\/supp\/garcinia-cambogia-actives\/#breadcrumb"},"inLanguage":"fr-FR","potentialAction":[{"@type":"ReadAction","target":["https:\/\/www.docteurjobez.fr\/pharmacie\/supp\/garcinia-cambogia-actives\/"]}]},{"@type":"ImageObject","inLanguage":"fr-FR","@id":"https:\/\/www.docteurjobez.fr\/pharmacie\/supp\/garcinia-cambogia-actives\/#primaryimage","url":"https:\/\/www.docteurjobez.fr\/pharmacie\/wp-content\/uploads\/2024\/10\/Garcinia-Cambogia-Actives.jpg","contentUrl":"https:\/\/www.docteurjobez.fr\/pharmacie\/wp-content\/uploads\/2024\/10\/Garcinia-Cambogia-Actives.jpg","width":768,"height":768},{"@type":"BreadcrumbList","@id":"https:\/\/www.docteurjobez.fr\/pharmacie\/supp\/garcinia-cambogia-actives\/#breadcrumb","itemListElement":[{"@type":"ListItem","position":1,"name":"Strona g\u0142\u00f3wna","item":"https:\/\/www.docteurjobez.fr\/pharmacie\/"},{"@type":"ListItem","position":2,"name":"farmaci","item":"https:\/\/www.docteurjobez.fr\/pharmacie\/"},{"@type":"ListItem","position":3,"name":"Garcinia Cambogia Actives"}]},{"@type":"WebSite","@id":"https:\/\/www.docteurjobez.fr\/pharmacie\/#website","url":"https:\/\/www.docteurjobez.fr\/pharmacie\/","name":"DocteurJobez","description":"","potentialAction":[{"@type":"SearchAction","target":{"@type":"EntryPoint","urlTemplate":"https:\/\/www.docteurjobez.fr\/pharmacie\/?s={search_term_string}"},"query-input":{"@type":"PropertyValueSpecification","valueRequired":true,"valueName":"search_term_string"}}],"inLanguage":"fr-FR"}]}},"_links":{"self":[{"href":"https:\/\/www.docteurjobez.fr\/pharmacie\/wp-json\/wp\/v2\/product\/4552","targetHints":{"allow":["GET"]}}],"collection":[{"href":"https:\/\/www.docteurjobez.fr\/pharmacie\/wp-json\/wp\/v2\/product"}],"about":[{"href":"https:\/\/www.docteurjobez.fr\/pharmacie\/wp-json\/wp\/v2\/types\/product"}],"replies":[{"embeddable":true,"href":"https:\/\/www.docteurjobez.fr\/pharmacie\/wp-json\/wp\/v2\/comments?post=4552"}],"wp:featuredmedia":[{"embeddable":true,"href":"https:\/\/www.docteurjobez.fr\/pharmacie\/wp-json\/wp\/v2\/media\/3993"}],"wp:attachment":[{"href":"https:\/\/www.docteurjobez.fr\/pharmacie\/wp-json\/wp\/v2\/media?parent=4552"}],"wp:term":[{"taxonomy":"product_brand","embeddable":true,"href":"https:\/\/www.docteurjobez.fr\/pharmacie\/wp-json\/wp\/v2\/product_brand?post=4552"},{"taxonomy":"product_cat","embeddable":true,"href":"https:\/\/www.docteurjobez.fr\/pharmacie\/wp-json\/wp\/v2\/product_cat?post=4552"},{"taxonomy":"product_tag","embeddable":true,"href":"https:\/\/www.docteurjobez.fr\/pharmacie\/wp-json\/wp\/v2\/product_tag?post=4552"}],"curies":[{"name":"wp","href":"https:\/\/api.w.org\/{rel}","templated":true}]}}