{"id":4559,"date":"2024-10-18T19:46:26","date_gmt":"2024-10-18T19:46:26","guid":{"rendered":"https:\/\/chirurgie-orthopedie-vannes.fr\/pharmacie\/?post_type=product&#038;p=4559"},"modified":"2025-03-09T12:01:17","modified_gmt":"2025-03-09T12:01:17","slug":"lipid-control-plus","status":"publish","type":"product","link":"https:\/\/www.docteurjobez.fr\/pharmacie\/supp\/lipid-control-plus\/","title":{"rendered":"Lipid Control Plus"},"content":{"rendered":"\n<h2 class=\"wp-block-heading\">Qu&rsquo;est-ce que Lipid Control Plus et comment fonctionne-t-il ?<\/h2>\n\n\n\n<p><b>Lipid Control Plus<\/b> est un <b>compl\u00e9ment alimentaire<\/b> innovant qui combine des <b>ingr\u00e9dients actifs<\/b> pour soutenir la r\u00e9gulation du cholest\u00e9rol dans l&rsquo;organisme. La formule est con\u00e7ue pour aider \u00e0 maintenir un m\u00e9tabolisme lipidique normal, ce qui est crucial pour la sant\u00e9 cardiovasculaire.<\/p>\n\n\n\n<p>Gr\u00e2ce \u00e0 des ingr\u00e9dients naturels tels que l&rsquo;extrait d&rsquo;agrumes, l&rsquo;extrait d&rsquo;olive et l&rsquo;extrait d&rsquo;ail, Lipid Control Plus am\u00e9liore le profil lipidique. Il agit en r\u00e9gulant le rapport entre le cholest\u00e9rol LDL, dit \u00ab\u00a0mauvais cholest\u00e9rol\u00a0\u00bb, et le cholest\u00e9rol HDL, dit \u00ab\u00a0bon cholest\u00e9rol\u00a0\u00bb, ce qui peut r\u00e9duire de mani\u00e8re significative le risque associ\u00e9 aux maladies cardiovasculaires.<\/p>\n\n\n\n<p>L&rsquo;<b>utilisation<\/b> r\u00e9guli\u00e8re <b>du<\/b> produit peut contribuer \u00e0 r\u00e9duire le cholest\u00e9rol LDL et \u00e0 augmenter le cholest\u00e9rol HDL, ce qui est particuli\u00e8rement important pour les personnes pr\u00e9sentant un risque accru de troubles lipidiques.<\/p>\n\n\n\n<p>La gestion du cholest\u00e9rol est un aspect essentiel de la sant\u00e9, et l&rsquo;<b>utilisation<\/b> r\u00e9guli\u00e8re <b>de<\/b> Lipid Control Plus peut soutenir de mani\u00e8re significative cette <b>activit\u00e9<\/b>, en contribuant \u00e0 l&rsquo;am\u00e9lioration globale du bien-\u00eatre et de la sant\u00e9 cardiovasculaire.<\/p>\n\n\n\n<h2 class=\"wp-block-heading\">Lipid Control Plus &#8211; effets<\/h2>\n\n\n\n<p><b>L&rsquo;utilisation de<\/b> Lipid Control Plus peut avoir de nombreux <em>effets<\/em> b\u00e9n\u00e9fiques <em>sur<\/em> la sant\u00e9. La prise r\u00e9guli\u00e8re de ce compl\u00e9ment favorise la r\u00e9duction du cholest\u00e9rol LDL et l&rsquo;augmentation du cholest\u00e9rol HDL. <em>Les r\u00e9sultats des \u00e9tudes<\/em> confirment qu&rsquo;une intervention appropri\u00e9e sous la forme du compl\u00e9ment am\u00e9liore les param\u00e8tres lipidiques sanguins, ce qui diminue le risque de maladies cardiovasculaires.<\/p>\n\n\n\n<p>Les patients font \u00e9tat d&rsquo;une <em>am\u00e9lioration<\/em> g\u00e9n\u00e9rale <em>de leur \u00e9tat de sant\u00e9<\/em> et de leur bien-\u00eatre, ce qui rend le compl\u00e9ment de plus en plus populaire aupr\u00e8s des personnes soucieuses d&rsquo;un mode de vie sain. Des \u00e9tudes indiquent en outre que les am\u00e9liorations des lipides sanguins r\u00e9sultant de l&rsquo;utilisation du compl\u00e9ment peuvent atteindre des niveaux significatifs. Par exemple, une r\u00e9duction du LDL-C de plus de 50 % a \u00e9t\u00e9 attribu\u00e9e \u00e0 l&rsquo;utilisation de produits de ce type.<\/p>\n\n\n\n<figure class=\"wp-block-table\"><table class=\"has-fixed-layout\"><tbody><tr><th>Param\u00e8tres<\/th><th>Valeurs correctes<\/th><th>Effets de Lipid Control Plus<\/th><\/tr><tr><td>Cholest\u00e9rol LDL<\/td><td>&nbsp;<\/td><td>R\u00e9duction \u00e0<\/td><\/tr><tr><td>Cholest\u00e9rol HDL<\/td><td>\u2265 1,0 mmol\/L<\/td><td>Augmentation jusqu&rsquo;\u00e0 \u2265 1,3 mmol\/L<\/td><\/tr><tr><td>Graisses triglyc\u00e9rides<\/td><td>&nbsp;<\/td><td>R\u00e9duction \u00e0<\/td><\/tr><\/tbody><\/table><\/figure>\n\n\n\n<h2 class=\"wp-block-heading\">Comment utiliser Lipid Control Plus ? &#8211; Dosage et recommandations<\/h2>\n\n\n\n<p>L&rsquo;utilisation de Lipid Control Plus est essentielle pour obtenir des r\u00e9sultats optimaux en mati\u00e8re de r\u00e9gulation du cholest\u00e9rol. La <b>posologie<\/b> recommand\u00e9e est de 1 \u00e0 2 g\u00e9lules par jour, \u00e0 adapter en fonction des besoins de l&rsquo;organisme et en concertation avec un sp\u00e9cialiste.<\/p>\n\n\n\n<p>Le compl\u00e9ment doit \u00eatre pris pendant les repas, ce qui am\u00e9liore son absorption et influence positivement son efficacit\u00e9. Il est \u00e9galement important de contr\u00f4ler r\u00e9guli\u00e8rement le taux de cholest\u00e9rol dans l&rsquo;organisme pour \u00e9valuer l&rsquo;efficacit\u00e9 du compl\u00e9ment.<\/p>\n\n\n\n<p>Les personnes \u00e2g\u00e9es ayant un mode de vie s\u00e9dentaire et celles ayant des ant\u00e9c\u00e9dents familiaux de maladies cardiaques peuvent particuli\u00e8rement b\u00e9n\u00e9ficier de l&rsquo;utilisation recommand\u00e9e de Lipid Control Plus. La dur\u00e9e d&rsquo;utilisation recommand\u00e9e est de plusieurs mois afin d&rsquo;obtenir les meilleurs r\u00e9sultats.<\/p>\n\n\n\n<p>Il est conseill\u00e9 de consulter un m\u00e9decin avant de commencer \u00e0 prendre des compl\u00e9ments alimentaires, en particulier pour les personnes souffrant de troubles cardiovasculaires. Le fait de comprendre la posologie et de suivre les recommandations de votre sp\u00e9cialiste augmente la <b>s\u00e9curit\u00e9 de l&rsquo;<\/b> utilisation des suppl\u00e9ments.<\/p>\n\n\n\n<h2 class=\"wp-block-heading\">Lipid Control Plus &#8211; Avis des utilisateurs, forum &#8211; Que disent les utilisateurs ?<\/h2>\n\n\n\n<p>De nombreux utilisateurs partagent leurs <em>exp\u00e9riences<\/em> sur le <b>forum<\/b> concernant Lipid Control Plus. Beaucoup de ces <em>avis<\/em> soulignent les <b>effets<\/b> positifs <b>de<\/b> ce compl\u00e9ment. Les personnes qui ont utilis\u00e9 Lipid Control Plus ont constat\u00e9 une am\u00e9lioration significative de leur taux de cholest\u00e9rol sanguin apr\u00e8s quelques semaines d&rsquo;utilisation r\u00e9guli\u00e8re. Les utilisateurs rapportent non seulement <b>des r\u00e9sultats<\/b> favorables aux <b>tests<\/b> lipidiques, mais aussi une am\u00e9lioration g\u00e9n\u00e9rale de leur bien-\u00eatre.<\/p>\n\n\n\n<p>Kona, 45 ans, souligne que, gr\u00e2ce \u00e0 Lipid Control Plus, elle a obtenu des r\u00e9sultats qui ne lui \u00e9taient jamais arriv\u00e9s auparavant. Elle a \u00e9galement commenc\u00e9 \u00e0 ressentir plus d&rsquo;\u00e9nergie tout au long de la journ\u00e9e. Marek, 52 ans, souligne que le compl\u00e9ment l&rsquo;a aid\u00e9 \u00e0 contr\u00f4ler son app\u00e9tit, ce qui s&rsquo;est traduit par de meilleurs r\u00e9sultats alimentaires.<\/p>\n\n\n\n<p>Il y a \u00e9galement des <em>avis<\/em> sur le <b>forum<\/b> concernant les effets secondaires possibles, bien que la plupart des utilisateurs fassent \u00e9tat d&rsquo;exp\u00e9riences positives. Les <b>recommandations<\/b> pour la prise de Lipid Control Plus incluent la prise d&rsquo;une capsule par jour apr\u00e8s un repas, ce que de nombreux utilisateurs trouvent b\u00e9n\u00e9fique pour leur r\u00e9gime alimentaire quotidien.<\/p>\n\n\n\n<h2 class=\"wp-block-heading\">Lipid Control Plus &#8211; Composition<\/h2>\n\n\n\n<p>Lipid Control Plus contient une <em>formulation<\/em> soigneusement s\u00e9lectionn\u00e9e qui utilise des <b>ingr\u00e9dients actifs<\/b> <em>naturels<\/em> pour soutenir la sant\u00e9 cardiovasculaire. Il s&rsquo;agit notamment d&rsquo;acides gras om\u00e9ga-3 et d&rsquo;extraits de plantes tels que l&rsquo;ail, l&rsquo;hu\u00eetre, la bergamote et les feuilles d&rsquo;artichaut. Ces <b>principes actifs<\/b> contribuent \u00e0 r\u00e9guler le taux de cholest\u00e9rol et \u00e0 am\u00e9liorer la fonction h\u00e9patique.<\/p>\n\n\n\n<p>Le produit est de haute qualit\u00e9 car il ne contient pas d&rsquo;additifs artificiels ou de conservateurs. Lipid Control Plus est donc un choix s\u00fbr pour ceux qui souhaitent prendre soin de leur sant\u00e9. En cas d&rsquo;utilisation r\u00e9guli\u00e8re, les <b>effets du<\/b> produit sont perceptibles au bout d&rsquo;un mois environ.<\/p>\n\n\n\n<p>Le compl\u00e9ment favorise la baisse du taux de \u00ab\u00a0mauvais\u00a0\u00bb cholest\u00e9rol et ses principes actifs <b>naturels<\/b> sont con\u00e7us pour soutenir le m\u00e9tabolisme des lipides. La teneur en hydroxytyrosol de l&rsquo;extrait d&rsquo;Oli-Ola\u2122 est de 3 %, ce qui renforce encore les effets b\u00e9n\u00e9fiques sur l&rsquo;organisme. La formule est con\u00e7ue pour aider \u00e0 maintenir un taux de cholest\u00e9rol sain, soutenant de mani\u00e8re significative la <b>sant\u00e9 cardiaque<\/b> et la sant\u00e9 globale de l&rsquo;organisme.<\/p>\n\n\n\n<h2 class=\"wp-block-heading\">O\u00f9 acheter et combien co\u00fbte Lipid Control Plus &#8211; prix<\/h2>\n\n\n\n<p>Lipid Control Plus est disponible exclusivement sur <em>le site officiel du fabricant<\/em>. L&rsquo;achat sur ce site garantit la haute qualit\u00e9 du produit et la possibilit\u00e9 de profiter des promotions en cours. Les clients peuvent noter que le <em>prix du<\/em> compl\u00e9ment peut varier en fonction des campagnes de r\u00e9duction en cours, qui offrent souvent des r\u00e9ductions significatives.<\/p>\n\n\n\n<p>Il convient de noter que d&rsquo;autres produits sont \u00e9galement disponibles \u00e0 des prix promotionnels sur le site officiel du fabricant, ce qui accro\u00eet l&rsquo;accessibilit\u00e9 pour les consommateurs. Gr\u00e2ce \u00e0 ces offres, les clients peuvent g\u00e9rer efficacement leur sant\u00e9, et l&rsquo;utilisation r\u00e9guli\u00e8re de Lipid Control Plus contribue \u00e0 am\u00e9liorer la sant\u00e9 cardiaque et \u00e0 renforcer les vaisseaux sanguins.<\/p>\n\n\n\n<h2 class=\"wp-block-heading\">Lipid Control Plus &#8211; Effets secondaires potentiels et contre-indications d&rsquo;utilisation<\/h2>\n\n\n\n<p>Bien que Lipid Control Plus soit g\u00e9n\u00e9ralement consid\u00e9r\u00e9 comme s\u00fbr, certains <b>effets secondaires<\/b> potentiels doivent \u00eatre pris en compte. Certains utilisateurs peuvent avoir des r\u00e9actions allergiques ou des probl\u00e8mes d&rsquo;estomac, ce qui peut affecter leur confort pendant la prise du suppl\u00e9ment. Si de tels sympt\u00f4mes apparaissent, il est recommand\u00e9 d&rsquo;arr\u00eater imm\u00e9diatement la prise et de consulter un m\u00e9decin.<\/p>\n\n\n\n<p>Les personnes souffrant d&rsquo;une maladie existante, telle qu&rsquo;une maladie du foie ou des reins, doivent \u00eatre particuli\u00e8rement prudentes. Les <b>contre-indications<\/b> \u00e0 Lipid Control Plus peuvent \u00e9galement inclure des allergies individuelles aux ingr\u00e9dients contenus dans le suppl\u00e9ment. Il est donc important pour toute personne envisageant de prendre un suppl\u00e9ment de consulter un m\u00e9decin afin d&rsquo;\u00e9valuer la s\u00e9curit\u00e9 d&rsquo;utilisation pour des questions de sant\u00e9.<\/p>\n\n\n\n<p>Bien que le compl\u00e9ment puisse \u00eatre utilis\u00e9 par des personnes prenant d&rsquo;autres m\u00e9dicaments, il est essentiel d&rsquo;en discuter avec un professionnel. La <b>s\u00e9curit\u00e9<\/b> doit \u00eatre une priorit\u00e9 pour chaque utilisateur, il est donc utile de garder \u00e0 l&rsquo;esprit les besoins de sant\u00e9 individuels qui peuvent influencer la d\u00e9cision de commencer la suppl\u00e9mentation en Lipid Control Plus.<\/p>\n","protected":false},"excerpt":{"rendered":"<p><strong>[date_countdown]<\/strong><\/p>\n<p><img decoding=\"async\" class=\"alignnone  wp-image-8427\" src=\"https:\/\/www.docteurjobez.fr\/pharmacie\/wp-content\/uploads\/2024\/10\/SAFE-PAY-300x88-1.png\" alt=\"SAFE-PAY-300x88\" width=\"164\" height=\"48\" \/><\/p>\n","protected":false},"featured_media":3997,"comment_status":"open","ping_status":"closed","template":"","meta":{"neve_meta_sidebar":"","neve_meta_container":"","neve_meta_enable_content_width":"","neve_meta_content_width":0,"neve_meta_title_alignment":"","neve_meta_author_avatar":"","neve_post_elements_order":"","neve_meta_disable_header":"","neve_meta_disable_footer":"","neve_meta_disable_title":"","neve_meta_reading_time":""},"product_brand":[],"product_cat":[18],"product_tag":[],"class_list":{"0":"post-4559","1":"product","2":"type-product","3":"status-publish","4":"has-post-thumbnail","6":"product_cat-sante","8":"first","9":"instock","10":"sale","11":"shipping-taxable","12":"product-type-external"},"yoast_head":"<!-- This site is optimized with the Yoast SEO plugin v27.4 - https:\/\/yoast.com\/product\/yoast-seo-wordpress\/ -->\n<title>Lipid Control Plus - Avis, Prix -50%, Forum, Pharmacie, Effets | DocteurJobez<\/title>\n<meta name=\"robots\" content=\"index, follow, max-snippet:-1, max-image-preview:large, max-video-preview:-1\" \/>\n<link rel=\"canonical\" href=\"https:\/\/www.docteurjobez.fr\/pharmacie\/supp\/lipid-control-plus\/\" \/>\n<meta property=\"og:locale\" content=\"fr_FR\" \/>\n<meta property=\"og:type\" content=\"article\" \/>\n<meta property=\"og:title\" content=\"Lipid Control Plus - Avis, Prix -50%, Forum, Pharmacie, Effets | DocteurJobez\" \/>\n<meta property=\"og:url\" content=\"https:\/\/www.docteurjobez.fr\/pharmacie\/supp\/lipid-control-plus\/\" \/>\n<meta property=\"og:site_name\" content=\"DocteurJobez\" \/>\n<meta property=\"article:modified_time\" content=\"2025-03-09T12:01:17+00:00\" \/>\n<meta property=\"og:image\" content=\"https:\/\/www.docteurjobez.fr\/pharmacie\/wp-content\/uploads\/2024\/10\/Lipid-Control-Plus.jpg\" \/>\n\t<meta property=\"og:image:width\" content=\"768\" \/>\n\t<meta property=\"og:image:height\" content=\"768\" \/>\n\t<meta property=\"og:image:type\" content=\"image\/jpeg\" \/>\n<meta name=\"twitter:card\" content=\"summary_large_image\" \/>\n<meta name=\"twitter:description\" content=\"[date_countdown]\" \/>\n<meta name=\"twitter:label1\" content=\"Dur\u00e9e de lecture estim\u00e9e\" \/>\n\t<meta name=\"twitter:data1\" content=\"1 minute\" \/>\n<script type=\"application\/ld+json\" class=\"yoast-schema-graph\">{\"@context\":\"https:\\\/\\\/schema.org\",\"@graph\":[{\"@type\":\"WebPage\",\"@id\":\"https:\\\/\\\/www.docteurjobez.fr\\\/pharmacie\\\/supp\\\/lipid-control-plus\\\/\",\"url\":\"https:\\\/\\\/www.docteurjobez.fr\\\/pharmacie\\\/supp\\\/lipid-control-plus\\\/\",\"name\":\"Lipid Control Plus - Avis, Prix -50%, Forum, Pharmacie, Effets | DocteurJobez\",\"isPartOf\":{\"@id\":\"https:\\\/\\\/www.docteurjobez.fr\\\/pharmacie\\\/#website\"},\"primaryImageOfPage\":{\"@id\":\"https:\\\/\\\/www.docteurjobez.fr\\\/pharmacie\\\/supp\\\/lipid-control-plus\\\/#primaryimage\"},\"image\":{\"@id\":\"https:\\\/\\\/www.docteurjobez.fr\\\/pharmacie\\\/supp\\\/lipid-control-plus\\\/#primaryimage\"},\"thumbnailUrl\":\"https:\\\/\\\/www.docteurjobez.fr\\\/pharmacie\\\/wp-content\\\/uploads\\\/2024\\\/10\\\/Lipid-Control-Plus.jpg\",\"datePublished\":\"2024-10-18T19:46:26+00:00\",\"dateModified\":\"2025-03-09T12:01:17+00:00\",\"breadcrumb\":{\"@id\":\"https:\\\/\\\/www.docteurjobez.fr\\\/pharmacie\\\/supp\\\/lipid-control-plus\\\/#breadcrumb\"},\"inLanguage\":\"fr-FR\",\"potentialAction\":[{\"@type\":\"ReadAction\",\"target\":[\"https:\\\/\\\/www.docteurjobez.fr\\\/pharmacie\\\/supp\\\/lipid-control-plus\\\/\"]}]},{\"@type\":\"ImageObject\",\"inLanguage\":\"fr-FR\",\"@id\":\"https:\\\/\\\/www.docteurjobez.fr\\\/pharmacie\\\/supp\\\/lipid-control-plus\\\/#primaryimage\",\"url\":\"https:\\\/\\\/www.docteurjobez.fr\\\/pharmacie\\\/wp-content\\\/uploads\\\/2024\\\/10\\\/Lipid-Control-Plus.jpg\",\"contentUrl\":\"https:\\\/\\\/www.docteurjobez.fr\\\/pharmacie\\\/wp-content\\\/uploads\\\/2024\\\/10\\\/Lipid-Control-Plus.jpg\",\"width\":768,\"height\":768},{\"@type\":\"BreadcrumbList\",\"@id\":\"https:\\\/\\\/www.docteurjobez.fr\\\/pharmacie\\\/supp\\\/lipid-control-plus\\\/#breadcrumb\",\"itemListElement\":[{\"@type\":\"ListItem\",\"position\":1,\"name\":\"Strona g\u0142\u00f3wna\",\"item\":\"https:\\\/\\\/www.docteurjobez.fr\\\/pharmacie\\\/\"},{\"@type\":\"ListItem\",\"position\":2,\"name\":\"farmaci\",\"item\":\"https:\\\/\\\/www.docteurjobez.fr\\\/pharmacie\\\/\"},{\"@type\":\"ListItem\",\"position\":3,\"name\":\"Lipid Control Plus\"}]},{\"@type\":\"WebSite\",\"@id\":\"https:\\\/\\\/www.docteurjobez.fr\\\/pharmacie\\\/#website\",\"url\":\"https:\\\/\\\/www.docteurjobez.fr\\\/pharmacie\\\/\",\"name\":\"DocteurJobez\",\"description\":\"\",\"potentialAction\":[{\"@type\":\"SearchAction\",\"target\":{\"@type\":\"EntryPoint\",\"urlTemplate\":\"https:\\\/\\\/www.docteurjobez.fr\\\/pharmacie\\\/?s={search_term_string}\"},\"query-input\":{\"@type\":\"PropertyValueSpecification\",\"valueRequired\":true,\"valueName\":\"search_term_string\"}}],\"inLanguage\":\"fr-FR\"}]}<\/script>\n<!-- \/ Yoast SEO plugin. -->","yoast_head_json":{"title":"Lipid Control Plus - Avis, Prix -50%, Forum, Pharmacie, Effets | DocteurJobez","robots":{"index":"index","follow":"follow","max-snippet":"max-snippet:-1","max-image-preview":"max-image-preview:large","max-video-preview":"max-video-preview:-1"},"canonical":"https:\/\/www.docteurjobez.fr\/pharmacie\/supp\/lipid-control-plus\/","og_locale":"fr_FR","og_type":"article","og_title":"Lipid Control Plus - Avis, Prix -50%, Forum, Pharmacie, Effets | DocteurJobez","og_url":"https:\/\/www.docteurjobez.fr\/pharmacie\/supp\/lipid-control-plus\/","og_site_name":"DocteurJobez","article_modified_time":"2025-03-09T12:01:17+00:00","og_image":[{"width":768,"height":768,"url":"https:\/\/www.docteurjobez.fr\/pharmacie\/wp-content\/uploads\/2024\/10\/Lipid-Control-Plus.jpg","type":"image\/jpeg"}],"twitter_card":"summary_large_image","twitter_description":"[date_countdown]","twitter_misc":{"Dur\u00e9e de lecture estim\u00e9e":"1 minute"},"schema":{"@context":"https:\/\/schema.org","@graph":[{"@type":"WebPage","@id":"https:\/\/www.docteurjobez.fr\/pharmacie\/supp\/lipid-control-plus\/","url":"https:\/\/www.docteurjobez.fr\/pharmacie\/supp\/lipid-control-plus\/","name":"Lipid Control Plus - Avis, Prix -50%, Forum, Pharmacie, Effets | DocteurJobez","isPartOf":{"@id":"https:\/\/www.docteurjobez.fr\/pharmacie\/#website"},"primaryImageOfPage":{"@id":"https:\/\/www.docteurjobez.fr\/pharmacie\/supp\/lipid-control-plus\/#primaryimage"},"image":{"@id":"https:\/\/www.docteurjobez.fr\/pharmacie\/supp\/lipid-control-plus\/#primaryimage"},"thumbnailUrl":"https:\/\/www.docteurjobez.fr\/pharmacie\/wp-content\/uploads\/2024\/10\/Lipid-Control-Plus.jpg","datePublished":"2024-10-18T19:46:26+00:00","dateModified":"2025-03-09T12:01:17+00:00","breadcrumb":{"@id":"https:\/\/www.docteurjobez.fr\/pharmacie\/supp\/lipid-control-plus\/#breadcrumb"},"inLanguage":"fr-FR","potentialAction":[{"@type":"ReadAction","target":["https:\/\/www.docteurjobez.fr\/pharmacie\/supp\/lipid-control-plus\/"]}]},{"@type":"ImageObject","inLanguage":"fr-FR","@id":"https:\/\/www.docteurjobez.fr\/pharmacie\/supp\/lipid-control-plus\/#primaryimage","url":"https:\/\/www.docteurjobez.fr\/pharmacie\/wp-content\/uploads\/2024\/10\/Lipid-Control-Plus.jpg","contentUrl":"https:\/\/www.docteurjobez.fr\/pharmacie\/wp-content\/uploads\/2024\/10\/Lipid-Control-Plus.jpg","width":768,"height":768},{"@type":"BreadcrumbList","@id":"https:\/\/www.docteurjobez.fr\/pharmacie\/supp\/lipid-control-plus\/#breadcrumb","itemListElement":[{"@type":"ListItem","position":1,"name":"Strona g\u0142\u00f3wna","item":"https:\/\/www.docteurjobez.fr\/pharmacie\/"},{"@type":"ListItem","position":2,"name":"farmaci","item":"https:\/\/www.docteurjobez.fr\/pharmacie\/"},{"@type":"ListItem","position":3,"name":"Lipid Control Plus"}]},{"@type":"WebSite","@id":"https:\/\/www.docteurjobez.fr\/pharmacie\/#website","url":"https:\/\/www.docteurjobez.fr\/pharmacie\/","name":"DocteurJobez","description":"","potentialAction":[{"@type":"SearchAction","target":{"@type":"EntryPoint","urlTemplate":"https:\/\/www.docteurjobez.fr\/pharmacie\/?s={search_term_string}"},"query-input":{"@type":"PropertyValueSpecification","valueRequired":true,"valueName":"search_term_string"}}],"inLanguage":"fr-FR"}]}},"_links":{"self":[{"href":"https:\/\/www.docteurjobez.fr\/pharmacie\/wp-json\/wp\/v2\/product\/4559","targetHints":{"allow":["GET"]}}],"collection":[{"href":"https:\/\/www.docteurjobez.fr\/pharmacie\/wp-json\/wp\/v2\/product"}],"about":[{"href":"https:\/\/www.docteurjobez.fr\/pharmacie\/wp-json\/wp\/v2\/types\/product"}],"replies":[{"embeddable":true,"href":"https:\/\/www.docteurjobez.fr\/pharmacie\/wp-json\/wp\/v2\/comments?post=4559"}],"wp:featuredmedia":[{"embeddable":true,"href":"https:\/\/www.docteurjobez.fr\/pharmacie\/wp-json\/wp\/v2\/media\/3997"}],"wp:attachment":[{"href":"https:\/\/www.docteurjobez.fr\/pharmacie\/wp-json\/wp\/v2\/media?parent=4559"}],"wp:term":[{"taxonomy":"product_brand","embeddable":true,"href":"https:\/\/www.docteurjobez.fr\/pharmacie\/wp-json\/wp\/v2\/product_brand?post=4559"},{"taxonomy":"product_cat","embeddable":true,"href":"https:\/\/www.docteurjobez.fr\/pharmacie\/wp-json\/wp\/v2\/product_cat?post=4559"},{"taxonomy":"product_tag","embeddable":true,"href":"https:\/\/www.docteurjobez.fr\/pharmacie\/wp-json\/wp\/v2\/product_tag?post=4559"}],"curies":[{"name":"wp","href":"https:\/\/api.w.org\/{rel}","templated":true}]}}