{"id":4562,"date":"2024-10-18T19:46:26","date_gmt":"2024-10-18T19:46:26","guid":{"rendered":"https:\/\/chirurgie-orthopedie-vannes.fr\/pharmacie\/?post_type=product&#038;p=4562"},"modified":"2025-03-17T17:28:30","modified_gmt":"2025-03-17T17:28:30","slug":"matcha-extreme","status":"publish","type":"product","link":"https:\/\/www.docteurjobez.fr\/pharmacie\/supp\/matcha-extreme\/","title":{"rendered":"Matcha Extreme"},"content":{"rendered":"\n<h2 class=\"wp-block-heading\">Qu&rsquo;est-ce que le Matcha Extreme et comment fonctionne-t-il ?<\/h2>\n\n\n\n<p>Matcha Extreme est un <em>compl\u00e9ment alimentaire<\/em> qui contient de la poudre de feuilles de th\u00e9 vert matcha. Il se caract\u00e9rise par sa teneur \u00e9lev\u00e9e en antioxydants, ce qui est b\u00e9n\u00e9fique pour l&rsquo;organisme. Son <strong>effet<\/strong> repose sur une combinaison synergique de caf\u00e9ine et d&rsquo;acide amin\u00e9 L-th\u00e9anine. Cette combinaison augmente le niveau d&rsquo;\u00e9nergie et permet une meilleure concentration sans sensation de nervosit\u00e9.<\/p>\n\n\n\n<p>Sans oublier les cat\u00e9chines, de puissants antioxydants pr\u00e9sents dans le Matcha Extreme. Elles aident \u00e0 combattre les radicaux libres et \u00e0 soutenir le m\u00e9tabolisme, ce qui rend ce produit id\u00e9al pour les personnes souhaitant perdre du poids. L&rsquo;augmentation de la combustion des graisses et l&rsquo;am\u00e9lioration du m\u00e9tabolisme sont des avantages cl\u00e9s qui peuvent r\u00e9sulter d&rsquo;une utilisation r\u00e9guli\u00e8re de ce compl\u00e9ment alimentaire <em>naturel<\/em>.<\/p>\n\n\n\n<p>Le Matcha Extreme n&rsquo;est pas seulement une source d&rsquo;\u00e9nergie. La L-th\u00e9anine qu&rsquo;il contient a un <b>effet<\/b> apaisant, r\u00e9duit le stress et contribue \u00e0 la sant\u00e9 cardiaque. L <b>&lsquo;utilisation du<\/b> Matcha Extreme contribue ainsi au bien-\u00eatre et \u00e0 la <b>sant\u00e9<\/b> en g\u00e9n\u00e9ral.<\/p>\n\n\n\n<h2 class=\"wp-block-heading\">Matcha Extreme &#8211; effets<\/h2>\n\n\n\n<p><b>Les effets du<\/b> Matcha Extreme sont perceptibles apr\u00e8s quelques jours d&rsquo;utilisation r\u00e9guli\u00e8re. Les <b>utilisateurs<\/b> indiquent souvent une am\u00e9lioration significative de leur niveau d&rsquo;<em>\u00e9nergie<\/em>, ce qui se traduit par une meilleure humeur tout au long de la journ\u00e9e. Gr\u00e2ce \u00e0 ses ingr\u00e9dients uniques, <b>le compl\u00e9ment alimentaire<\/b> favorise la <em>concentration<\/em> et la capacit\u00e9 \u00e0 se concentrer, ce qui est important pour le travail et les \u00e9tudes.<\/p>\n\n\n\n<p>L&rsquo;un de ses principaux effets est la stimulation du m\u00e9tabolisme, ce qui fait du Matcha Extreme un choix populaire parmi ceux qui cherchent \u00e0 perdre du poids. La sensation de sati\u00e9t\u00e9, due \u00e0 la pr\u00e9sence de poudre de spiruline, contribue \u00e9galement au contr\u00f4le de l&rsquo;app\u00e9tit. L&rsquo;<b>utilisation<\/b> r\u00e9guli\u00e8re <b>de<\/b> cette formule peut \u00e9galement avoir un effet b\u00e9n\u00e9fique sur la condition physique g\u00e9n\u00e9rale, ce qui est particuli\u00e8rement important pour les athl\u00e8tes et les personnes actives.<\/p>\n\n\n\n<figure class=\"wp-block-table\"><table class=\"has-fixed-layout\"><tbody><tr><th>Effets<\/th><th>Description<\/th><\/tr><tr><td>Augmentation de l&rsquo;\u00e9nergie<\/td><td>Am\u00e9liorer le bien-\u00eatre g\u00e9n\u00e9ral et la vitalit\u00e9.<\/td><\/tr><tr><td>Am\u00e9liorer la concentration<\/td><td>Augmentation de la capacit\u00e9 \u00e0 se concentrer sur les t\u00e2ches.<\/td><\/tr><tr><td>Soutien au m\u00e9tabolisme<\/td><td>Favorise les processus de perte de poids et acc\u00e9l\u00e8re la combustion des graisses.<\/td><\/tr><tr><td>Une sensation de sati\u00e9t\u00e9<\/td><td>Suppression de l&rsquo;app\u00e9tit gr\u00e2ce \u00e0 la teneur en prot\u00e9ines et en fibres.<\/td><\/tr><\/tbody><\/table><\/figure>\n\n\n\n<p>La consommation r\u00e9guli\u00e8re de Matcha Extreme peut contribuer \u00e0 des changements b\u00e9n\u00e9fiques dans l&rsquo;organisme, ce qui le rend int\u00e9ressant pour tous ceux qui souhaitent prendre en charge les <em>effets de leur<\/em> alimentation et am\u00e9liorer leur niveau d&rsquo;<em>\u00e9nergie<\/em> en adoptant des habitudes qui favorisent un mode de vie sain.<\/p>\n\n\n\n<h2 class=\"wp-block-heading\">Dosage du Matcha Extreme &#8211; Comment l&rsquo;utiliser ?<\/h2>\n\n\n\n<p>Il est recommand\u00e9 de commencer par une portion de Matcha Extreme <b>par<\/b> jour. Le fabricant indique qu&rsquo;il faut dissoudre 4 grammes de poudre dans 150-200 ml d&rsquo;eau chaude. Vous pouvez \u00e9galement ajouter <b>le compl\u00e9ment alimentaire<\/b> \u00e0 un smoothie, ce qui facilite la <b>prise<\/b> quotidienne. En cas d&rsquo;utilisation r\u00e9guli\u00e8re, les ingr\u00e9dients actifs sont susceptibles de produire les effets souhait\u00e9s.<\/p>\n\n\n\n<p>Il est important de ne pas d\u00e9passer la dose recommand\u00e9e. Un exc\u00e8s de produit peut entra\u00eener des effets secondaires ind\u00e9sirables tels que des maux de t\u00eate ou des probl\u00e8mes d&rsquo;estomac. La r\u00e9gularit\u00e9 de la prise de Matcha Extreme est essentielle, car une utilisation r\u00e9guli\u00e8re favorise la perte de poids et acc\u00e9l\u00e8re le m\u00e9tabolisme.<\/p>\n\n\n\n<figure class=\"wp-block-table\"><table class=\"has-fixed-layout\"><tbody><tr><th>Indication<\/th><th>Portion recommand\u00e9e<\/th><th>M\u00e9thode de pr\u00e9paration<\/th><th>Effets secondaires possibles<\/th><\/tr><tr><td><b>Dosage<\/b><\/td><td>1 portion par jour<\/td><td>4 g de poudre dans 150-200 ml d&rsquo;eau chaude<\/td><td>Maux de t\u00eate, naus\u00e9es, probl\u00e8mes d&rsquo;estomac<\/td><\/tr><tr><td>Utilisation de<\/td><td>Tous les matins<\/td><td>Peut \u00eatre ajout\u00e9 \u00e0 un smoothie<\/td><td><b>Contre-indications<\/b> pendant la grossesse et l&rsquo;allaitement<\/td><\/tr><\/tbody><\/table><\/figure>\n\n\n\n<p>L&rsquo;int\u00e9gration du Matcha Extreme dans votre alimentation quotidienne peut contribuer \u00e0 augmenter l&rsquo;\u00e9nergie et \u00e0 r\u00e9duire l&rsquo;app\u00e9tit. Le compl\u00e9ment alimentaire b\u00e9n\u00e9ficie d&rsquo;un retour d&rsquo;exp\u00e9rience positif de la part des utilisateurs qui constatent des <b>effets<\/b> visibles <b>lors d&rsquo;une<\/b> utilisation r\u00e9guli\u00e8re. Pour de meilleurs r\u00e9sultats, il est recommand\u00e9 d&rsquo;associer le compl\u00e9ment \u00e0 un r\u00e9gime alimentaire adapt\u00e9 et \u00e0 une activit\u00e9 physique.<\/p>\n\n\n\n<h2 class=\"wp-block-heading\">Matcha Extreme &#8211; Avis des utilisateurs, forum &#8211; Que disent les utilisateurs ?<\/h2>\n\n\n\n<p>De nombreux utilisateurs de Matcha Extreme partagent leurs exp\u00e9riences sur les forums en ligne, attirant ainsi l&rsquo;attention de ceux qui envisagent de commencer une suppl\u00e9mentation. Kasia, une utilisatrice de 29 ans, affirme que son niveau d&rsquo;\u00e9nergie a consid\u00e9rablement augment\u00e9 depuis qu&rsquo;elle prend le compl\u00e9ment. Travaillant au bureau, elle a remarqu\u00e9 une am\u00e9lioration de sa concentration, ce qui lui permet de recommander Matcha Extreme \u00e0 d&rsquo;autres personnes.<\/p>\n\n\n\n<p>Michal, 35 ans, admet que le compl\u00e9ment est son compagnon ins\u00e9parable pendant l&rsquo;entra\u00eenement. Gr\u00e2ce \u00e0 lui, il a plus d&rsquo;\u00e9nergie \u00e0 la salle de sport et obtient de meilleurs r\u00e9sultats en mati\u00e8re de combustion des graisses, comme le confirment ses propres observations. De nombreux commentaires d&rsquo;utilisateurs sur les forums font \u00e9tat de r\u00e9sultats similaires, ce qui fait de Matcha Extreme un choix populaire parmi les personnes actives.<\/p>\n\n\n\n<p>Agnes, une m\u00e8re de famille de 42 ans qui travaille, a remarqu\u00e9 que le Matcha Extreme l&rsquo;aide \u00e0 contr\u00f4ler son niveau d&rsquo;\u00e9nergie tout au long de la journ\u00e9e. Elle se sent moins fatigu\u00e9e et peut mieux se concentrer sur les t\u00e2ches quotidiennes. Son opinion et d&rsquo;autres exp\u00e9riences d&rsquo;utilisateurs similaires fournissent un retour d&rsquo;information pr\u00e9cieux, que l&rsquo;on peut trouver sur les forums de discussion. Il est int\u00e9ressant de noter que les <b>utilisateurs<\/b> soulignent la rapidit\u00e9 des r\u00e9sultats en mati\u00e8re de perte de poids, sans qu&rsquo;il soit n\u00e9cessaire de modifier radicalement le r\u00e9gime alimentaire.<\/p>\n\n\n\n<p>Les <b>commentaires sur<\/b> le <b>forum<\/b> concernant Matcha Extreme sont majoritairement positifs. Nous pouvons constater que le compl\u00e9ment est de plus en plus reconnu pour son efficacit\u00e9 et ses ingr\u00e9dients naturels, attirant l&rsquo;attention de ceux qui recherchent des moyens sains de stimuler l&rsquo;\u00e9nergie et d&rsquo;am\u00e9liorer les performances.<\/p>\n\n\n\n<h2 class=\"wp-block-heading\">Matcha Extreme &#8211; Composition &#8211; Analyse des ingr\u00e9dients<\/h2>\n\n\n\n<p>Matcha Extreme est un compl\u00e9ment alimentaire \u00e0 base d&rsquo;ingr\u00e9dients naturels pour soutenir l&rsquo;\u00e9nergie et la sant\u00e9 en g\u00e9n\u00e9ral. L&rsquo;\u00e9l\u00e9ment cl\u00e9 est la poudre de th\u00e9 matcha, connue pour sa haute teneur en antioxydants. Gr\u00e2ce \u00e0 cet ingr\u00e9dient, l&rsquo;organisme peut lutter efficacement contre les radicaux libres, ce qui contribue \u00e0 am\u00e9liorer la forme physique. L&rsquo;<b>analyse de<\/b> cet ingr\u00e9dient montre que la consommation r\u00e9guli\u00e8re de matcha stimule le m\u00e9tabolisme, ce qui est important dans les processus de perte de poids.<\/p>\n\n\n\n<p>Matcha Extreme contient \u00e9galement de la spiruline, source de prot\u00e9ines et de nombreuses vitamines. La spiruline contribue au niveau d&rsquo;\u00e9nergie et am\u00e9liore l&rsquo;humeur, ce qui en fait un ingr\u00e9dient important de ce compl\u00e9ment alimentaire. L&rsquo;extrait de fruit d&rsquo;ac\u00e9rola, qui fait \u00e9galement partie de la formulation, apporte une grande quantit\u00e9 de vitamine C, qui soutient le syst\u00e8me immunitaire.<\/p>\n\n\n\n<p>L&rsquo;ingr\u00e9dient unique Cacti-Nea\u2122 m\u00e9rite \u00e9galement une <em>analyse<\/em> d\u00e9taill\u00e9e. Il favorise la r\u00e9duction du poids et am\u00e9liore la silhouette, ce qui est important pour les personnes souhaitant prendre soin de leur ligne. Tous ces ingr\u00e9dients ont \u00e9t\u00e9 soigneusement s\u00e9lectionn\u00e9s pour offrir une <b>action<\/b> synergique qui soutient la <b>sant\u00e9<\/b> et le bien-\u00eatre. Matcha Extreme, gr\u00e2ce \u00e0 sa <em>composition<\/em> unique, peut devenir un soutien pr\u00e9cieux dans l&rsquo;alimentation quotidienne de toute personne \u00e0 la recherche de moyens naturels pour augmenter l&rsquo;\u00e9nergie et am\u00e9liorer la fonction m\u00e9tabolique.<\/p>\n\n\n\n<h2 class=\"wp-block-heading\">Prix du Matcha Extreme &#8211; O\u00f9 acheter ?<\/h2>\n\n\n\n<p>Matcha Extreme est un compl\u00e9ment alimentaire dont la popularit\u00e9 ne cesse de cro\u00eetre dans le monde entier. Le produit est disponible exclusivement sur le site officiel du fabricant. Ce mod\u00e8le de distribution garantit la haute qualit\u00e9 et l&rsquo;authenticit\u00e9 des produits command\u00e9s.<\/p>\n\n\n\n<p>Garder un \u0153il sur l&rsquo;offre peut \u00eatre b\u00e9n\u00e9fique, car les prix peuvent changer en fonction des promotions en cours et des forfaits disponibles, ce qui vous permet de r\u00e9duire le prix pour chaque ensemble que vous achetez.<\/p>\n\n\n\n<p>Pour savoir <b>o\u00f9 acheter<\/b> Matcha Extreme, il est pr\u00e9f\u00e9rable de consulter le site web du fabricant. Une consultation r\u00e9guli\u00e8re de cette plateforme peut s&rsquo;av\u00e9rer essentielle pour b\u00e9n\u00e9ficier d&rsquo;\u00e9ventuelles r\u00e9ductions et offres sp\u00e9ciales.<\/p>\n\n\n\n<h2 class=\"wp-block-heading\">Matcha Extreme &#8211; Effets secondaires potentiels et contre-indications d&rsquo;utilisation<\/h2>\n\n\n\n<p>Le Matcha Extreme, en tant que compl\u00e9ment alimentaire naturel, peut \u00eatre associ\u00e9 \u00e0 des effets secondaires chez certaines personnes. Parmi les effets les plus fr\u00e9quemment rapport\u00e9s, on trouve des <strong>probl\u00e8mes d&rsquo;estomac<\/strong> et une <strong>excitabilit\u00e9 excessive<\/strong>, en particulier chez les personnes sensibles \u00e0 la caf\u00e9ine. Il est donc important que ces personnes utilisent le compl\u00e9ment avec prudence.<\/p>\n\n\n\n<p>Il convient \u00e9galement de noter qu&rsquo;avant de prendre du Matcha Extreme, il est conseill\u00e9 de consulter un m\u00e9decin, en particulier pour les femmes enceintes, ainsi que pour les personnes souffrant de <strong>maladies cardiaques<\/strong>, d&rsquo;hypertension art\u00e9rielle ou d&rsquo;autres affections graves. Les personnes souffrant d&rsquo;hyperthyro\u00efdie, de troubles mentaux ou de maladies r\u00e9nales sont \u00e9galement contre-indiqu\u00e9es.<\/p>\n\n\n\n<p>Une utilisation incontr\u00f4l\u00e9e ou un d\u00e9passement de la dose recommand\u00e9e peut entra\u00eener des r\u00e9actions plus graves, y compris des <strong>r\u00e9actions allergiques<\/strong>. Par cons\u00e9quent, la responsabilit\u00e9 d&rsquo;un <b>dosage<\/b> correct incombe aux utilisateurs, qui doivent adapter la suppl\u00e9mentation \u00e0 leur mode de vie et \u00e0 leur \u00e9tat de sant\u00e9 g\u00e9n\u00e9ral.<\/p>\n","protected":false},"excerpt":{"rendered":"<p><strong>[date_countdown]<\/strong><\/p>\n<p><img decoding=\"async\" class=\"alignnone  wp-image-8427\" src=\"https:\/\/www.docteurjobez.fr\/pharmacie\/wp-content\/uploads\/2024\/10\/SAFE-PAY-300x88-1.png\" alt=\"SAFE-PAY-300x88\" width=\"164\" height=\"48\" \/><\/p>\n","protected":false},"featured_media":4375,"comment_status":"open","ping_status":"closed","template":"","meta":{"neve_meta_sidebar":"","neve_meta_container":"","neve_meta_enable_content_width":"","neve_meta_content_width":0,"neve_meta_title_alignment":"","neve_meta_author_avatar":"","neve_post_elements_order":"","neve_meta_disable_header":"","neve_meta_disable_footer":"","neve_meta_disable_title":"","neve_meta_reading_time":""},"product_brand":[],"product_cat":[15],"product_tag":[],"class_list":{"0":"post-4562","1":"product","2":"type-product","3":"status-publish","4":"has-post-thumbnail","6":"product_cat-perte-de-poids","8":"first","9":"instock","10":"sale","11":"shipping-taxable","12":"product-type-external"},"yoast_head":"<!-- This site is optimized with the Yoast SEO plugin v27.4 - https:\/\/yoast.com\/product\/yoast-seo-wordpress\/ -->\n<title>Matcha Extreme - Avis, Prix -50%, Forum, Pharmacie, Effets | DocteurJobez<\/title>\n<meta name=\"robots\" content=\"index, follow, max-snippet:-1, max-image-preview:large, max-video-preview:-1\" \/>\n<link rel=\"canonical\" href=\"https:\/\/www.docteurjobez.fr\/pharmacie\/supp\/matcha-extreme\/\" \/>\n<meta property=\"og:locale\" content=\"fr_FR\" \/>\n<meta property=\"og:type\" content=\"article\" \/>\n<meta property=\"og:title\" content=\"Matcha Extreme - Avis, Prix -50%, Forum, Pharmacie, Effets | DocteurJobez\" \/>\n<meta property=\"og:url\" content=\"https:\/\/www.docteurjobez.fr\/pharmacie\/supp\/matcha-extreme\/\" \/>\n<meta property=\"og:site_name\" content=\"DocteurJobez\" \/>\n<meta property=\"article:modified_time\" content=\"2025-03-17T17:28:30+00:00\" \/>\n<meta property=\"og:image\" content=\"https:\/\/www.docteurjobez.fr\/pharmacie\/wp-content\/uploads\/2024\/10\/Matcha-Extreme.jpg\" \/>\n\t<meta property=\"og:image:width\" content=\"768\" \/>\n\t<meta property=\"og:image:height\" content=\"768\" \/>\n\t<meta property=\"og:image:type\" content=\"image\/jpeg\" \/>\n<meta name=\"twitter:card\" content=\"summary_large_image\" \/>\n<meta name=\"twitter:description\" content=\"[date_countdown]\" \/>\n<meta name=\"twitter:label1\" content=\"Dur\u00e9e de lecture estim\u00e9e\" \/>\n\t<meta name=\"twitter:data1\" content=\"1 minute\" \/>\n<script type=\"application\/ld+json\" class=\"yoast-schema-graph\">{\"@context\":\"https:\\\/\\\/schema.org\",\"@graph\":[{\"@type\":\"WebPage\",\"@id\":\"https:\\\/\\\/www.docteurjobez.fr\\\/pharmacie\\\/supp\\\/matcha-extreme\\\/\",\"url\":\"https:\\\/\\\/www.docteurjobez.fr\\\/pharmacie\\\/supp\\\/matcha-extreme\\\/\",\"name\":\"Matcha Extreme - Avis, Prix -50%, Forum, Pharmacie, Effets | DocteurJobez\",\"isPartOf\":{\"@id\":\"https:\\\/\\\/www.docteurjobez.fr\\\/pharmacie\\\/#website\"},\"primaryImageOfPage\":{\"@id\":\"https:\\\/\\\/www.docteurjobez.fr\\\/pharmacie\\\/supp\\\/matcha-extreme\\\/#primaryimage\"},\"image\":{\"@id\":\"https:\\\/\\\/www.docteurjobez.fr\\\/pharmacie\\\/supp\\\/matcha-extreme\\\/#primaryimage\"},\"thumbnailUrl\":\"https:\\\/\\\/www.docteurjobez.fr\\\/pharmacie\\\/wp-content\\\/uploads\\\/2024\\\/10\\\/Matcha-Extreme.jpg\",\"datePublished\":\"2024-10-18T19:46:26+00:00\",\"dateModified\":\"2025-03-17T17:28:30+00:00\",\"breadcrumb\":{\"@id\":\"https:\\\/\\\/www.docteurjobez.fr\\\/pharmacie\\\/supp\\\/matcha-extreme\\\/#breadcrumb\"},\"inLanguage\":\"fr-FR\",\"potentialAction\":[{\"@type\":\"ReadAction\",\"target\":[\"https:\\\/\\\/www.docteurjobez.fr\\\/pharmacie\\\/supp\\\/matcha-extreme\\\/\"]}]},{\"@type\":\"ImageObject\",\"inLanguage\":\"fr-FR\",\"@id\":\"https:\\\/\\\/www.docteurjobez.fr\\\/pharmacie\\\/supp\\\/matcha-extreme\\\/#primaryimage\",\"url\":\"https:\\\/\\\/www.docteurjobez.fr\\\/pharmacie\\\/wp-content\\\/uploads\\\/2024\\\/10\\\/Matcha-Extreme.jpg\",\"contentUrl\":\"https:\\\/\\\/www.docteurjobez.fr\\\/pharmacie\\\/wp-content\\\/uploads\\\/2024\\\/10\\\/Matcha-Extreme.jpg\",\"width\":768,\"height\":768},{\"@type\":\"BreadcrumbList\",\"@id\":\"https:\\\/\\\/www.docteurjobez.fr\\\/pharmacie\\\/supp\\\/matcha-extreme\\\/#breadcrumb\",\"itemListElement\":[{\"@type\":\"ListItem\",\"position\":1,\"name\":\"Strona g\u0142\u00f3wna\",\"item\":\"https:\\\/\\\/www.docteurjobez.fr\\\/pharmacie\\\/\"},{\"@type\":\"ListItem\",\"position\":2,\"name\":\"farmaci\",\"item\":\"https:\\\/\\\/www.docteurjobez.fr\\\/pharmacie\\\/\"},{\"@type\":\"ListItem\",\"position\":3,\"name\":\"Matcha Extreme\"}]},{\"@type\":\"WebSite\",\"@id\":\"https:\\\/\\\/www.docteurjobez.fr\\\/pharmacie\\\/#website\",\"url\":\"https:\\\/\\\/www.docteurjobez.fr\\\/pharmacie\\\/\",\"name\":\"DocteurJobez\",\"description\":\"\",\"potentialAction\":[{\"@type\":\"SearchAction\",\"target\":{\"@type\":\"EntryPoint\",\"urlTemplate\":\"https:\\\/\\\/www.docteurjobez.fr\\\/pharmacie\\\/?s={search_term_string}\"},\"query-input\":{\"@type\":\"PropertyValueSpecification\",\"valueRequired\":true,\"valueName\":\"search_term_string\"}}],\"inLanguage\":\"fr-FR\"}]}<\/script>\n<!-- \/ Yoast SEO plugin. -->","yoast_head_json":{"title":"Matcha Extreme - Avis, Prix -50%, Forum, Pharmacie, Effets | DocteurJobez","robots":{"index":"index","follow":"follow","max-snippet":"max-snippet:-1","max-image-preview":"max-image-preview:large","max-video-preview":"max-video-preview:-1"},"canonical":"https:\/\/www.docteurjobez.fr\/pharmacie\/supp\/matcha-extreme\/","og_locale":"fr_FR","og_type":"article","og_title":"Matcha Extreme - Avis, Prix -50%, Forum, Pharmacie, Effets | DocteurJobez","og_url":"https:\/\/www.docteurjobez.fr\/pharmacie\/supp\/matcha-extreme\/","og_site_name":"DocteurJobez","article_modified_time":"2025-03-17T17:28:30+00:00","og_image":[{"width":768,"height":768,"url":"https:\/\/www.docteurjobez.fr\/pharmacie\/wp-content\/uploads\/2024\/10\/Matcha-Extreme.jpg","type":"image\/jpeg"}],"twitter_card":"summary_large_image","twitter_description":"[date_countdown]","twitter_misc":{"Dur\u00e9e de lecture estim\u00e9e":"1 minute"},"schema":{"@context":"https:\/\/schema.org","@graph":[{"@type":"WebPage","@id":"https:\/\/www.docteurjobez.fr\/pharmacie\/supp\/matcha-extreme\/","url":"https:\/\/www.docteurjobez.fr\/pharmacie\/supp\/matcha-extreme\/","name":"Matcha Extreme - Avis, Prix -50%, Forum, Pharmacie, Effets | DocteurJobez","isPartOf":{"@id":"https:\/\/www.docteurjobez.fr\/pharmacie\/#website"},"primaryImageOfPage":{"@id":"https:\/\/www.docteurjobez.fr\/pharmacie\/supp\/matcha-extreme\/#primaryimage"},"image":{"@id":"https:\/\/www.docteurjobez.fr\/pharmacie\/supp\/matcha-extreme\/#primaryimage"},"thumbnailUrl":"https:\/\/www.docteurjobez.fr\/pharmacie\/wp-content\/uploads\/2024\/10\/Matcha-Extreme.jpg","datePublished":"2024-10-18T19:46:26+00:00","dateModified":"2025-03-17T17:28:30+00:00","breadcrumb":{"@id":"https:\/\/www.docteurjobez.fr\/pharmacie\/supp\/matcha-extreme\/#breadcrumb"},"inLanguage":"fr-FR","potentialAction":[{"@type":"ReadAction","target":["https:\/\/www.docteurjobez.fr\/pharmacie\/supp\/matcha-extreme\/"]}]},{"@type":"ImageObject","inLanguage":"fr-FR","@id":"https:\/\/www.docteurjobez.fr\/pharmacie\/supp\/matcha-extreme\/#primaryimage","url":"https:\/\/www.docteurjobez.fr\/pharmacie\/wp-content\/uploads\/2024\/10\/Matcha-Extreme.jpg","contentUrl":"https:\/\/www.docteurjobez.fr\/pharmacie\/wp-content\/uploads\/2024\/10\/Matcha-Extreme.jpg","width":768,"height":768},{"@type":"BreadcrumbList","@id":"https:\/\/www.docteurjobez.fr\/pharmacie\/supp\/matcha-extreme\/#breadcrumb","itemListElement":[{"@type":"ListItem","position":1,"name":"Strona g\u0142\u00f3wna","item":"https:\/\/www.docteurjobez.fr\/pharmacie\/"},{"@type":"ListItem","position":2,"name":"farmaci","item":"https:\/\/www.docteurjobez.fr\/pharmacie\/"},{"@type":"ListItem","position":3,"name":"Matcha Extreme"}]},{"@type":"WebSite","@id":"https:\/\/www.docteurjobez.fr\/pharmacie\/#website","url":"https:\/\/www.docteurjobez.fr\/pharmacie\/","name":"DocteurJobez","description":"","potentialAction":[{"@type":"SearchAction","target":{"@type":"EntryPoint","urlTemplate":"https:\/\/www.docteurjobez.fr\/pharmacie\/?s={search_term_string}"},"query-input":{"@type":"PropertyValueSpecification","valueRequired":true,"valueName":"search_term_string"}}],"inLanguage":"fr-FR"}]}},"_links":{"self":[{"href":"https:\/\/www.docteurjobez.fr\/pharmacie\/wp-json\/wp\/v2\/product\/4562","targetHints":{"allow":["GET"]}}],"collection":[{"href":"https:\/\/www.docteurjobez.fr\/pharmacie\/wp-json\/wp\/v2\/product"}],"about":[{"href":"https:\/\/www.docteurjobez.fr\/pharmacie\/wp-json\/wp\/v2\/types\/product"}],"replies":[{"embeddable":true,"href":"https:\/\/www.docteurjobez.fr\/pharmacie\/wp-json\/wp\/v2\/comments?post=4562"}],"wp:featuredmedia":[{"embeddable":true,"href":"https:\/\/www.docteurjobez.fr\/pharmacie\/wp-json\/wp\/v2\/media\/4375"}],"wp:attachment":[{"href":"https:\/\/www.docteurjobez.fr\/pharmacie\/wp-json\/wp\/v2\/media?parent=4562"}],"wp:term":[{"taxonomy":"product_brand","embeddable":true,"href":"https:\/\/www.docteurjobez.fr\/pharmacie\/wp-json\/wp\/v2\/product_brand?post=4562"},{"taxonomy":"product_cat","embeddable":true,"href":"https:\/\/www.docteurjobez.fr\/pharmacie\/wp-json\/wp\/v2\/product_cat?post=4562"},{"taxonomy":"product_tag","embeddable":true,"href":"https:\/\/www.docteurjobez.fr\/pharmacie\/wp-json\/wp\/v2\/product_tag?post=4562"}],"curies":[{"name":"wp","href":"https:\/\/api.w.org\/{rel}","templated":true}]}}