{"id":4580,"date":"2024-10-18T19:46:36","date_gmt":"2024-10-18T19:46:36","guid":{"rendered":"https:\/\/chirurgie-orthopedie-vannes.fr\/pharmacie\/?post_type=product&#038;p=4580"},"modified":"2025-03-17T18:49:07","modified_gmt":"2025-03-17T18:49:07","slug":"restilen","status":"publish","type":"product","link":"https:\/\/www.docteurjobez.fr\/pharmacie\/supp\/restilen\/","title":{"rendered":"Restilen"},"content":{"rendered":"\n<h2 class=\"wp-block-heading\">Qu&rsquo;est-ce que Restilen et comment fonctionne-t-il ?<\/h2>\n\n\n\n<p><b>Restilen<\/b> est un <b>compl\u00e9ment alimentaire<\/b> efficace destin\u00e9 aux personnes souffrant de stress et de tensions psychiques. L&rsquo;<em>action de Restilen<\/em> se concentre sur la r\u00e9duction du taux de cortisol, l&rsquo;hormone responsable de la r\u00e9ponse de l&rsquo;organisme au <b>stress<\/b>. Gr\u00e2ce \u00e0 l&rsquo;utilisation d&rsquo;<em>ingr\u00e9dients naturels<\/em>, tels que l&rsquo;ashwagandha et la rosac\u00e9e, la <b>suppl\u00e9mentation<\/b> contribue \u00e0 l&rsquo;am\u00e9lioration du bien-\u00eatre mental.<\/p>\n\n\n\n<p>Les utilisateurs constatent que l&rsquo;utilisation r\u00e9guli\u00e8re de Restilen r\u00e9duit les sympt\u00f4mes du stress, notamment la tension musculaire, les troubles du sommeil et les troubles digestifs. Une utilisation r\u00e9guli\u00e8re permet \u00e0 l&rsquo;organisme de mieux faire face aux situations qui provoquent la nervosit\u00e9. De nombreuses personnes rapportent que <b>les effets<\/b> positifs se font sentir d\u00e8s le premier jour d&rsquo;utilisation.<\/p>\n\n\n\n<p>Restilen contient \u00e9galement du magn\u00e9sium et de l&rsquo;extrait de feuilles de th\u00e9 chinois, qui soutiennent le syst\u00e8me nerveux et contribuent \u00e0 la relaxation. Gr\u00e2ce \u00e0 ces ingr\u00e9dients, les cas d&rsquo;effets secondaires n\u00e9gatifs sont rares, ce qui fait de ce compl\u00e9ment un choix s\u00fbr pour de nombreuses personnes.<\/p>\n\n\n\n<p>Le <b>stress<\/b> fait partie int\u00e9grante de la vie quotidienne. C&rsquo;est pourquoi l&rsquo;int\u00e9r\u00eat croissant pour des produits tels que Restilen montre que de plus en plus de personnes recherchent des m\u00e9thodes naturelles et efficaces pour lutter contre ses sympt\u00f4mes.<\/p>\n\n\n\n<h2 class=\"wp-block-heading\">Quels sont les effets de Restilen ?<\/h2>\n\n\n\n<p>L<b>&lsquo;utilisation de Restilen<\/b> a un certain nombre d&rsquo;<em>effets<\/em> positifs qui peuvent faire une diff\u00e9rence significative dans la qualit\u00e9 de vie. L&rsquo;augmentation du nombre de personnes souffrant de stress et de fatigue chronique dans une vie au rythme effr\u00e9n\u00e9 souligne la n\u00e9cessit\u00e9 de trouver des solutions efficaces. Restilen, avec son m\u00e9lange unique d&rsquo;ingr\u00e9dients naturels tels que la vitamine B6, l&rsquo;extrait de racine de ginseng et la L-th\u00e9anine, favorise la <em>r\u00e9duction du stress<\/em> et am\u00e9liore l&rsquo;<b>humeur<\/b>.<\/p>\n\n\n\n<p>La vitamine B6 joue un r\u00f4le cl\u00e9 dans la production de neurotransmetteurs, dont la s\u00e9rotonine, qui influe sur la r\u00e9gulation de l&rsquo;humeur et du niveau de stress. L&rsquo;extrait de racine de ginseng augmente l&rsquo;endurance mentale et physique. L <em>&lsquo;am\u00e9lioration du sommeil<\/em>, obtenue gr\u00e2ce \u00e0 l&rsquo;action de la L-th\u00e9anine, soutient la r\u00e9g\u00e9n\u00e9ration de l&rsquo;organisme et favorise un meilleur bien-\u00eatre au quotidien.<\/p>\n\n\n\n<p>Avec l&rsquo;utilisation de Restilen, une r\u00e9duction significative des sympt\u00f4mes de fatigue peut \u00eatre constat\u00e9e, conduisant \u00e0 une augmentation de l&rsquo;\u00e9nergie vitale. Les utilisateurs soulignent souvent une am\u00e9lioration de la concentration et une r\u00e9duction de l&rsquo;irritabilit\u00e9. L&rsquo;extrait d&rsquo;\u00e9corce de magnolia, connu pour ses effets calmants, favorise la <em>r\u00e9duction du stress<\/em>, ce qui se traduit par des changements positifs de l&rsquo;humeur. La querc\u00e9tine agit comme un puissant antioxydant, qui pr\u00e9vient davantage les dommages oxydatifs caus\u00e9s par le stress.<\/p>\n\n\n\n<p>Des \u00e9tudes cliniques confirment l&rsquo;efficacit\u00e9 et la <b>s\u00e9curit\u00e9 de<\/b> Restilen pour soulager les sympt\u00f4mes du stress et de l&rsquo;anxi\u00e9t\u00e9. Une utilisation r\u00e9guli\u00e8re peut contribuer \u00e0 <em>am\u00e9liorer<\/em> significativement <em>le sommeil<\/em> et \u00e0 augmenter la r\u00e9sistance aux situations stressantes. Cela vaut la peine d&rsquo;investir dans votre <b>sant\u00e9 mentale<\/b> et physique en utilisant Restilen et en profitant de votre <em>bien-\u00eatre<\/em> quotidien.<\/p>\n\n\n\n<h2 class=\"wp-block-heading\">Comment utiliser Restilen ? &#8211; Dosage et recommandations<\/h2>\n\n\n\n<p>L<b>&lsquo;utilisation de Restilen<\/b> doit se faire conform\u00e9ment aux instructions donn\u00e9es. Le <b>dosage<\/b> appropri\u00e9 est de deux g\u00e9lules par jour, ce qui est suffisant pour un mois entier. Il est pr\u00e9f\u00e9rable de prendre une g\u00e9lule le matin et une autre le soir, en buvant beaucoup d&rsquo;eau. L&rsquo;utilisation r\u00e9guli\u00e8re de Restilen est essentielle pour obtenir des r\u00e9sultats optimaux.<\/p>\n\n\n\n<p>Restilen contient des ingr\u00e9dients actifs tels que l&rsquo;extrait de racine d&rsquo;ashwagandha, qui r\u00e9duit le taux de cortisol, et la m\u00e9lisse, qui am\u00e9liore la qualit\u00e9 du sommeil. Les principaux ingr\u00e9dients contribuent non seulement \u00e0 la r\u00e9duction du stress, mais aussi \u00e0 l&rsquo;am\u00e9lioration de l&rsquo;<b>humeur<\/b> et des performances mentales. Une utilisation r\u00e9guli\u00e8re contribue \u00e0 des effets \u00e0 long terme, et les utilisateurs remarquent souvent des am\u00e9liorations de l&rsquo;humeur et de la qualit\u00e9 du sommeil en peu de temps.<\/p>\n\n\n\n<figure class=\"wp-block-table\"><table class=\"has-fixed-layout\"><tbody><tr><th>Composant<\/th><th>Action<\/th><\/tr><tr><td>Extrait de racine d&rsquo;ashwagandha<\/td><td>R\u00e9duit le taux de cortisol<\/td><\/tr><tr><td>Extrait de m\u00e9lisse<\/td><td>Am\u00e9liore la qualit\u00e9 du sommeil et r\u00e9duit l&rsquo;anxi\u00e9t\u00e9<\/td><\/tr><tr><td>Rhodiola Rosea<\/td><td>Augmente les performances mentales et physiques<\/td><\/tr><tr><td>Vitamines B<\/td><td>Soutien \u00e0 la sant\u00e9 mentale et r\u00e9duction de la fatigue<\/td><\/tr><tr><td>Magn\u00e9sium<\/td><td>R\u00e9duit la fatigue et soutient les fonctions psychologiques<\/td><\/tr><\/tbody><\/table><\/figure>\n\n\n\n<p>Avant de prendre Restilen, il est conseill\u00e9 de consulter votre m\u00e9decin, en particulier si vous \u00eates allergique aux ingr\u00e9dients ou si vous prenez d&rsquo;autres m\u00e9dicaments. Le produit est d\u00e9conseill\u00e9 aux femmes enceintes ou allaitantes, ce dont il faut tenir compte lors de la planification de la suppl\u00e9mentation.<\/p>\n\n\n\n<h2 class=\"wp-block-heading\">Commentaires sur Restilen &#8211; Que disent les utilisateurs dans les forums ?<\/h2>\n\n\n\n<p>Les <b>avis sur<\/b> Restilen dans les forums sont majoritairement positifs. Les utilisateurs signalent souvent une r\u00e9duction significative du niveau de stress apr\u00e8s la prise du compl\u00e9ment. De nombreuses exp\u00e9riences d&rsquo;utilisateurs indiquent une am\u00e9lioration de la qualit\u00e9 du sommeil et une augmentation de la concentration. On peut trouver sur les forums une vari\u00e9t\u00e9 d&rsquo;<b>avis<\/b> qui montrent les <b>effets de l&rsquo;<\/b> utilisation de ce produit.<\/p>\n\n\n\n<p>Alexandra K. a constat\u00e9 une augmentation de l&rsquo;\u00e9nergie et une r\u00e9duction du niveau de stress apr\u00e8s un mois d&rsquo;utilisation. Paul N. mentionne comment Restilen l&rsquo;a aid\u00e9 au travail, en am\u00e9liorant la concentration et en r\u00e9duisant la tension. Natalia Z. fait l&rsquo;\u00e9loge de l&rsquo;am\u00e9lioration de son humeur et de sa r\u00e9sistance accrue au stress, ce qui t\u00e9moigne de l&rsquo;efficacit\u00e9 globale du compl\u00e9ment.<\/p>\n\n\n\n<p>Les experts soulignent que la r\u00e9action de l&rsquo;organisme aux ingr\u00e9dients peut varier, ce qui affecte l&rsquo;efficacit\u00e9. Il est int\u00e9ressant de noter que le d\u00e9lai d&rsquo;apparition des effets de Restilen varie de quelques jours \u00e0 environ deux semaines d&rsquo;utilisation r\u00e9guli\u00e8re. Les utilisateurs qui ont essay\u00e9 Restilen choisissent souvent de continuer \u00e0 l&rsquo;utiliser, ce qui peut laisser penser qu&rsquo;ils sont satisfaits des r\u00e9sultats obtenus.<\/p>\n\n\n\n<h2 class=\"wp-block-heading\">Restilen &#8211; Composition<\/h2>\n\n\n\n<p>Restilen est un <b>compl\u00e9ment alimentaire<\/b> destin\u00e9 \u00e0 soutenir l&rsquo;organisme contre l&rsquo;humeur et la fatigue. Sa <em>formulation<\/em> est bas\u00e9e sur des <em>ingr\u00e9dients naturels<\/em> qui stimulent la <b>sant\u00e9 mentale<\/b> et physique. Les principaux ingr\u00e9dients sont les suivants :<\/p>\n\n\n\n<ul class=\"wp-block-list\">\n<li><em>Ashwagandha<\/em> &#8211; connu pour ses propri\u00e9t\u00e9s anti-stress et son <b>bien-\u00eatre<\/b> mental.<\/li>\n\n\n\n<li><em>Rhodiola rosea<\/em> &#8211; aide \u00e0 r\u00e9duire la fatigue et \u00e0 am\u00e9liorer la concentration et les performances mentales.<\/li>\n\n\n\n<li><em>Magnolia<\/em> &#8211; a un effet calmant, entra\u00eenant une r\u00e9duction de la tension nerveuse.<\/li>\n\n\n\n<li><em>Magnesium Aquamin\u2122 et Saffr&rsquo;Activ\u00ae<\/em> &#8211; ces <b>extraits<\/b> favorisent un sommeil sain et am\u00e9liorent l&rsquo;\u00e9quilibre \u00e9motionnel.<\/li>\n<\/ul>\n\n\n\n<p>Ensemble, tous ces <em>extraits<\/em> forment une formule efficace, favorisant la lutte contre le stress quotidien et am\u00e9liorant la qualit\u00e9 de vie. L&rsquo;utilisation r\u00e9guli\u00e8re du compl\u00e9ment peut apporter des b\u00e9n\u00e9fices notables, ce qui en fait une option int\u00e9ressante pour ceux qui recherchent un soutien dans les moments difficiles.<\/p>\n\n\n\n<h2 class=\"wp-block-heading\">O\u00f9 acheter et quel est le prix de Restilen ?<\/h2>\n\n\n\n<p>Restilen est uniquement disponible sur <em>le site officiel du<\/em> fabricant, ce qui garantit son originalit\u00e9 et sa qualit\u00e9. Les clients peuvent profiter des promotions et des rabais int\u00e9ressants qui sont r\u00e9guli\u00e8rement propos\u00e9s sur le site. Le produit n&rsquo;\u00e9tant pas vendu dans les pharmacies stationnaires, il est utile de conna\u00eetre les options d&rsquo;achat disponibles afin d&rsquo;\u00e9viter les revendeurs non autoris\u00e9s.<\/p>\n\n\n\n<p>Sur le site du fabricant, vous pouvez trouver des offres avec une r\u00e9duction de 50 %, ce qui le rend plus abordable pour les consommateurs. En consultant r\u00e9guli\u00e8rement le <em>site officiel du<\/em> fabricant, vous obtiendrez les derni\u00e8res informations sur les prix et les \u00e9ventuelles promotions, ce qui peut vous aider \u00e0 prendre une d\u00e9cision d&rsquo;achat. Gr\u00e2ce \u00e0 ses ingr\u00e9dients naturels et \u00e0 son indice de s\u00e9curit\u00e9 \u00e9lev\u00e9, Restilen gagne en popularit\u00e9 aupr\u00e8s des personnes qui recherchent des compl\u00e9ments alimentaires pour soutenir la r\u00e9duction du stress.<\/p>\n\n\n\n<h2 class=\"wp-block-heading\">Restilen &#8211; Effets secondaires et contre-indications<\/h2>\n\n\n\n<p>Les <b>effets secondaires de<\/b> Restilen sont rares et g\u00e9n\u00e9ralement b\u00e9nins. Les rapports d&rsquo;utilisateurs font \u00e9tat de cas occasionnels d&rsquo;inconfort gastrique et de maux de t\u00eate. Pour la majorit\u00e9 des personnes utilisant ce compl\u00e9ment, il reste sans danger lorsque les recommandations de dosage sont respect\u00e9es.<\/p>\n\n\n\n<p>Les <b>contre-indications<\/b> \u00e0 l&rsquo;utilisation de Restilen comprennent les femmes enceintes et les m\u00e8res qui allaitent, ainsi que les personnes allergiques aux ingr\u00e9dients du suppl\u00e9ment. En outre, en raison des restrictions d&rsquo;\u00e2ge, il est recommand\u00e9 que le suppl\u00e9ment ne soit pas utilis\u00e9 par les personnes de moins de 18 ans. Consulter un m\u00e9decin avant de commencer la suppl\u00e9mentation permet de minimiser le risque d&rsquo;effets secondaires \u00e9ventuels.<\/p>\n\n\n\n<p>La <b>s\u00e9curit\u00e9 dans l&rsquo;<\/b> utilisation de Restilen est essentielle, il est donc recommand\u00e9 de respecter la posologie recommand\u00e9e de deux g\u00e9lules par jour pour obtenir l&rsquo;effet le plus efficace. Un suivi r\u00e9gulier de la r\u00e9ponse de l&rsquo;organisme au suppl\u00e9ment peut aider \u00e0 identifier tout probl\u00e8me potentiel, ce qui est particuli\u00e8rement important pour les personnes \u00e0 risque.<\/p>\n","protected":false},"excerpt":{"rendered":"<p><strong>[date_countdown]<\/strong><\/p>\n<p><img decoding=\"async\" class=\"alignnone  wp-image-8427\" src=\"https:\/\/www.docteurjobez.fr\/pharmacie\/wp-content\/uploads\/2024\/10\/SAFE-PAY-300x88-1.png\" alt=\"SAFE-PAY-300x88\" width=\"164\" height=\"48\" \/><\/p>\n","protected":false},"featured_media":4027,"comment_status":"open","ping_status":"closed","template":"","meta":{"neve_meta_sidebar":"","neve_meta_container":"","neve_meta_enable_content_width":"","neve_meta_content_width":0,"neve_meta_title_alignment":"","neve_meta_author_avatar":"","neve_post_elements_order":"","neve_meta_disable_header":"","neve_meta_disable_footer":"","neve_meta_disable_title":"","neve_meta_reading_time":""},"product_brand":[],"product_cat":[18],"product_tag":[],"class_list":{"0":"post-4580","1":"product","2":"type-product","3":"status-publish","4":"has-post-thumbnail","6":"product_cat-sante","8":"first","9":"instock","10":"sale","11":"shipping-taxable","12":"product-type-external"},"yoast_head":"<!-- This site is optimized with the Yoast SEO plugin v27.4 - https:\/\/yoast.com\/product\/yoast-seo-wordpress\/ -->\n<title>Restilen - Avis, Prix -50%, Forum, Pharmacie, Effets | DocteurJobez<\/title>\n<meta name=\"robots\" content=\"index, follow, max-snippet:-1, max-image-preview:large, max-video-preview:-1\" \/>\n<link rel=\"canonical\" href=\"https:\/\/www.docteurjobez.fr\/pharmacie\/supp\/restilen\/\" \/>\n<meta property=\"og:locale\" content=\"fr_FR\" \/>\n<meta property=\"og:type\" content=\"article\" \/>\n<meta property=\"og:title\" content=\"Restilen - Avis, Prix -50%, Forum, Pharmacie, Effets | DocteurJobez\" \/>\n<meta property=\"og:url\" content=\"https:\/\/www.docteurjobez.fr\/pharmacie\/supp\/restilen\/\" \/>\n<meta property=\"og:site_name\" content=\"DocteurJobez\" \/>\n<meta property=\"article:modified_time\" content=\"2025-03-17T18:49:07+00:00\" \/>\n<meta property=\"og:image\" content=\"https:\/\/www.docteurjobez.fr\/pharmacie\/wp-content\/uploads\/2024\/10\/Restilen.jpg\" \/>\n\t<meta property=\"og:image:width\" content=\"768\" \/>\n\t<meta property=\"og:image:height\" content=\"768\" \/>\n\t<meta property=\"og:image:type\" content=\"image\/jpeg\" \/>\n<meta name=\"twitter:card\" content=\"summary_large_image\" \/>\n<meta name=\"twitter:description\" content=\"[date_countdown]\" \/>\n<meta name=\"twitter:label1\" content=\"Dur\u00e9e de lecture estim\u00e9e\" \/>\n\t<meta name=\"twitter:data1\" content=\"1 minute\" \/>\n<script type=\"application\/ld+json\" class=\"yoast-schema-graph\">{\"@context\":\"https:\\\/\\\/schema.org\",\"@graph\":[{\"@type\":\"WebPage\",\"@id\":\"https:\\\/\\\/www.docteurjobez.fr\\\/pharmacie\\\/supp\\\/restilen\\\/\",\"url\":\"https:\\\/\\\/www.docteurjobez.fr\\\/pharmacie\\\/supp\\\/restilen\\\/\",\"name\":\"Restilen - Avis, Prix -50%, Forum, Pharmacie, Effets | DocteurJobez\",\"isPartOf\":{\"@id\":\"https:\\\/\\\/www.docteurjobez.fr\\\/pharmacie\\\/#website\"},\"primaryImageOfPage\":{\"@id\":\"https:\\\/\\\/www.docteurjobez.fr\\\/pharmacie\\\/supp\\\/restilen\\\/#primaryimage\"},\"image\":{\"@id\":\"https:\\\/\\\/www.docteurjobez.fr\\\/pharmacie\\\/supp\\\/restilen\\\/#primaryimage\"},\"thumbnailUrl\":\"https:\\\/\\\/www.docteurjobez.fr\\\/pharmacie\\\/wp-content\\\/uploads\\\/2024\\\/10\\\/Restilen.jpg\",\"datePublished\":\"2024-10-18T19:46:36+00:00\",\"dateModified\":\"2025-03-17T18:49:07+00:00\",\"breadcrumb\":{\"@id\":\"https:\\\/\\\/www.docteurjobez.fr\\\/pharmacie\\\/supp\\\/restilen\\\/#breadcrumb\"},\"inLanguage\":\"fr-FR\",\"potentialAction\":[{\"@type\":\"ReadAction\",\"target\":[\"https:\\\/\\\/www.docteurjobez.fr\\\/pharmacie\\\/supp\\\/restilen\\\/\"]}]},{\"@type\":\"ImageObject\",\"inLanguage\":\"fr-FR\",\"@id\":\"https:\\\/\\\/www.docteurjobez.fr\\\/pharmacie\\\/supp\\\/restilen\\\/#primaryimage\",\"url\":\"https:\\\/\\\/www.docteurjobez.fr\\\/pharmacie\\\/wp-content\\\/uploads\\\/2024\\\/10\\\/Restilen.jpg\",\"contentUrl\":\"https:\\\/\\\/www.docteurjobez.fr\\\/pharmacie\\\/wp-content\\\/uploads\\\/2024\\\/10\\\/Restilen.jpg\",\"width\":768,\"height\":768},{\"@type\":\"BreadcrumbList\",\"@id\":\"https:\\\/\\\/www.docteurjobez.fr\\\/pharmacie\\\/supp\\\/restilen\\\/#breadcrumb\",\"itemListElement\":[{\"@type\":\"ListItem\",\"position\":1,\"name\":\"Strona g\u0142\u00f3wna\",\"item\":\"https:\\\/\\\/www.docteurjobez.fr\\\/pharmacie\\\/\"},{\"@type\":\"ListItem\",\"position\":2,\"name\":\"farmaci\",\"item\":\"https:\\\/\\\/www.docteurjobez.fr\\\/pharmacie\\\/\"},{\"@type\":\"ListItem\",\"position\":3,\"name\":\"Restilen\"}]},{\"@type\":\"WebSite\",\"@id\":\"https:\\\/\\\/www.docteurjobez.fr\\\/pharmacie\\\/#website\",\"url\":\"https:\\\/\\\/www.docteurjobez.fr\\\/pharmacie\\\/\",\"name\":\"DocteurJobez\",\"description\":\"\",\"potentialAction\":[{\"@type\":\"SearchAction\",\"target\":{\"@type\":\"EntryPoint\",\"urlTemplate\":\"https:\\\/\\\/www.docteurjobez.fr\\\/pharmacie\\\/?s={search_term_string}\"},\"query-input\":{\"@type\":\"PropertyValueSpecification\",\"valueRequired\":true,\"valueName\":\"search_term_string\"}}],\"inLanguage\":\"fr-FR\"}]}<\/script>\n<!-- \/ Yoast SEO plugin. -->","yoast_head_json":{"title":"Restilen - Avis, Prix -50%, Forum, Pharmacie, Effets | DocteurJobez","robots":{"index":"index","follow":"follow","max-snippet":"max-snippet:-1","max-image-preview":"max-image-preview:large","max-video-preview":"max-video-preview:-1"},"canonical":"https:\/\/www.docteurjobez.fr\/pharmacie\/supp\/restilen\/","og_locale":"fr_FR","og_type":"article","og_title":"Restilen - Avis, Prix -50%, Forum, Pharmacie, Effets | DocteurJobez","og_url":"https:\/\/www.docteurjobez.fr\/pharmacie\/supp\/restilen\/","og_site_name":"DocteurJobez","article_modified_time":"2025-03-17T18:49:07+00:00","og_image":[{"width":768,"height":768,"url":"https:\/\/www.docteurjobez.fr\/pharmacie\/wp-content\/uploads\/2024\/10\/Restilen.jpg","type":"image\/jpeg"}],"twitter_card":"summary_large_image","twitter_description":"[date_countdown]","twitter_misc":{"Dur\u00e9e de lecture estim\u00e9e":"1 minute"},"schema":{"@context":"https:\/\/schema.org","@graph":[{"@type":"WebPage","@id":"https:\/\/www.docteurjobez.fr\/pharmacie\/supp\/restilen\/","url":"https:\/\/www.docteurjobez.fr\/pharmacie\/supp\/restilen\/","name":"Restilen - Avis, Prix -50%, Forum, Pharmacie, Effets | DocteurJobez","isPartOf":{"@id":"https:\/\/www.docteurjobez.fr\/pharmacie\/#website"},"primaryImageOfPage":{"@id":"https:\/\/www.docteurjobez.fr\/pharmacie\/supp\/restilen\/#primaryimage"},"image":{"@id":"https:\/\/www.docteurjobez.fr\/pharmacie\/supp\/restilen\/#primaryimage"},"thumbnailUrl":"https:\/\/www.docteurjobez.fr\/pharmacie\/wp-content\/uploads\/2024\/10\/Restilen.jpg","datePublished":"2024-10-18T19:46:36+00:00","dateModified":"2025-03-17T18:49:07+00:00","breadcrumb":{"@id":"https:\/\/www.docteurjobez.fr\/pharmacie\/supp\/restilen\/#breadcrumb"},"inLanguage":"fr-FR","potentialAction":[{"@type":"ReadAction","target":["https:\/\/www.docteurjobez.fr\/pharmacie\/supp\/restilen\/"]}]},{"@type":"ImageObject","inLanguage":"fr-FR","@id":"https:\/\/www.docteurjobez.fr\/pharmacie\/supp\/restilen\/#primaryimage","url":"https:\/\/www.docteurjobez.fr\/pharmacie\/wp-content\/uploads\/2024\/10\/Restilen.jpg","contentUrl":"https:\/\/www.docteurjobez.fr\/pharmacie\/wp-content\/uploads\/2024\/10\/Restilen.jpg","width":768,"height":768},{"@type":"BreadcrumbList","@id":"https:\/\/www.docteurjobez.fr\/pharmacie\/supp\/restilen\/#breadcrumb","itemListElement":[{"@type":"ListItem","position":1,"name":"Strona g\u0142\u00f3wna","item":"https:\/\/www.docteurjobez.fr\/pharmacie\/"},{"@type":"ListItem","position":2,"name":"farmaci","item":"https:\/\/www.docteurjobez.fr\/pharmacie\/"},{"@type":"ListItem","position":3,"name":"Restilen"}]},{"@type":"WebSite","@id":"https:\/\/www.docteurjobez.fr\/pharmacie\/#website","url":"https:\/\/www.docteurjobez.fr\/pharmacie\/","name":"DocteurJobez","description":"","potentialAction":[{"@type":"SearchAction","target":{"@type":"EntryPoint","urlTemplate":"https:\/\/www.docteurjobez.fr\/pharmacie\/?s={search_term_string}"},"query-input":{"@type":"PropertyValueSpecification","valueRequired":true,"valueName":"search_term_string"}}],"inLanguage":"fr-FR"}]}},"_links":{"self":[{"href":"https:\/\/www.docteurjobez.fr\/pharmacie\/wp-json\/wp\/v2\/product\/4580","targetHints":{"allow":["GET"]}}],"collection":[{"href":"https:\/\/www.docteurjobez.fr\/pharmacie\/wp-json\/wp\/v2\/product"}],"about":[{"href":"https:\/\/www.docteurjobez.fr\/pharmacie\/wp-json\/wp\/v2\/types\/product"}],"replies":[{"embeddable":true,"href":"https:\/\/www.docteurjobez.fr\/pharmacie\/wp-json\/wp\/v2\/comments?post=4580"}],"wp:featuredmedia":[{"embeddable":true,"href":"https:\/\/www.docteurjobez.fr\/pharmacie\/wp-json\/wp\/v2\/media\/4027"}],"wp:attachment":[{"href":"https:\/\/www.docteurjobez.fr\/pharmacie\/wp-json\/wp\/v2\/media?parent=4580"}],"wp:term":[{"taxonomy":"product_brand","embeddable":true,"href":"https:\/\/www.docteurjobez.fr\/pharmacie\/wp-json\/wp\/v2\/product_brand?post=4580"},{"taxonomy":"product_cat","embeddable":true,"href":"https:\/\/www.docteurjobez.fr\/pharmacie\/wp-json\/wp\/v2\/product_cat?post=4580"},{"taxonomy":"product_tag","embeddable":true,"href":"https:\/\/www.docteurjobez.fr\/pharmacie\/wp-json\/wp\/v2\/product_tag?post=4580"}],"curies":[{"name":"wp","href":"https:\/\/api.w.org\/{rel}","templated":true}]}}